{"id":3890,"date":"2022-06-09T13:44:58","date_gmt":"2022-06-09T13:44:58","guid":{"rendered":"https:\/\/waxoyl.nl\/clause-de-non-responsabilite\/"},"modified":"2022-09-12T11:11:34","modified_gmt":"2022-09-12T11:11:34","slug":"clause-de-non-responsabilite","status":"publish","type":"page","link":"https:\/\/waxoyl.nl\/fr\/clause-de-non-responsabilite\/","title":{"rendered":"Clause de non-responsabilit\u00e9"},"content":{"rendered":"\t\t<div data-elementor-type=\"wp-page\" data-elementor-id=\"3890\" class=\"elementor elementor-3890 elementor-1742\" data-elementor-post-type=\"page\">\n\t\t\t\t\t\t<section class=\"elementor-section elementor-top-section elementor-element elementor-element-f56354d elementor-section-boxed elementor-section-height-default elementor-section-height-default\" data-id=\"f56354d\" data-element_type=\"section\" data-e-type=\"section\">\n\t\t\t\t\t\t<div class=\"elementor-container elementor-column-gap-default\">\n\t\t\t\t\t<div class=\"elementor-column elementor-col-100 elementor-top-column elementor-element elementor-element-7a79a48\" data-id=\"7a79a48\" data-element_type=\"column\" data-e-type=\"column\">\n\t\t\t<div class=\"elementor-widget-wrap elementor-element-populated\">\n\t\t\t\t\t\t<div class=\"elementor-element elementor-element-3f777ff elementor-widget elementor-widget-text-editor\" data-id=\"3f777ff\" data-element_type=\"widget\" data-e-type=\"widget\" data-widget_type=\"text-editor.default\">\n\t\t\t\t<div class=\"elementor-widget-container\">\n\t\t\t\t\t\t\t\t\t<h3>Clause de non-responsabilit\u00e9<\/h3><p>Les informations publi\u00e9es sur ce site Web et relatives \u00e0 Elgersma\u00a0BV et ses produits sont fournies \u00e0 titre informatif. Nous nous effor\u00e7ons de fournir des informations correctes et aussi r\u00e9centes que possible sur le pr\u00e9sent site\u00a0; leur exactitude et\/ou leur exhaustivit\u00e9 ne peuvent cependant pas \u00eatre garanties. Nous nous r\u00e9servons le droit de modifier et\/ou de retirer les informations \u00e0 tout moment, et ce sans notification pr\u00e9alable. Nous fournissons ces informations sans aucune garantie d\u2019exactitude, d\u2019exhaustivit\u00e9 et\/ou de pertinence.<\/p><p>En consultant le pr\u00e9sent site Web, vous acceptez que nous d\u00e9clinions toute responsabilit\u00e9 quant aux dommages \u00e9ventuellement caus\u00e9s par l\u2019utilisation des informations publi\u00e9es sur ce site, ainsi que sur des sites et\/ou des sources d\u2019informations g\u00e9r\u00e9s par des tiers et accessibles par le biais de ce site. Nous d\u00e9clinons toute responsabilit\u00e9 quant aux dommages, quels qu\u2019ils soient, r\u00e9sultant de l\u2019acc\u00e8s ou de l\u2019impossibilit\u00e9 d\u2019acc\u00e9der au pr\u00e9sent site Web.<\/p><h3>Dispositions relatives au droit d\u2019auteur<\/h3><p>La boutique en ligne Elgersma, propri\u00e9t\u00e9 d\u2019Elgersma\u00a0BV, g\u00e8re le pr\u00e9sent site Web en tant que service aux internautes. Le contenu (images et textes) publi\u00e9 sur le pr\u00e9sent site Web et dans la boutique en ligne Elgersma est prot\u00e9g\u00e9 par le droit d\u2019auteur. Le contenu du pr\u00e9sent site Web peut \u00eatre t\u00e9l\u00e9charg\u00e9 pour un usage personnel uniquement, mais en aucun cas \u00e0 des fins commerciales. Le contenu ne peut \u00eatre copi\u00e9 ni modifi\u00e9 d&#8217;aucune autre mani\u00e8re.<\/p><h3>Liens externes<\/h3><p>Notre site Web et la boutique en ligne Elgersma contiennent des liens vers d\u2019autres sites Web. La pr\u00e9sente clause de non-responsabilit\u00e9 et la politique de confidentialit\u00e9 qui l\u2019accompagne ne s\u2019appliquent pas \u00e0 ces sites Web. Nous d\u00e9clinons toute responsabilit\u00e9 quant au contenu et aux politiques de confidentialit\u00e9 de ces sites Web. Nous encourageons les visiteurs du pr\u00e9sent site \u00e0 lire la politique de confidentialit\u00e9 de chaque site Web visit\u00e9 et sur lequel des informations personnelles sont demand\u00e9es.<\/p><p>Lisez \u00e9galement notre\u00a0<a href=\"https:\/\/waxoyl.nl\/fr\/politique-de-confidentialite\/\"> Politique de confidentialit\u00e9<\/a>.<\/p>\t\t\t\t\t\t\t\t<\/div>\n\t\t\t\t<\/div>\n\t\t\t\t\t<\/div>\n\t\t<\/div>\n\t\t\t\t\t<\/div>\n\t\t<\/section>\n\t\t\t\t<\/div>\n\t\t","protected":false},"excerpt":{"rendered":"<p>Clause de non-responsabilit\u00e9 Les informations publi\u00e9es sur ce site Web et relatives \u00e0 Elgersma\u00a0BV et ses produits sont fournies \u00e0 titre informatif. Nous nous effor\u00e7ons de fournir des informations correctes et aussi r\u00e9centes que possible sur le pr\u00e9sent site\u00a0; leur exactitude et\/ou leur exhaustivit\u00e9 ne peuvent cependant pas \u00eatre garanties. Nous nous r\u00e9servons le droit [&hellip;]<\/p>\n","protected":false},"author":2,"featured_media":0,"parent":0,"menu_order":0,"comment_status":"closed","ping_status":"closed","template":"elementor_header_footer","meta":{"footnotes":""},"class_list":["post-3890","page","type-page","status-publish","hentry"],"blocksy_meta":{"styles_descriptor":{"styles":{"desktop":"","tablet":"","mobile":""},"google_fonts":[],"version":6}},"yoast_head":"<!-- This site is optimized with the Yoast SEO plugin v27.3 - https:\/\/yoast.com\/product\/yoast-seo-wordpress\/ -->\n<title>Clause de non-responsabilit\u00e9 - Waxoyl<\/title>\n<meta name=\"robots\" content=\"index, follow, max-snippet:-1, max-image-preview:large, max-video-preview:-1\" \/>\n<link rel=\"canonical\" href=\"https:\/\/waxoyl.nl\/disclaimer\/\" \/>\n<meta property=\"og:locale\" content=\"fr_FR\" \/>\n<meta property=\"og:type\" content=\"article\" \/>\n<meta property=\"og:title\" content=\"Clause de non-responsabilit\u00e9 - Waxoyl\" \/>\n<meta property=\"og:description\" content=\"Clause de non-responsabilit\u00e9 Les informations publi\u00e9es sur ce site Web et relatives \u00e0 Elgersma\u00a0BV et ses produits sont fournies \u00e0 titre informatif. Nous nous effor\u00e7ons de fournir des informations correctes et aussi r\u00e9centes que possible sur le pr\u00e9sent site\u00a0; leur exactitude et\/ou leur exhaustivit\u00e9 ne peuvent cependant pas \u00eatre garanties. Nous nous r\u00e9servons le droit [&hellip;]\" \/>\n<meta property=\"og:url\" content=\"https:\/\/waxoyl.nl\/disclaimer\/\" \/>\n<meta property=\"og:site_name\" content=\"Waxoyl\" \/>\n<meta property=\"article:publisher\" content=\"https:\/\/www.facebook.com\/WaxoylBenelux\" \/>\n<meta property=\"article:modified_time\" content=\"2022-09-12T11:11:34+00:00\" \/>\n<meta name=\"twitter:card\" content=\"summary_large_image\" \/>\n<meta name=\"twitter:label1\" content=\"Est. reading time\" \/>\n\t<meta name=\"twitter:data1\" content=\"2 minutes\" \/>\n<script type=\"application\/ld+json\" class=\"yoast-schema-graph\">{\"@context\":\"https:\\\/\\\/schema.org\",\"@graph\":[{\"@type\":\"WebPage\",\"@id\":\"https:\\\/\\\/waxoyl.nl\\\/disclaimer\\\/\",\"url\":\"https:\\\/\\\/waxoyl.nl\\\/disclaimer\\\/\",\"name\":\"Clause de non-responsabilit\u00e9 - Waxoyl\",\"isPartOf\":{\"@id\":\"https:\\\/\\\/waxoyl.nl\\\/#website\"},\"datePublished\":\"2022-06-09T13:44:58+00:00\",\"dateModified\":\"2022-09-12T11:11:34+00:00\",\"breadcrumb\":{\"@id\":\"https:\\\/\\\/waxoyl.nl\\\/disclaimer\\\/#breadcrumb\"},\"inLanguage\":\"fr-FR\",\"potentialAction\":[{\"@type\":\"ReadAction\",\"target\":[\"https:\\\/\\\/waxoyl.nl\\\/disclaimer\\\/\"]}]},{\"@type\":\"BreadcrumbList\",\"@id\":\"https:\\\/\\\/waxoyl.nl\\\/disclaimer\\\/#breadcrumb\",\"itemListElement\":[{\"@type\":\"ListItem\",\"position\":1,\"name\":\"Home\",\"item\":\"https:\\\/\\\/waxoyl.nl\\\/fr\\\/accueil\\\/\"},{\"@type\":\"ListItem\",\"position\":2,\"name\":\"Clause de non-responsabilit\u00e9\"}]},{\"@type\":\"WebSite\",\"@id\":\"https:\\\/\\\/waxoyl.nl\\\/#website\",\"url\":\"https:\\\/\\\/waxoyl.nl\\\/\",\"name\":\"Waxoyl\",\"description\":\"Protection to perfection\",\"publisher\":{\"@id\":\"https:\\\/\\\/waxoyl.nl\\\/#organization\"},\"potentialAction\":[{\"@type\":\"SearchAction\",\"target\":{\"@type\":\"EntryPoint\",\"urlTemplate\":\"https:\\\/\\\/waxoyl.nl\\\/?s={search_term_string}\"},\"query-input\":{\"@type\":\"PropertyValueSpecification\",\"valueRequired\":true,\"valueName\":\"search_term_string\"}}],\"inLanguage\":\"fr-FR\"},{\"@type\":\"Organization\",\"@id\":\"https:\\\/\\\/waxoyl.nl\\\/#organization\",\"name\":\"Waxoyl Benelux\",\"url\":\"https:\\\/\\\/waxoyl.nl\\\/\",\"logo\":{\"@type\":\"ImageObject\",\"inLanguage\":\"fr-FR\",\"@id\":\"https:\\\/\\\/waxoyl.nl\\\/#\\\/schema\\\/logo\\\/image\\\/\",\"url\":\"https:\\\/\\\/waxoyl.nl\\\/app\\\/uploads\\\/2022\\\/05\\\/waxoyl_logo_car-care-2021-2.png\",\"contentUrl\":\"https:\\\/\\\/waxoyl.nl\\\/app\\\/uploads\\\/2022\\\/05\\\/waxoyl_logo_car-care-2021-2.png\",\"width\":709,\"height\":709,\"caption\":\"Waxoyl Benelux\"},\"image\":{\"@id\":\"https:\\\/\\\/waxoyl.nl\\\/#\\\/schema\\\/logo\\\/image\\\/\"},\"sameAs\":[\"https:\\\/\\\/www.facebook.com\\\/WaxoylBenelux\",\"https:\\\/\\\/www.instagram.com\\\/waxoylbenelux\\\/\",\"https:\\\/\\\/www.linkedin.com\\\/company\\\/waxoyl\\\/\"]}]}<\/script>\n<!-- \/ Yoast SEO plugin. -->","yoast_head_json":{"title":"Clause de non-responsabilit\u00e9 - Waxoyl","robots":{"index":"index","follow":"follow","max-snippet":"max-snippet:-1","max-image-preview":"max-image-preview:large","max-video-preview":"max-video-preview:-1"},"canonical":"https:\/\/waxoyl.nl\/disclaimer\/","og_locale":"fr_FR","og_type":"article","og_title":"Clause de non-responsabilit\u00e9 - Waxoyl","og_description":"Clause de non-responsabilit\u00e9 Les informations publi\u00e9es sur ce site Web et relatives \u00e0 Elgersma\u00a0BV et ses produits sont fournies \u00e0 titre informatif. Nous nous effor\u00e7ons de fournir des informations correctes et aussi r\u00e9centes que possible sur le pr\u00e9sent site\u00a0; leur exactitude et\/ou leur exhaustivit\u00e9 ne peuvent cependant pas \u00eatre garanties. Nous nous r\u00e9servons le droit [&hellip;]","og_url":"https:\/\/waxoyl.nl\/disclaimer\/","og_site_name":"Waxoyl","article_publisher":"https:\/\/www.facebook.com\/WaxoylBenelux","article_modified_time":"2022-09-12T11:11:34+00:00","twitter_card":"summary_large_image","twitter_misc":{"Est. reading time":"2 minutes"},"schema":{"@context":"https:\/\/schema.org","@graph":[{"@type":"WebPage","@id":"https:\/\/waxoyl.nl\/disclaimer\/","url":"https:\/\/waxoyl.nl\/disclaimer\/","name":"Clause de non-responsabilit\u00e9 - Waxoyl","isPartOf":{"@id":"https:\/\/waxoyl.nl\/#website"},"datePublished":"2022-06-09T13:44:58+00:00","dateModified":"2022-09-12T11:11:34+00:00","breadcrumb":{"@id":"https:\/\/waxoyl.nl\/disclaimer\/#breadcrumb"},"inLanguage":"fr-FR","potentialAction":[{"@type":"ReadAction","target":["https:\/\/waxoyl.nl\/disclaimer\/"]}]},{"@type":"BreadcrumbList","@id":"https:\/\/waxoyl.nl\/disclaimer\/#breadcrumb","itemListElement":[{"@type":"ListItem","position":1,"name":"Home","item":"https:\/\/waxoyl.nl\/fr\/accueil\/"},{"@type":"ListItem","position":2,"name":"Clause de non-responsabilit\u00e9"}]},{"@type":"WebSite","@id":"https:\/\/waxoyl.nl\/#website","url":"https:\/\/waxoyl.nl\/","name":"Waxoyl","description":"Protection to perfection","publisher":{"@id":"https:\/\/waxoyl.nl\/#organization"},"potentialAction":[{"@type":"SearchAction","target":{"@type":"EntryPoint","urlTemplate":"https:\/\/waxoyl.nl\/?s={search_term_string}"},"query-input":{"@type":"PropertyValueSpecification","valueRequired":true,"valueName":"search_term_string"}}],"inLanguage":"fr-FR"},{"@type":"Organization","@id":"https:\/\/waxoyl.nl\/#organization","name":"Waxoyl Benelux","url":"https:\/\/waxoyl.nl\/","logo":{"@type":"ImageObject","inLanguage":"fr-FR","@id":"https:\/\/waxoyl.nl\/#\/schema\/logo\/image\/","url":"https:\/\/waxoyl.nl\/app\/uploads\/2022\/05\/waxoyl_logo_car-care-2021-2.png","contentUrl":"https:\/\/waxoyl.nl\/app\/uploads\/2022\/05\/waxoyl_logo_car-care-2021-2.png","width":709,"height":709,"caption":"Waxoyl Benelux"},"image":{"@id":"https:\/\/waxoyl.nl\/#\/schema\/logo\/image\/"},"sameAs":["https:\/\/www.facebook.com\/WaxoylBenelux","https:\/\/www.instagram.com\/waxoylbenelux\/","https:\/\/www.linkedin.com\/company\/waxoyl\/"]}]}},"_links":{"self":[{"href":"https:\/\/waxoyl.nl\/fr\/wp-json\/wp\/v2\/pages\/3890","targetHints":{"allow":["GET"]}}],"collection":[{"href":"https:\/\/waxoyl.nl\/fr\/wp-json\/wp\/v2\/pages"}],"about":[{"href":"https:\/\/waxoyl.nl\/fr\/wp-json\/wp\/v2\/types\/page"}],"author":[{"embeddable":true,"href":"https:\/\/waxoyl.nl\/fr\/wp-json\/wp\/v2\/users\/2"}],"replies":[{"embeddable":true,"href":"https:\/\/waxoyl.nl\/fr\/wp-json\/wp\/v2\/comments?post=3890"}],"version-history":[{"count":4,"href":"https:\/\/waxoyl.nl\/fr\/wp-json\/wp\/v2\/pages\/3890\/revisions"}],"predecessor-version":[{"id":5295,"href":"https:\/\/waxoyl.nl\/fr\/wp-json\/wp\/v2\/pages\/3890\/revisions\/5295"}],"wp:attachment":[{"href":"https:\/\/waxoyl.nl\/fr\/wp-json\/wp\/v2\/media?parent=3890"}],"curies":[{"name":"wp","href":"https:\/\/api.w.org\/{rel}","templated":true}]}}