{"id":3982,"date":"2022-06-22T10:03:31","date_gmt":"2022-06-22T08:03:31","guid":{"rendered":"https:\/\/waxoyl.nl\/accueil\/professionnel\/enregistrer-la-garantie\/"},"modified":"2024-06-17T14:42:48","modified_gmt":"2024-06-17T12:42:48","slug":"enregistrer-la-garantie","status":"publish","type":"page","link":"https:\/\/waxoyl.nl\/fr\/accueil\/professionnel\/enregistrer-la-garantie\/","title":{"rendered":"Enregistrer la garantie"},"content":{"rendered":"\t\t<div data-elementor-type=\"wp-page\" data-elementor-id=\"3982\" class=\"elementor elementor-3982 elementor-2591\" data-elementor-post-type=\"page\">\n\t\t\t\t\t\t<section class=\"elementor-section elementor-top-section elementor-element elementor-element-5bb49ffc elementor-section-height-min-height elementor-section-items-stretch elementor-section-boxed elementor-section-height-default\" data-id=\"5bb49ffc\" data-element_type=\"section\" data-e-type=\"section\" data-settings=\"{&quot;background_background&quot;:&quot;classic&quot;}\">\n\t\t\t\t\t\t\t<div class=\"elementor-background-overlay\"><\/div>\n\t\t\t\t\t\t\t<div class=\"elementor-container elementor-column-gap-no\">\n\t\t\t\t\t<div class=\"elementor-column elementor-col-50 elementor-top-column elementor-element elementor-element-41efa1fc\" data-id=\"41efa1fc\" data-element_type=\"column\" data-e-type=\"column\">\n\t\t\t<div class=\"elementor-widget-wrap elementor-element-populated\">\n\t\t\t\t\t\t<section class=\"elementor-section elementor-inner-section elementor-element elementor-element-21f69033 elementor-section-full_width elementor-section-height-default elementor-section-height-default\" data-id=\"21f69033\" data-element_type=\"section\" data-e-type=\"section\">\n\t\t\t\t\t\t<div class=\"elementor-container elementor-column-gap-no\">\n\t\t\t\t\t<div class=\"elementor-column elementor-col-100 elementor-inner-column elementor-element elementor-element-2699bf90\" data-id=\"2699bf90\" data-element_type=\"column\" data-e-type=\"column\">\n\t\t\t<div class=\"elementor-widget-wrap elementor-element-populated\">\n\t\t\t\t\t\t<div class=\"elementor-element elementor-element-6cd1ecd elementor-invisible elementor-widget elementor-widget-heading\" data-id=\"6cd1ecd\" data-element_type=\"widget\" data-e-type=\"widget\" data-settings=\"{&quot;_animation&quot;:&quot;fadeInUp&quot;}\" data-widget_type=\"heading.default\">\n\t\t\t\t<div class=\"elementor-widget-container\">\n\t\t\t\t\t<h3 class=\"elementor-heading-title elementor-size-default\">Garantie Waxoyl<\/h3>\t\t\t\t<\/div>\n\t\t\t\t<\/div>\n\t\t\t\t<div class=\"elementor-element elementor-element-426e75dc elementor-invisible elementor-widget elementor-widget-heading\" data-id=\"426e75dc\" data-element_type=\"widget\" data-e-type=\"widget\" data-settings=\"{&quot;_animation&quot;:&quot;fadeInUp&quot;}\" data-widget_type=\"heading.default\">\n\t\t\t\t<div class=\"elementor-widget-container\">\n\t\t\t\t\t<h3 class=\"elementor-heading-title elementor-size-default\">Enregistrer<\/h3>\t\t\t\t<\/div>\n\t\t\t\t<\/div>\n\t\t\t\t\t<\/div>\n\t\t<\/div>\n\t\t\t\t\t<\/div>\n\t\t<\/section>\n\t\t\t\t\t<\/div>\n\t\t<\/div>\n\t\t\t\t<div class=\"elementor-column elementor-col-50 elementor-top-column elementor-element elementor-element-fbecb2\" data-id=\"fbecb2\" data-element_type=\"column\" data-e-type=\"column\" data-settings=\"{&quot;background_background&quot;:&quot;slideshow&quot;,&quot;background_slideshow_gallery&quot;:[],&quot;background_slideshow_loop&quot;:&quot;yes&quot;,&quot;background_slideshow_slide_duration&quot;:5000,&quot;background_slideshow_slide_transition&quot;:&quot;fade&quot;,&quot;background_slideshow_transition_duration&quot;:500}\">\n\t\t\t<div class=\"elementor-widget-wrap elementor-element-populated\">\n\t\t\t\t\t\t<div class=\"elementor-element elementor-element-7dd913e4 elementor-widget elementor-widget-spacer\" data-id=\"7dd913e4\" data-element_type=\"widget\" data-e-type=\"widget\" data-widget_type=\"spacer.default\">\n\t\t\t\t<div class=\"elementor-widget-container\">\n\t\t\t\t\t\t\t<div class=\"elementor-spacer\">\n\t\t\t<div class=\"elementor-spacer-inner\"><\/div>\n\t\t<\/div>\n\t\t\t\t\t\t<\/div>\n\t\t\t\t<\/div>\n\t\t\t\t\t<\/div>\n\t\t<\/div>\n\t\t\t\t\t<\/div>\n\t\t<\/section>\n\t\t\t\t<section class=\"elementor-section elementor-top-section elementor-element elementor-element-e3cef11 elementor-section-boxed elementor-section-height-default elementor-section-height-default\" data-id=\"e3cef11\" data-element_type=\"section\" data-e-type=\"section\">\n\t\t\t\t\t\t<div class=\"elementor-container elementor-column-gap-default\">\n\t\t\t\t\t<div class=\"elementor-column elementor-col-100 elementor-top-column elementor-element elementor-element-805f52c\" data-id=\"805f52c\" data-element_type=\"column\" data-e-type=\"column\">\n\t\t\t<div class=\"elementor-widget-wrap elementor-element-populated\">\n\t\t\t\t\t\t<div class=\"elementor-element elementor-element-102b9ee elementor-widget elementor-widget-heading\" data-id=\"102b9ee\" data-element_type=\"widget\" data-e-type=\"widget\" data-widget_type=\"heading.default\">\n\t\t\t\t<div class=\"elementor-widget-container\">\n\t\t\t\t\t<h2 class=\"elementor-heading-title elementor-size-default\">Garantie<\/h2>\t\t\t\t<\/div>\n\t\t\t\t<\/div>\n\t\t\t\t<div class=\"elementor-element elementor-element-ed2aafd elementor-widget elementor-widget-text-editor\" data-id=\"ed2aafd\" data-element_type=\"widget\" data-e-type=\"widget\" data-widget_type=\"text-editor.default\">\n\t\t\t\t<div class=\"elementor-widget-container\">\n\t\t\t\t\t\t\t\t\t<p>Une garantie \u00e9crite sur la brillance et la pr\u00e9servation de la couleur de la peinture est offerte pour les traitements avec 100 Plus, Glaze Gard et Crystal Coating.<\/p><p>P\u00e9riodes de garantie\u00a0:<\/p><ul><li>Crystal Coating (rev\u00eatement c\u00e9ramique pour les v\u00e9hicules haut de gamme) 3 ans<\/li><li>100 Plus (scellement de laque pour les v\u00e9hicules neufs) 3\u00a0ans<\/li><li>Glaze Gard (scellement de laque pour les v\u00e9hicules d\u2019occasion) 2\u00a0ans<\/li><\/ul><p>Attention !<b>\u00a0<\/b>La garantie s\u2019applique uniquement si le traitement a \u00e9t\u00e9 r\u00e9alis\u00e9 par un professionnel et que la garantie est correctement enregistr\u00e9e.<\/p><p>Certificat de garantie<\/p><p>Un certificat de garantie est remis aux particuliers apr\u00e8s le traitement. Le professionnel ayant r\u00e9alis\u00e9 et enregistr\u00e9 le traitement vous le remettra. Si vous l\u2019avez perdu ou ne l\u2019avez pas re\u00e7u, contactez le professionnel ayant r\u00e9alis\u00e9 le traitement pour l\u2019obtenir.<\/p><p>Remarque\u00a0: l\u2019enregistrement de la garantie peut \u00eatre effectu\u00e9 uniquement par un partenaire Waxoyl.<\/p>\t\t\t\t\t\t\t\t<\/div>\n\t\t\t\t<\/div>\n\t\t\t\t<section class=\"elementor-section elementor-inner-section elementor-element elementor-element-8f8794c elementor-section-boxed elementor-section-height-default elementor-section-height-default\" data-id=\"8f8794c\" data-element_type=\"section\" data-e-type=\"section\">\n\t\t\t\t\t\t<div class=\"elementor-container elementor-column-gap-default\">\n\t\t\t\t\t<div class=\"elementor-column elementor-col-50 elementor-inner-column elementor-element elementor-element-3ccc84d\" data-id=\"3ccc84d\" data-element_type=\"column\" data-e-type=\"column\">\n\t\t\t<div class=\"elementor-widget-wrap elementor-element-populated\">\n\t\t\t\t\t\t<div class=\"elementor-element elementor-element-a55493b elementor-align-justify elementor-widget elementor-widget-button\" data-id=\"a55493b\" data-element_type=\"widget\" data-e-type=\"widget\" data-widget_type=\"button.default\">\n\t\t\t\t<div class=\"elementor-widget-container\">\n\t\t\t\t\t\t\t\t\t<div class=\"elementor-button-wrapper\">\n\t\t\t\t\t<a class=\"elementor-button elementor-button-link elementor-size-sm\" href=\"https:\/\/www.waxoyl.com\/guarantee\/login.php\" target=\"_blank\">\n\t\t\t\t\t\t<span class=\"elementor-button-content-wrapper\">\n\t\t\t\t\t\t<span class=\"elementor-button-icon\">\n\t\t\t\t<i aria-hidden=\"true\" class=\"fas fa-arrow-alt-circle-right\"><\/i>\t\t\t<\/span>\n\t\t\t\t\t\t\t\t\t<span class=\"elementor-button-text\">Vers la page Enregistrement de la garantie <\/span>\n\t\t\t\t\t<\/span>\n\t\t\t\t\t<\/a>\n\t\t\t\t<\/div>\n\t\t\t\t\t\t\t\t<\/div>\n\t\t\t\t<\/div>\n\t\t\t\t\t<\/div>\n\t\t<\/div>\n\t\t\t\t<div class=\"elementor-column elementor-col-50 elementor-inner-column elementor-element elementor-element-c4279c7\" data-id=\"c4279c7\" data-element_type=\"column\" data-e-type=\"column\">\n\t\t\t<div class=\"elementor-widget-wrap\">\n\t\t\t\t\t\t\t<\/div>\n\t\t<\/div>\n\t\t\t\t\t<\/div>\n\t\t<\/section>\n\t\t\t\t\t<\/div>\n\t\t<\/div>\n\t\t\t\t\t<\/div>\n\t\t<\/section>\n\t\t\t\t<section class=\"elementor-section elementor-top-section elementor-element elementor-element-50bc12d2 elementor-section-full_width elementor-section-height-min-height elementor-section-items-stretch elementor-section-height-default\" data-id=\"50bc12d2\" data-element_type=\"section\" data-e-type=\"section\" data-settings=\"{&quot;background_background&quot;:&quot;slideshow&quot;,&quot;background_slideshow_gallery&quot;:[{&quot;id&quot;:266,&quot;url&quot;:&quot;https:\\\/\\\/elgersma-waxoyl.acc-server.nl\\\/app\\\/uploads\\\/2022\\\/05\\\/Waxoyl-website-lakverzegeling-nieuwe-auto-2.png&quot;},{&quot;id&quot;:197,&quot;url&quot;:&quot;https:\\\/\\\/elgersma-waxoyl.acc-server.nl\\\/app\\\/uploads\\\/2022\\\/05\\\/Waxoyl-website-lakverzegeling-2.png&quot;},{&quot;id&quot;:70,&quot;url&quot;:&quot;https:\\\/\\\/elgersma-waxoyl.acc-server.nl\\\/app\\\/uploads\\\/2022\\\/05\\\/5.png&quot;}],&quot;background_slideshow_slide_duration&quot;:4000,&quot;background_slideshow_loop&quot;:&quot;yes&quot;,&quot;background_slideshow_slide_transition&quot;:&quot;fade&quot;,&quot;background_slideshow_transition_duration&quot;:500}\">\n\t\t\t\t\t\t\t<div class=\"elementor-background-overlay\"><\/div>\n\t\t\t\t\t\t\t<div class=\"elementor-container elementor-column-gap-no\">\n\t\t\t\t\t<div class=\"elementor-column elementor-col-100 elementor-top-column elementor-element elementor-element-5d107591\" data-id=\"5d107591\" data-element_type=\"column\" data-e-type=\"column\">\n\t\t\t<div class=\"elementor-widget-wrap elementor-element-populated\">\n\t\t\t\t\t\t<div class=\"elementor-element elementor-element-9c4a75a elementor-widget elementor-widget-heading\" data-id=\"9c4a75a\" data-element_type=\"widget\" data-e-type=\"widget\" data-widget_type=\"heading.default\">\n\t\t\t\t<div class=\"elementor-widget-container\">\n\t\t\t\t\t<h2 class=\"elementor-heading-title elementor-size-default\">Vragen?<\/h2>\t\t\t\t<\/div>\n\t\t\t\t<\/div>\n\t\t\t\t<div class=\"elementor-element elementor-element-60914da elementor-widget elementor-widget-text-editor\" data-id=\"60914da\" data-element_type=\"widget\" data-e-type=\"widget\" data-widget_type=\"text-editor.default\">\n\t\t\t\t<div class=\"elementor-widget-container\">\n\t\t\t\t\t\t\t\t\t<p>Waxoyl Benelux<br \/>Tuinschouw 10<br \/>4131 MD Vianen<br \/><span style=\"color: #ffffff;\"><a style=\"color: #ffffff;\" href=\"mailto:info@waxoyl.nl\">info@waxoyl.nl<\/a><\/span><\/p>\t\t\t\t\t\t\t\t<\/div>\n\t\t\t\t<\/div>\n\t\t\t\t\t<\/div>\n\t\t<\/div>\n\t\t\t\t\t<\/div>\n\t\t<\/section>\n\t\t\t\t<\/div>\n\t\t","protected":false},"excerpt":{"rendered":"<p>Garantie Waxoyl Enregistrer Garantie Une garantie \u00e9crite sur la brillance et la pr\u00e9servation de la couleur de la peinture est offerte pour les traitements avec 100 Plus, Glaze Gard et Crystal Coating. P\u00e9riodes de garantie\u00a0: Crystal Coating (rev\u00eatement c\u00e9ramique pour les v\u00e9hicules haut de gamme) 3 ans 100 Plus (scellement de laque pour les v\u00e9hicules [&hellip;]<\/p>\n","protected":false},"author":2,"featured_media":3410,"parent":3901,"menu_order":0,"comment_status":"closed","ping_status":"closed","template":"elementor_header_footer","meta":{"footnotes":""},"class_list":["post-3982","page","type-page","status-publish","has-post-thumbnail","hentry"],"blocksy_meta":{"styles_descriptor":{"styles":{"desktop":"","tablet":"","mobile":""},"google_fonts":[],"version":6}},"yoast_head":"<!-- This site is optimized with the Yoast SEO plugin v27.5 - https:\/\/yoast.com\/product\/yoast-seo-wordpress\/ -->\n<title>Enregistrer la garantie - Waxoyl<\/title>\n<meta name=\"robots\" content=\"index, follow, max-snippet:-1, max-image-preview:large, max-video-preview:-1\" \/>\n<link rel=\"canonical\" href=\"https:\/\/waxoyl.nl\/fr\/accueil\/professionnel\/enregistrer-la-garantie\/\" \/>\n<meta property=\"og:locale\" content=\"fr_FR\" \/>\n<meta property=\"og:type\" content=\"article\" \/>\n<meta property=\"og:title\" content=\"Enregistrer la garantie - Waxoyl\" \/>\n<meta property=\"og:description\" content=\"Garantie Waxoyl Enregistrer Garantie Une garantie \u00e9crite sur la brillance et la pr\u00e9servation de la couleur de la peinture est offerte pour les traitements avec 100 Plus, Glaze Gard et Crystal Coating. P\u00e9riodes de garantie\u00a0: Crystal Coating (rev\u00eatement c\u00e9ramique pour les v\u00e9hicules haut de gamme) 3 ans 100 Plus (scellement de laque pour les v\u00e9hicules [&hellip;]\" \/>\n<meta property=\"og:url\" content=\"https:\/\/waxoyl.nl\/fr\/accueil\/professionnel\/enregistrer-la-garantie\/\" \/>\n<meta property=\"og:site_name\" content=\"Waxoyl\" \/>\n<meta property=\"article:publisher\" content=\"https:\/\/www.facebook.com\/WaxoylBenelux\" \/>\n<meta property=\"article:modified_time\" content=\"2024-06-17T12:42:48+00:00\" \/>\n<meta property=\"og:image\" content=\"https:\/\/waxoyl.nl\/app\/uploads\/2022\/05\/Waxoyl-label-met-schaduw-2.png\" \/>\n\t<meta property=\"og:image:width\" content=\"500\" \/>\n\t<meta property=\"og:image:height\" content=\"500\" \/>\n\t<meta property=\"og:image:type\" content=\"image\/png\" \/>\n<meta name=\"twitter:card\" content=\"summary_large_image\" \/>\n<meta name=\"twitter:label1\" content=\"Est. reading time\" \/>\n\t<meta name=\"twitter:data1\" content=\"1 minute\" \/>\n<script type=\"application\/ld+json\" class=\"yoast-schema-graph\">{\"@context\":\"https:\\\/\\\/schema.org\",\"@graph\":[{\"@type\":\"WebPage\",\"@id\":\"https:\\\/\\\/waxoyl.nl\\\/fr\\\/accueil\\\/professionnel\\\/enregistrer-la-garantie\\\/\",\"url\":\"https:\\\/\\\/waxoyl.nl\\\/fr\\\/accueil\\\/professionnel\\\/enregistrer-la-garantie\\\/\",\"name\":\"Enregistrer la garantie - Waxoyl\",\"isPartOf\":{\"@id\":\"https:\\\/\\\/waxoyl.nl\\\/#website\"},\"primaryImageOfPage\":{\"@id\":\"https:\\\/\\\/waxoyl.nl\\\/fr\\\/accueil\\\/professionnel\\\/enregistrer-la-garantie\\\/#primaryimage\"},\"image\":{\"@id\":\"https:\\\/\\\/waxoyl.nl\\\/fr\\\/accueil\\\/professionnel\\\/enregistrer-la-garantie\\\/#primaryimage\"},\"thumbnailUrl\":\"https:\\\/\\\/waxoyl.nl\\\/app\\\/uploads\\\/2022\\\/05\\\/Waxoyl-label-met-schaduw-2.png\",\"datePublished\":\"2022-06-22T08:03:31+00:00\",\"dateModified\":\"2024-06-17T12:42:48+00:00\",\"breadcrumb\":{\"@id\":\"https:\\\/\\\/waxoyl.nl\\\/fr\\\/accueil\\\/professionnel\\\/enregistrer-la-garantie\\\/#breadcrumb\"},\"inLanguage\":\"fr-FR\",\"potentialAction\":[{\"@type\":\"ReadAction\",\"target\":[\"https:\\\/\\\/waxoyl.nl\\\/fr\\\/accueil\\\/professionnel\\\/enregistrer-la-garantie\\\/\"]}]},{\"@type\":\"ImageObject\",\"inLanguage\":\"fr-FR\",\"@id\":\"https:\\\/\\\/waxoyl.nl\\\/fr\\\/accueil\\\/professionnel\\\/enregistrer-la-garantie\\\/#primaryimage\",\"url\":\"https:\\\/\\\/waxoyl.nl\\\/app\\\/uploads\\\/2022\\\/05\\\/Waxoyl-label-met-schaduw-2.png\",\"contentUrl\":\"https:\\\/\\\/waxoyl.nl\\\/app\\\/uploads\\\/2022\\\/05\\\/Waxoyl-label-met-schaduw-2.png\",\"width\":500,\"height\":500},{\"@type\":\"BreadcrumbList\",\"@id\":\"https:\\\/\\\/waxoyl.nl\\\/fr\\\/accueil\\\/professionnel\\\/enregistrer-la-garantie\\\/#breadcrumb\",\"itemListElement\":[{\"@type\":\"ListItem\",\"position\":1,\"name\":\"Home\",\"item\":\"https:\\\/\\\/waxoyl.nl\\\/fr\\\/accueil\\\/\"},{\"@type\":\"ListItem\",\"position\":2,\"name\":\"Accueil\",\"item\":\"https:\\\/\\\/waxoyl.nl\\\/fr\\\/accueil\\\/\"},{\"@type\":\"ListItem\",\"position\":3,\"name\":\"Professionnel\",\"item\":\"https:\\\/\\\/waxoyl.nl\\\/fr\\\/accueil\\\/professionnel\\\/\"},{\"@type\":\"ListItem\",\"position\":4,\"name\":\"Enregistrer la garantie\"}]},{\"@type\":\"WebSite\",\"@id\":\"https:\\\/\\\/waxoyl.nl\\\/#website\",\"url\":\"https:\\\/\\\/waxoyl.nl\\\/\",\"name\":\"Waxoyl\",\"description\":\"Protection to perfection\",\"publisher\":{\"@id\":\"https:\\\/\\\/waxoyl.nl\\\/#organization\"},\"potentialAction\":[{\"@type\":\"SearchAction\",\"target\":{\"@type\":\"EntryPoint\",\"urlTemplate\":\"https:\\\/\\\/waxoyl.nl\\\/?s={search_term_string}\"},\"query-input\":{\"@type\":\"PropertyValueSpecification\",\"valueRequired\":true,\"valueName\":\"search_term_string\"}}],\"inLanguage\":\"fr-FR\"},{\"@type\":\"Organization\",\"@id\":\"https:\\\/\\\/waxoyl.nl\\\/#organization\",\"name\":\"Waxoyl Benelux\",\"url\":\"https:\\\/\\\/waxoyl.nl\\\/\",\"logo\":{\"@type\":\"ImageObject\",\"inLanguage\":\"fr-FR\",\"@id\":\"https:\\\/\\\/waxoyl.nl\\\/#\\\/schema\\\/logo\\\/image\\\/\",\"url\":\"https:\\\/\\\/waxoyl.nl\\\/app\\\/uploads\\\/2022\\\/05\\\/waxoyl_logo_car-care-2021-2.png\",\"contentUrl\":\"https:\\\/\\\/waxoyl.nl\\\/app\\\/uploads\\\/2022\\\/05\\\/waxoyl_logo_car-care-2021-2.png\",\"width\":709,\"height\":709,\"caption\":\"Waxoyl Benelux\"},\"image\":{\"@id\":\"https:\\\/\\\/waxoyl.nl\\\/#\\\/schema\\\/logo\\\/image\\\/\"},\"sameAs\":[\"https:\\\/\\\/www.facebook.com\\\/WaxoylBenelux\",\"https:\\\/\\\/www.instagram.com\\\/waxoylbenelux\\\/\",\"https:\\\/\\\/www.linkedin.com\\\/company\\\/waxoyl\\\/\"]}]}<\/script>\n<!-- \/ Yoast SEO plugin. -->","yoast_head_json":{"title":"Enregistrer la garantie - Waxoyl","robots":{"index":"index","follow":"follow","max-snippet":"max-snippet:-1","max-image-preview":"max-image-preview:large","max-video-preview":"max-video-preview:-1"},"canonical":"https:\/\/waxoyl.nl\/fr\/accueil\/professionnel\/enregistrer-la-garantie\/","og_locale":"fr_FR","og_type":"article","og_title":"Enregistrer la garantie - Waxoyl","og_description":"Garantie Waxoyl Enregistrer Garantie Une garantie \u00e9crite sur la brillance et la pr\u00e9servation de la couleur de la peinture est offerte pour les traitements avec 100 Plus, Glaze Gard et Crystal Coating. P\u00e9riodes de garantie\u00a0: Crystal Coating (rev\u00eatement c\u00e9ramique pour les v\u00e9hicules haut de gamme) 3 ans 100 Plus (scellement de laque pour les v\u00e9hicules [&hellip;]","og_url":"https:\/\/waxoyl.nl\/fr\/accueil\/professionnel\/enregistrer-la-garantie\/","og_site_name":"Waxoyl","article_publisher":"https:\/\/www.facebook.com\/WaxoylBenelux","article_modified_time":"2024-06-17T12:42:48+00:00","og_image":[{"width":500,"height":500,"url":"https:\/\/waxoyl.nl\/app\/uploads\/2022\/05\/Waxoyl-label-met-schaduw-2.png","type":"image\/png"}],"twitter_card":"summary_large_image","twitter_misc":{"Est. reading time":"1 minute"},"schema":{"@context":"https:\/\/schema.org","@graph":[{"@type":"WebPage","@id":"https:\/\/waxoyl.nl\/fr\/accueil\/professionnel\/enregistrer-la-garantie\/","url":"https:\/\/waxoyl.nl\/fr\/accueil\/professionnel\/enregistrer-la-garantie\/","name":"Enregistrer la garantie - Waxoyl","isPartOf":{"@id":"https:\/\/waxoyl.nl\/#website"},"primaryImageOfPage":{"@id":"https:\/\/waxoyl.nl\/fr\/accueil\/professionnel\/enregistrer-la-garantie\/#primaryimage"},"image":{"@id":"https:\/\/waxoyl.nl\/fr\/accueil\/professionnel\/enregistrer-la-garantie\/#primaryimage"},"thumbnailUrl":"https:\/\/waxoyl.nl\/app\/uploads\/2022\/05\/Waxoyl-label-met-schaduw-2.png","datePublished":"2022-06-22T08:03:31+00:00","dateModified":"2024-06-17T12:42:48+00:00","breadcrumb":{"@id":"https:\/\/waxoyl.nl\/fr\/accueil\/professionnel\/enregistrer-la-garantie\/#breadcrumb"},"inLanguage":"fr-FR","potentialAction":[{"@type":"ReadAction","target":["https:\/\/waxoyl.nl\/fr\/accueil\/professionnel\/enregistrer-la-garantie\/"]}]},{"@type":"ImageObject","inLanguage":"fr-FR","@id":"https:\/\/waxoyl.nl\/fr\/accueil\/professionnel\/enregistrer-la-garantie\/#primaryimage","url":"https:\/\/waxoyl.nl\/app\/uploads\/2022\/05\/Waxoyl-label-met-schaduw-2.png","contentUrl":"https:\/\/waxoyl.nl\/app\/uploads\/2022\/05\/Waxoyl-label-met-schaduw-2.png","width":500,"height":500},{"@type":"BreadcrumbList","@id":"https:\/\/waxoyl.nl\/fr\/accueil\/professionnel\/enregistrer-la-garantie\/#breadcrumb","itemListElement":[{"@type":"ListItem","position":1,"name":"Home","item":"https:\/\/waxoyl.nl\/fr\/accueil\/"},{"@type":"ListItem","position":2,"name":"Accueil","item":"https:\/\/waxoyl.nl\/fr\/accueil\/"},{"@type":"ListItem","position":3,"name":"Professionnel","item":"https:\/\/waxoyl.nl\/fr\/accueil\/professionnel\/"},{"@type":"ListItem","position":4,"name":"Enregistrer la garantie"}]},{"@type":"WebSite","@id":"https:\/\/waxoyl.nl\/#website","url":"https:\/\/waxoyl.nl\/","name":"Waxoyl","description":"Protection to perfection","publisher":{"@id":"https:\/\/waxoyl.nl\/#organization"},"potentialAction":[{"@type":"SearchAction","target":{"@type":"EntryPoint","urlTemplate":"https:\/\/waxoyl.nl\/?s={search_term_string}"},"query-input":{"@type":"PropertyValueSpecification","valueRequired":true,"valueName":"search_term_string"}}],"inLanguage":"fr-FR"},{"@type":"Organization","@id":"https:\/\/waxoyl.nl\/#organization","name":"Waxoyl Benelux","url":"https:\/\/waxoyl.nl\/","logo":{"@type":"ImageObject","inLanguage":"fr-FR","@id":"https:\/\/waxoyl.nl\/#\/schema\/logo\/image\/","url":"https:\/\/waxoyl.nl\/app\/uploads\/2022\/05\/waxoyl_logo_car-care-2021-2.png","contentUrl":"https:\/\/waxoyl.nl\/app\/uploads\/2022\/05\/waxoyl_logo_car-care-2021-2.png","width":709,"height":709,"caption":"Waxoyl Benelux"},"image":{"@id":"https:\/\/waxoyl.nl\/#\/schema\/logo\/image\/"},"sameAs":["https:\/\/www.facebook.com\/WaxoylBenelux","https:\/\/www.instagram.com\/waxoylbenelux\/","https:\/\/www.linkedin.com\/company\/waxoyl\/"]}]}},"_links":{"self":[{"href":"https:\/\/waxoyl.nl\/fr\/wp-json\/wp\/v2\/pages\/3982","targetHints":{"allow":["GET"]}}],"collection":[{"href":"https:\/\/waxoyl.nl\/fr\/wp-json\/wp\/v2\/pages"}],"about":[{"href":"https:\/\/waxoyl.nl\/fr\/wp-json\/wp\/v2\/types\/page"}],"author":[{"embeddable":true,"href":"https:\/\/waxoyl.nl\/fr\/wp-json\/wp\/v2\/users\/2"}],"replies":[{"embeddable":true,"href":"https:\/\/waxoyl.nl\/fr\/wp-json\/wp\/v2\/comments?post=3982"}],"version-history":[{"count":13,"href":"https:\/\/waxoyl.nl\/fr\/wp-json\/wp\/v2\/pages\/3982\/revisions"}],"predecessor-version":[{"id":8071,"href":"https:\/\/waxoyl.nl\/fr\/wp-json\/wp\/v2\/pages\/3982\/revisions\/8071"}],"up":[{"embeddable":true,"href":"https:\/\/waxoyl.nl\/fr\/wp-json\/wp\/v2\/pages\/3901"}],"wp:featuredmedia":[{"embeddable":true,"href":"https:\/\/waxoyl.nl\/fr\/wp-json\/wp\/v2\/media\/3410"}],"wp:attachment":[{"href":"https:\/\/waxoyl.nl\/fr\/wp-json\/wp\/v2\/media?parent=3982"}],"curies":[{"name":"wp","href":"https:\/\/api.w.org\/{rel}","templated":true}]}}