{"id":4046,"date":"2022-08-18T07:23:44","date_gmt":"2022-08-18T07:23:44","guid":{"rendered":"https:\/\/waxoyl.nl\/?page_id=4046"},"modified":"2022-08-18T07:31:30","modified_gmt":"2022-08-18T07:31:30","slug":"politique-de-confidentialite","status":"publish","type":"page","link":"https:\/\/waxoyl.nl\/fr\/politique-de-confidentialite\/","title":{"rendered":"Politique de confidentialit\u00e9"},"content":{"rendered":"\t\t<div data-elementor-type=\"wp-page\" data-elementor-id=\"4046\" class=\"elementor elementor-4046\" data-elementor-post-type=\"page\">\n\t\t\t\t\t\t<section class=\"elementor-section elementor-top-section elementor-element elementor-element-dd71909 elementor-section-boxed elementor-section-height-default elementor-section-height-default\" data-id=\"dd71909\" data-element_type=\"section\" data-e-type=\"section\">\n\t\t\t\t\t\t<div class=\"elementor-container elementor-column-gap-default\">\n\t\t\t\t\t<div class=\"elementor-column elementor-col-100 elementor-top-column elementor-element elementor-element-d7a93ee\" data-id=\"d7a93ee\" data-element_type=\"column\" data-e-type=\"column\">\n\t\t\t<div class=\"elementor-widget-wrap elementor-element-populated\">\n\t\t\t\t\t\t<div class=\"elementor-element elementor-element-973097d elementor-widget elementor-widget-heading\" data-id=\"973097d\" data-element_type=\"widget\" data-e-type=\"widget\" data-widget_type=\"heading.default\">\n\t\t\t\t<div class=\"elementor-widget-container\">\n\t\t\t\t\t<h2 class=\"elementor-heading-title elementor-size-default\">Politique de confidentialit\u00e9<\/h2>\t\t\t\t<\/div>\n\t\t\t\t<\/div>\n\t\t\t\t<div class=\"elementor-element elementor-element-0cdb9f3 elementor-widget elementor-widget-text-editor\" data-id=\"0cdb9f3\" data-element_type=\"widget\" data-e-type=\"widget\" data-widget_type=\"text-editor.default\">\n\t\t\t\t<div class=\"elementor-widget-container\">\n\t\t\t\t\t\t\t\t\t<p><b>D\u00e9claration sur la protection des renseignements personnels et sur les cookies<span class=\"Apple-converted-space\">\u00a0<\/span><\/b><\/p><p><strong>Elgersma et votre vie priv\u00e9e<span class=\"Apple-converted-space\">\u00a0<\/span><\/strong><\/p><p>Nous (Elgersma BV) respectons la vie priv\u00e9e des visiteurs en ligne de notre site Internet et nous agirons avec pr\u00e9caution avec vos donn\u00e9es personnelles. Nous expliquons dans cette d\u00e9claration sur la protection des renseignements personnels comment nous respectons votre vie priv\u00e9e. Nous sommes responsables du traitement des donn\u00e9es personnelles que nous obtenons via le site Internet et l&#8217;E-Shop (boutique en ligne).<span class=\"Apple-converted-space\">\u00a0<\/span><\/p><p>Nous traitons via le site Internet et Waxoyl E-Shop des donn\u00e9es \u00e0 caract\u00e8re personnel qui vous concernent, comme votre nom, votre num\u00e9ro de t\u00e9l\u00e9phone, votre adresse ainsi que toutes les donn\u00e9es de fichier que vous nous communiquez au moment de votre connexion et de la cr\u00e9ation de votre compte de client.<span class=\"Apple-converted-space\">\u00a0<\/span><\/p><p><strong>E-Shop (boutique en ligne)<span class=\"Apple-converted-space\">\u00a0<\/span><\/strong><\/p><p>Nous traitons aux fins suivantes les donn\u00e9es personnelles que vous nous fournissez via Waxoyl E-Shop: la r\u00e9alisation des livraisons et des commandes ou la prestation de services \u00e0 votre b\u00e9n\u00e9fice, pour vous contacter \u00e0 propos de vos commandes, de certains produits, ou pour vous signaler des actions marketing et vous recommander des produits ou des services qui pourraient vous int\u00e9resser;<span class=\"Apple-converted-space\">\u00a0<\/span>\u00e0 des fins d&#8217;ex\u00e9cution ou d&#8217;application d&#8217;une loi.<span class=\"Apple-converted-space\">\u00a0<\/span><\/p><p>Nous ne traiterons que les donn\u00e9es qui sont indispensables \u00e0 ces fins. Nous traitons les donn\u00e9es personnelles suivantes :<span class=\"Apple-converted-space\">\u00a0<\/span><\/p><p>nom, pr\u00e9nom, initiales, titre, sexe, date de naissance, adresse, code postal, localit\u00e9, num\u00e9ro de t\u00e9l\u00e9phone, adresse e-mail,<span class=\"Apple-converted-space\">\u00a0<\/span>num\u00e9ro de client,<span class=\"Apple-converted-space\">\u00a0<\/span>d&#8217;autres donn\u00e9es n\u00e9cessaires pour r\u00e9aliser des livraisons et des commandes ou pour fournir des services, d&#8217;autres donn\u00e9es dont le traitement est exig\u00e9 ou indispensable dans le cadre de l&#8217;application d&#8217;une autre loi.<span class=\"Apple-converted-space\">\u00a0<\/span><\/p><p>Ces donn\u00e9es ne sont en principe pas conserv\u00e9es plus de deux ans apr\u00e8s que la transaction en question s&#8217;est achev\u00e9e. Un d\u00e9lai de conservation l\u00e9gal vaut pour certaines donn\u00e9es. Sur la base de ce d\u00e9lai, nous devons conserver plus longtemps les donn\u00e9es. Par exemple :<span class=\"Apple-converted-space\">\u00a0<\/span><\/p><ul><li>donn\u00e9es pour l&#8217;administration financi\u00e8re, 7 ans apr\u00e8s le 1er janvier qui suit la cr\u00e9ation du projet.<span class=\"Apple-converted-space\">\u00a0<\/span><\/li><\/ul><p><strong>Cookies<span class=\"Apple-converted-space\">\u00a0<\/span><\/strong><\/p><p>Notre site Internet r\u00e9colte des informations sur nos visiteurs en ligne dans le but de pouvoir constater le nombre total de visiteurs du site, ainsi que le type de navigateur et de syst\u00e8me d&#8217;exploitation utilis\u00e9. Pour ce faire, nous employons des cookies. Les cookies sont de petits fichiers texte qui sont sauvegard\u00e9s sur votre ordinateur, tablette ou t\u00e9l\u00e9phone mobile lorsque vous visitez un<span class=\"Apple-converted-space\">\u00a0<\/span>site Internet. Certains cookies y sont plac\u00e9s pour permettre \u00e0 un site de fonctionner correctement. D&#8217;autres cookies y sont plac\u00e9s afin de pouvoir analyser l&#8217;utilisation du site, d&#8217;afficher des informations pertinentes sur le site ou de placer des publicit\u00e9s cibl\u00e9es renvoyant \u00e0 d&#8217;autres sites. Au moyen des cookies, nous pouvons \u00e9valuer les int\u00e9r\u00eats de nos visiteurs et am\u00e9liorer notre site Internet. Google Analytics Notre site Internet utilise Google Analytics, un service d&#8217;analyse propos\u00e9 par Google Inc. (\u00ab Google \u00bb). Google Analytics utilise des cookies. Nous utilisons le cookie de Google Analytics pour mieux analyser la mani\u00e8re dont le site Internet est utilis\u00e9 par les usagers. Le cookie de Google Analytics n&#8217;est pas utilis\u00e9 pour des publicit\u00e9s ou dans d&#8217;autres buts commerciaux. Les informations g\u00e9n\u00e9r\u00e9es par le cookie de Google Analytics \u00e0 propos de votre utilisation de notre site Internet sont transf\u00e9r\u00e9es par Google aux \u00c9tats-Unis et y sont sauvegard\u00e9es sur des serveurs. Google utilise ces informations pour suivre la mani\u00e8re dont vous utilisez ce site Internet, pour r\u00e9diger \u00e0 notre intention des rapports sur l&#8217;activit\u00e9 du site et pour proposer d&#8217;autres services en lien avec l&#8217;utilisation du site et d&#8217;Internet. Nous avons configur\u00e9 Google Analytics de mani\u00e8re \u00e0 ce que Google ne puisse pas partager avec des tiers les informations qu&#8217;elle re\u00e7oit ou qu&#8217;elle ne puisse pas combiner ces informations avec d&#8217;autres donn\u00e9es dont elle dispose. Google ne peut fournir ces informations \u00e0 des tiers que si elle y est l\u00e9galement oblig\u00e9e, ou pour autant que ces tiers traitent les informations au nom de Google. Comme, avec Google Analytics, votre adresse IP est trait\u00e9e, nous avons conclu avec Google une convention de traitement et convenu que les adresses IP seraient partiellement rendues non reconnaissables. Les 3 derniers chiffres de votre adresse IP sont supprim\u00e9s. Si vous pr\u00e9f\u00e9rez enti\u00e8rement bloquer le script de Google Analytics, vous pouvez t\u00e9l\u00e9charger ici pour ce faire un plugiciel de non-participation : <a href=\"https:\/\/tools.google.com\/dlpage\/gaoptout\">https:\/\/tools.google.com\/dlpage\/gaoptout<\/a>. Gr\u00e2ce \u00e0 ce plugiciel, votre visite n&#8217;est plus prise en compte dans les statistiques de tous les sites Internet qui utilisent Google Analytics. Le cookie de Google Analytics reste valable pendant 6 mois. Fichiers de connexion Nous n&#8217;utilisons les adresses IP que pour analyser les tendances, g\u00e9rer le site Internet, suivre les tendances des utilisateurs et collecter des informations d\u00e9mographiques g\u00e9n\u00e9rales \u00e0 propos de l&#8217;utilisation globale. Les adresses IP ne sont pas coupl\u00e9es \u00e0 d&#8217;autres donn\u00e9es personnelles. Autres cookies Sur notre site Internet et Waxoyl E-Shop, seuls des cookies fonctionnels sont utilis\u00e9s en plus du cookie de Google Analytics pour rendre possible l&#8217;utilisation de Waxoyl E-Shop et pour faciliter la connexion \u00e0 notre site. Refuser des cookies Vous pouvez refuser l&#8217;utilisation des cookies en choisissant les param\u00e8tres ad\u00e9quats dans votre navigateur. Si vous refusez les cookies, vous pouvez continuer \u00e0 utiliser notre site. Liens externes Notre site Internet et Waxoyl E-Shop contiennent des liens qui renvoient vers d&#8217;autres sites Internet externes. Cette d\u00e9claration sur la protection des renseignements personnels ne s&#8217;applique pas \u00e0 ces sites Internet. Nous ne sommes pas responsables du contenu et de la politique de confidentialit\u00e9 de ces sites Internet. Nous conseillons \u00e0 nos visiteurs de lire la politique de confidentialit\u00e9 de chaque site Internet qu&#8217;ils consultent et qui leur demande des donn\u00e9es personnelles. Transmission \u00e0 des tiers Vos donn\u00e9es \u00e0 caract\u00e8re personnel ne sont en principe pas transmises \u00e0 des tiers \u00e0 moins que la loi nous y oblige, si c&#8217;est indispensable pour le traitement de votre commande ou de son paiement, ou si vous avez donn\u00e9 votre autorisation au pr\u00e9alable. Lorsque la loi l&#8217;exige, nous sommes en droit de divulguer dans certains cas les informations relatives \u00e0 un visiteur de notre E-Shop, par exemple lorsqu&#8217;il existe des raisons de croire que la divulgation de ces informations est n\u00e9cessaire pour identifier ou contacter une personne ou lui intenter un proc\u00e8s parce qu&#8217;elle a, intentionnellement ou non, l\u00e9s\u00e9 nos droits de propri\u00e9t\u00e9, ou ceux d&#8217;autres utilisateurs de notre site ou d&#8217;autres personnes qui ont pu subir des torts, ou qu&#8217;elle leur a caus\u00e9 un dommage. Nous ne vendons pas vos donn\u00e9es, ne les communiquons pas ni ne les louons \u00e0 des tiers d&#8217;une autre mani\u00e8re que ce qui est mentionn\u00e9 dans cette d\u00e9claration sur la protection des renseignements personnels.<span class=\"Apple-converted-space\">\u00a0<\/span><\/p><p><strong>Protection des donn\u00e9es<\/strong><span class=\"Apple-converted-space\">\u00a0<\/span><\/p><p>Nous veillons \u00e0 utiliser des mesures techniques et organisationnelles adapt\u00e9es pour \u00e9viter la perte ou le traitement abusif des donn\u00e9es \u00e0 caract\u00e8re personnel. Nous veillerons \u00e0 tout moment \u00e0 adopter un niveau de protection ad\u00e9quat. Les mesures prises visent entre autres \u00e0 \u00e9viter la collecte inutile et le traitement abusif des donn\u00e9es \u00e0 caract\u00e8re personnel.<span class=\"Apple-converted-space\">\u00a0<\/span><\/p><p><strong>Acc\u00e8s \u00e0 vos donn\u00e9es<span class=\"Apple-converted-space\">\u00a0<\/span><\/strong><\/p><p>Si vous \u00eates un client enregistr\u00e9, vous avez directement acc\u00e8s de mani\u00e8re prot\u00e9g\u00e9e au moyen d&#8217;un mot de passe aux donn\u00e9es de fichier (compte de client) que nous prot\u00e9geons. Vous pouvez consulter des donn\u00e9es \u00e0 propos de vos commandes termin\u00e9es, en cours et r\u00e9cemment envoy\u00e9es ou modifier votre adresse et votre inscription \u00e0 la lettre d&#8217;information. Vous pouvez par ailleurs nous demander un droit de consultation. Si vos donn\u00e9es ne sont pas correctes ou que vous souhaitez que nous ne les utilisions plus, vous pouvez nous demander de les compl\u00e9ter, corriger ou supprimer. Nos coordonn\u00e9es se trouvent sous cette d\u00e9claration sur la protection des renseignements personnels.<span class=\"Apple-converted-space\">\u00a0<\/span><\/p><p><strong>Modifications apport\u00e9es \u00e0 cette politique<span class=\"Apple-converted-space\">\u00a0<\/span><\/strong><\/p><p>Nous nous r\u00e9servons le droit de modifier cette d\u00e9claration. Lorsque nous d\u00e9cidons d&#8217;adapter notre politique en mati\u00e8re de confidentialit\u00e9, les modifications sont mentionn\u00e9es sur notre site Internet, pour que nos visiteurs soient toujours au courant des informations que nous collectons, de la mani\u00e8re dont nous les utilisons et des circonstances dans lesquelles nous les divulguons \u00e9ventuellement. Nous utilisons les informations conform\u00e9ment \u00e0 la politique de confidentialit\u00e9 d&#8217;application au moment o\u00f9 les informations ont \u00e9t\u00e9 demand\u00e9es.<span class=\"Apple-converted-space\">\u00a0<\/span><\/p><p><strong>Questions ou plaintes<span class=\"Apple-converted-space\">\u00a0<\/span><\/strong><\/p><p>Vous avez une question sur l&#8217;utilisation que nous faisons de vos donn\u00e9es au sein de notre entreprise ou vous voulez introduire une plainte \u00e0 ce propos ? Contactez donc Elgersma BV via l&#8217;adresse info@elgersma.nl.<span class=\"Apple-converted-space\">\u00a0<\/span><\/p>\t\t\t\t\t\t\t\t<\/div>\n\t\t\t\t<\/div>\n\t\t\t\t\t<\/div>\n\t\t<\/div>\n\t\t\t\t\t<\/div>\n\t\t<\/section>\n\t\t\t\t<\/div>\n\t\t","protected":false},"excerpt":{"rendered":"<p>D\u00e9claration sur la protection des renseignements personnels et sur les cookies\u00a0 Elgersma et votre vie priv\u00e9e\u00a0 Nous (Elgersma BV) respectons la vie priv\u00e9e des visiteurs en ligne de notre site Internet et nous agirons avec pr\u00e9caution avec vos donn\u00e9es personnelles. Nous expliquons dans cette d\u00e9claration sur la protection des renseignements personnels comment nous respectons votre [&hellip;]<\/p>\n","protected":false},"author":2,"featured_media":3410,"parent":0,"menu_order":0,"comment_status":"closed","ping_status":"closed","template":"elementor_header_footer","meta":{"footnotes":""},"class_list":["post-4046","page","type-page","status-publish","has-post-thumbnail","hentry"],"blocksy_meta":{"styles_descriptor":{"styles":{"desktop":"","tablet":"","mobile":""},"google_fonts":[],"version":6}},"yoast_head":"<!-- This site is optimized with the Yoast SEO plugin v27.3 - https:\/\/yoast.com\/product\/yoast-seo-wordpress\/ -->\n<title>Politique de confidentialit\u00e9 - Waxoyl<\/title>\n<meta name=\"robots\" content=\"index, follow, max-snippet:-1, max-image-preview:large, max-video-preview:-1\" \/>\n<link rel=\"canonical\" href=\"https:\/\/waxoyl.nl\/fr\/politique-de-confidentialite\/\" \/>\n<meta property=\"og:locale\" content=\"fr_FR\" \/>\n<meta property=\"og:type\" content=\"article\" \/>\n<meta property=\"og:title\" content=\"Politique de confidentialit\u00e9 - Waxoyl\" \/>\n<meta property=\"og:description\" content=\"D\u00e9claration sur la protection des renseignements personnels et sur les cookies\u00a0 Elgersma et votre vie priv\u00e9e\u00a0 Nous (Elgersma BV) respectons la vie priv\u00e9e des visiteurs en ligne de notre site Internet et nous agirons avec pr\u00e9caution avec vos donn\u00e9es personnelles. Nous expliquons dans cette d\u00e9claration sur la protection des renseignements personnels comment nous respectons votre [&hellip;]\" \/>\n<meta property=\"og:url\" content=\"https:\/\/waxoyl.nl\/fr\/politique-de-confidentialite\/\" \/>\n<meta property=\"og:site_name\" content=\"Waxoyl\" \/>\n<meta property=\"article:publisher\" content=\"https:\/\/www.facebook.com\/WaxoylBenelux\" \/>\n<meta property=\"article:modified_time\" content=\"2022-08-18T07:31:30+00:00\" \/>\n<meta property=\"og:image\" content=\"https:\/\/waxoyl.nl\/app\/uploads\/2022\/05\/Waxoyl-label-met-schaduw-2.png\" \/>\n\t<meta property=\"og:image:width\" content=\"500\" \/>\n\t<meta property=\"og:image:height\" content=\"500\" \/>\n\t<meta property=\"og:image:type\" content=\"image\/png\" \/>\n<meta name=\"twitter:card\" content=\"summary_large_image\" \/>\n<meta name=\"twitter:label1\" content=\"Est. reading time\" \/>\n\t<meta name=\"twitter:data1\" content=\"8 minutes\" \/>\n<script type=\"application\/ld+json\" class=\"yoast-schema-graph\">{\"@context\":\"https:\\\/\\\/schema.org\",\"@graph\":[{\"@type\":\"WebPage\",\"@id\":\"https:\\\/\\\/waxoyl.nl\\\/fr\\\/politique-de-confidentialite\\\/\",\"url\":\"https:\\\/\\\/waxoyl.nl\\\/fr\\\/politique-de-confidentialite\\\/\",\"name\":\"Politique de confidentialit\u00e9 - Waxoyl\",\"isPartOf\":{\"@id\":\"https:\\\/\\\/waxoyl.nl\\\/#website\"},\"primaryImageOfPage\":{\"@id\":\"https:\\\/\\\/waxoyl.nl\\\/fr\\\/politique-de-confidentialite\\\/#primaryimage\"},\"image\":{\"@id\":\"https:\\\/\\\/waxoyl.nl\\\/fr\\\/politique-de-confidentialite\\\/#primaryimage\"},\"thumbnailUrl\":\"https:\\\/\\\/waxoyl.nl\\\/app\\\/uploads\\\/2022\\\/05\\\/Waxoyl-label-met-schaduw-2.png\",\"datePublished\":\"2022-08-18T07:23:44+00:00\",\"dateModified\":\"2022-08-18T07:31:30+00:00\",\"breadcrumb\":{\"@id\":\"https:\\\/\\\/waxoyl.nl\\\/fr\\\/politique-de-confidentialite\\\/#breadcrumb\"},\"inLanguage\":\"fr-FR\",\"potentialAction\":[{\"@type\":\"ReadAction\",\"target\":[\"https:\\\/\\\/waxoyl.nl\\\/fr\\\/politique-de-confidentialite\\\/\"]}]},{\"@type\":\"ImageObject\",\"inLanguage\":\"fr-FR\",\"@id\":\"https:\\\/\\\/waxoyl.nl\\\/fr\\\/politique-de-confidentialite\\\/#primaryimage\",\"url\":\"https:\\\/\\\/waxoyl.nl\\\/app\\\/uploads\\\/2022\\\/05\\\/Waxoyl-label-met-schaduw-2.png\",\"contentUrl\":\"https:\\\/\\\/waxoyl.nl\\\/app\\\/uploads\\\/2022\\\/05\\\/Waxoyl-label-met-schaduw-2.png\",\"width\":500,\"height\":500},{\"@type\":\"BreadcrumbList\",\"@id\":\"https:\\\/\\\/waxoyl.nl\\\/fr\\\/politique-de-confidentialite\\\/#breadcrumb\",\"itemListElement\":[{\"@type\":\"ListItem\",\"position\":1,\"name\":\"Home\",\"item\":\"https:\\\/\\\/waxoyl.nl\\\/fr\\\/accueil\\\/\"},{\"@type\":\"ListItem\",\"position\":2,\"name\":\"Politique de confidentialit\u00e9\"}]},{\"@type\":\"WebSite\",\"@id\":\"https:\\\/\\\/waxoyl.nl\\\/#website\",\"url\":\"https:\\\/\\\/waxoyl.nl\\\/\",\"name\":\"Waxoyl\",\"description\":\"Protection to perfection\",\"publisher\":{\"@id\":\"https:\\\/\\\/waxoyl.nl\\\/#organization\"},\"potentialAction\":[{\"@type\":\"SearchAction\",\"target\":{\"@type\":\"EntryPoint\",\"urlTemplate\":\"https:\\\/\\\/waxoyl.nl\\\/?s={search_term_string}\"},\"query-input\":{\"@type\":\"PropertyValueSpecification\",\"valueRequired\":true,\"valueName\":\"search_term_string\"}}],\"inLanguage\":\"fr-FR\"},{\"@type\":\"Organization\",\"@id\":\"https:\\\/\\\/waxoyl.nl\\\/#organization\",\"name\":\"Waxoyl Benelux\",\"url\":\"https:\\\/\\\/waxoyl.nl\\\/\",\"logo\":{\"@type\":\"ImageObject\",\"inLanguage\":\"fr-FR\",\"@id\":\"https:\\\/\\\/waxoyl.nl\\\/#\\\/schema\\\/logo\\\/image\\\/\",\"url\":\"https:\\\/\\\/waxoyl.nl\\\/app\\\/uploads\\\/2022\\\/05\\\/waxoyl_logo_car-care-2021-2.png\",\"contentUrl\":\"https:\\\/\\\/waxoyl.nl\\\/app\\\/uploads\\\/2022\\\/05\\\/waxoyl_logo_car-care-2021-2.png\",\"width\":709,\"height\":709,\"caption\":\"Waxoyl Benelux\"},\"image\":{\"@id\":\"https:\\\/\\\/waxoyl.nl\\\/#\\\/schema\\\/logo\\\/image\\\/\"},\"sameAs\":[\"https:\\\/\\\/www.facebook.com\\\/WaxoylBenelux\",\"https:\\\/\\\/www.instagram.com\\\/waxoylbenelux\\\/\",\"https:\\\/\\\/www.linkedin.com\\\/company\\\/waxoyl\\\/\"]}]}<\/script>\n<!-- \/ Yoast SEO plugin. -->","yoast_head_json":{"title":"Politique de confidentialit\u00e9 - Waxoyl","robots":{"index":"index","follow":"follow","max-snippet":"max-snippet:-1","max-image-preview":"max-image-preview:large","max-video-preview":"max-video-preview:-1"},"canonical":"https:\/\/waxoyl.nl\/fr\/politique-de-confidentialite\/","og_locale":"fr_FR","og_type":"article","og_title":"Politique de confidentialit\u00e9 - Waxoyl","og_description":"D\u00e9claration sur la protection des renseignements personnels et sur les cookies\u00a0 Elgersma et votre vie priv\u00e9e\u00a0 Nous (Elgersma BV) respectons la vie priv\u00e9e des visiteurs en ligne de notre site Internet et nous agirons avec pr\u00e9caution avec vos donn\u00e9es personnelles. Nous expliquons dans cette d\u00e9claration sur la protection des renseignements personnels comment nous respectons votre [&hellip;]","og_url":"https:\/\/waxoyl.nl\/fr\/politique-de-confidentialite\/","og_site_name":"Waxoyl","article_publisher":"https:\/\/www.facebook.com\/WaxoylBenelux","article_modified_time":"2022-08-18T07:31:30+00:00","og_image":[{"width":500,"height":500,"url":"https:\/\/waxoyl.nl\/app\/uploads\/2022\/05\/Waxoyl-label-met-schaduw-2.png","type":"image\/png"}],"twitter_card":"summary_large_image","twitter_misc":{"Est. reading time":"8 minutes"},"schema":{"@context":"https:\/\/schema.org","@graph":[{"@type":"WebPage","@id":"https:\/\/waxoyl.nl\/fr\/politique-de-confidentialite\/","url":"https:\/\/waxoyl.nl\/fr\/politique-de-confidentialite\/","name":"Politique de confidentialit\u00e9 - Waxoyl","isPartOf":{"@id":"https:\/\/waxoyl.nl\/#website"},"primaryImageOfPage":{"@id":"https:\/\/waxoyl.nl\/fr\/politique-de-confidentialite\/#primaryimage"},"image":{"@id":"https:\/\/waxoyl.nl\/fr\/politique-de-confidentialite\/#primaryimage"},"thumbnailUrl":"https:\/\/waxoyl.nl\/app\/uploads\/2022\/05\/Waxoyl-label-met-schaduw-2.png","datePublished":"2022-08-18T07:23:44+00:00","dateModified":"2022-08-18T07:31:30+00:00","breadcrumb":{"@id":"https:\/\/waxoyl.nl\/fr\/politique-de-confidentialite\/#breadcrumb"},"inLanguage":"fr-FR","potentialAction":[{"@type":"ReadAction","target":["https:\/\/waxoyl.nl\/fr\/politique-de-confidentialite\/"]}]},{"@type":"ImageObject","inLanguage":"fr-FR","@id":"https:\/\/waxoyl.nl\/fr\/politique-de-confidentialite\/#primaryimage","url":"https:\/\/waxoyl.nl\/app\/uploads\/2022\/05\/Waxoyl-label-met-schaduw-2.png","contentUrl":"https:\/\/waxoyl.nl\/app\/uploads\/2022\/05\/Waxoyl-label-met-schaduw-2.png","width":500,"height":500},{"@type":"BreadcrumbList","@id":"https:\/\/waxoyl.nl\/fr\/politique-de-confidentialite\/#breadcrumb","itemListElement":[{"@type":"ListItem","position":1,"name":"Home","item":"https:\/\/waxoyl.nl\/fr\/accueil\/"},{"@type":"ListItem","position":2,"name":"Politique de confidentialit\u00e9"}]},{"@type":"WebSite","@id":"https:\/\/waxoyl.nl\/#website","url":"https:\/\/waxoyl.nl\/","name":"Waxoyl","description":"Protection to perfection","publisher":{"@id":"https:\/\/waxoyl.nl\/#organization"},"potentialAction":[{"@type":"SearchAction","target":{"@type":"EntryPoint","urlTemplate":"https:\/\/waxoyl.nl\/?s={search_term_string}"},"query-input":{"@type":"PropertyValueSpecification","valueRequired":true,"valueName":"search_term_string"}}],"inLanguage":"fr-FR"},{"@type":"Organization","@id":"https:\/\/waxoyl.nl\/#organization","name":"Waxoyl Benelux","url":"https:\/\/waxoyl.nl\/","logo":{"@type":"ImageObject","inLanguage":"fr-FR","@id":"https:\/\/waxoyl.nl\/#\/schema\/logo\/image\/","url":"https:\/\/waxoyl.nl\/app\/uploads\/2022\/05\/waxoyl_logo_car-care-2021-2.png","contentUrl":"https:\/\/waxoyl.nl\/app\/uploads\/2022\/05\/waxoyl_logo_car-care-2021-2.png","width":709,"height":709,"caption":"Waxoyl Benelux"},"image":{"@id":"https:\/\/waxoyl.nl\/#\/schema\/logo\/image\/"},"sameAs":["https:\/\/www.facebook.com\/WaxoylBenelux","https:\/\/www.instagram.com\/waxoylbenelux\/","https:\/\/www.linkedin.com\/company\/waxoyl\/"]}]}},"_links":{"self":[{"href":"https:\/\/waxoyl.nl\/fr\/wp-json\/wp\/v2\/pages\/4046","targetHints":{"allow":["GET"]}}],"collection":[{"href":"https:\/\/waxoyl.nl\/fr\/wp-json\/wp\/v2\/pages"}],"about":[{"href":"https:\/\/waxoyl.nl\/fr\/wp-json\/wp\/v2\/types\/page"}],"author":[{"embeddable":true,"href":"https:\/\/waxoyl.nl\/fr\/wp-json\/wp\/v2\/users\/2"}],"replies":[{"embeddable":true,"href":"https:\/\/waxoyl.nl\/fr\/wp-json\/wp\/v2\/comments?post=4046"}],"version-history":[{"count":8,"href":"https:\/\/waxoyl.nl\/fr\/wp-json\/wp\/v2\/pages\/4046\/revisions"}],"predecessor-version":[{"id":4054,"href":"https:\/\/waxoyl.nl\/fr\/wp-json\/wp\/v2\/pages\/4046\/revisions\/4054"}],"wp:featuredmedia":[{"embeddable":true,"href":"https:\/\/waxoyl.nl\/fr\/wp-json\/wp\/v2\/media\/3410"}],"wp:attachment":[{"href":"https:\/\/waxoyl.nl\/fr\/wp-json\/wp\/v2\/media?parent=4046"}],"curies":[{"name":"wp","href":"https:\/\/api.w.org\/{rel}","templated":true}]}}