{"id":10718,"date":"2025-02-10T14:55:04","date_gmt":"2025-02-10T12:55:04","guid":{"rendered":"https:\/\/waxoyl.nl\/product\/waxoyl-120-4-plus\/"},"modified":"2025-02-10T14:55:04","modified_gmt":"2025-02-10T12:55:04","slug":"waxoyl-120-4-plus","status":"publish","type":"product","link":"https:\/\/waxoyl.nl\/fr\/product\/waxoyl-120-4-plus\/","title":{"rendered":"Waxoyl 120-4 Plus"},"content":{"rendered":"<p>Waxoyl 120-4 Plus 60 litres est un produit de protection des cavit\u00e9s de haute qualit\u00e9 qui prot\u00e8ge efficacement le m\u00e9tal de la rouille. La formule poss\u00e8de d&#8217;excellentes propri\u00e9t\u00e9s de fluage, ce qui lui permet de p\u00e9n\u00e9trer profond\u00e9ment dans les joints et les fissures et de repousser l&#8217;humidit\u00e9. Gr\u00e2ce \u00e0 ses propri\u00e9t\u00e9s autocicatrisantes, la couche de protection reste intacte m\u00eame en cas de dommages mineurs.  <\/p>\n<p>La cire est transparente et sans silicone, ce qui la rend adapt\u00e9e \u00e0 une large gamme d&#8217;applications sans effets n\u00e9fastes sur la peinture ou d&#8217;autres mat\u00e9riaux. Elle est id\u00e9ale pour les v\u00e9hicules, les machines et les installations industrielles n\u00e9cessitant une protection durable contre la corrosion. Facile \u00e0 appliquer \u00e0 l&#8217;aide d&#8217;une lance de pulv\u00e9risation ou d&#8217;un pinceau.  <\/p>\n","protected":false},"excerpt":{"rendered":"<p>Waxoyl 120-4 Plus 60 litres est une cire de protection transparente et sans silicone pour les espaces creux. Avec d&#8217;excellentes propri\u00e9t\u00e9s de fluage et d&#8217;auto-cicatrisation, elle offre une protection anticorrosion \u00e0 long terme. Id\u00e9ale pour les voitures, les machines et les structures m\u00e9talliques.  <\/p>\n","protected":false},"featured_media":9321,"template":"","meta":[],"product_brand":[],"product_cat":[55,62],"product_tag":[],"class_list":{"0":"post-10718","1":"product","2":"type-product","3":"status-publish","4":"has-post-thumbnail","6":"product_cat-professionnelle","7":"product_cat-anti-corrosion","9":"first","10":"instock","11":"shipping-taxable","12":"product-type-simple"},"yoast_head":"<!-- This site is optimized with the Yoast SEO plugin v27.0 - https:\/\/yoast.com\/product\/yoast-seo-wordpress\/ -->\n<title>Waxoyl 120-4 Plus - Waxoyl<\/title>\n<meta name=\"robots\" content=\"index, follow, max-snippet:-1, max-image-preview:large, max-video-preview:-1\" \/>\n<link rel=\"canonical\" href=\"https:\/\/waxoyl.nl\/fr\/product\/waxoyl-120-4-plus\/\" \/>\n<meta property=\"og:locale\" content=\"fr_FR\" \/>\n<meta property=\"og:type\" content=\"article\" \/>\n<meta property=\"og:title\" content=\"Waxoyl 120-4 Plus - Waxoyl\" \/>\n<meta property=\"og:description\" content=\"Waxoyl 120-4 Plus 60 litres est une cire de protection transparente et sans silicone pour les espaces creux. Avec d&#039;excellentes propri\u00e9t\u00e9s de fluage et d&#039;auto-cicatrisation, elle offre une protection anticorrosion \u00e0 long terme. Id\u00e9ale pour les voitures, les machines et les structures m\u00e9talliques.\" \/>\n<meta property=\"og:url\" content=\"https:\/\/waxoyl.nl\/fr\/product\/waxoyl-120-4-plus\/\" \/>\n<meta property=\"og:site_name\" content=\"Waxoyl\" \/>\n<meta property=\"article:publisher\" content=\"https:\/\/www.facebook.com\/WaxoylBenelux\" \/>\n<meta property=\"og:image\" content=\"https:\/\/waxoyl.nl\/app\/uploads\/2025\/02\/81536-120-4-plus-60l.png\" \/>\n\t<meta property=\"og:image:width\" content=\"802\" \/>\n\t<meta property=\"og:image:height\" content=\"1250\" \/>\n\t<meta property=\"og:image:type\" content=\"image\/png\" \/>\n<meta name=\"twitter:card\" content=\"summary_large_image\" \/>\n<meta name=\"twitter:label1\" content=\"Est. reading time\" \/>\n\t<meta name=\"twitter:data1\" content=\"1 minute\" \/>\n<script type=\"application\/ld+json\" class=\"yoast-schema-graph\">{\"@context\":\"https:\/\/schema.org\",\"@graph\":[{\"@type\":\"WebPage\",\"@id\":\"https:\/\/waxoyl.nl\/fr\/product\/waxoyl-120-4-plus\/\",\"url\":\"https:\/\/waxoyl.nl\/fr\/product\/waxoyl-120-4-plus\/\",\"name\":\"Waxoyl 120-4 Plus - Waxoyl\",\"isPartOf\":{\"@id\":\"https:\/\/waxoyl.nl\/#website\"},\"primaryImageOfPage\":{\"@id\":\"https:\/\/waxoyl.nl\/fr\/product\/waxoyl-120-4-plus\/#primaryimage\"},\"image\":{\"@id\":\"https:\/\/waxoyl.nl\/fr\/product\/waxoyl-120-4-plus\/#primaryimage\"},\"thumbnailUrl\":\"https:\/\/waxoyl.nl\/app\/uploads\/2025\/02\/81536-120-4-plus-60l.png\",\"datePublished\":\"2025-02-10T12:55:04+00:00\",\"breadcrumb\":{\"@id\":\"https:\/\/waxoyl.nl\/fr\/product\/waxoyl-120-4-plus\/#breadcrumb\"},\"inLanguage\":\"fr-FR\",\"potentialAction\":[{\"@type\":\"ReadAction\",\"target\":[\"https:\/\/waxoyl.nl\/fr\/product\/waxoyl-120-4-plus\/\"]}]},{\"@type\":\"ImageObject\",\"inLanguage\":\"fr-FR\",\"@id\":\"https:\/\/waxoyl.nl\/fr\/product\/waxoyl-120-4-plus\/#primaryimage\",\"url\":\"https:\/\/waxoyl.nl\/app\/uploads\/2025\/02\/81536-120-4-plus-60l.png\",\"contentUrl\":\"https:\/\/waxoyl.nl\/app\/uploads\/2025\/02\/81536-120-4-plus-60l.png\",\"width\":802,\"height\":1250},{\"@type\":\"BreadcrumbList\",\"@id\":\"https:\/\/waxoyl.nl\/fr\/product\/waxoyl-120-4-plus\/#breadcrumb\",\"itemListElement\":[{\"@type\":\"ListItem\",\"position\":1,\"name\":\"Home\",\"item\":\"https:\/\/waxoyl.nl\/fr\/accueil\/\"},{\"@type\":\"ListItem\",\"position\":2,\"name\":\"Shop\",\"item\":\"https:\/\/waxoyl.nl\/shop\/\"},{\"@type\":\"ListItem\",\"position\":3,\"name\":\"Waxoyl 120-4 Plus\"}]},{\"@type\":\"WebSite\",\"@id\":\"https:\/\/waxoyl.nl\/#website\",\"url\":\"https:\/\/waxoyl.nl\/\",\"name\":\"Waxoyl\",\"description\":\"Protection to perfection\",\"publisher\":{\"@id\":\"https:\/\/waxoyl.nl\/#organization\"},\"potentialAction\":[{\"@type\":\"SearchAction\",\"target\":{\"@type\":\"EntryPoint\",\"urlTemplate\":\"https:\/\/waxoyl.nl\/?s={search_term_string}\"},\"query-input\":{\"@type\":\"PropertyValueSpecification\",\"valueRequired\":true,\"valueName\":\"search_term_string\"}}],\"inLanguage\":\"fr-FR\"},{\"@type\":\"Organization\",\"@id\":\"https:\/\/waxoyl.nl\/#organization\",\"name\":\"Waxoyl Benelux\",\"url\":\"https:\/\/waxoyl.nl\/\",\"logo\":{\"@type\":\"ImageObject\",\"inLanguage\":\"fr-FR\",\"@id\":\"https:\/\/waxoyl.nl\/#\/schema\/logo\/image\/\",\"url\":\"https:\/\/waxoyl.nl\/app\/uploads\/2022\/05\/waxoyl_logo_car-care-2021-2.png\",\"contentUrl\":\"https:\/\/waxoyl.nl\/app\/uploads\/2022\/05\/waxoyl_logo_car-care-2021-2.png\",\"width\":709,\"height\":709,\"caption\":\"Waxoyl Benelux\"},\"image\":{\"@id\":\"https:\/\/waxoyl.nl\/#\/schema\/logo\/image\/\"},\"sameAs\":[\"https:\/\/www.facebook.com\/WaxoylBenelux\",\"https:\/\/www.instagram.com\/waxoylbenelux\/\",\"https:\/\/www.linkedin.com\/company\/waxoyl\/\"]}]}<\/script>\n<!-- \/ Yoast SEO plugin. -->","yoast_head_json":{"title":"Waxoyl 120-4 Plus - Waxoyl","robots":{"index":"index","follow":"follow","max-snippet":"max-snippet:-1","max-image-preview":"max-image-preview:large","max-video-preview":"max-video-preview:-1"},"canonical":"https:\/\/waxoyl.nl\/fr\/product\/waxoyl-120-4-plus\/","og_locale":"fr_FR","og_type":"article","og_title":"Waxoyl 120-4 Plus - Waxoyl","og_description":"Waxoyl 120-4 Plus 60 litres est une cire de protection transparente et sans silicone pour les espaces creux. Avec d'excellentes propri\u00e9t\u00e9s de fluage et d'auto-cicatrisation, elle offre une protection anticorrosion \u00e0 long terme. Id\u00e9ale pour les voitures, les machines et les structures m\u00e9talliques.","og_url":"https:\/\/waxoyl.nl\/fr\/product\/waxoyl-120-4-plus\/","og_site_name":"Waxoyl","article_publisher":"https:\/\/www.facebook.com\/WaxoylBenelux","og_image":[{"width":802,"height":1250,"url":"https:\/\/waxoyl.nl\/app\/uploads\/2025\/02\/81536-120-4-plus-60l.png","type":"image\/png"}],"twitter_card":"summary_large_image","twitter_misc":{"Est. reading time":"1 minute"},"schema":{"@context":"https:\/\/schema.org","@graph":[{"@type":"WebPage","@id":"https:\/\/waxoyl.nl\/fr\/product\/waxoyl-120-4-plus\/","url":"https:\/\/waxoyl.nl\/fr\/product\/waxoyl-120-4-plus\/","name":"Waxoyl 120-4 Plus - Waxoyl","isPartOf":{"@id":"https:\/\/waxoyl.nl\/#website"},"primaryImageOfPage":{"@id":"https:\/\/waxoyl.nl\/fr\/product\/waxoyl-120-4-plus\/#primaryimage"},"image":{"@id":"https:\/\/waxoyl.nl\/fr\/product\/waxoyl-120-4-plus\/#primaryimage"},"thumbnailUrl":"https:\/\/waxoyl.nl\/app\/uploads\/2025\/02\/81536-120-4-plus-60l.png","datePublished":"2025-02-10T12:55:04+00:00","breadcrumb":{"@id":"https:\/\/waxoyl.nl\/fr\/product\/waxoyl-120-4-plus\/#breadcrumb"},"inLanguage":"fr-FR","potentialAction":[{"@type":"ReadAction","target":["https:\/\/waxoyl.nl\/fr\/product\/waxoyl-120-4-plus\/"]}]},{"@type":"ImageObject","inLanguage":"fr-FR","@id":"https:\/\/waxoyl.nl\/fr\/product\/waxoyl-120-4-plus\/#primaryimage","url":"https:\/\/waxoyl.nl\/app\/uploads\/2025\/02\/81536-120-4-plus-60l.png","contentUrl":"https:\/\/waxoyl.nl\/app\/uploads\/2025\/02\/81536-120-4-plus-60l.png","width":802,"height":1250},{"@type":"BreadcrumbList","@id":"https:\/\/waxoyl.nl\/fr\/product\/waxoyl-120-4-plus\/#breadcrumb","itemListElement":[{"@type":"ListItem","position":1,"name":"Home","item":"https:\/\/waxoyl.nl\/fr\/accueil\/"},{"@type":"ListItem","position":2,"name":"Shop","item":"https:\/\/waxoyl.nl\/shop\/"},{"@type":"ListItem","position":3,"name":"Waxoyl 120-4 Plus"}]},{"@type":"WebSite","@id":"https:\/\/waxoyl.nl\/#website","url":"https:\/\/waxoyl.nl\/","name":"Waxoyl","description":"Protection to perfection","publisher":{"@id":"https:\/\/waxoyl.nl\/#organization"},"potentialAction":[{"@type":"SearchAction","target":{"@type":"EntryPoint","urlTemplate":"https:\/\/waxoyl.nl\/?s={search_term_string}"},"query-input":{"@type":"PropertyValueSpecification","valueRequired":true,"valueName":"search_term_string"}}],"inLanguage":"fr-FR"},{"@type":"Organization","@id":"https:\/\/waxoyl.nl\/#organization","name":"Waxoyl Benelux","url":"https:\/\/waxoyl.nl\/","logo":{"@type":"ImageObject","inLanguage":"fr-FR","@id":"https:\/\/waxoyl.nl\/#\/schema\/logo\/image\/","url":"https:\/\/waxoyl.nl\/app\/uploads\/2022\/05\/waxoyl_logo_car-care-2021-2.png","contentUrl":"https:\/\/waxoyl.nl\/app\/uploads\/2022\/05\/waxoyl_logo_car-care-2021-2.png","width":709,"height":709,"caption":"Waxoyl Benelux"},"image":{"@id":"https:\/\/waxoyl.nl\/#\/schema\/logo\/image\/"},"sameAs":["https:\/\/www.facebook.com\/WaxoylBenelux","https:\/\/www.instagram.com\/waxoylbenelux\/","https:\/\/www.linkedin.com\/company\/waxoyl\/"]}]}},"_links":{"self":[{"href":"https:\/\/waxoyl.nl\/fr\/wp-json\/wp\/v2\/product\/10718","targetHints":{"allow":["GET"]}}],"collection":[{"href":"https:\/\/waxoyl.nl\/fr\/wp-json\/wp\/v2\/product"}],"about":[{"href":"https:\/\/waxoyl.nl\/fr\/wp-json\/wp\/v2\/types\/product"}],"wp:featuredmedia":[{"embeddable":true,"href":"https:\/\/waxoyl.nl\/fr\/wp-json\/wp\/v2\/media\/9321"}],"wp:attachment":[{"href":"https:\/\/waxoyl.nl\/fr\/wp-json\/wp\/v2\/media?parent=10718"}],"wp:term":[{"taxonomy":"product_brand","embeddable":true,"href":"https:\/\/waxoyl.nl\/fr\/wp-json\/wp\/v2\/product_brand?post=10718"},{"taxonomy":"product_cat","embeddable":true,"href":"https:\/\/waxoyl.nl\/fr\/wp-json\/wp\/v2\/product_cat?post=10718"},{"taxonomy":"product_tag","embeddable":true,"href":"https:\/\/waxoyl.nl\/fr\/wp-json\/wp\/v2\/product_tag?post=10718"}],"curies":[{"name":"wp","href":"https:\/\/api.w.org\/{rel}","templated":true}]}}