{"id":10719,"date":"2025-02-10T14:49:12","date_gmt":"2025-02-10T12:49:12","guid":{"rendered":"https:\/\/waxoyl.nl\/product\/waxoyl-120-4-plus-20-l\/"},"modified":"2025-02-10T14:49:12","modified_gmt":"2025-02-10T12:49:12","slug":"waxoyl-120-4-plus-20-l","status":"publish","type":"product","link":"https:\/\/waxoyl.nl\/fr\/product\/waxoyl-120-4-plus-20-l\/","title":{"rendered":"Waxoyl 120-4 Plus (20 l)"},"content":{"rendered":"<div class=\"flex max-w-full flex-col flex-grow\">\n<div class=\"min-h-8 text-message flex w-full flex-col items-end gap-2 whitespace-normal break-words text-start [.text-message+&amp;]:mt-5\" dir=\"auto\" data-message-author-role=\"assistant\" data-message-id=\"88592bfe-8be6-4a9c-9c42-723c3de5fc40\" data-message-model-slug=\"gpt-4o\">\n<div class=\"flex w-full flex-col gap-1 empty:hidden first:pt-[3px]\">\n<div class=\"markdown prose w-full break-words dark:prose-invert light\">\n<p>Waxoyl 120-4 Plus est une cire de protection de haute qualit\u00e9 pour les espaces creux, sp\u00e9cialement con\u00e7ue pour pr\u00e9venir la rouille. Gr\u00e2ce \u00e0 ses excellentes propri\u00e9t\u00e9s de fluage et d&#8217;auto-cicatrisation, elle p\u00e9n\u00e8tre en profondeur dans les fissures et les joints, offrant au m\u00e9tal une protection \u00e0 long terme contre la corrosion. La formule transparente, sans silicone, assure une protection invisible et durable sans laisser de r\u00e9sidus.  <\/p>\n<p>Convient aux voitures, machines et autres structures m\u00e9talliques qui ont besoin d&#8217;une protection suppl\u00e9mentaire contre l&#8217;humidit\u00e9 et la salet\u00e9. Facile \u00e0 appliquer \u00e0 l&#8217;aide d&#8217;une lance de pulv\u00e9risation ou d&#8217;un pinceau. <\/p>\n<\/div>\n<\/div>\n<\/div>\n<\/div>\n","protected":false},"excerpt":{"rendered":"<p>Protection durable des espaces creux des voitures, des v\u00e9hicules utilitaires, des machines, des tuyaux et autres. Waxoyl 120-4 Plus convient \u00e9galement en tant que protection du soubassement. Waxoyl 120-4 Plus a une formule tr\u00e8s sp\u00e9cifique \u00e0 base de cire qui garantit une protection \u00e9lastique de longue dur\u00e9e, avec des propri\u00e9t\u00e9s autor\u00e9paratrices.<\/p>\n<p>Disponible en paquets : A\u00e9rosol 500ml, 1 litre, 5 litres, 20 litres, 60 litres et 200 litres.<\/p>\n<p>Vous \u00eates un professionnel et vous souhaitez commander ce produit? Ensuite aller \u00e0 <a href=\"http:\/\/www.waxoyl-e-shop.nl\/\" target=\"_blank\" rel=\"noopener\">www.waxoyl-e-shop.nl\/fr\/<\/a> et demander un compte.<\/p>\n","protected":false},"featured_media":9315,"template":"","meta":[],"product_brand":[],"product_cat":[55,62],"product_tag":[],"class_list":{"0":"post-10719","1":"product","2":"type-product","3":"status-publish","4":"has-post-thumbnail","6":"product_cat-professionnelle","7":"product_cat-anti-corrosion","9":"first","10":"instock","11":"shipping-taxable","12":"product-type-simple"},"yoast_head":"<!-- This site is optimized with the Yoast SEO plugin v27.0 - https:\/\/yoast.com\/product\/yoast-seo-wordpress\/ -->\n<title>Waxoyl 120-4 Plus (20 l) - Waxoyl<\/title>\n<meta name=\"robots\" content=\"index, follow, max-snippet:-1, max-image-preview:large, max-video-preview:-1\" \/>\n<link rel=\"canonical\" href=\"https:\/\/waxoyl.nl\/fr\/product\/waxoyl-120-4-plus-20-l\/\" \/>\n<meta property=\"og:locale\" content=\"fr_FR\" \/>\n<meta property=\"og:type\" content=\"article\" \/>\n<meta property=\"og:title\" content=\"Waxoyl 120-4 Plus (20 l) - Waxoyl\" \/>\n<meta property=\"og:description\" content=\"Protection durable des espaces creux des voitures, des v\u00e9hicules utilitaires, des machines, des tuyaux et autres. Waxoyl 120-4 Plus convient \u00e9galement en tant que protection du soubassement. Waxoyl 120-4 Plus a une formule tr\u00e8s sp\u00e9cifique \u00e0 base de cire qui garantit une protection \u00e9lastique de longue dur\u00e9e, avec des propri\u00e9t\u00e9s autor\u00e9paratrices. Disponible en paquets : A\u00e9rosol 500ml, 1 litre, 5 litres, 20 litres, 60 litres et 200 litres. Vous \u00eates un professionnel et vous souhaitez commander ce produit? Ensuite aller \u00e0 www.waxoyl-e-shop.nl\/fr\/ et demander un compte.\" \/>\n<meta property=\"og:url\" content=\"https:\/\/waxoyl.nl\/fr\/product\/waxoyl-120-4-plus-20-l\/\" \/>\n<meta property=\"og:site_name\" content=\"Waxoyl\" \/>\n<meta property=\"article:publisher\" content=\"https:\/\/www.facebook.com\/WaxoylBenelux\" \/>\n<meta property=\"og:image\" content=\"https:\/\/waxoyl.nl\/app\/uploads\/2025\/02\/81602-120-4-plus-20l-2.png\" \/>\n\t<meta property=\"og:image:width\" content=\"906\" \/>\n\t<meta property=\"og:image:height\" content=\"1250\" \/>\n\t<meta property=\"og:image:type\" content=\"image\/png\" \/>\n<meta name=\"twitter:card\" content=\"summary_large_image\" \/>\n<meta name=\"twitter:label1\" content=\"Est. reading time\" \/>\n\t<meta name=\"twitter:data1\" content=\"1 minute\" \/>\n<script type=\"application\/ld+json\" class=\"yoast-schema-graph\">{\"@context\":\"https:\/\/schema.org\",\"@graph\":[{\"@type\":\"WebPage\",\"@id\":\"https:\/\/waxoyl.nl\/fr\/product\/waxoyl-120-4-plus-20-l\/\",\"url\":\"https:\/\/waxoyl.nl\/fr\/product\/waxoyl-120-4-plus-20-l\/\",\"name\":\"Waxoyl 120-4 Plus (20 l) - Waxoyl\",\"isPartOf\":{\"@id\":\"https:\/\/waxoyl.nl\/#website\"},\"primaryImageOfPage\":{\"@id\":\"https:\/\/waxoyl.nl\/fr\/product\/waxoyl-120-4-plus-20-l\/#primaryimage\"},\"image\":{\"@id\":\"https:\/\/waxoyl.nl\/fr\/product\/waxoyl-120-4-plus-20-l\/#primaryimage\"},\"thumbnailUrl\":\"https:\/\/waxoyl.nl\/app\/uploads\/2025\/02\/81602-120-4-plus-20l-2.png\",\"datePublished\":\"2025-02-10T12:49:12+00:00\",\"breadcrumb\":{\"@id\":\"https:\/\/waxoyl.nl\/fr\/product\/waxoyl-120-4-plus-20-l\/#breadcrumb\"},\"inLanguage\":\"fr-FR\",\"potentialAction\":[{\"@type\":\"ReadAction\",\"target\":[\"https:\/\/waxoyl.nl\/fr\/product\/waxoyl-120-4-plus-20-l\/\"]}]},{\"@type\":\"ImageObject\",\"inLanguage\":\"fr-FR\",\"@id\":\"https:\/\/waxoyl.nl\/fr\/product\/waxoyl-120-4-plus-20-l\/#primaryimage\",\"url\":\"https:\/\/waxoyl.nl\/app\/uploads\/2025\/02\/81602-120-4-plus-20l-2.png\",\"contentUrl\":\"https:\/\/waxoyl.nl\/app\/uploads\/2025\/02\/81602-120-4-plus-20l-2.png\",\"width\":906,\"height\":1250},{\"@type\":\"BreadcrumbList\",\"@id\":\"https:\/\/waxoyl.nl\/fr\/product\/waxoyl-120-4-plus-20-l\/#breadcrumb\",\"itemListElement\":[{\"@type\":\"ListItem\",\"position\":1,\"name\":\"Home\",\"item\":\"https:\/\/waxoyl.nl\/fr\/accueil\/\"},{\"@type\":\"ListItem\",\"position\":2,\"name\":\"Shop\",\"item\":\"https:\/\/waxoyl.nl\/shop\/\"},{\"@type\":\"ListItem\",\"position\":3,\"name\":\"Waxoyl 120-4 Plus (20 l)\"}]},{\"@type\":\"WebSite\",\"@id\":\"https:\/\/waxoyl.nl\/#website\",\"url\":\"https:\/\/waxoyl.nl\/\",\"name\":\"Waxoyl\",\"description\":\"Protection to perfection\",\"publisher\":{\"@id\":\"https:\/\/waxoyl.nl\/#organization\"},\"potentialAction\":[{\"@type\":\"SearchAction\",\"target\":{\"@type\":\"EntryPoint\",\"urlTemplate\":\"https:\/\/waxoyl.nl\/?s={search_term_string}\"},\"query-input\":{\"@type\":\"PropertyValueSpecification\",\"valueRequired\":true,\"valueName\":\"search_term_string\"}}],\"inLanguage\":\"fr-FR\"},{\"@type\":\"Organization\",\"@id\":\"https:\/\/waxoyl.nl\/#organization\",\"name\":\"Waxoyl Benelux\",\"url\":\"https:\/\/waxoyl.nl\/\",\"logo\":{\"@type\":\"ImageObject\",\"inLanguage\":\"fr-FR\",\"@id\":\"https:\/\/waxoyl.nl\/#\/schema\/logo\/image\/\",\"url\":\"https:\/\/waxoyl.nl\/app\/uploads\/2022\/05\/waxoyl_logo_car-care-2021-2.png\",\"contentUrl\":\"https:\/\/waxoyl.nl\/app\/uploads\/2022\/05\/waxoyl_logo_car-care-2021-2.png\",\"width\":709,\"height\":709,\"caption\":\"Waxoyl Benelux\"},\"image\":{\"@id\":\"https:\/\/waxoyl.nl\/#\/schema\/logo\/image\/\"},\"sameAs\":[\"https:\/\/www.facebook.com\/WaxoylBenelux\",\"https:\/\/www.instagram.com\/waxoylbenelux\/\",\"https:\/\/www.linkedin.com\/company\/waxoyl\/\"]}]}<\/script>\n<!-- \/ Yoast SEO plugin. -->","yoast_head_json":{"title":"Waxoyl 120-4 Plus (20 l) - Waxoyl","robots":{"index":"index","follow":"follow","max-snippet":"max-snippet:-1","max-image-preview":"max-image-preview:large","max-video-preview":"max-video-preview:-1"},"canonical":"https:\/\/waxoyl.nl\/fr\/product\/waxoyl-120-4-plus-20-l\/","og_locale":"fr_FR","og_type":"article","og_title":"Waxoyl 120-4 Plus (20 l) - Waxoyl","og_description":"Protection durable des espaces creux des voitures, des v\u00e9hicules utilitaires, des machines, des tuyaux et autres. Waxoyl 120-4 Plus convient \u00e9galement en tant que protection du soubassement. Waxoyl 120-4 Plus a une formule tr\u00e8s sp\u00e9cifique \u00e0 base de cire qui garantit une protection \u00e9lastique de longue dur\u00e9e, avec des propri\u00e9t\u00e9s autor\u00e9paratrices. Disponible en paquets : A\u00e9rosol 500ml, 1 litre, 5 litres, 20 litres, 60 litres et 200 litres. Vous \u00eates un professionnel et vous souhaitez commander ce produit? Ensuite aller \u00e0 www.waxoyl-e-shop.nl\/fr\/ et demander un compte.","og_url":"https:\/\/waxoyl.nl\/fr\/product\/waxoyl-120-4-plus-20-l\/","og_site_name":"Waxoyl","article_publisher":"https:\/\/www.facebook.com\/WaxoylBenelux","og_image":[{"width":906,"height":1250,"url":"https:\/\/waxoyl.nl\/app\/uploads\/2025\/02\/81602-120-4-plus-20l-2.png","type":"image\/png"}],"twitter_card":"summary_large_image","twitter_misc":{"Est. reading time":"1 minute"},"schema":{"@context":"https:\/\/schema.org","@graph":[{"@type":"WebPage","@id":"https:\/\/waxoyl.nl\/fr\/product\/waxoyl-120-4-plus-20-l\/","url":"https:\/\/waxoyl.nl\/fr\/product\/waxoyl-120-4-plus-20-l\/","name":"Waxoyl 120-4 Plus (20 l) - Waxoyl","isPartOf":{"@id":"https:\/\/waxoyl.nl\/#website"},"primaryImageOfPage":{"@id":"https:\/\/waxoyl.nl\/fr\/product\/waxoyl-120-4-plus-20-l\/#primaryimage"},"image":{"@id":"https:\/\/waxoyl.nl\/fr\/product\/waxoyl-120-4-plus-20-l\/#primaryimage"},"thumbnailUrl":"https:\/\/waxoyl.nl\/app\/uploads\/2025\/02\/81602-120-4-plus-20l-2.png","datePublished":"2025-02-10T12:49:12+00:00","breadcrumb":{"@id":"https:\/\/waxoyl.nl\/fr\/product\/waxoyl-120-4-plus-20-l\/#breadcrumb"},"inLanguage":"fr-FR","potentialAction":[{"@type":"ReadAction","target":["https:\/\/waxoyl.nl\/fr\/product\/waxoyl-120-4-plus-20-l\/"]}]},{"@type":"ImageObject","inLanguage":"fr-FR","@id":"https:\/\/waxoyl.nl\/fr\/product\/waxoyl-120-4-plus-20-l\/#primaryimage","url":"https:\/\/waxoyl.nl\/app\/uploads\/2025\/02\/81602-120-4-plus-20l-2.png","contentUrl":"https:\/\/waxoyl.nl\/app\/uploads\/2025\/02\/81602-120-4-plus-20l-2.png","width":906,"height":1250},{"@type":"BreadcrumbList","@id":"https:\/\/waxoyl.nl\/fr\/product\/waxoyl-120-4-plus-20-l\/#breadcrumb","itemListElement":[{"@type":"ListItem","position":1,"name":"Home","item":"https:\/\/waxoyl.nl\/fr\/accueil\/"},{"@type":"ListItem","position":2,"name":"Shop","item":"https:\/\/waxoyl.nl\/shop\/"},{"@type":"ListItem","position":3,"name":"Waxoyl 120-4 Plus (20 l)"}]},{"@type":"WebSite","@id":"https:\/\/waxoyl.nl\/#website","url":"https:\/\/waxoyl.nl\/","name":"Waxoyl","description":"Protection to perfection","publisher":{"@id":"https:\/\/waxoyl.nl\/#organization"},"potentialAction":[{"@type":"SearchAction","target":{"@type":"EntryPoint","urlTemplate":"https:\/\/waxoyl.nl\/?s={search_term_string}"},"query-input":{"@type":"PropertyValueSpecification","valueRequired":true,"valueName":"search_term_string"}}],"inLanguage":"fr-FR"},{"@type":"Organization","@id":"https:\/\/waxoyl.nl\/#organization","name":"Waxoyl Benelux","url":"https:\/\/waxoyl.nl\/","logo":{"@type":"ImageObject","inLanguage":"fr-FR","@id":"https:\/\/waxoyl.nl\/#\/schema\/logo\/image\/","url":"https:\/\/waxoyl.nl\/app\/uploads\/2022\/05\/waxoyl_logo_car-care-2021-2.png","contentUrl":"https:\/\/waxoyl.nl\/app\/uploads\/2022\/05\/waxoyl_logo_car-care-2021-2.png","width":709,"height":709,"caption":"Waxoyl Benelux"},"image":{"@id":"https:\/\/waxoyl.nl\/#\/schema\/logo\/image\/"},"sameAs":["https:\/\/www.facebook.com\/WaxoylBenelux","https:\/\/www.instagram.com\/waxoylbenelux\/","https:\/\/www.linkedin.com\/company\/waxoyl\/"]}]}},"_links":{"self":[{"href":"https:\/\/waxoyl.nl\/fr\/wp-json\/wp\/v2\/product\/10719","targetHints":{"allow":["GET"]}}],"collection":[{"href":"https:\/\/waxoyl.nl\/fr\/wp-json\/wp\/v2\/product"}],"about":[{"href":"https:\/\/waxoyl.nl\/fr\/wp-json\/wp\/v2\/types\/product"}],"wp:featuredmedia":[{"embeddable":true,"href":"https:\/\/waxoyl.nl\/fr\/wp-json\/wp\/v2\/media\/9315"}],"wp:attachment":[{"href":"https:\/\/waxoyl.nl\/fr\/wp-json\/wp\/v2\/media?parent=10719"}],"wp:term":[{"taxonomy":"product_brand","embeddable":true,"href":"https:\/\/waxoyl.nl\/fr\/wp-json\/wp\/v2\/product_brand?post=10719"},{"taxonomy":"product_cat","embeddable":true,"href":"https:\/\/waxoyl.nl\/fr\/wp-json\/wp\/v2\/product_cat?post=10719"},{"taxonomy":"product_tag","embeddable":true,"href":"https:\/\/waxoyl.nl\/fr\/wp-json\/wp\/v2\/product_tag?post=10719"}],"curies":[{"name":"wp","href":"https:\/\/api.w.org\/{rel}","templated":true}]}}