{"id":10722,"date":"2024-11-21T17:34:22","date_gmt":"2024-11-21T15:34:22","guid":{"rendered":"https:\/\/waxoyl.nl\/product\/waxoyl-lubrifiant-a-largile-500ml\/"},"modified":"2024-11-21T17:34:22","modified_gmt":"2024-11-21T15:34:22","slug":"waxoyl-lubrifiant-a-largile-500ml","status":"publish","type":"product","link":"https:\/\/waxoyl.nl\/fr\/product\/waxoyl-lubrifiant-a-largile-500ml\/","title":{"rendered":"Waxoyl Lubrifiant \u00e0 l&#8217;argile 500ml"},"content":{"rendered":"<p>Waxoyl Clay Lube est un lubrifiant sp\u00e9cialement formul\u00e9 pour offrir une exp\u00e9rience s\u00fbre et efficace lors de l&#8217;utilisation de barres d&#8217;argile sur les surfaces des v\u00e9hicules. Cette formule de haute qualit\u00e9 r\u00e9duit la friction et emp\u00eache les rayures tout en \u00e9liminant les contaminants tels que la r\u00e9sine, le goudron et les d\u00e9p\u00f4ts industriels. Le produit laisse une surface lisse pr\u00eate \u00e0 \u00eatre polie ou \u00e0 recevoir d&#8217;autres traitements de protection.  <\/p>\n<p><strong>Caract\u00e9ristiques principales :<\/strong><\/p>\n<ul>\n<li>Facile \u00e0 appliquer et s\u00fbr sans endommager la peinture.<\/li>\n<li>Aide \u00e0 d\u00e9coller et \u00e0 \u00e9liminer la salet\u00e9 tenace.<\/li>\n<li>Laisse une surface lisse pr\u00eate \u00e0 recevoir d&#8217;autres finitions.<\/li>\n<li>Sans danger pour la peinture, le verre et le chrome.<\/li>\n<li>Formule biod\u00e9gradable et facile \u00e0 utiliser.<\/li>\n<\/ul>\n<p><strong>Application:<\/strong><\/p>\n<ol>\n<li>Lavez et s\u00e9chez soigneusement le v\u00e9hicule avant de l&#8217;utiliser.<\/li>\n<li>Vaporisez g\u00e9n\u00e9reusement Waxoyl Clay Lube sur la surface \u00e0 traiter.<\/li>\n<li>D\u00e9placez doucement la baguette d&#8217;argile sur la surface sans exercer de pression.<\/li>\n<li>Essuyez les r\u00e9sidus \u00e0 l&#8217;aide d&#8217;un chiffon en microfibres et v\u00e9rifiez que la surface est lisse.<\/li>\n<\/ol>\n<p>Partenaire id\u00e9al de l&#8217;argile, Waxoyl Clay Lube permet de conserver l&#8217;aspect neuf des v\u00e9hicules, avec une peinture pr\u00e9par\u00e9e pour une protection \u00e0 long terme.<\/p>\n","protected":false},"excerpt":{"rendered":"<p>Waxoyl Clay Lube est un lubrifiant qui simplifie et optimise l&#8217;utilisation des barres d&#8217;argile. Il emp\u00eache les rayures, rend la surface lisse et la pr\u00e9pare parfaitement pour les traitements ult\u00e9rieurs. <\/p>\n","protected":false},"featured_media":8738,"template":"","meta":[],"product_brand":[],"product_cat":[65,59],"product_tag":[],"class_list":{"0":"post-10722","1":"product","2":"type-product","3":"status-publish","4":"has-post-thumbnail","6":"product_cat-consommateur","7":"product_cat-polissage","9":"first","10":"instock","11":"shipping-taxable","12":"product-type-simple"},"yoast_head":"<!-- This site is optimized with the Yoast SEO plugin v27.0 - https:\/\/yoast.com\/product\/yoast-seo-wordpress\/ -->\n<title>Waxoyl Lubrifiant \u00e0 l&#039;argile 500ml - Waxoyl<\/title>\n<meta name=\"description\" content=\"Waxoyl Clay Lube pr\u00e9vient les rayures et laisse une surface lisse. Id\u00e9al pour \u00e9liminer la salet\u00e9 en toute s\u00e9curit\u00e9 et pr\u00e9parer la peinture.\" \/>\n<meta name=\"robots\" content=\"index, follow, max-snippet:-1, max-image-preview:large, max-video-preview:-1\" \/>\n<link rel=\"canonical\" href=\"https:\/\/waxoyl.nl\/fr\/product\/waxoyl-lubrifiant-a-largile-500ml\/\" \/>\n<meta property=\"og:locale\" content=\"fr_FR\" \/>\n<meta property=\"og:type\" content=\"article\" \/>\n<meta property=\"og:title\" content=\"Waxoyl Lubrifiant \u00e0 l&#039;argile 500ml - Waxoyl\" \/>\n<meta property=\"og:description\" content=\"Waxoyl Clay Lube pr\u00e9vient les rayures et laisse une surface lisse. Id\u00e9al pour \u00e9liminer la salet\u00e9 en toute s\u00e9curit\u00e9 et pr\u00e9parer la peinture.\" \/>\n<meta property=\"og:url\" content=\"https:\/\/waxoyl.nl\/fr\/product\/waxoyl-lubrifiant-a-largile-500ml\/\" \/>\n<meta property=\"og:site_name\" content=\"Waxoyl\" \/>\n<meta property=\"article:publisher\" content=\"https:\/\/www.facebook.com\/WaxoylBenelux\" \/>\n<meta property=\"og:image\" content=\"https:\/\/waxoyl.nl\/app\/uploads\/2024\/11\/Waxoyl-Clay-Lube-500ml.jpg\" \/>\n\t<meta property=\"og:image:width\" content=\"800\" \/>\n\t<meta property=\"og:image:height\" content=\"600\" \/>\n\t<meta property=\"og:image:type\" content=\"image\/jpeg\" \/>\n<meta name=\"twitter:card\" content=\"summary_large_image\" \/>\n<meta name=\"twitter:label1\" content=\"Est. reading time\" \/>\n\t<meta name=\"twitter:data1\" content=\"1 minute\" \/>\n<script type=\"application\/ld+json\" class=\"yoast-schema-graph\">{\"@context\":\"https:\/\/schema.org\",\"@graph\":[{\"@type\":\"WebPage\",\"@id\":\"https:\/\/waxoyl.nl\/fr\/product\/waxoyl-lubrifiant-a-largile-500ml\/\",\"url\":\"https:\/\/waxoyl.nl\/fr\/product\/waxoyl-lubrifiant-a-largile-500ml\/\",\"name\":\"Waxoyl Lubrifiant \u00e0 l'argile 500ml - Waxoyl\",\"isPartOf\":{\"@id\":\"https:\/\/waxoyl.nl\/#website\"},\"primaryImageOfPage\":{\"@id\":\"https:\/\/waxoyl.nl\/fr\/product\/waxoyl-lubrifiant-a-largile-500ml\/#primaryimage\"},\"image\":{\"@id\":\"https:\/\/waxoyl.nl\/fr\/product\/waxoyl-lubrifiant-a-largile-500ml\/#primaryimage\"},\"thumbnailUrl\":\"https:\/\/waxoyl.nl\/app\/uploads\/2024\/11\/Waxoyl-Clay-Lube-500ml.jpg\",\"datePublished\":\"2024-11-21T15:34:22+00:00\",\"description\":\"Waxoyl Clay Lube pr\u00e9vient les rayures et laisse une surface lisse. Id\u00e9al pour \u00e9liminer la salet\u00e9 en toute s\u00e9curit\u00e9 et pr\u00e9parer la peinture.\",\"breadcrumb\":{\"@id\":\"https:\/\/waxoyl.nl\/fr\/product\/waxoyl-lubrifiant-a-largile-500ml\/#breadcrumb\"},\"inLanguage\":\"fr-FR\",\"potentialAction\":[{\"@type\":\"ReadAction\",\"target\":[\"https:\/\/waxoyl.nl\/fr\/product\/waxoyl-lubrifiant-a-largile-500ml\/\"]}]},{\"@type\":\"ImageObject\",\"inLanguage\":\"fr-FR\",\"@id\":\"https:\/\/waxoyl.nl\/fr\/product\/waxoyl-lubrifiant-a-largile-500ml\/#primaryimage\",\"url\":\"https:\/\/waxoyl.nl\/app\/uploads\/2024\/11\/Waxoyl-Clay-Lube-500ml.jpg\",\"contentUrl\":\"https:\/\/waxoyl.nl\/app\/uploads\/2024\/11\/Waxoyl-Clay-Lube-500ml.jpg\",\"width\":800,\"height\":600},{\"@type\":\"BreadcrumbList\",\"@id\":\"https:\/\/waxoyl.nl\/fr\/product\/waxoyl-lubrifiant-a-largile-500ml\/#breadcrumb\",\"itemListElement\":[{\"@type\":\"ListItem\",\"position\":1,\"name\":\"Home\",\"item\":\"https:\/\/waxoyl.nl\/fr\/accueil\/\"},{\"@type\":\"ListItem\",\"position\":2,\"name\":\"Shop\",\"item\":\"https:\/\/waxoyl.nl\/shop\/\"},{\"@type\":\"ListItem\",\"position\":3,\"name\":\"Waxoyl Lubrifiant \u00e0 l&#8217;argile 500ml\"}]},{\"@type\":\"WebSite\",\"@id\":\"https:\/\/waxoyl.nl\/#website\",\"url\":\"https:\/\/waxoyl.nl\/\",\"name\":\"Waxoyl\",\"description\":\"Protection to perfection\",\"publisher\":{\"@id\":\"https:\/\/waxoyl.nl\/#organization\"},\"potentialAction\":[{\"@type\":\"SearchAction\",\"target\":{\"@type\":\"EntryPoint\",\"urlTemplate\":\"https:\/\/waxoyl.nl\/?s={search_term_string}\"},\"query-input\":{\"@type\":\"PropertyValueSpecification\",\"valueRequired\":true,\"valueName\":\"search_term_string\"}}],\"inLanguage\":\"fr-FR\"},{\"@type\":\"Organization\",\"@id\":\"https:\/\/waxoyl.nl\/#organization\",\"name\":\"Waxoyl Benelux\",\"url\":\"https:\/\/waxoyl.nl\/\",\"logo\":{\"@type\":\"ImageObject\",\"inLanguage\":\"fr-FR\",\"@id\":\"https:\/\/waxoyl.nl\/#\/schema\/logo\/image\/\",\"url\":\"https:\/\/waxoyl.nl\/app\/uploads\/2022\/05\/waxoyl_logo_car-care-2021-2.png\",\"contentUrl\":\"https:\/\/waxoyl.nl\/app\/uploads\/2022\/05\/waxoyl_logo_car-care-2021-2.png\",\"width\":709,\"height\":709,\"caption\":\"Waxoyl Benelux\"},\"image\":{\"@id\":\"https:\/\/waxoyl.nl\/#\/schema\/logo\/image\/\"},\"sameAs\":[\"https:\/\/www.facebook.com\/WaxoylBenelux\",\"https:\/\/www.instagram.com\/waxoylbenelux\/\",\"https:\/\/www.linkedin.com\/company\/waxoyl\/\"]}]}<\/script>\n<!-- \/ Yoast SEO plugin. -->","yoast_head_json":{"title":"Waxoyl Lubrifiant \u00e0 l'argile 500ml - Waxoyl","description":"Waxoyl Clay Lube pr\u00e9vient les rayures et laisse une surface lisse. Id\u00e9al pour \u00e9liminer la salet\u00e9 en toute s\u00e9curit\u00e9 et pr\u00e9parer la peinture.","robots":{"index":"index","follow":"follow","max-snippet":"max-snippet:-1","max-image-preview":"max-image-preview:large","max-video-preview":"max-video-preview:-1"},"canonical":"https:\/\/waxoyl.nl\/fr\/product\/waxoyl-lubrifiant-a-largile-500ml\/","og_locale":"fr_FR","og_type":"article","og_title":"Waxoyl Lubrifiant \u00e0 l'argile 500ml - Waxoyl","og_description":"Waxoyl Clay Lube pr\u00e9vient les rayures et laisse une surface lisse. Id\u00e9al pour \u00e9liminer la salet\u00e9 en toute s\u00e9curit\u00e9 et pr\u00e9parer la peinture.","og_url":"https:\/\/waxoyl.nl\/fr\/product\/waxoyl-lubrifiant-a-largile-500ml\/","og_site_name":"Waxoyl","article_publisher":"https:\/\/www.facebook.com\/WaxoylBenelux","og_image":[{"width":800,"height":600,"url":"https:\/\/waxoyl.nl\/app\/uploads\/2024\/11\/Waxoyl-Clay-Lube-500ml.jpg","type":"image\/jpeg"}],"twitter_card":"summary_large_image","twitter_misc":{"Est. reading time":"1 minute"},"schema":{"@context":"https:\/\/schema.org","@graph":[{"@type":"WebPage","@id":"https:\/\/waxoyl.nl\/fr\/product\/waxoyl-lubrifiant-a-largile-500ml\/","url":"https:\/\/waxoyl.nl\/fr\/product\/waxoyl-lubrifiant-a-largile-500ml\/","name":"Waxoyl Lubrifiant \u00e0 l'argile 500ml - Waxoyl","isPartOf":{"@id":"https:\/\/waxoyl.nl\/#website"},"primaryImageOfPage":{"@id":"https:\/\/waxoyl.nl\/fr\/product\/waxoyl-lubrifiant-a-largile-500ml\/#primaryimage"},"image":{"@id":"https:\/\/waxoyl.nl\/fr\/product\/waxoyl-lubrifiant-a-largile-500ml\/#primaryimage"},"thumbnailUrl":"https:\/\/waxoyl.nl\/app\/uploads\/2024\/11\/Waxoyl-Clay-Lube-500ml.jpg","datePublished":"2024-11-21T15:34:22+00:00","description":"Waxoyl Clay Lube pr\u00e9vient les rayures et laisse une surface lisse. Id\u00e9al pour \u00e9liminer la salet\u00e9 en toute s\u00e9curit\u00e9 et pr\u00e9parer la peinture.","breadcrumb":{"@id":"https:\/\/waxoyl.nl\/fr\/product\/waxoyl-lubrifiant-a-largile-500ml\/#breadcrumb"},"inLanguage":"fr-FR","potentialAction":[{"@type":"ReadAction","target":["https:\/\/waxoyl.nl\/fr\/product\/waxoyl-lubrifiant-a-largile-500ml\/"]}]},{"@type":"ImageObject","inLanguage":"fr-FR","@id":"https:\/\/waxoyl.nl\/fr\/product\/waxoyl-lubrifiant-a-largile-500ml\/#primaryimage","url":"https:\/\/waxoyl.nl\/app\/uploads\/2024\/11\/Waxoyl-Clay-Lube-500ml.jpg","contentUrl":"https:\/\/waxoyl.nl\/app\/uploads\/2024\/11\/Waxoyl-Clay-Lube-500ml.jpg","width":800,"height":600},{"@type":"BreadcrumbList","@id":"https:\/\/waxoyl.nl\/fr\/product\/waxoyl-lubrifiant-a-largile-500ml\/#breadcrumb","itemListElement":[{"@type":"ListItem","position":1,"name":"Home","item":"https:\/\/waxoyl.nl\/fr\/accueil\/"},{"@type":"ListItem","position":2,"name":"Shop","item":"https:\/\/waxoyl.nl\/shop\/"},{"@type":"ListItem","position":3,"name":"Waxoyl Lubrifiant \u00e0 l&#8217;argile 500ml"}]},{"@type":"WebSite","@id":"https:\/\/waxoyl.nl\/#website","url":"https:\/\/waxoyl.nl\/","name":"Waxoyl","description":"Protection to perfection","publisher":{"@id":"https:\/\/waxoyl.nl\/#organization"},"potentialAction":[{"@type":"SearchAction","target":{"@type":"EntryPoint","urlTemplate":"https:\/\/waxoyl.nl\/?s={search_term_string}"},"query-input":{"@type":"PropertyValueSpecification","valueRequired":true,"valueName":"search_term_string"}}],"inLanguage":"fr-FR"},{"@type":"Organization","@id":"https:\/\/waxoyl.nl\/#organization","name":"Waxoyl Benelux","url":"https:\/\/waxoyl.nl\/","logo":{"@type":"ImageObject","inLanguage":"fr-FR","@id":"https:\/\/waxoyl.nl\/#\/schema\/logo\/image\/","url":"https:\/\/waxoyl.nl\/app\/uploads\/2022\/05\/waxoyl_logo_car-care-2021-2.png","contentUrl":"https:\/\/waxoyl.nl\/app\/uploads\/2022\/05\/waxoyl_logo_car-care-2021-2.png","width":709,"height":709,"caption":"Waxoyl Benelux"},"image":{"@id":"https:\/\/waxoyl.nl\/#\/schema\/logo\/image\/"},"sameAs":["https:\/\/www.facebook.com\/WaxoylBenelux","https:\/\/www.instagram.com\/waxoylbenelux\/","https:\/\/www.linkedin.com\/company\/waxoyl\/"]}]}},"_links":{"self":[{"href":"https:\/\/waxoyl.nl\/fr\/wp-json\/wp\/v2\/product\/10722","targetHints":{"allow":["GET"]}}],"collection":[{"href":"https:\/\/waxoyl.nl\/fr\/wp-json\/wp\/v2\/product"}],"about":[{"href":"https:\/\/waxoyl.nl\/fr\/wp-json\/wp\/v2\/types\/product"}],"wp:featuredmedia":[{"embeddable":true,"href":"https:\/\/waxoyl.nl\/fr\/wp-json\/wp\/v2\/media\/8738"}],"wp:attachment":[{"href":"https:\/\/waxoyl.nl\/fr\/wp-json\/wp\/v2\/media?parent=10722"}],"wp:term":[{"taxonomy":"product_brand","embeddable":true,"href":"https:\/\/waxoyl.nl\/fr\/wp-json\/wp\/v2\/product_brand?post=10722"},{"taxonomy":"product_cat","embeddable":true,"href":"https:\/\/waxoyl.nl\/fr\/wp-json\/wp\/v2\/product_cat?post=10722"},{"taxonomy":"product_tag","embeddable":true,"href":"https:\/\/waxoyl.nl\/fr\/wp-json\/wp\/v2\/product_tag?post=10722"}],"curies":[{"name":"wp","href":"https:\/\/api.w.org\/{rel}","templated":true}]}}