{"id":10726,"date":"2024-11-18T15:47:22","date_gmt":"2024-11-18T13:47:22","guid":{"rendered":"https:\/\/waxoyl.nl\/product\/waxoyl-tar-remover-500ml\/"},"modified":"2024-11-18T15:47:22","modified_gmt":"2024-11-18T13:47:22","slug":"waxoyl-tar-remover-500ml","status":"publish","type":"product","link":"https:\/\/waxoyl.nl\/fr\/product\/waxoyl-tar-remover-500ml\/","title":{"rendered":"Waxoyl Tar Remover 500ML"},"content":{"rendered":"<p>Waxoyl Tar Remover est un produit de nettoyage professionnel sp\u00e9cialement con\u00e7u pour \u00e9liminer facilement et rapidement les salissures tenaces telles que le goudron, les r\u00e9sidus d&#8217;autocollants, le caoutchouc et la r\u00e9sine. Le produit offre une action puissante sans ingr\u00e9dients agressifs qui pourraient endommager la surface. <\/p>\n<p><strong>Caract\u00e9ristiques principales :<\/strong><\/p>\n<ul>\n<li>Peut \u00eatre utilis\u00e9 en toute s\u00e9curit\u00e9 sur diverses surfaces telles que la peinture, le verre et le m\u00e9tal.<\/li>\n<li>Ne contient pas d&#8217;acides ou de produits chimiques nocifs.<\/li>\n<li>Suffisamment puissant pour \u00e9liminer les vieilles taches de goudron et autres r\u00e9sidus tenaces.<\/li>\n<\/ul>\n<p><strong>Application:<\/strong><\/p>\n<ol>\n<li>Appliquez le Tar Remover \u00e0 l&#8217;aide d&#8217;un chiffon doux ou d&#8217;une \u00e9ponge sur la zone souill\u00e9e.<\/li>\n<li>Laissez-le s&#8217;impr\u00e9gner bri\u00e8vement.<\/li>\n<li>Enlevez les r\u00e9sidus avec un chiffon propre et rincez \u00e0 l&#8217;eau pour obtenir une surface parfaitement propre.<\/li>\n<\/ol>\n<p>Le produit se pr\u00e9sente sous la forme d&#8217;un a\u00e9rosol pratique de 500 ml et est id\u00e9al pour les polisseurs de voitures et les d\u00e9taillants qui souhaitent obtenir des r\u00e9sultats de haute qualit\u00e9. Pour une s\u00e9curit\u00e9 optimale, il est important de stocker le produit dans un endroit frais et ombrag\u00e9 et de tester la compatibilit\u00e9 de la surface au pr\u00e9alable. <\/p>\n","protected":false},"excerpt":{"rendered":"<p>Waxoyl Tar Remover est un nettoyant puissant et facile \u00e0 utiliser qui \u00e9limine efficacement le goudron, les r\u00e9sidus collants et autres salet\u00e9s tenaces des surfaces des v\u00e9hicules. Le produit est con\u00e7u pour un usage professionnel et peut \u00eatre appliqu\u00e9 en toute s\u00e9curit\u00e9 sur la peinture, le verre et le m\u00e9tal. <\/p>\n","protected":false},"featured_media":8708,"template":"","meta":[],"product_brand":[],"product_cat":[65,58,59],"product_tag":[],"class_list":{"0":"post-10726","1":"product","2":"type-product","3":"status-publish","4":"has-post-thumbnail","6":"product_cat-consommateur","7":"product_cat-nettoyage-exterieur","8":"product_cat-polissage","10":"first","11":"instock","12":"shipping-taxable","13":"product-type-simple"},"yoast_head":"<!-- This site is optimized with the Yoast SEO plugin v27.3 - https:\/\/yoast.com\/product\/yoast-seo-wordpress\/ -->\n<title>Waxoyl Tar Remover 500ML - Waxoyl<\/title>\n<meta name=\"description\" content=\"Waxoyl Tar Remover 500ml \u00e9limine facilement le goudron, les r\u00e9sidus de colle et la salet\u00e9 tenace sur la peinture, le verre et le m\u00e9tal. S\u00fbr, efficace et id\u00e9al.\" \/>\n<meta name=\"robots\" content=\"index, follow, max-snippet:-1, max-image-preview:large, max-video-preview:-1\" \/>\n<link rel=\"canonical\" href=\"https:\/\/waxoyl.nl\/fr\/product\/waxoyl-tar-remover-500ml\/\" \/>\n<meta property=\"og:locale\" content=\"fr_FR\" \/>\n<meta property=\"og:type\" content=\"article\" \/>\n<meta property=\"og:title\" content=\"Waxoyl Tar Remover 500ML - Waxoyl\" \/>\n<meta property=\"og:description\" content=\"Waxoyl Tar Remover 500ml \u00e9limine facilement le goudron, les r\u00e9sidus de colle et la salet\u00e9 tenace sur la peinture, le verre et le m\u00e9tal. S\u00fbr, efficace et id\u00e9al.\" \/>\n<meta property=\"og:url\" content=\"https:\/\/waxoyl.nl\/fr\/product\/waxoyl-tar-remover-500ml\/\" \/>\n<meta property=\"og:site_name\" content=\"Waxoyl\" \/>\n<meta property=\"article:publisher\" content=\"https:\/\/www.facebook.com\/WaxoylBenelux\" \/>\n<meta property=\"og:image\" content=\"https:\/\/waxoyl.nl\/app\/uploads\/2024\/11\/Waxoyl-Tar-Remover-500ml.jpg\" \/>\n\t<meta property=\"og:image:width\" content=\"800\" \/>\n\t<meta property=\"og:image:height\" content=\"600\" \/>\n\t<meta property=\"og:image:type\" content=\"image\/jpeg\" \/>\n<meta name=\"twitter:card\" content=\"summary_large_image\" \/>\n<meta name=\"twitter:label1\" content=\"Est. reading time\" \/>\n\t<meta name=\"twitter:data1\" content=\"1 minute\" \/>\n<script type=\"application\/ld+json\" class=\"yoast-schema-graph\">{\"@context\":\"https:\\\/\\\/schema.org\",\"@graph\":[{\"@type\":\"WebPage\",\"@id\":\"https:\\\/\\\/waxoyl.nl\\\/fr\\\/product\\\/waxoyl-tar-remover-500ml\\\/\",\"url\":\"https:\\\/\\\/waxoyl.nl\\\/fr\\\/product\\\/waxoyl-tar-remover-500ml\\\/\",\"name\":\"Waxoyl Tar Remover 500ML - Waxoyl\",\"isPartOf\":{\"@id\":\"https:\\\/\\\/waxoyl.nl\\\/#website\"},\"primaryImageOfPage\":{\"@id\":\"https:\\\/\\\/waxoyl.nl\\\/fr\\\/product\\\/waxoyl-tar-remover-500ml\\\/#primaryimage\"},\"image\":{\"@id\":\"https:\\\/\\\/waxoyl.nl\\\/fr\\\/product\\\/waxoyl-tar-remover-500ml\\\/#primaryimage\"},\"thumbnailUrl\":\"https:\\\/\\\/waxoyl.nl\\\/app\\\/uploads\\\/2024\\\/11\\\/Waxoyl-Tar-Remover-500ml.jpg\",\"datePublished\":\"2024-11-18T13:47:22+00:00\",\"description\":\"Waxoyl Tar Remover 500ml \u00e9limine facilement le goudron, les r\u00e9sidus de colle et la salet\u00e9 tenace sur la peinture, le verre et le m\u00e9tal. S\u00fbr, efficace et id\u00e9al.\",\"breadcrumb\":{\"@id\":\"https:\\\/\\\/waxoyl.nl\\\/fr\\\/product\\\/waxoyl-tar-remover-500ml\\\/#breadcrumb\"},\"inLanguage\":\"fr-FR\",\"potentialAction\":[{\"@type\":\"ReadAction\",\"target\":[\"https:\\\/\\\/waxoyl.nl\\\/fr\\\/product\\\/waxoyl-tar-remover-500ml\\\/\"]}]},{\"@type\":\"ImageObject\",\"inLanguage\":\"fr-FR\",\"@id\":\"https:\\\/\\\/waxoyl.nl\\\/fr\\\/product\\\/waxoyl-tar-remover-500ml\\\/#primaryimage\",\"url\":\"https:\\\/\\\/waxoyl.nl\\\/app\\\/uploads\\\/2024\\\/11\\\/Waxoyl-Tar-Remover-500ml.jpg\",\"contentUrl\":\"https:\\\/\\\/waxoyl.nl\\\/app\\\/uploads\\\/2024\\\/11\\\/Waxoyl-Tar-Remover-500ml.jpg\",\"width\":800,\"height\":600},{\"@type\":\"BreadcrumbList\",\"@id\":\"https:\\\/\\\/waxoyl.nl\\\/fr\\\/product\\\/waxoyl-tar-remover-500ml\\\/#breadcrumb\",\"itemListElement\":[{\"@type\":\"ListItem\",\"position\":1,\"name\":\"Home\",\"item\":\"https:\\\/\\\/waxoyl.nl\\\/fr\\\/accueil\\\/\"},{\"@type\":\"ListItem\",\"position\":2,\"name\":\"Shop\",\"item\":\"https:\\\/\\\/waxoyl.nl\\\/shop\\\/\"},{\"@type\":\"ListItem\",\"position\":3,\"name\":\"Waxoyl Tar Remover 500ML\"}]},{\"@type\":\"WebSite\",\"@id\":\"https:\\\/\\\/waxoyl.nl\\\/#website\",\"url\":\"https:\\\/\\\/waxoyl.nl\\\/\",\"name\":\"Waxoyl\",\"description\":\"Protection to perfection\",\"publisher\":{\"@id\":\"https:\\\/\\\/waxoyl.nl\\\/#organization\"},\"potentialAction\":[{\"@type\":\"SearchAction\",\"target\":{\"@type\":\"EntryPoint\",\"urlTemplate\":\"https:\\\/\\\/waxoyl.nl\\\/?s={search_term_string}\"},\"query-input\":{\"@type\":\"PropertyValueSpecification\",\"valueRequired\":true,\"valueName\":\"search_term_string\"}}],\"inLanguage\":\"fr-FR\"},{\"@type\":\"Organization\",\"@id\":\"https:\\\/\\\/waxoyl.nl\\\/#organization\",\"name\":\"Waxoyl Benelux\",\"url\":\"https:\\\/\\\/waxoyl.nl\\\/\",\"logo\":{\"@type\":\"ImageObject\",\"inLanguage\":\"fr-FR\",\"@id\":\"https:\\\/\\\/waxoyl.nl\\\/#\\\/schema\\\/logo\\\/image\\\/\",\"url\":\"https:\\\/\\\/waxoyl.nl\\\/app\\\/uploads\\\/2022\\\/05\\\/waxoyl_logo_car-care-2021-2.png\",\"contentUrl\":\"https:\\\/\\\/waxoyl.nl\\\/app\\\/uploads\\\/2022\\\/05\\\/waxoyl_logo_car-care-2021-2.png\",\"width\":709,\"height\":709,\"caption\":\"Waxoyl Benelux\"},\"image\":{\"@id\":\"https:\\\/\\\/waxoyl.nl\\\/#\\\/schema\\\/logo\\\/image\\\/\"},\"sameAs\":[\"https:\\\/\\\/www.facebook.com\\\/WaxoylBenelux\",\"https:\\\/\\\/www.instagram.com\\\/waxoylbenelux\\\/\",\"https:\\\/\\\/www.linkedin.com\\\/company\\\/waxoyl\\\/\"]}]}<\/script>\n<!-- \/ Yoast SEO plugin. -->","yoast_head_json":{"title":"Waxoyl Tar Remover 500ML - Waxoyl","description":"Waxoyl Tar Remover 500ml \u00e9limine facilement le goudron, les r\u00e9sidus de colle et la salet\u00e9 tenace sur la peinture, le verre et le m\u00e9tal. S\u00fbr, efficace et id\u00e9al.","robots":{"index":"index","follow":"follow","max-snippet":"max-snippet:-1","max-image-preview":"max-image-preview:large","max-video-preview":"max-video-preview:-1"},"canonical":"https:\/\/waxoyl.nl\/fr\/product\/waxoyl-tar-remover-500ml\/","og_locale":"fr_FR","og_type":"article","og_title":"Waxoyl Tar Remover 500ML - Waxoyl","og_description":"Waxoyl Tar Remover 500ml \u00e9limine facilement le goudron, les r\u00e9sidus de colle et la salet\u00e9 tenace sur la peinture, le verre et le m\u00e9tal. S\u00fbr, efficace et id\u00e9al.","og_url":"https:\/\/waxoyl.nl\/fr\/product\/waxoyl-tar-remover-500ml\/","og_site_name":"Waxoyl","article_publisher":"https:\/\/www.facebook.com\/WaxoylBenelux","og_image":[{"width":800,"height":600,"url":"https:\/\/waxoyl.nl\/app\/uploads\/2024\/11\/Waxoyl-Tar-Remover-500ml.jpg","type":"image\/jpeg"}],"twitter_card":"summary_large_image","twitter_misc":{"Est. reading time":"1 minute"},"schema":{"@context":"https:\/\/schema.org","@graph":[{"@type":"WebPage","@id":"https:\/\/waxoyl.nl\/fr\/product\/waxoyl-tar-remover-500ml\/","url":"https:\/\/waxoyl.nl\/fr\/product\/waxoyl-tar-remover-500ml\/","name":"Waxoyl Tar Remover 500ML - Waxoyl","isPartOf":{"@id":"https:\/\/waxoyl.nl\/#website"},"primaryImageOfPage":{"@id":"https:\/\/waxoyl.nl\/fr\/product\/waxoyl-tar-remover-500ml\/#primaryimage"},"image":{"@id":"https:\/\/waxoyl.nl\/fr\/product\/waxoyl-tar-remover-500ml\/#primaryimage"},"thumbnailUrl":"https:\/\/waxoyl.nl\/app\/uploads\/2024\/11\/Waxoyl-Tar-Remover-500ml.jpg","datePublished":"2024-11-18T13:47:22+00:00","description":"Waxoyl Tar Remover 500ml \u00e9limine facilement le goudron, les r\u00e9sidus de colle et la salet\u00e9 tenace sur la peinture, le verre et le m\u00e9tal. S\u00fbr, efficace et id\u00e9al.","breadcrumb":{"@id":"https:\/\/waxoyl.nl\/fr\/product\/waxoyl-tar-remover-500ml\/#breadcrumb"},"inLanguage":"fr-FR","potentialAction":[{"@type":"ReadAction","target":["https:\/\/waxoyl.nl\/fr\/product\/waxoyl-tar-remover-500ml\/"]}]},{"@type":"ImageObject","inLanguage":"fr-FR","@id":"https:\/\/waxoyl.nl\/fr\/product\/waxoyl-tar-remover-500ml\/#primaryimage","url":"https:\/\/waxoyl.nl\/app\/uploads\/2024\/11\/Waxoyl-Tar-Remover-500ml.jpg","contentUrl":"https:\/\/waxoyl.nl\/app\/uploads\/2024\/11\/Waxoyl-Tar-Remover-500ml.jpg","width":800,"height":600},{"@type":"BreadcrumbList","@id":"https:\/\/waxoyl.nl\/fr\/product\/waxoyl-tar-remover-500ml\/#breadcrumb","itemListElement":[{"@type":"ListItem","position":1,"name":"Home","item":"https:\/\/waxoyl.nl\/fr\/accueil\/"},{"@type":"ListItem","position":2,"name":"Shop","item":"https:\/\/waxoyl.nl\/shop\/"},{"@type":"ListItem","position":3,"name":"Waxoyl Tar Remover 500ML"}]},{"@type":"WebSite","@id":"https:\/\/waxoyl.nl\/#website","url":"https:\/\/waxoyl.nl\/","name":"Waxoyl","description":"Protection to perfection","publisher":{"@id":"https:\/\/waxoyl.nl\/#organization"},"potentialAction":[{"@type":"SearchAction","target":{"@type":"EntryPoint","urlTemplate":"https:\/\/waxoyl.nl\/?s={search_term_string}"},"query-input":{"@type":"PropertyValueSpecification","valueRequired":true,"valueName":"search_term_string"}}],"inLanguage":"fr-FR"},{"@type":"Organization","@id":"https:\/\/waxoyl.nl\/#organization","name":"Waxoyl Benelux","url":"https:\/\/waxoyl.nl\/","logo":{"@type":"ImageObject","inLanguage":"fr-FR","@id":"https:\/\/waxoyl.nl\/#\/schema\/logo\/image\/","url":"https:\/\/waxoyl.nl\/app\/uploads\/2022\/05\/waxoyl_logo_car-care-2021-2.png","contentUrl":"https:\/\/waxoyl.nl\/app\/uploads\/2022\/05\/waxoyl_logo_car-care-2021-2.png","width":709,"height":709,"caption":"Waxoyl Benelux"},"image":{"@id":"https:\/\/waxoyl.nl\/#\/schema\/logo\/image\/"},"sameAs":["https:\/\/www.facebook.com\/WaxoylBenelux","https:\/\/www.instagram.com\/waxoylbenelux\/","https:\/\/www.linkedin.com\/company\/waxoyl\/"]}]}},"_links":{"self":[{"href":"https:\/\/waxoyl.nl\/fr\/wp-json\/wp\/v2\/product\/10726","targetHints":{"allow":["GET"]}}],"collection":[{"href":"https:\/\/waxoyl.nl\/fr\/wp-json\/wp\/v2\/product"}],"about":[{"href":"https:\/\/waxoyl.nl\/fr\/wp-json\/wp\/v2\/types\/product"}],"wp:featuredmedia":[{"embeddable":true,"href":"https:\/\/waxoyl.nl\/fr\/wp-json\/wp\/v2\/media\/8708"}],"wp:attachment":[{"href":"https:\/\/waxoyl.nl\/fr\/wp-json\/wp\/v2\/media?parent=10726"}],"wp:term":[{"taxonomy":"product_brand","embeddable":true,"href":"https:\/\/waxoyl.nl\/fr\/wp-json\/wp\/v2\/product_brand?post=10726"},{"taxonomy":"product_cat","embeddable":true,"href":"https:\/\/waxoyl.nl\/fr\/wp-json\/wp\/v2\/product_cat?post=10726"},{"taxonomy":"product_tag","embeddable":true,"href":"https:\/\/waxoyl.nl\/fr\/wp-json\/wp\/v2\/product_tag?post=10726"}],"curies":[{"name":"wp","href":"https:\/\/api.w.org\/{rel}","templated":true}]}}