{"id":10727,"date":"2024-11-21T13:08:19","date_gmt":"2024-11-21T11:08:19","guid":{"rendered":"https:\/\/waxoyl.nl\/product\/waxoyl-120-4-plus-aerosol-500ml\/"},"modified":"2024-11-21T13:08:19","modified_gmt":"2024-11-21T11:08:19","slug":"waxoyl-120-4-plus-aerosol-500ml","status":"publish","type":"product","link":"https:\/\/waxoyl.nl\/fr\/product\/waxoyl-120-4-plus-aerosol-500ml\/","title":{"rendered":"Waxoyl 120-4 Plus A\u00e9rosol 500ml"},"content":{"rendered":"<p>Waxoyl 120-4 Plus Aerosol est un produit avanc\u00e9 pour la protection anticorrosion \u00e0 long terme, sp\u00e9cialement d\u00e9velopp\u00e9 pour les cavit\u00e9s des v\u00e9hicules et les plaques de fond. Gr\u00e2ce \u00e0 sa formule unique \u00e0 base de cire, le produit p\u00e9n\u00e8tre profond\u00e9ment dans les joints et les fissures, o\u00f9 il forme un rev\u00eatement \u00e9lastique et autor\u00e9parateur qui repousse efficacement l&#8217;humidit\u00e9 et la rouille. <\/p>\n<p><strong>Caract\u00e9ristiques principales :<\/strong><\/p>\n<ul>\n<li>Film transparent et cireux pour une protection invisible.<\/li>\n<li>Excellente capacit\u00e9 de reptation pour les zones difficiles d&#8217;acc\u00e8s.<\/li>\n<li>R\u00e9sistant aux temp\u00e9ratures \u00e9lev\u00e9es jusqu&#8217;\u00e0 180\u00b0C.<\/li>\n<li>Effet d&#8217;auto-gu\u00e9rison qui comble les d\u00e9g\u00e2ts mineurs.<\/li>\n<li>Ne coule pas et adh\u00e8re bien \u00e0 divers substrats.<\/li>\n<\/ul>\n<p><strong>Application:<\/strong><\/p>\n<ol>\n<li>Veillez \u00e0 ce que la surface soit propre, s\u00e8che et exempte de graisse.<\/li>\n<li>Secouez bien l&#8217;a\u00e9rosol et appliquez Waxoyl 120-4 Plus sur la surface \u00e0 traiter.<\/li>\n<li>Laissez s\u00e9cher le produit ; la formation de la peau se produit apr\u00e8s environ 105 minutes et le s\u00e9chage complet apr\u00e8s environ 5 heures.<\/li>\n<\/ol>\n<p>Id\u00e9al pour les voitures, les v\u00e9hicules commerciaux, les machines et autres, cet a\u00e9rosol offre une solution \u00e0 long terme pour la protection contre la corrosion et l&#8217;usure.<\/p>\n","protected":false},"excerpt":{"rendered":"<p>Waxoyl 120-4 Plus offre une protection anticorrosion \u00e0 long terme dans les cavit\u00e9s et sur les plaques de fond. Le rev\u00eatement transparent et auto-cicatrisant p\u00e9n\u00e8tre en profondeur et prot\u00e8ge contre l&#8217;humidit\u00e9 et la rouille. <\/p>\n","protected":false},"featured_media":8720,"template":"","meta":[],"product_brand":[],"product_cat":[62,65],"product_tag":[],"class_list":{"0":"post-10727","1":"product","2":"type-product","3":"status-publish","4":"has-post-thumbnail","6":"product_cat-anti-corrosion","7":"product_cat-consommateur","9":"first","10":"instock","11":"shipping-taxable","12":"product-type-simple"},"yoast_head":"<!-- This site is optimized with the Yoast SEO plugin v27.0 - https:\/\/yoast.com\/product\/yoast-seo-wordpress\/ -->\n<title>Waxoyl 120-4 Plus A\u00e9rosol 500ml - Waxoyl<\/title>\n<meta name=\"description\" content=\"Waxoyl 120-4 Plus Aerosol 500ml offre une protection transparente et auto-r\u00e9paratrice contre la corrosion pour les cavit\u00e9s et les plaques de fond.\" \/>\n<meta name=\"robots\" content=\"index, follow, max-snippet:-1, max-image-preview:large, max-video-preview:-1\" \/>\n<link rel=\"canonical\" href=\"https:\/\/waxoyl.nl\/fr\/product\/waxoyl-120-4-plus-aerosol-500ml\/\" \/>\n<meta property=\"og:locale\" content=\"fr_FR\" \/>\n<meta property=\"og:type\" content=\"article\" \/>\n<meta property=\"og:title\" content=\"Waxoyl 120-4 Plus A\u00e9rosol 500ml - Waxoyl\" \/>\n<meta property=\"og:description\" content=\"Waxoyl 120-4 Plus Aerosol 500ml offre une protection transparente et auto-r\u00e9paratrice contre la corrosion pour les cavit\u00e9s et les plaques de fond.\" \/>\n<meta property=\"og:url\" content=\"https:\/\/waxoyl.nl\/fr\/product\/waxoyl-120-4-plus-aerosol-500ml\/\" \/>\n<meta property=\"og:site_name\" content=\"Waxoyl\" \/>\n<meta property=\"article:publisher\" content=\"https:\/\/www.facebook.com\/WaxoylBenelux\" \/>\n<meta property=\"og:image\" content=\"https:\/\/waxoyl.nl\/app\/uploads\/2024\/11\/Waxoyl-120-4-Plus-Aerosol-500-ml.jpg\" \/>\n\t<meta property=\"og:image:width\" content=\"800\" \/>\n\t<meta property=\"og:image:height\" content=\"800\" \/>\n\t<meta property=\"og:image:type\" content=\"image\/jpeg\" \/>\n<meta name=\"twitter:card\" content=\"summary_large_image\" \/>\n<meta name=\"twitter:label1\" content=\"Est. reading time\" \/>\n\t<meta name=\"twitter:data1\" content=\"1 minute\" \/>\n<script type=\"application\/ld+json\" class=\"yoast-schema-graph\">{\"@context\":\"https:\/\/schema.org\",\"@graph\":[{\"@type\":\"WebPage\",\"@id\":\"https:\/\/waxoyl.nl\/fr\/product\/waxoyl-120-4-plus-aerosol-500ml\/\",\"url\":\"https:\/\/waxoyl.nl\/fr\/product\/waxoyl-120-4-plus-aerosol-500ml\/\",\"name\":\"Waxoyl 120-4 Plus A\u00e9rosol 500ml - Waxoyl\",\"isPartOf\":{\"@id\":\"https:\/\/waxoyl.nl\/#website\"},\"primaryImageOfPage\":{\"@id\":\"https:\/\/waxoyl.nl\/fr\/product\/waxoyl-120-4-plus-aerosol-500ml\/#primaryimage\"},\"image\":{\"@id\":\"https:\/\/waxoyl.nl\/fr\/product\/waxoyl-120-4-plus-aerosol-500ml\/#primaryimage\"},\"thumbnailUrl\":\"https:\/\/waxoyl.nl\/app\/uploads\/2024\/11\/Waxoyl-120-4-Plus-Aerosol-500-ml.jpg\",\"datePublished\":\"2024-11-21T11:08:19+00:00\",\"description\":\"Waxoyl 120-4 Plus Aerosol 500ml offre une protection transparente et auto-r\u00e9paratrice contre la corrosion pour les cavit\u00e9s et les plaques de fond.\",\"breadcrumb\":{\"@id\":\"https:\/\/waxoyl.nl\/fr\/product\/waxoyl-120-4-plus-aerosol-500ml\/#breadcrumb\"},\"inLanguage\":\"fr-FR\",\"potentialAction\":[{\"@type\":\"ReadAction\",\"target\":[\"https:\/\/waxoyl.nl\/fr\/product\/waxoyl-120-4-plus-aerosol-500ml\/\"]}]},{\"@type\":\"ImageObject\",\"inLanguage\":\"fr-FR\",\"@id\":\"https:\/\/waxoyl.nl\/fr\/product\/waxoyl-120-4-plus-aerosol-500ml\/#primaryimage\",\"url\":\"https:\/\/waxoyl.nl\/app\/uploads\/2024\/11\/Waxoyl-120-4-Plus-Aerosol-500-ml.jpg\",\"contentUrl\":\"https:\/\/waxoyl.nl\/app\/uploads\/2024\/11\/Waxoyl-120-4-Plus-Aerosol-500-ml.jpg\",\"width\":800,\"height\":800},{\"@type\":\"BreadcrumbList\",\"@id\":\"https:\/\/waxoyl.nl\/fr\/product\/waxoyl-120-4-plus-aerosol-500ml\/#breadcrumb\",\"itemListElement\":[{\"@type\":\"ListItem\",\"position\":1,\"name\":\"Home\",\"item\":\"https:\/\/waxoyl.nl\/fr\/accueil\/\"},{\"@type\":\"ListItem\",\"position\":2,\"name\":\"Shop\",\"item\":\"https:\/\/waxoyl.nl\/shop\/\"},{\"@type\":\"ListItem\",\"position\":3,\"name\":\"Waxoyl 120-4 Plus A\u00e9rosol 500ml\"}]},{\"@type\":\"WebSite\",\"@id\":\"https:\/\/waxoyl.nl\/#website\",\"url\":\"https:\/\/waxoyl.nl\/\",\"name\":\"Waxoyl\",\"description\":\"Protection to perfection\",\"publisher\":{\"@id\":\"https:\/\/waxoyl.nl\/#organization\"},\"potentialAction\":[{\"@type\":\"SearchAction\",\"target\":{\"@type\":\"EntryPoint\",\"urlTemplate\":\"https:\/\/waxoyl.nl\/?s={search_term_string}\"},\"query-input\":{\"@type\":\"PropertyValueSpecification\",\"valueRequired\":true,\"valueName\":\"search_term_string\"}}],\"inLanguage\":\"fr-FR\"},{\"@type\":\"Organization\",\"@id\":\"https:\/\/waxoyl.nl\/#organization\",\"name\":\"Waxoyl Benelux\",\"url\":\"https:\/\/waxoyl.nl\/\",\"logo\":{\"@type\":\"ImageObject\",\"inLanguage\":\"fr-FR\",\"@id\":\"https:\/\/waxoyl.nl\/#\/schema\/logo\/image\/\",\"url\":\"https:\/\/waxoyl.nl\/app\/uploads\/2022\/05\/waxoyl_logo_car-care-2021-2.png\",\"contentUrl\":\"https:\/\/waxoyl.nl\/app\/uploads\/2022\/05\/waxoyl_logo_car-care-2021-2.png\",\"width\":709,\"height\":709,\"caption\":\"Waxoyl Benelux\"},\"image\":{\"@id\":\"https:\/\/waxoyl.nl\/#\/schema\/logo\/image\/\"},\"sameAs\":[\"https:\/\/www.facebook.com\/WaxoylBenelux\",\"https:\/\/www.instagram.com\/waxoylbenelux\/\",\"https:\/\/www.linkedin.com\/company\/waxoyl\/\"]}]}<\/script>\n<!-- \/ Yoast SEO plugin. -->","yoast_head_json":{"title":"Waxoyl 120-4 Plus A\u00e9rosol 500ml - Waxoyl","description":"Waxoyl 120-4 Plus Aerosol 500ml offre une protection transparente et auto-r\u00e9paratrice contre la corrosion pour les cavit\u00e9s et les plaques de fond.","robots":{"index":"index","follow":"follow","max-snippet":"max-snippet:-1","max-image-preview":"max-image-preview:large","max-video-preview":"max-video-preview:-1"},"canonical":"https:\/\/waxoyl.nl\/fr\/product\/waxoyl-120-4-plus-aerosol-500ml\/","og_locale":"fr_FR","og_type":"article","og_title":"Waxoyl 120-4 Plus A\u00e9rosol 500ml - Waxoyl","og_description":"Waxoyl 120-4 Plus Aerosol 500ml offre une protection transparente et auto-r\u00e9paratrice contre la corrosion pour les cavit\u00e9s et les plaques de fond.","og_url":"https:\/\/waxoyl.nl\/fr\/product\/waxoyl-120-4-plus-aerosol-500ml\/","og_site_name":"Waxoyl","article_publisher":"https:\/\/www.facebook.com\/WaxoylBenelux","og_image":[{"width":800,"height":800,"url":"https:\/\/waxoyl.nl\/app\/uploads\/2024\/11\/Waxoyl-120-4-Plus-Aerosol-500-ml.jpg","type":"image\/jpeg"}],"twitter_card":"summary_large_image","twitter_misc":{"Est. reading time":"1 minute"},"schema":{"@context":"https:\/\/schema.org","@graph":[{"@type":"WebPage","@id":"https:\/\/waxoyl.nl\/fr\/product\/waxoyl-120-4-plus-aerosol-500ml\/","url":"https:\/\/waxoyl.nl\/fr\/product\/waxoyl-120-4-plus-aerosol-500ml\/","name":"Waxoyl 120-4 Plus A\u00e9rosol 500ml - Waxoyl","isPartOf":{"@id":"https:\/\/waxoyl.nl\/#website"},"primaryImageOfPage":{"@id":"https:\/\/waxoyl.nl\/fr\/product\/waxoyl-120-4-plus-aerosol-500ml\/#primaryimage"},"image":{"@id":"https:\/\/waxoyl.nl\/fr\/product\/waxoyl-120-4-plus-aerosol-500ml\/#primaryimage"},"thumbnailUrl":"https:\/\/waxoyl.nl\/app\/uploads\/2024\/11\/Waxoyl-120-4-Plus-Aerosol-500-ml.jpg","datePublished":"2024-11-21T11:08:19+00:00","description":"Waxoyl 120-4 Plus Aerosol 500ml offre une protection transparente et auto-r\u00e9paratrice contre la corrosion pour les cavit\u00e9s et les plaques de fond.","breadcrumb":{"@id":"https:\/\/waxoyl.nl\/fr\/product\/waxoyl-120-4-plus-aerosol-500ml\/#breadcrumb"},"inLanguage":"fr-FR","potentialAction":[{"@type":"ReadAction","target":["https:\/\/waxoyl.nl\/fr\/product\/waxoyl-120-4-plus-aerosol-500ml\/"]}]},{"@type":"ImageObject","inLanguage":"fr-FR","@id":"https:\/\/waxoyl.nl\/fr\/product\/waxoyl-120-4-plus-aerosol-500ml\/#primaryimage","url":"https:\/\/waxoyl.nl\/app\/uploads\/2024\/11\/Waxoyl-120-4-Plus-Aerosol-500-ml.jpg","contentUrl":"https:\/\/waxoyl.nl\/app\/uploads\/2024\/11\/Waxoyl-120-4-Plus-Aerosol-500-ml.jpg","width":800,"height":800},{"@type":"BreadcrumbList","@id":"https:\/\/waxoyl.nl\/fr\/product\/waxoyl-120-4-plus-aerosol-500ml\/#breadcrumb","itemListElement":[{"@type":"ListItem","position":1,"name":"Home","item":"https:\/\/waxoyl.nl\/fr\/accueil\/"},{"@type":"ListItem","position":2,"name":"Shop","item":"https:\/\/waxoyl.nl\/shop\/"},{"@type":"ListItem","position":3,"name":"Waxoyl 120-4 Plus A\u00e9rosol 500ml"}]},{"@type":"WebSite","@id":"https:\/\/waxoyl.nl\/#website","url":"https:\/\/waxoyl.nl\/","name":"Waxoyl","description":"Protection to perfection","publisher":{"@id":"https:\/\/waxoyl.nl\/#organization"},"potentialAction":[{"@type":"SearchAction","target":{"@type":"EntryPoint","urlTemplate":"https:\/\/waxoyl.nl\/?s={search_term_string}"},"query-input":{"@type":"PropertyValueSpecification","valueRequired":true,"valueName":"search_term_string"}}],"inLanguage":"fr-FR"},{"@type":"Organization","@id":"https:\/\/waxoyl.nl\/#organization","name":"Waxoyl Benelux","url":"https:\/\/waxoyl.nl\/","logo":{"@type":"ImageObject","inLanguage":"fr-FR","@id":"https:\/\/waxoyl.nl\/#\/schema\/logo\/image\/","url":"https:\/\/waxoyl.nl\/app\/uploads\/2022\/05\/waxoyl_logo_car-care-2021-2.png","contentUrl":"https:\/\/waxoyl.nl\/app\/uploads\/2022\/05\/waxoyl_logo_car-care-2021-2.png","width":709,"height":709,"caption":"Waxoyl Benelux"},"image":{"@id":"https:\/\/waxoyl.nl\/#\/schema\/logo\/image\/"},"sameAs":["https:\/\/www.facebook.com\/WaxoylBenelux","https:\/\/www.instagram.com\/waxoylbenelux\/","https:\/\/www.linkedin.com\/company\/waxoyl\/"]}]}},"_links":{"self":[{"href":"https:\/\/waxoyl.nl\/fr\/wp-json\/wp\/v2\/product\/10727","targetHints":{"allow":["GET"]}}],"collection":[{"href":"https:\/\/waxoyl.nl\/fr\/wp-json\/wp\/v2\/product"}],"about":[{"href":"https:\/\/waxoyl.nl\/fr\/wp-json\/wp\/v2\/types\/product"}],"wp:featuredmedia":[{"embeddable":true,"href":"https:\/\/waxoyl.nl\/fr\/wp-json\/wp\/v2\/media\/8720"}],"wp:attachment":[{"href":"https:\/\/waxoyl.nl\/fr\/wp-json\/wp\/v2\/media?parent=10727"}],"wp:term":[{"taxonomy":"product_brand","embeddable":true,"href":"https:\/\/waxoyl.nl\/fr\/wp-json\/wp\/v2\/product_brand?post=10727"},{"taxonomy":"product_cat","embeddable":true,"href":"https:\/\/waxoyl.nl\/fr\/wp-json\/wp\/v2\/product_cat?post=10727"},{"taxonomy":"product_tag","embeddable":true,"href":"https:\/\/waxoyl.nl\/fr\/wp-json\/wp\/v2\/product_tag?post=10727"}],"curies":[{"name":"wp","href":"https:\/\/api.w.org\/{rel}","templated":true}]}}