{"id":3760,"date":"2022-06-10T13:09:19","date_gmt":"2022-06-10T11:09:19","guid":{"rendered":"https:\/\/waxoyl.nl\/product\/waxoyl-special-cleaner\/"},"modified":"2022-07-28T14:47:57","modified_gmt":"2022-07-28T14:47:57","slug":"waxoyl-special-cleaner","status":"publish","type":"product","link":"https:\/\/waxoyl.nl\/fr\/product\/waxoyl-special-cleaner\/","title":{"rendered":"Waxoyl Special Cleaner"},"content":{"rendered":"<p>Special Cleaner est un puissant produit de nettoyage pour \u00e9liminer la salet\u00e9 tenace, comme la r\u00e9sine, le goudron, les r\u00e9sidus d&#8217;autocollant ou de caoutchouc, la graisse, l&#8217;huile, la silicone, etc. M\u00eame les graffitis et les r\u00e9sidus de peinture peuvent \u00eatre facilement \u00e9limin\u00e9s de la surface peinte. Gr\u00e2ce \u00e0 sa formule moderne, Special Cleaner convient pour une utilisation sur des surfaces comme le verre, les peintures m\u00e9tallis\u00e9es et les pi\u00e8ces en plastique, ce qui leur rend l&#8217;aspect du neuf. estez la compatibilit\u00e9 avant l&#8217;emploi. Soyez prudent en appliquant sur des plastiques non peints, du perspex et des peintures non m\u00e9tallis\u00e9es.<\/p>\n<p>Avantages:<br \/>\n* Produit de nettoyage puissant \u00e0 utiliser sur presque toutes les surfaces<br \/>\n* Application universelle<br \/>\n* Odeur agr\u00e9able<br \/>\n* Facile d&#8217;emploi<br \/>\n* Ne contient pas d&#8217;acides ni de substances corrosives<br \/>\n* \u00c9limine facilement les graffitis<\/p>\n<p>&nbsp;<\/p>\n","protected":false},"excerpt":{"rendered":"<p>Special Cleaner est un puissant produit de nettoyage pour \u00e9liminer la salet\u00e9 tenace, comme la r\u00e9sine, le goudron, les r\u00e9sidus d&#8217;autocollant ou de caoutchouc, la graisse, l&#8217;huile, la silicone, etc. M\u00eame les graffitis et les r\u00e9sidus de peinture peuvent \u00eatre facilement \u00e9limin\u00e9s de la surface peinte. Gr\u00e2ce \u00e0 sa formule moderne, Special Cleaner convient pour une utilisation sur des surfaces comme le verre, les peintures m\u00e9tallis\u00e9es et les pi\u00e8ces en plastique, ce qui leur rend l&#8217;aspect du neuf. estez la compatibilit\u00e9 avant l&#8217;emploi. Soyez prudent en appliquant sur des plastiques non peints, du perspex et des peintures non m\u00e9tallis\u00e9es.<\/p>\n<p>Vous \u00eates un professionnel et vous souhaitez commander ce produit? Ensuite aller \u00e0 <a href=\"http:\/\/www.waxoyl-e-shop.nl\/fr\/\" target=\"_blank\" rel=\"noopener\">www.waxoyl-e-shop.nl\/fr\/<\/a> et demander un compte.<\/p>\n","protected":false},"featured_media":3632,"template":"","meta":[],"product_brand":[],"product_cat":[58,55],"product_tag":[],"class_list":{"0":"post-3760","1":"product","2":"type-product","3":"status-publish","4":"has-post-thumbnail","6":"product_cat-nettoyage-exterieur","7":"product_cat-professionnelle","9":"first","10":"instock","11":"shipping-taxable","12":"product-type-simple"},"yoast_head":"<!-- This site is optimized with the Yoast SEO plugin v27.3 - https:\/\/yoast.com\/product\/yoast-seo-wordpress\/ -->\n<title>Waxoyl Special Cleaner - Waxoyl<\/title>\n<meta name=\"robots\" content=\"index, follow, max-snippet:-1, max-image-preview:large, max-video-preview:-1\" \/>\n<link rel=\"canonical\" href=\"https:\/\/waxoyl.nl\/fr\/product\/waxoyl-special-cleaner\/\" \/>\n<meta property=\"og:locale\" content=\"fr_FR\" \/>\n<meta property=\"og:type\" content=\"article\" \/>\n<meta property=\"og:title\" content=\"Waxoyl Special Cleaner - Waxoyl\" \/>\n<meta property=\"og:description\" content=\"Special Cleaner est un puissant produit de nettoyage pour \u00e9liminer la salet\u00e9 tenace, comme la r\u00e9sine, le goudron, les r\u00e9sidus d&#039;autocollant ou de caoutchouc, la graisse, l&#039;huile, la silicone, etc. M\u00eame les graffitis et les r\u00e9sidus de peinture peuvent \u00eatre facilement \u00e9limin\u00e9s de la surface peinte. Gr\u00e2ce \u00e0 sa formule moderne, Special Cleaner convient pour une utilisation sur des surfaces comme le verre, les peintures m\u00e9tallis\u00e9es et les pi\u00e8ces en plastique, ce qui leur rend l&#039;aspect du neuf. estez la compatibilit\u00e9 avant l&#039;emploi. Soyez prudent en appliquant sur des plastiques non peints, du perspex et des peintures non m\u00e9tallis\u00e9es.  Vous \u00eates un professionnel et vous souhaitez commander ce produit? Ensuite aller \u00e0 www.waxoyl-e-shop.nl\/fr\/ et demander un compte.\" \/>\n<meta property=\"og:url\" content=\"https:\/\/waxoyl.nl\/fr\/product\/waxoyl-special-cleaner\/\" \/>\n<meta property=\"og:site_name\" content=\"Waxoyl\" \/>\n<meta property=\"article:publisher\" content=\"https:\/\/www.facebook.com\/WaxoylBenelux\" \/>\n<meta property=\"article:modified_time\" content=\"2022-07-28T14:47:57+00:00\" \/>\n<meta property=\"og:image\" content=\"https:\/\/waxoyl.nl\/app\/uploads\/2022\/06\/Waxoyl-Special-Cleaner.jpg\" \/>\n\t<meta property=\"og:image:width\" content=\"800\" \/>\n\t<meta property=\"og:image:height\" content=\"600\" \/>\n\t<meta property=\"og:image:type\" content=\"image\/jpeg\" \/>\n<meta name=\"twitter:card\" content=\"summary_large_image\" \/>\n<meta name=\"twitter:label1\" content=\"Est. reading time\" \/>\n\t<meta name=\"twitter:data1\" content=\"1 minute\" \/>\n<script type=\"application\/ld+json\" class=\"yoast-schema-graph\">{\"@context\":\"https:\\\/\\\/schema.org\",\"@graph\":[{\"@type\":\"WebPage\",\"@id\":\"https:\\\/\\\/waxoyl.nl\\\/fr\\\/product\\\/waxoyl-special-cleaner\\\/\",\"url\":\"https:\\\/\\\/waxoyl.nl\\\/fr\\\/product\\\/waxoyl-special-cleaner\\\/\",\"name\":\"Waxoyl Special Cleaner - Waxoyl\",\"isPartOf\":{\"@id\":\"https:\\\/\\\/waxoyl.nl\\\/#website\"},\"primaryImageOfPage\":{\"@id\":\"https:\\\/\\\/waxoyl.nl\\\/fr\\\/product\\\/waxoyl-special-cleaner\\\/#primaryimage\"},\"image\":{\"@id\":\"https:\\\/\\\/waxoyl.nl\\\/fr\\\/product\\\/waxoyl-special-cleaner\\\/#primaryimage\"},\"thumbnailUrl\":\"https:\\\/\\\/waxoyl.nl\\\/app\\\/uploads\\\/2022\\\/06\\\/Waxoyl-Special-Cleaner.jpg\",\"datePublished\":\"2022-06-10T11:09:19+00:00\",\"dateModified\":\"2022-07-28T14:47:57+00:00\",\"breadcrumb\":{\"@id\":\"https:\\\/\\\/waxoyl.nl\\\/fr\\\/product\\\/waxoyl-special-cleaner\\\/#breadcrumb\"},\"inLanguage\":\"fr-FR\",\"potentialAction\":[{\"@type\":\"ReadAction\",\"target\":[\"https:\\\/\\\/waxoyl.nl\\\/fr\\\/product\\\/waxoyl-special-cleaner\\\/\"]}]},{\"@type\":\"ImageObject\",\"inLanguage\":\"fr-FR\",\"@id\":\"https:\\\/\\\/waxoyl.nl\\\/fr\\\/product\\\/waxoyl-special-cleaner\\\/#primaryimage\",\"url\":\"https:\\\/\\\/waxoyl.nl\\\/app\\\/uploads\\\/2022\\\/06\\\/Waxoyl-Special-Cleaner.jpg\",\"contentUrl\":\"https:\\\/\\\/waxoyl.nl\\\/app\\\/uploads\\\/2022\\\/06\\\/Waxoyl-Special-Cleaner.jpg\",\"width\":800,\"height\":600},{\"@type\":\"BreadcrumbList\",\"@id\":\"https:\\\/\\\/waxoyl.nl\\\/fr\\\/product\\\/waxoyl-special-cleaner\\\/#breadcrumb\",\"itemListElement\":[{\"@type\":\"ListItem\",\"position\":1,\"name\":\"Home\",\"item\":\"https:\\\/\\\/waxoyl.nl\\\/fr\\\/accueil\\\/\"},{\"@type\":\"ListItem\",\"position\":2,\"name\":\"Shop\",\"item\":\"https:\\\/\\\/waxoyl.nl\\\/shop\\\/\"},{\"@type\":\"ListItem\",\"position\":3,\"name\":\"Waxoyl Special Cleaner\"}]},{\"@type\":\"WebSite\",\"@id\":\"https:\\\/\\\/waxoyl.nl\\\/#website\",\"url\":\"https:\\\/\\\/waxoyl.nl\\\/\",\"name\":\"Waxoyl\",\"description\":\"Protection to perfection\",\"publisher\":{\"@id\":\"https:\\\/\\\/waxoyl.nl\\\/#organization\"},\"potentialAction\":[{\"@type\":\"SearchAction\",\"target\":{\"@type\":\"EntryPoint\",\"urlTemplate\":\"https:\\\/\\\/waxoyl.nl\\\/?s={search_term_string}\"},\"query-input\":{\"@type\":\"PropertyValueSpecification\",\"valueRequired\":true,\"valueName\":\"search_term_string\"}}],\"inLanguage\":\"fr-FR\"},{\"@type\":\"Organization\",\"@id\":\"https:\\\/\\\/waxoyl.nl\\\/#organization\",\"name\":\"Waxoyl Benelux\",\"url\":\"https:\\\/\\\/waxoyl.nl\\\/\",\"logo\":{\"@type\":\"ImageObject\",\"inLanguage\":\"fr-FR\",\"@id\":\"https:\\\/\\\/waxoyl.nl\\\/#\\\/schema\\\/logo\\\/image\\\/\",\"url\":\"https:\\\/\\\/waxoyl.nl\\\/app\\\/uploads\\\/2022\\\/05\\\/waxoyl_logo_car-care-2021-2.png\",\"contentUrl\":\"https:\\\/\\\/waxoyl.nl\\\/app\\\/uploads\\\/2022\\\/05\\\/waxoyl_logo_car-care-2021-2.png\",\"width\":709,\"height\":709,\"caption\":\"Waxoyl Benelux\"},\"image\":{\"@id\":\"https:\\\/\\\/waxoyl.nl\\\/#\\\/schema\\\/logo\\\/image\\\/\"},\"sameAs\":[\"https:\\\/\\\/www.facebook.com\\\/WaxoylBenelux\",\"https:\\\/\\\/www.instagram.com\\\/waxoylbenelux\\\/\",\"https:\\\/\\\/www.linkedin.com\\\/company\\\/waxoyl\\\/\"]}]}<\/script>\n<!-- \/ Yoast SEO plugin. -->","yoast_head_json":{"title":"Waxoyl Special Cleaner - Waxoyl","robots":{"index":"index","follow":"follow","max-snippet":"max-snippet:-1","max-image-preview":"max-image-preview:large","max-video-preview":"max-video-preview:-1"},"canonical":"https:\/\/waxoyl.nl\/fr\/product\/waxoyl-special-cleaner\/","og_locale":"fr_FR","og_type":"article","og_title":"Waxoyl Special Cleaner - Waxoyl","og_description":"Special Cleaner est un puissant produit de nettoyage pour \u00e9liminer la salet\u00e9 tenace, comme la r\u00e9sine, le goudron, les r\u00e9sidus d'autocollant ou de caoutchouc, la graisse, l'huile, la silicone, etc. M\u00eame les graffitis et les r\u00e9sidus de peinture peuvent \u00eatre facilement \u00e9limin\u00e9s de la surface peinte. Gr\u00e2ce \u00e0 sa formule moderne, Special Cleaner convient pour une utilisation sur des surfaces comme le verre, les peintures m\u00e9tallis\u00e9es et les pi\u00e8ces en plastique, ce qui leur rend l'aspect du neuf. estez la compatibilit\u00e9 avant l'emploi. Soyez prudent en appliquant sur des plastiques non peints, du perspex et des peintures non m\u00e9tallis\u00e9es.  Vous \u00eates un professionnel et vous souhaitez commander ce produit? Ensuite aller \u00e0 www.waxoyl-e-shop.nl\/fr\/ et demander un compte.","og_url":"https:\/\/waxoyl.nl\/fr\/product\/waxoyl-special-cleaner\/","og_site_name":"Waxoyl","article_publisher":"https:\/\/www.facebook.com\/WaxoylBenelux","article_modified_time":"2022-07-28T14:47:57+00:00","og_image":[{"width":800,"height":600,"url":"https:\/\/waxoyl.nl\/app\/uploads\/2022\/06\/Waxoyl-Special-Cleaner.jpg","type":"image\/jpeg"}],"twitter_card":"summary_large_image","twitter_misc":{"Est. reading time":"1 minute"},"schema":{"@context":"https:\/\/schema.org","@graph":[{"@type":"WebPage","@id":"https:\/\/waxoyl.nl\/fr\/product\/waxoyl-special-cleaner\/","url":"https:\/\/waxoyl.nl\/fr\/product\/waxoyl-special-cleaner\/","name":"Waxoyl Special Cleaner - Waxoyl","isPartOf":{"@id":"https:\/\/waxoyl.nl\/#website"},"primaryImageOfPage":{"@id":"https:\/\/waxoyl.nl\/fr\/product\/waxoyl-special-cleaner\/#primaryimage"},"image":{"@id":"https:\/\/waxoyl.nl\/fr\/product\/waxoyl-special-cleaner\/#primaryimage"},"thumbnailUrl":"https:\/\/waxoyl.nl\/app\/uploads\/2022\/06\/Waxoyl-Special-Cleaner.jpg","datePublished":"2022-06-10T11:09:19+00:00","dateModified":"2022-07-28T14:47:57+00:00","breadcrumb":{"@id":"https:\/\/waxoyl.nl\/fr\/product\/waxoyl-special-cleaner\/#breadcrumb"},"inLanguage":"fr-FR","potentialAction":[{"@type":"ReadAction","target":["https:\/\/waxoyl.nl\/fr\/product\/waxoyl-special-cleaner\/"]}]},{"@type":"ImageObject","inLanguage":"fr-FR","@id":"https:\/\/waxoyl.nl\/fr\/product\/waxoyl-special-cleaner\/#primaryimage","url":"https:\/\/waxoyl.nl\/app\/uploads\/2022\/06\/Waxoyl-Special-Cleaner.jpg","contentUrl":"https:\/\/waxoyl.nl\/app\/uploads\/2022\/06\/Waxoyl-Special-Cleaner.jpg","width":800,"height":600},{"@type":"BreadcrumbList","@id":"https:\/\/waxoyl.nl\/fr\/product\/waxoyl-special-cleaner\/#breadcrumb","itemListElement":[{"@type":"ListItem","position":1,"name":"Home","item":"https:\/\/waxoyl.nl\/fr\/accueil\/"},{"@type":"ListItem","position":2,"name":"Shop","item":"https:\/\/waxoyl.nl\/shop\/"},{"@type":"ListItem","position":3,"name":"Waxoyl Special Cleaner"}]},{"@type":"WebSite","@id":"https:\/\/waxoyl.nl\/#website","url":"https:\/\/waxoyl.nl\/","name":"Waxoyl","description":"Protection to perfection","publisher":{"@id":"https:\/\/waxoyl.nl\/#organization"},"potentialAction":[{"@type":"SearchAction","target":{"@type":"EntryPoint","urlTemplate":"https:\/\/waxoyl.nl\/?s={search_term_string}"},"query-input":{"@type":"PropertyValueSpecification","valueRequired":true,"valueName":"search_term_string"}}],"inLanguage":"fr-FR"},{"@type":"Organization","@id":"https:\/\/waxoyl.nl\/#organization","name":"Waxoyl Benelux","url":"https:\/\/waxoyl.nl\/","logo":{"@type":"ImageObject","inLanguage":"fr-FR","@id":"https:\/\/waxoyl.nl\/#\/schema\/logo\/image\/","url":"https:\/\/waxoyl.nl\/app\/uploads\/2022\/05\/waxoyl_logo_car-care-2021-2.png","contentUrl":"https:\/\/waxoyl.nl\/app\/uploads\/2022\/05\/waxoyl_logo_car-care-2021-2.png","width":709,"height":709,"caption":"Waxoyl Benelux"},"image":{"@id":"https:\/\/waxoyl.nl\/#\/schema\/logo\/image\/"},"sameAs":["https:\/\/www.facebook.com\/WaxoylBenelux","https:\/\/www.instagram.com\/waxoylbenelux\/","https:\/\/www.linkedin.com\/company\/waxoyl\/"]}]}},"_links":{"self":[{"href":"https:\/\/waxoyl.nl\/fr\/wp-json\/wp\/v2\/product\/3760","targetHints":{"allow":["GET"]}}],"collection":[{"href":"https:\/\/waxoyl.nl\/fr\/wp-json\/wp\/v2\/product"}],"about":[{"href":"https:\/\/waxoyl.nl\/fr\/wp-json\/wp\/v2\/types\/product"}],"wp:featuredmedia":[{"embeddable":true,"href":"https:\/\/waxoyl.nl\/fr\/wp-json\/wp\/v2\/media\/3632"}],"wp:attachment":[{"href":"https:\/\/waxoyl.nl\/fr\/wp-json\/wp\/v2\/media?parent=3760"}],"wp:term":[{"taxonomy":"product_brand","embeddable":true,"href":"https:\/\/waxoyl.nl\/fr\/wp-json\/wp\/v2\/product_brand?post=3760"},{"taxonomy":"product_cat","embeddable":true,"href":"https:\/\/waxoyl.nl\/fr\/wp-json\/wp\/v2\/product_cat?post=3760"},{"taxonomy":"product_tag","embeddable":true,"href":"https:\/\/waxoyl.nl\/fr\/wp-json\/wp\/v2\/product_tag?post=3760"}],"curies":[{"name":"wp","href":"https:\/\/api.w.org\/{rel}","templated":true}]}}