{"id":3764,"date":"2022-06-10T12:40:49","date_gmt":"2022-06-10T10:40:49","guid":{"rendered":"https:\/\/waxoyl.nl\/product\/waxoyl-tyre-care-plus\/"},"modified":"2022-07-28T11:59:29","modified_gmt":"2022-07-28T11:59:29","slug":"waxoyl-tyre-care-plus","status":"publish","type":"product","link":"https:\/\/waxoyl.nl\/fr\/product\/waxoyl-tyre-care-plus\/","title":{"rendered":"Waxoyl Tyre Care Plus"},"content":{"rendered":"<p>Rafra\u00eechissement intense de la couleur des pneus. Fonctionnement de longue dur\u00e9e. Assure pendant environ 4 semaines une belle couche protectrice brillante sur les flancs des pneus. Tyre Care restaure la teneur en humidit\u00e9 de la surface et prot\u00e8ge contre le vieillissement. Diluez le produit avec maximum 5 parts d&#8217;eau. Appliquez le produit de mani\u00e8re uniforme avec une brosse, une \u00e9ponge ou un vaporisateur. Si n\u00e9cessaire, \u00e9talez avec une \u00e9ponge propre. Laissez s\u00e9cher.<\/p>\n<p>Disponible en packs : 5 litres et 10 litres.<\/p>\n","protected":false},"excerpt":{"rendered":"<p>Rafra\u00eechissement intense de la couleur des pneus. Fonctionnement de longue dur\u00e9e. Assure pendant environ 4 semaines une belle couche protectrice brillante sur les flancs des pneus. Tyre Care restaure la teneur en humidit\u00e9 de la surface et prot\u00e8ge contre le vieillissement.<\/p>\n<p>Disponible en packs : 5 litres et 10 litres.<\/p>\n<p>Vous \u00eates un professionnel et vous souhaitez commander ce produit? Ensuite aller \u00e0 <a href=\"http:\/\/www.waxoyl-e-shop.nl\/fr\/\" target=\"_blank\" rel=\"noopener\">www.waxoyl-e-shop.nl\/fr\/<\/a> et demander un compte.<\/p>\n","protected":false},"featured_media":3629,"template":"","meta":[],"product_brand":[],"product_cat":[58,59,55],"product_tag":[],"class_list":{"0":"post-3764","1":"product","2":"type-product","3":"status-publish","4":"has-post-thumbnail","6":"product_cat-nettoyage-exterieur","7":"product_cat-polissage","8":"product_cat-professionnelle","10":"first","11":"instock","12":"shipping-taxable","13":"product-type-simple"},"yoast_head":"<!-- This site is optimized with the Yoast SEO plugin v27.3 - https:\/\/yoast.com\/product\/yoast-seo-wordpress\/ -->\n<title>Waxoyl Tyre Care Plus - Waxoyl<\/title>\n<meta name=\"robots\" content=\"index, follow, max-snippet:-1, max-image-preview:large, max-video-preview:-1\" \/>\n<link rel=\"canonical\" href=\"https:\/\/waxoyl.nl\/fr\/product\/waxoyl-tyre-care-plus\/\" \/>\n<meta property=\"og:locale\" content=\"fr_FR\" \/>\n<meta property=\"og:type\" content=\"article\" \/>\n<meta property=\"og:title\" content=\"Waxoyl Tyre Care Plus - Waxoyl\" \/>\n<meta property=\"og:description\" content=\"Rafra\u00eechissement intense de la couleur des pneus. Fonctionnement de longue dur\u00e9e. Assure pendant environ 4 semaines une belle couche protectrice brillante sur les flancs des pneus. Tyre Care restaure la teneur en humidit\u00e9 de la surface et prot\u00e8ge contre le vieillissement.  Disponible en packs : 5 litres et 10 litres.  Vous \u00eates un professionnel et vous souhaitez commander ce produit? Ensuite aller \u00e0 www.waxoyl-e-shop.nl\/fr\/ et demander un compte.\" \/>\n<meta property=\"og:url\" content=\"https:\/\/waxoyl.nl\/fr\/product\/waxoyl-tyre-care-plus\/\" \/>\n<meta property=\"og:site_name\" content=\"Waxoyl\" \/>\n<meta property=\"article:publisher\" content=\"https:\/\/www.facebook.com\/WaxoylBenelux\" \/>\n<meta property=\"article:modified_time\" content=\"2022-07-28T11:59:29+00:00\" \/>\n<meta property=\"og:image\" content=\"https:\/\/waxoyl.nl\/app\/uploads\/2022\/06\/Waxoyl-Tyre-Care-Plus.jpg\" \/>\n\t<meta property=\"og:image:width\" content=\"800\" \/>\n\t<meta property=\"og:image:height\" content=\"600\" \/>\n\t<meta property=\"og:image:type\" content=\"image\/jpeg\" \/>\n<meta name=\"twitter:card\" content=\"summary_large_image\" \/>\n<meta name=\"twitter:label1\" content=\"Est. reading time\" \/>\n\t<meta name=\"twitter:data1\" content=\"1 minute\" \/>\n<script type=\"application\/ld+json\" class=\"yoast-schema-graph\">{\"@context\":\"https:\\\/\\\/schema.org\",\"@graph\":[{\"@type\":\"WebPage\",\"@id\":\"https:\\\/\\\/waxoyl.nl\\\/fr\\\/product\\\/waxoyl-tyre-care-plus\\\/\",\"url\":\"https:\\\/\\\/waxoyl.nl\\\/fr\\\/product\\\/waxoyl-tyre-care-plus\\\/\",\"name\":\"Waxoyl Tyre Care Plus - Waxoyl\",\"isPartOf\":{\"@id\":\"https:\\\/\\\/waxoyl.nl\\\/#website\"},\"primaryImageOfPage\":{\"@id\":\"https:\\\/\\\/waxoyl.nl\\\/fr\\\/product\\\/waxoyl-tyre-care-plus\\\/#primaryimage\"},\"image\":{\"@id\":\"https:\\\/\\\/waxoyl.nl\\\/fr\\\/product\\\/waxoyl-tyre-care-plus\\\/#primaryimage\"},\"thumbnailUrl\":\"https:\\\/\\\/waxoyl.nl\\\/app\\\/uploads\\\/2022\\\/06\\\/Waxoyl-Tyre-Care-Plus.jpg\",\"datePublished\":\"2022-06-10T10:40:49+00:00\",\"dateModified\":\"2022-07-28T11:59:29+00:00\",\"breadcrumb\":{\"@id\":\"https:\\\/\\\/waxoyl.nl\\\/fr\\\/product\\\/waxoyl-tyre-care-plus\\\/#breadcrumb\"},\"inLanguage\":\"fr-FR\",\"potentialAction\":[{\"@type\":\"ReadAction\",\"target\":[\"https:\\\/\\\/waxoyl.nl\\\/fr\\\/product\\\/waxoyl-tyre-care-plus\\\/\"]}]},{\"@type\":\"ImageObject\",\"inLanguage\":\"fr-FR\",\"@id\":\"https:\\\/\\\/waxoyl.nl\\\/fr\\\/product\\\/waxoyl-tyre-care-plus\\\/#primaryimage\",\"url\":\"https:\\\/\\\/waxoyl.nl\\\/app\\\/uploads\\\/2022\\\/06\\\/Waxoyl-Tyre-Care-Plus.jpg\",\"contentUrl\":\"https:\\\/\\\/waxoyl.nl\\\/app\\\/uploads\\\/2022\\\/06\\\/Waxoyl-Tyre-Care-Plus.jpg\",\"width\":800,\"height\":600},{\"@type\":\"BreadcrumbList\",\"@id\":\"https:\\\/\\\/waxoyl.nl\\\/fr\\\/product\\\/waxoyl-tyre-care-plus\\\/#breadcrumb\",\"itemListElement\":[{\"@type\":\"ListItem\",\"position\":1,\"name\":\"Home\",\"item\":\"https:\\\/\\\/waxoyl.nl\\\/fr\\\/accueil\\\/\"},{\"@type\":\"ListItem\",\"position\":2,\"name\":\"Shop\",\"item\":\"https:\\\/\\\/waxoyl.nl\\\/shop\\\/\"},{\"@type\":\"ListItem\",\"position\":3,\"name\":\"Waxoyl Tyre Care Plus\"}]},{\"@type\":\"WebSite\",\"@id\":\"https:\\\/\\\/waxoyl.nl\\\/#website\",\"url\":\"https:\\\/\\\/waxoyl.nl\\\/\",\"name\":\"Waxoyl\",\"description\":\"Protection to perfection\",\"publisher\":{\"@id\":\"https:\\\/\\\/waxoyl.nl\\\/#organization\"},\"potentialAction\":[{\"@type\":\"SearchAction\",\"target\":{\"@type\":\"EntryPoint\",\"urlTemplate\":\"https:\\\/\\\/waxoyl.nl\\\/?s={search_term_string}\"},\"query-input\":{\"@type\":\"PropertyValueSpecification\",\"valueRequired\":true,\"valueName\":\"search_term_string\"}}],\"inLanguage\":\"fr-FR\"},{\"@type\":\"Organization\",\"@id\":\"https:\\\/\\\/waxoyl.nl\\\/#organization\",\"name\":\"Waxoyl Benelux\",\"url\":\"https:\\\/\\\/waxoyl.nl\\\/\",\"logo\":{\"@type\":\"ImageObject\",\"inLanguage\":\"fr-FR\",\"@id\":\"https:\\\/\\\/waxoyl.nl\\\/#\\\/schema\\\/logo\\\/image\\\/\",\"url\":\"https:\\\/\\\/waxoyl.nl\\\/app\\\/uploads\\\/2022\\\/05\\\/waxoyl_logo_car-care-2021-2.png\",\"contentUrl\":\"https:\\\/\\\/waxoyl.nl\\\/app\\\/uploads\\\/2022\\\/05\\\/waxoyl_logo_car-care-2021-2.png\",\"width\":709,\"height\":709,\"caption\":\"Waxoyl Benelux\"},\"image\":{\"@id\":\"https:\\\/\\\/waxoyl.nl\\\/#\\\/schema\\\/logo\\\/image\\\/\"},\"sameAs\":[\"https:\\\/\\\/www.facebook.com\\\/WaxoylBenelux\",\"https:\\\/\\\/www.instagram.com\\\/waxoylbenelux\\\/\",\"https:\\\/\\\/www.linkedin.com\\\/company\\\/waxoyl\\\/\"]}]}<\/script>\n<!-- \/ Yoast SEO plugin. -->","yoast_head_json":{"title":"Waxoyl Tyre Care Plus - Waxoyl","robots":{"index":"index","follow":"follow","max-snippet":"max-snippet:-1","max-image-preview":"max-image-preview:large","max-video-preview":"max-video-preview:-1"},"canonical":"https:\/\/waxoyl.nl\/fr\/product\/waxoyl-tyre-care-plus\/","og_locale":"fr_FR","og_type":"article","og_title":"Waxoyl Tyre Care Plus - Waxoyl","og_description":"Rafra\u00eechissement intense de la couleur des pneus. Fonctionnement de longue dur\u00e9e. Assure pendant environ 4 semaines une belle couche protectrice brillante sur les flancs des pneus. Tyre Care restaure la teneur en humidit\u00e9 de la surface et prot\u00e8ge contre le vieillissement.  Disponible en packs : 5 litres et 10 litres.  Vous \u00eates un professionnel et vous souhaitez commander ce produit? Ensuite aller \u00e0 www.waxoyl-e-shop.nl\/fr\/ et demander un compte.","og_url":"https:\/\/waxoyl.nl\/fr\/product\/waxoyl-tyre-care-plus\/","og_site_name":"Waxoyl","article_publisher":"https:\/\/www.facebook.com\/WaxoylBenelux","article_modified_time":"2022-07-28T11:59:29+00:00","og_image":[{"width":800,"height":600,"url":"https:\/\/waxoyl.nl\/app\/uploads\/2022\/06\/Waxoyl-Tyre-Care-Plus.jpg","type":"image\/jpeg"}],"twitter_card":"summary_large_image","twitter_misc":{"Est. reading time":"1 minute"},"schema":{"@context":"https:\/\/schema.org","@graph":[{"@type":"WebPage","@id":"https:\/\/waxoyl.nl\/fr\/product\/waxoyl-tyre-care-plus\/","url":"https:\/\/waxoyl.nl\/fr\/product\/waxoyl-tyre-care-plus\/","name":"Waxoyl Tyre Care Plus - Waxoyl","isPartOf":{"@id":"https:\/\/waxoyl.nl\/#website"},"primaryImageOfPage":{"@id":"https:\/\/waxoyl.nl\/fr\/product\/waxoyl-tyre-care-plus\/#primaryimage"},"image":{"@id":"https:\/\/waxoyl.nl\/fr\/product\/waxoyl-tyre-care-plus\/#primaryimage"},"thumbnailUrl":"https:\/\/waxoyl.nl\/app\/uploads\/2022\/06\/Waxoyl-Tyre-Care-Plus.jpg","datePublished":"2022-06-10T10:40:49+00:00","dateModified":"2022-07-28T11:59:29+00:00","breadcrumb":{"@id":"https:\/\/waxoyl.nl\/fr\/product\/waxoyl-tyre-care-plus\/#breadcrumb"},"inLanguage":"fr-FR","potentialAction":[{"@type":"ReadAction","target":["https:\/\/waxoyl.nl\/fr\/product\/waxoyl-tyre-care-plus\/"]}]},{"@type":"ImageObject","inLanguage":"fr-FR","@id":"https:\/\/waxoyl.nl\/fr\/product\/waxoyl-tyre-care-plus\/#primaryimage","url":"https:\/\/waxoyl.nl\/app\/uploads\/2022\/06\/Waxoyl-Tyre-Care-Plus.jpg","contentUrl":"https:\/\/waxoyl.nl\/app\/uploads\/2022\/06\/Waxoyl-Tyre-Care-Plus.jpg","width":800,"height":600},{"@type":"BreadcrumbList","@id":"https:\/\/waxoyl.nl\/fr\/product\/waxoyl-tyre-care-plus\/#breadcrumb","itemListElement":[{"@type":"ListItem","position":1,"name":"Home","item":"https:\/\/waxoyl.nl\/fr\/accueil\/"},{"@type":"ListItem","position":2,"name":"Shop","item":"https:\/\/waxoyl.nl\/shop\/"},{"@type":"ListItem","position":3,"name":"Waxoyl Tyre Care Plus"}]},{"@type":"WebSite","@id":"https:\/\/waxoyl.nl\/#website","url":"https:\/\/waxoyl.nl\/","name":"Waxoyl","description":"Protection to perfection","publisher":{"@id":"https:\/\/waxoyl.nl\/#organization"},"potentialAction":[{"@type":"SearchAction","target":{"@type":"EntryPoint","urlTemplate":"https:\/\/waxoyl.nl\/?s={search_term_string}"},"query-input":{"@type":"PropertyValueSpecification","valueRequired":true,"valueName":"search_term_string"}}],"inLanguage":"fr-FR"},{"@type":"Organization","@id":"https:\/\/waxoyl.nl\/#organization","name":"Waxoyl Benelux","url":"https:\/\/waxoyl.nl\/","logo":{"@type":"ImageObject","inLanguage":"fr-FR","@id":"https:\/\/waxoyl.nl\/#\/schema\/logo\/image\/","url":"https:\/\/waxoyl.nl\/app\/uploads\/2022\/05\/waxoyl_logo_car-care-2021-2.png","contentUrl":"https:\/\/waxoyl.nl\/app\/uploads\/2022\/05\/waxoyl_logo_car-care-2021-2.png","width":709,"height":709,"caption":"Waxoyl Benelux"},"image":{"@id":"https:\/\/waxoyl.nl\/#\/schema\/logo\/image\/"},"sameAs":["https:\/\/www.facebook.com\/WaxoylBenelux","https:\/\/www.instagram.com\/waxoylbenelux\/","https:\/\/www.linkedin.com\/company\/waxoyl\/"]}]}},"_links":{"self":[{"href":"https:\/\/waxoyl.nl\/fr\/wp-json\/wp\/v2\/product\/3764","targetHints":{"allow":["GET"]}}],"collection":[{"href":"https:\/\/waxoyl.nl\/fr\/wp-json\/wp\/v2\/product"}],"about":[{"href":"https:\/\/waxoyl.nl\/fr\/wp-json\/wp\/v2\/types\/product"}],"wp:featuredmedia":[{"embeddable":true,"href":"https:\/\/waxoyl.nl\/fr\/wp-json\/wp\/v2\/media\/3629"}],"wp:attachment":[{"href":"https:\/\/waxoyl.nl\/fr\/wp-json\/wp\/v2\/media?parent=3764"}],"wp:term":[{"taxonomy":"product_brand","embeddable":true,"href":"https:\/\/waxoyl.nl\/fr\/wp-json\/wp\/v2\/product_brand?post=3764"},{"taxonomy":"product_cat","embeddable":true,"href":"https:\/\/waxoyl.nl\/fr\/wp-json\/wp\/v2\/product_cat?post=3764"},{"taxonomy":"product_tag","embeddable":true,"href":"https:\/\/waxoyl.nl\/fr\/wp-json\/wp\/v2\/product_tag?post=3764"}],"curies":[{"name":"wp","href":"https:\/\/api.w.org\/{rel}","templated":true}]}}