{"id":3770,"date":"2022-06-10T12:09:32","date_gmt":"2022-06-10T10:09:32","guid":{"rendered":"https:\/\/waxoyl.nl\/product\/waxoyl-wheel-cleaner-21-10l\/"},"modified":"2022-06-10T12:09:32","modified_gmt":"2022-06-10T12:09:32","slug":"waxoyl-wheel-cleaner-21-10l","status":"publish","type":"product","link":"https:\/\/waxoyl.nl\/fr\/product\/waxoyl-wheel-cleaner-21-10l\/","title":{"rendered":"Waxoyl Wheel Cleaner 21 10L"},"content":{"rendered":"<p>Concentr\u00e9. \u00c9limine rapidement et en toute s\u00e9curit\u00e9 la poussi\u00e8re des freins, la rouille, etc. Le rapport de dilution peut \u00eatre s\u00e9lectionn\u00e9 en fonction du degr\u00e9 de salissure.<\/p>\n<p>Avantages:<br \/>\n* Formule puissante sans acide<br \/>\n* Facile \u00e0 utiliser<br \/>\n* Non corrosif<br \/>\n* Devient violet lorsque le nettoyage est termin\u00e9<br \/>\n* Utilisation conviviale<br \/>\n* \u00c9conomique \u00e0 l&#8217;usage.<\/p>\n","protected":false},"excerpt":{"rendered":"<p>Concentr\u00e9. \u00c9limine rapidement et en toute s\u00e9curit\u00e9 la poussi\u00e8re des freins, la rouille, etc. Le rapport de dilution peut \u00eatre s\u00e9lectionn\u00e9 en fonction du degr\u00e9 de salissure.<\/p>\n<p>Vous \u00eates un professionnel et vous souhaitez commander ce produit? Ensuite aller \u00e0 <a href=\"http:\/\/www.waxoyl-e-shop.nl\/\" target=\"_blank\" rel=\"noopener\">www.waxoyl-e-shop.nl\/fr\/<\/a> et demander un compte.<\/p>\n","protected":false},"featured_media":3623,"template":"","meta":[],"product_brand":[],"product_cat":[55,58],"product_tag":[],"class_list":{"0":"post-3770","1":"product","2":"type-product","3":"status-publish","4":"has-post-thumbnail","6":"product_cat-professionnelle","7":"product_cat-nettoyage-exterieur","9":"first","10":"instock","11":"shipping-taxable","12":"product-type-simple"},"yoast_head":"<!-- This site is optimized with the Yoast SEO plugin v27.0 - https:\/\/yoast.com\/product\/yoast-seo-wordpress\/ -->\n<title>Waxoyl Wheel Cleaner 21 10L - Waxoyl<\/title>\n<meta name=\"robots\" content=\"index, follow, max-snippet:-1, max-image-preview:large, max-video-preview:-1\" \/>\n<link rel=\"canonical\" href=\"https:\/\/waxoyl.nl\/product\/waxoyl-wheel-cleaner-21-10l\/\" \/>\n<meta property=\"og:locale\" content=\"fr_FR\" \/>\n<meta property=\"og:type\" content=\"article\" \/>\n<meta property=\"og:title\" content=\"Waxoyl Wheel Cleaner 21 10L - Waxoyl\" \/>\n<meta property=\"og:description\" content=\"Concentr\u00e9. \u00c9limine rapidement et en toute s\u00e9curit\u00e9 la poussi\u00e8re des freins, la rouille, etc. Le rapport de dilution peut \u00eatre s\u00e9lectionn\u00e9 en fonction du degr\u00e9 de salissure. Vous \u00eates un professionnel et vous souhaitez commander ce produit? Ensuite aller \u00e0 www.waxoyl-e-shop.nl\/fr\/ et demander un compte.\" \/>\n<meta property=\"og:url\" content=\"https:\/\/waxoyl.nl\/product\/waxoyl-wheel-cleaner-21-10l\/\" \/>\n<meta property=\"og:site_name\" content=\"Waxoyl\" \/>\n<meta property=\"article:publisher\" content=\"https:\/\/www.facebook.com\/WaxoylBenelux\" \/>\n<meta property=\"article:modified_time\" content=\"2022-06-10T12:09:32+00:00\" \/>\n<meta name=\"twitter:card\" content=\"summary_large_image\" \/>\n<script type=\"application\/ld+json\" class=\"yoast-schema-graph\">{\"@context\":\"https:\/\/schema.org\",\"@graph\":[{\"@type\":\"WebPage\",\"@id\":\"https:\/\/waxoyl.nl\/product\/waxoyl-wheel-cleaner-21-10l\/\",\"url\":\"https:\/\/waxoyl.nl\/product\/waxoyl-wheel-cleaner-21-10l\/\",\"name\":\"Waxoyl Wheel Cleaner 21 10L - Waxoyl\",\"isPartOf\":{\"@id\":\"https:\/\/waxoyl.nl\/#website\"},\"primaryImageOfPage\":{\"@id\":\"https:\/\/waxoyl.nl\/product\/waxoyl-wheel-cleaner-21-10l\/#primaryimage\"},\"image\":{\"@id\":\"https:\/\/waxoyl.nl\/product\/waxoyl-wheel-cleaner-21-10l\/#primaryimage\"},\"thumbnailUrl\":\"https:\/\/waxoyl.nl\/app\/uploads\/2022\/06\/Waxoyl-wheel-cleaner-21.jpg\",\"datePublished\":\"2022-06-10T10:09:32+00:00\",\"dateModified\":\"2022-06-10T12:09:32+00:00\",\"breadcrumb\":{\"@id\":\"https:\/\/waxoyl.nl\/product\/waxoyl-wheel-cleaner-21-10l\/#breadcrumb\"},\"inLanguage\":\"fr-FR\",\"potentialAction\":[{\"@type\":\"ReadAction\",\"target\":[\"https:\/\/waxoyl.nl\/product\/waxoyl-wheel-cleaner-21-10l\/\"]}]},{\"@type\":\"ImageObject\",\"inLanguage\":\"fr-FR\",\"@id\":\"https:\/\/waxoyl.nl\/product\/waxoyl-wheel-cleaner-21-10l\/#primaryimage\",\"url\":\"https:\/\/waxoyl.nl\/app\/uploads\/2022\/06\/Waxoyl-wheel-cleaner-21.jpg\",\"contentUrl\":\"https:\/\/waxoyl.nl\/app\/uploads\/2022\/06\/Waxoyl-wheel-cleaner-21.jpg\",\"width\":800,\"height\":600},{\"@type\":\"BreadcrumbList\",\"@id\":\"https:\/\/waxoyl.nl\/product\/waxoyl-wheel-cleaner-21-10l\/#breadcrumb\",\"itemListElement\":[{\"@type\":\"ListItem\",\"position\":1,\"name\":\"Home\",\"item\":\"https:\/\/waxoyl.nl\/fr\/accueil\/\"},{\"@type\":\"ListItem\",\"position\":2,\"name\":\"Shop\",\"item\":\"https:\/\/waxoyl.nl\/shop\/\"},{\"@type\":\"ListItem\",\"position\":3,\"name\":\"Waxoyl Wheel Cleaner 21 10L\"}]},{\"@type\":\"WebSite\",\"@id\":\"https:\/\/waxoyl.nl\/#website\",\"url\":\"https:\/\/waxoyl.nl\/\",\"name\":\"Waxoyl\",\"description\":\"Protection to perfection\",\"publisher\":{\"@id\":\"https:\/\/waxoyl.nl\/#organization\"},\"potentialAction\":[{\"@type\":\"SearchAction\",\"target\":{\"@type\":\"EntryPoint\",\"urlTemplate\":\"https:\/\/waxoyl.nl\/?s={search_term_string}\"},\"query-input\":{\"@type\":\"PropertyValueSpecification\",\"valueRequired\":true,\"valueName\":\"search_term_string\"}}],\"inLanguage\":\"fr-FR\"},{\"@type\":\"Organization\",\"@id\":\"https:\/\/waxoyl.nl\/#organization\",\"name\":\"Waxoyl Benelux\",\"url\":\"https:\/\/waxoyl.nl\/\",\"logo\":{\"@type\":\"ImageObject\",\"inLanguage\":\"fr-FR\",\"@id\":\"https:\/\/waxoyl.nl\/#\/schema\/logo\/image\/\",\"url\":\"https:\/\/waxoyl.nl\/app\/uploads\/2022\/05\/waxoyl_logo_car-care-2021-2.png\",\"contentUrl\":\"https:\/\/waxoyl.nl\/app\/uploads\/2022\/05\/waxoyl_logo_car-care-2021-2.png\",\"width\":709,\"height\":709,\"caption\":\"Waxoyl Benelux\"},\"image\":{\"@id\":\"https:\/\/waxoyl.nl\/#\/schema\/logo\/image\/\"},\"sameAs\":[\"https:\/\/www.facebook.com\/WaxoylBenelux\",\"https:\/\/www.instagram.com\/waxoylbenelux\/\",\"https:\/\/www.linkedin.com\/company\/waxoyl\/\"]}]}<\/script>\n<!-- \/ Yoast SEO plugin. -->","yoast_head_json":{"title":"Waxoyl Wheel Cleaner 21 10L - Waxoyl","robots":{"index":"index","follow":"follow","max-snippet":"max-snippet:-1","max-image-preview":"max-image-preview:large","max-video-preview":"max-video-preview:-1"},"canonical":"https:\/\/waxoyl.nl\/product\/waxoyl-wheel-cleaner-21-10l\/","og_locale":"fr_FR","og_type":"article","og_title":"Waxoyl Wheel Cleaner 21 10L - Waxoyl","og_description":"Concentr\u00e9. \u00c9limine rapidement et en toute s\u00e9curit\u00e9 la poussi\u00e8re des freins, la rouille, etc. Le rapport de dilution peut \u00eatre s\u00e9lectionn\u00e9 en fonction du degr\u00e9 de salissure. Vous \u00eates un professionnel et vous souhaitez commander ce produit? Ensuite aller \u00e0 www.waxoyl-e-shop.nl\/fr\/ et demander un compte.","og_url":"https:\/\/waxoyl.nl\/product\/waxoyl-wheel-cleaner-21-10l\/","og_site_name":"Waxoyl","article_publisher":"https:\/\/www.facebook.com\/WaxoylBenelux","article_modified_time":"2022-06-10T12:09:32+00:00","twitter_card":"summary_large_image","schema":{"@context":"https:\/\/schema.org","@graph":[{"@type":"WebPage","@id":"https:\/\/waxoyl.nl\/product\/waxoyl-wheel-cleaner-21-10l\/","url":"https:\/\/waxoyl.nl\/product\/waxoyl-wheel-cleaner-21-10l\/","name":"Waxoyl Wheel Cleaner 21 10L - Waxoyl","isPartOf":{"@id":"https:\/\/waxoyl.nl\/#website"},"primaryImageOfPage":{"@id":"https:\/\/waxoyl.nl\/product\/waxoyl-wheel-cleaner-21-10l\/#primaryimage"},"image":{"@id":"https:\/\/waxoyl.nl\/product\/waxoyl-wheel-cleaner-21-10l\/#primaryimage"},"thumbnailUrl":"https:\/\/waxoyl.nl\/app\/uploads\/2022\/06\/Waxoyl-wheel-cleaner-21.jpg","datePublished":"2022-06-10T10:09:32+00:00","dateModified":"2022-06-10T12:09:32+00:00","breadcrumb":{"@id":"https:\/\/waxoyl.nl\/product\/waxoyl-wheel-cleaner-21-10l\/#breadcrumb"},"inLanguage":"fr-FR","potentialAction":[{"@type":"ReadAction","target":["https:\/\/waxoyl.nl\/product\/waxoyl-wheel-cleaner-21-10l\/"]}]},{"@type":"ImageObject","inLanguage":"fr-FR","@id":"https:\/\/waxoyl.nl\/product\/waxoyl-wheel-cleaner-21-10l\/#primaryimage","url":"https:\/\/waxoyl.nl\/app\/uploads\/2022\/06\/Waxoyl-wheel-cleaner-21.jpg","contentUrl":"https:\/\/waxoyl.nl\/app\/uploads\/2022\/06\/Waxoyl-wheel-cleaner-21.jpg","width":800,"height":600},{"@type":"BreadcrumbList","@id":"https:\/\/waxoyl.nl\/product\/waxoyl-wheel-cleaner-21-10l\/#breadcrumb","itemListElement":[{"@type":"ListItem","position":1,"name":"Home","item":"https:\/\/waxoyl.nl\/fr\/accueil\/"},{"@type":"ListItem","position":2,"name":"Shop","item":"https:\/\/waxoyl.nl\/shop\/"},{"@type":"ListItem","position":3,"name":"Waxoyl Wheel Cleaner 21 10L"}]},{"@type":"WebSite","@id":"https:\/\/waxoyl.nl\/#website","url":"https:\/\/waxoyl.nl\/","name":"Waxoyl","description":"Protection to perfection","publisher":{"@id":"https:\/\/waxoyl.nl\/#organization"},"potentialAction":[{"@type":"SearchAction","target":{"@type":"EntryPoint","urlTemplate":"https:\/\/waxoyl.nl\/?s={search_term_string}"},"query-input":{"@type":"PropertyValueSpecification","valueRequired":true,"valueName":"search_term_string"}}],"inLanguage":"fr-FR"},{"@type":"Organization","@id":"https:\/\/waxoyl.nl\/#organization","name":"Waxoyl Benelux","url":"https:\/\/waxoyl.nl\/","logo":{"@type":"ImageObject","inLanguage":"fr-FR","@id":"https:\/\/waxoyl.nl\/#\/schema\/logo\/image\/","url":"https:\/\/waxoyl.nl\/app\/uploads\/2022\/05\/waxoyl_logo_car-care-2021-2.png","contentUrl":"https:\/\/waxoyl.nl\/app\/uploads\/2022\/05\/waxoyl_logo_car-care-2021-2.png","width":709,"height":709,"caption":"Waxoyl Benelux"},"image":{"@id":"https:\/\/waxoyl.nl\/#\/schema\/logo\/image\/"},"sameAs":["https:\/\/www.facebook.com\/WaxoylBenelux","https:\/\/www.instagram.com\/waxoylbenelux\/","https:\/\/www.linkedin.com\/company\/waxoyl\/"]}]}},"_links":{"self":[{"href":"https:\/\/waxoyl.nl\/fr\/wp-json\/wp\/v2\/product\/3770","targetHints":{"allow":["GET"]}}],"collection":[{"href":"https:\/\/waxoyl.nl\/fr\/wp-json\/wp\/v2\/product"}],"about":[{"href":"https:\/\/waxoyl.nl\/fr\/wp-json\/wp\/v2\/types\/product"}],"wp:featuredmedia":[{"embeddable":true,"href":"https:\/\/waxoyl.nl\/fr\/wp-json\/wp\/v2\/media\/3623"}],"wp:attachment":[{"href":"https:\/\/waxoyl.nl\/fr\/wp-json\/wp\/v2\/media?parent=3770"}],"wp:term":[{"taxonomy":"product_brand","embeddable":true,"href":"https:\/\/waxoyl.nl\/fr\/wp-json\/wp\/v2\/product_brand?post=3770"},{"taxonomy":"product_cat","embeddable":true,"href":"https:\/\/waxoyl.nl\/fr\/wp-json\/wp\/v2\/product_cat?post=3770"},{"taxonomy":"product_tag","embeddable":true,"href":"https:\/\/waxoyl.nl\/fr\/wp-json\/wp\/v2\/product_tag?post=3770"}],"curies":[{"name":"wp","href":"https:\/\/api.w.org\/{rel}","templated":true}]}}