{"id":3772,"date":"2022-06-10T12:02:42","date_gmt":"2022-06-10T10:02:42","guid":{"rendered":"https:\/\/waxoyl.nl\/product\/waxoyl-final-finish-plus-1l\/"},"modified":"2022-07-25T08:37:59","modified_gmt":"2022-07-25T08:37:59","slug":"waxoyl-final-finish-plus-1l","status":"publish","type":"product","link":"https:\/\/waxoyl.nl\/fr\/product\/waxoyl-final-finish-plus-1l\/","title":{"rendered":"Waxoyl Final Finish Plus 1L"},"content":{"rendered":"<p>Lustrer et sceller en une seule \u00e9tape. Le produit est particuli\u00e8rement recommand\u00e9. \u00c9galement pour les peintures sombres qui ont rapidement besoin d&#8217;un coup d&#8217;\u00e9clat.<\/p>\n","protected":false},"excerpt":{"rendered":"<p>Lustrer et sceller en une seule \u00e9tape. Le produit est particuli\u00e8rement recommand\u00e9. \u00c9galement pour les peintures sombres qui ont rapidement besoin d&#8217;un coup d&#8217;\u00e9clat.<\/p>\n<p>Vous \u00eates un professionnel et vous souhaitez commander ce produit? Ensuite aller \u00e0 <a href=\"http:\/\/www.waxoyl-e-shop.nl\/\" target=\"_blank\" rel=\"noopener\">www.waxoyl-e-shop.nl\/fr\/<\/a> et demander un compte.<\/p>\n","protected":false},"featured_media":7100,"template":"","meta":[],"product_brand":[],"product_cat":[59,55],"product_tag":[],"class_list":{"0":"post-3772","1":"product","2":"type-product","3":"status-publish","4":"has-post-thumbnail","6":"product_cat-polissage","7":"product_cat-professionnelle","9":"first","10":"instock","11":"shipping-taxable","12":"product-type-simple"},"yoast_head":"<!-- This site is optimized with the Yoast SEO plugin v27.3 - https:\/\/yoast.com\/product\/yoast-seo-wordpress\/ -->\n<title>Waxoyl Final Finish Plus 1L - Waxoyl<\/title>\n<meta name=\"robots\" content=\"index, follow, max-snippet:-1, max-image-preview:large, max-video-preview:-1\" \/>\n<link rel=\"canonical\" href=\"https:\/\/waxoyl.nl\/fr\/product\/waxoyl-final-finish-plus-1l\/\" \/>\n<meta property=\"og:locale\" content=\"fr_FR\" \/>\n<meta property=\"og:type\" content=\"article\" \/>\n<meta property=\"og:title\" content=\"Waxoyl Final Finish Plus 1L - Waxoyl\" \/>\n<meta property=\"og:description\" content=\"Lustrer et sceller en une seule \u00e9tape. Le produit est particuli\u00e8rement recommand\u00e9. \u00c9galement pour les peintures sombres qui ont rapidement besoin d&#039;un coup d&#039;\u00e9clat. Vous \u00eates un professionnel et vous souhaitez commander ce produit? Ensuite aller \u00e0 www.waxoyl-e-shop.nl\/fr\/ et demander un compte.\" \/>\n<meta property=\"og:url\" content=\"https:\/\/waxoyl.nl\/fr\/product\/waxoyl-final-finish-plus-1l\/\" \/>\n<meta property=\"og:site_name\" content=\"Waxoyl\" \/>\n<meta property=\"article:publisher\" content=\"https:\/\/www.facebook.com\/WaxoylBenelux\" \/>\n<meta property=\"article:modified_time\" content=\"2022-07-25T08:37:59+00:00\" \/>\n<meta property=\"og:image\" content=\"https:\/\/waxoyl.nl\/app\/uploads\/2022\/06\/Waxoyl-Final-Finish-Plus.jpg\" \/>\n\t<meta property=\"og:image:width\" content=\"800\" \/>\n\t<meta property=\"og:image:height\" content=\"600\" \/>\n\t<meta property=\"og:image:type\" content=\"image\/jpeg\" \/>\n<meta name=\"twitter:card\" content=\"summary_large_image\" \/>\n<script type=\"application\/ld+json\" class=\"yoast-schema-graph\">{\"@context\":\"https:\\\/\\\/schema.org\",\"@graph\":[{\"@type\":\"WebPage\",\"@id\":\"https:\\\/\\\/waxoyl.nl\\\/fr\\\/product\\\/waxoyl-final-finish-plus-1l\\\/\",\"url\":\"https:\\\/\\\/waxoyl.nl\\\/fr\\\/product\\\/waxoyl-final-finish-plus-1l\\\/\",\"name\":\"Waxoyl Final Finish Plus 1L - Waxoyl\",\"isPartOf\":{\"@id\":\"https:\\\/\\\/waxoyl.nl\\\/#website\"},\"primaryImageOfPage\":{\"@id\":\"https:\\\/\\\/waxoyl.nl\\\/fr\\\/product\\\/waxoyl-final-finish-plus-1l\\\/#primaryimage\"},\"image\":{\"@id\":\"https:\\\/\\\/waxoyl.nl\\\/fr\\\/product\\\/waxoyl-final-finish-plus-1l\\\/#primaryimage\"},\"thumbnailUrl\":\"https:\\\/\\\/waxoyl.nl\\\/app\\\/uploads\\\/2022\\\/06\\\/WAX80094.jpg\",\"datePublished\":\"2022-06-10T10:02:42+00:00\",\"dateModified\":\"2022-07-25T08:37:59+00:00\",\"breadcrumb\":{\"@id\":\"https:\\\/\\\/waxoyl.nl\\\/fr\\\/product\\\/waxoyl-final-finish-plus-1l\\\/#breadcrumb\"},\"inLanguage\":\"fr-FR\",\"potentialAction\":[{\"@type\":\"ReadAction\",\"target\":[\"https:\\\/\\\/waxoyl.nl\\\/fr\\\/product\\\/waxoyl-final-finish-plus-1l\\\/\"]}]},{\"@type\":\"ImageObject\",\"inLanguage\":\"fr-FR\",\"@id\":\"https:\\\/\\\/waxoyl.nl\\\/fr\\\/product\\\/waxoyl-final-finish-plus-1l\\\/#primaryimage\",\"url\":\"https:\\\/\\\/waxoyl.nl\\\/app\\\/uploads\\\/2022\\\/06\\\/WAX80094.jpg\",\"contentUrl\":\"https:\\\/\\\/waxoyl.nl\\\/app\\\/uploads\\\/2022\\\/06\\\/WAX80094.jpg\",\"width\":800,\"height\":600},{\"@type\":\"BreadcrumbList\",\"@id\":\"https:\\\/\\\/waxoyl.nl\\\/fr\\\/product\\\/waxoyl-final-finish-plus-1l\\\/#breadcrumb\",\"itemListElement\":[{\"@type\":\"ListItem\",\"position\":1,\"name\":\"Home\",\"item\":\"https:\\\/\\\/waxoyl.nl\\\/fr\\\/accueil\\\/\"},{\"@type\":\"ListItem\",\"position\":2,\"name\":\"Shop\",\"item\":\"https:\\\/\\\/waxoyl.nl\\\/shop\\\/\"},{\"@type\":\"ListItem\",\"position\":3,\"name\":\"Waxoyl Final Finish Plus 1L\"}]},{\"@type\":\"WebSite\",\"@id\":\"https:\\\/\\\/waxoyl.nl\\\/#website\",\"url\":\"https:\\\/\\\/waxoyl.nl\\\/\",\"name\":\"Waxoyl\",\"description\":\"Protection to perfection\",\"publisher\":{\"@id\":\"https:\\\/\\\/waxoyl.nl\\\/#organization\"},\"potentialAction\":[{\"@type\":\"SearchAction\",\"target\":{\"@type\":\"EntryPoint\",\"urlTemplate\":\"https:\\\/\\\/waxoyl.nl\\\/?s={search_term_string}\"},\"query-input\":{\"@type\":\"PropertyValueSpecification\",\"valueRequired\":true,\"valueName\":\"search_term_string\"}}],\"inLanguage\":\"fr-FR\"},{\"@type\":\"Organization\",\"@id\":\"https:\\\/\\\/waxoyl.nl\\\/#organization\",\"name\":\"Waxoyl Benelux\",\"url\":\"https:\\\/\\\/waxoyl.nl\\\/\",\"logo\":{\"@type\":\"ImageObject\",\"inLanguage\":\"fr-FR\",\"@id\":\"https:\\\/\\\/waxoyl.nl\\\/#\\\/schema\\\/logo\\\/image\\\/\",\"url\":\"https:\\\/\\\/waxoyl.nl\\\/app\\\/uploads\\\/2022\\\/05\\\/waxoyl_logo_car-care-2021-2.png\",\"contentUrl\":\"https:\\\/\\\/waxoyl.nl\\\/app\\\/uploads\\\/2022\\\/05\\\/waxoyl_logo_car-care-2021-2.png\",\"width\":709,\"height\":709,\"caption\":\"Waxoyl Benelux\"},\"image\":{\"@id\":\"https:\\\/\\\/waxoyl.nl\\\/#\\\/schema\\\/logo\\\/image\\\/\"},\"sameAs\":[\"https:\\\/\\\/www.facebook.com\\\/WaxoylBenelux\",\"https:\\\/\\\/www.instagram.com\\\/waxoylbenelux\\\/\",\"https:\\\/\\\/www.linkedin.com\\\/company\\\/waxoyl\\\/\"]}]}<\/script>\n<!-- \/ Yoast SEO plugin. -->","yoast_head_json":{"title":"Waxoyl Final Finish Plus 1L - Waxoyl","robots":{"index":"index","follow":"follow","max-snippet":"max-snippet:-1","max-image-preview":"max-image-preview:large","max-video-preview":"max-video-preview:-1"},"canonical":"https:\/\/waxoyl.nl\/fr\/product\/waxoyl-final-finish-plus-1l\/","og_locale":"fr_FR","og_type":"article","og_title":"Waxoyl Final Finish Plus 1L - Waxoyl","og_description":"Lustrer et sceller en une seule \u00e9tape. Le produit est particuli\u00e8rement recommand\u00e9. \u00c9galement pour les peintures sombres qui ont rapidement besoin d'un coup d'\u00e9clat. Vous \u00eates un professionnel et vous souhaitez commander ce produit? Ensuite aller \u00e0 www.waxoyl-e-shop.nl\/fr\/ et demander un compte.","og_url":"https:\/\/waxoyl.nl\/fr\/product\/waxoyl-final-finish-plus-1l\/","og_site_name":"Waxoyl","article_publisher":"https:\/\/www.facebook.com\/WaxoylBenelux","article_modified_time":"2022-07-25T08:37:59+00:00","og_image":[{"width":800,"height":600,"url":"https:\/\/waxoyl.nl\/app\/uploads\/2022\/06\/Waxoyl-Final-Finish-Plus.jpg","type":"image\/jpeg"}],"twitter_card":"summary_large_image","schema":{"@context":"https:\/\/schema.org","@graph":[{"@type":"WebPage","@id":"https:\/\/waxoyl.nl\/fr\/product\/waxoyl-final-finish-plus-1l\/","url":"https:\/\/waxoyl.nl\/fr\/product\/waxoyl-final-finish-plus-1l\/","name":"Waxoyl Final Finish Plus 1L - Waxoyl","isPartOf":{"@id":"https:\/\/waxoyl.nl\/#website"},"primaryImageOfPage":{"@id":"https:\/\/waxoyl.nl\/fr\/product\/waxoyl-final-finish-plus-1l\/#primaryimage"},"image":{"@id":"https:\/\/waxoyl.nl\/fr\/product\/waxoyl-final-finish-plus-1l\/#primaryimage"},"thumbnailUrl":"https:\/\/waxoyl.nl\/app\/uploads\/2022\/06\/WAX80094.jpg","datePublished":"2022-06-10T10:02:42+00:00","dateModified":"2022-07-25T08:37:59+00:00","breadcrumb":{"@id":"https:\/\/waxoyl.nl\/fr\/product\/waxoyl-final-finish-plus-1l\/#breadcrumb"},"inLanguage":"fr-FR","potentialAction":[{"@type":"ReadAction","target":["https:\/\/waxoyl.nl\/fr\/product\/waxoyl-final-finish-plus-1l\/"]}]},{"@type":"ImageObject","inLanguage":"fr-FR","@id":"https:\/\/waxoyl.nl\/fr\/product\/waxoyl-final-finish-plus-1l\/#primaryimage","url":"https:\/\/waxoyl.nl\/app\/uploads\/2022\/06\/WAX80094.jpg","contentUrl":"https:\/\/waxoyl.nl\/app\/uploads\/2022\/06\/WAX80094.jpg","width":800,"height":600},{"@type":"BreadcrumbList","@id":"https:\/\/waxoyl.nl\/fr\/product\/waxoyl-final-finish-plus-1l\/#breadcrumb","itemListElement":[{"@type":"ListItem","position":1,"name":"Home","item":"https:\/\/waxoyl.nl\/fr\/accueil\/"},{"@type":"ListItem","position":2,"name":"Shop","item":"https:\/\/waxoyl.nl\/shop\/"},{"@type":"ListItem","position":3,"name":"Waxoyl Final Finish Plus 1L"}]},{"@type":"WebSite","@id":"https:\/\/waxoyl.nl\/#website","url":"https:\/\/waxoyl.nl\/","name":"Waxoyl","description":"Protection to perfection","publisher":{"@id":"https:\/\/waxoyl.nl\/#organization"},"potentialAction":[{"@type":"SearchAction","target":{"@type":"EntryPoint","urlTemplate":"https:\/\/waxoyl.nl\/?s={search_term_string}"},"query-input":{"@type":"PropertyValueSpecification","valueRequired":true,"valueName":"search_term_string"}}],"inLanguage":"fr-FR"},{"@type":"Organization","@id":"https:\/\/waxoyl.nl\/#organization","name":"Waxoyl Benelux","url":"https:\/\/waxoyl.nl\/","logo":{"@type":"ImageObject","inLanguage":"fr-FR","@id":"https:\/\/waxoyl.nl\/#\/schema\/logo\/image\/","url":"https:\/\/waxoyl.nl\/app\/uploads\/2022\/05\/waxoyl_logo_car-care-2021-2.png","contentUrl":"https:\/\/waxoyl.nl\/app\/uploads\/2022\/05\/waxoyl_logo_car-care-2021-2.png","width":709,"height":709,"caption":"Waxoyl Benelux"},"image":{"@id":"https:\/\/waxoyl.nl\/#\/schema\/logo\/image\/"},"sameAs":["https:\/\/www.facebook.com\/WaxoylBenelux","https:\/\/www.instagram.com\/waxoylbenelux\/","https:\/\/www.linkedin.com\/company\/waxoyl\/"]}]}},"_links":{"self":[{"href":"https:\/\/waxoyl.nl\/fr\/wp-json\/wp\/v2\/product\/3772","targetHints":{"allow":["GET"]}}],"collection":[{"href":"https:\/\/waxoyl.nl\/fr\/wp-json\/wp\/v2\/product"}],"about":[{"href":"https:\/\/waxoyl.nl\/fr\/wp-json\/wp\/v2\/types\/product"}],"wp:featuredmedia":[{"embeddable":true,"href":"https:\/\/waxoyl.nl\/fr\/wp-json\/wp\/v2\/media\/7100"}],"wp:attachment":[{"href":"https:\/\/waxoyl.nl\/fr\/wp-json\/wp\/v2\/media?parent=3772"}],"wp:term":[{"taxonomy":"product_brand","embeddable":true,"href":"https:\/\/waxoyl.nl\/fr\/wp-json\/wp\/v2\/product_brand?post=3772"},{"taxonomy":"product_cat","embeddable":true,"href":"https:\/\/waxoyl.nl\/fr\/wp-json\/wp\/v2\/product_cat?post=3772"},{"taxonomy":"product_tag","embeddable":true,"href":"https:\/\/waxoyl.nl\/fr\/wp-json\/wp\/v2\/product_tag?post=3772"}],"curies":[{"name":"wp","href":"https:\/\/api.w.org\/{rel}","templated":true}]}}