{"id":3782,"date":"2022-06-10T11:05:50","date_gmt":"2022-06-10T09:05:50","guid":{"rendered":"https:\/\/waxoyl.nl\/product\/waxoyl-silencer-coating-silver-400ml\/"},"modified":"2022-06-10T11:05:50","modified_gmt":"2022-06-10T11:05:50","slug":"waxoyl-silencer-coating-silver-400ml","status":"publish","type":"product","link":"https:\/\/waxoyl.nl\/fr\/product\/waxoyl-silencer-coating-silver-400ml\/","title":{"rendered":"Waxoyl Silencer Coating Silver 400ml"},"content":{"rendered":"<p>Waxoyl SF est un produit d&#8217;\u00e9tanch\u00e9it\u00e9 beige sans solvant pour les cavit\u00e9s et il offre une protection particuli\u00e8rement efficace contre la corrosion des pi\u00e8ces sensibles de la carrosserie, comme les cavit\u00e9s, les rebords et les joints. Cette combinaison de principes actifs a \u00e9galement prouv\u00e9 sa valeur pour une utilisation sur des outils, pi\u00e8ces m\u00e9caniques sensibles \u00e0 la corrosion, brides et axes d&#8217;entra\u00eenement, etc.<\/p>\n<p>Waxoyl SF forme une liaison forte avec les surfaces m\u00e9talliques et \u00e9galement les surfaces rev\u00eatues et peintes. Les composants en plastique ou en caoutchouc ne se corrodent pas. Waxoyl SF laisse un film cireux sur les surfaces. Le produit a des propri\u00e9t\u00e9s autor\u00e9paratrices.<\/p>\n<p>Avantages:<br \/>\n* Sans solvant<br \/>\n* Part de substance active: 100%<br \/>\n* Excellente p\u00e9n\u00e9trabilit\u00e9 dans les \u00e9raflures et joints<br \/>\n* Excellente protection contre la corrosion<br \/>\n* Adh\u00e9rence exceptionnelle sur n&#8217;importe quel support<br \/>\n* Peu ou pas de gouttes<\/p>\n","protected":false},"excerpt":{"rendered":"<p>Waxoyl SF est un produit d&#8217;etanch\u00e9it\u00e9 beige sans solvant pour les cavit\u00e9s et il offre une protection particuli\u00e8rement efficace contre la corrosion des pi\u00e8ces sensibles de la carrosserie, comme les cavit\u00e9s, les rebords et les joints. Cette combinaison de principes actifs a \u00e9galement prouv\u00e9 sa valeur pour une utilisation sur des outils, pi\u00e8ces m\u00e9caniques sensibles \u00e0 la corrosion, brides et axes d&#8217;entra\u00eenement, etc.<\/p>\n<p>Waxoyl SF forme une liaison forte avec les surfaces m\u00e9talliques et \u00e9galement les surfaces rev\u00eatues et peintes. Les composants en plastique ou en caoutchouc ne se corrodent pas. Waxoyl SF laisse un film cireux sur les surfaces. Le produit a des propri\u00e9t\u00e9s autor\u00e9paratrices.<\/p>\n<p>Vous \u00eates un professionnel et vous souhaitez commander ce produit? Ensuite aller \u00e0 <a href=\"http:\/\/www.waxoyl-e-shop.nl\/\" target=\"_blank\" rel=\"noopener\">www.waxoyl-e-shop.nl\/fr\/<\/a> et demander un compte.<\/p>\n","protected":false},"featured_media":3610,"template":"","meta":[],"product_brand":[],"product_cat":[58,55],"product_tag":[],"class_list":{"0":"post-3782","1":"product","2":"type-product","3":"status-publish","4":"has-post-thumbnail","6":"product_cat-nettoyage-exterieur","7":"product_cat-professionnelle","9":"first","10":"instock","11":"shipping-taxable","12":"product-type-simple"},"yoast_head":"<!-- This site is optimized with the Yoast SEO plugin v27.3 - https:\/\/yoast.com\/product\/yoast-seo-wordpress\/ -->\n<title>Waxoyl Silencer Coating Silver 400ml - Waxoyl<\/title>\n<meta name=\"robots\" content=\"index, follow, max-snippet:-1, max-image-preview:large, max-video-preview:-1\" \/>\n<link rel=\"canonical\" href=\"https:\/\/waxoyl.nl\/product\/waxoyl-silencer-coating-silver-400ml\/\" \/>\n<meta property=\"og:locale\" content=\"fr_FR\" \/>\n<meta property=\"og:type\" content=\"article\" \/>\n<meta property=\"og:title\" content=\"Waxoyl Silencer Coating Silver 400ml - Waxoyl\" \/>\n<meta property=\"og:description\" content=\"Waxoyl SF est un produit d&#039;etanch\u00e9it\u00e9 beige sans solvant pour les cavit\u00e9s et il offre une protection particuli\u00e8rement efficace contre la corrosion des pi\u00e8ces sensibles de la carrosserie, comme les cavit\u00e9s, les rebords et les joints. Cette combinaison de principes actifs a \u00e9galement prouv\u00e9 sa valeur pour une utilisation sur des outils, pi\u00e8ces m\u00e9caniques sensibles \u00e0 la corrosion, brides et axes d&#039;entra\u00eenement, etc. Waxoyl SF forme une liaison forte avec les surfaces m\u00e9talliques et \u00e9galement les surfaces rev\u00eatues et peintes. Les composants en plastique ou en caoutchouc ne se corrodent pas. Waxoyl SF laisse un film cireux sur les surfaces. Le produit a des propri\u00e9t\u00e9s autor\u00e9paratrices. Vous \u00eates un professionnel et vous souhaitez commander ce produit? Ensuite aller \u00e0 www.waxoyl-e-shop.nl\/fr\/ et demander un compte.\" \/>\n<meta property=\"og:url\" content=\"https:\/\/waxoyl.nl\/product\/waxoyl-silencer-coating-silver-400ml\/\" \/>\n<meta property=\"og:site_name\" content=\"Waxoyl\" \/>\n<meta property=\"article:publisher\" content=\"https:\/\/www.facebook.com\/WaxoylBenelux\" \/>\n<meta property=\"article:modified_time\" content=\"2022-06-10T11:05:50+00:00\" \/>\n<meta name=\"twitter:card\" content=\"summary_large_image\" \/>\n<meta name=\"twitter:label1\" content=\"Est. reading time\" \/>\n\t<meta name=\"twitter:data1\" content=\"1 minute\" \/>\n<script type=\"application\/ld+json\" class=\"yoast-schema-graph\">{\"@context\":\"https:\\\/\\\/schema.org\",\"@graph\":[{\"@type\":\"WebPage\",\"@id\":\"https:\\\/\\\/waxoyl.nl\\\/product\\\/waxoyl-silencer-coating-silver-400ml\\\/\",\"url\":\"https:\\\/\\\/waxoyl.nl\\\/product\\\/waxoyl-silencer-coating-silver-400ml\\\/\",\"name\":\"Waxoyl Silencer Coating Silver 400ml - Waxoyl\",\"isPartOf\":{\"@id\":\"https:\\\/\\\/waxoyl.nl\\\/#website\"},\"primaryImageOfPage\":{\"@id\":\"https:\\\/\\\/waxoyl.nl\\\/product\\\/waxoyl-silencer-coating-silver-400ml\\\/#primaryimage\"},\"image\":{\"@id\":\"https:\\\/\\\/waxoyl.nl\\\/product\\\/waxoyl-silencer-coating-silver-400ml\\\/#primaryimage\"},\"thumbnailUrl\":\"https:\\\/\\\/waxoyl.nl\\\/app\\\/uploads\\\/2022\\\/06\\\/Waxoyl-Silencer-coating.jpg\",\"datePublished\":\"2022-06-10T09:05:50+00:00\",\"dateModified\":\"2022-06-10T11:05:50+00:00\",\"breadcrumb\":{\"@id\":\"https:\\\/\\\/waxoyl.nl\\\/product\\\/waxoyl-silencer-coating-silver-400ml\\\/#breadcrumb\"},\"inLanguage\":\"fr-FR\",\"potentialAction\":[{\"@type\":\"ReadAction\",\"target\":[\"https:\\\/\\\/waxoyl.nl\\\/product\\\/waxoyl-silencer-coating-silver-400ml\\\/\"]}]},{\"@type\":\"ImageObject\",\"inLanguage\":\"fr-FR\",\"@id\":\"https:\\\/\\\/waxoyl.nl\\\/product\\\/waxoyl-silencer-coating-silver-400ml\\\/#primaryimage\",\"url\":\"https:\\\/\\\/waxoyl.nl\\\/app\\\/uploads\\\/2022\\\/06\\\/Waxoyl-Silencer-coating.jpg\",\"contentUrl\":\"https:\\\/\\\/waxoyl.nl\\\/app\\\/uploads\\\/2022\\\/06\\\/Waxoyl-Silencer-coating.jpg\",\"width\":800,\"height\":600},{\"@type\":\"BreadcrumbList\",\"@id\":\"https:\\\/\\\/waxoyl.nl\\\/product\\\/waxoyl-silencer-coating-silver-400ml\\\/#breadcrumb\",\"itemListElement\":[{\"@type\":\"ListItem\",\"position\":1,\"name\":\"Home\",\"item\":\"https:\\\/\\\/waxoyl.nl\\\/fr\\\/accueil\\\/\"},{\"@type\":\"ListItem\",\"position\":2,\"name\":\"Shop\",\"item\":\"https:\\\/\\\/waxoyl.nl\\\/shop\\\/\"},{\"@type\":\"ListItem\",\"position\":3,\"name\":\"Waxoyl Silencer Coating Silver 400ml\"}]},{\"@type\":\"WebSite\",\"@id\":\"https:\\\/\\\/waxoyl.nl\\\/#website\",\"url\":\"https:\\\/\\\/waxoyl.nl\\\/\",\"name\":\"Waxoyl\",\"description\":\"Protection to perfection\",\"publisher\":{\"@id\":\"https:\\\/\\\/waxoyl.nl\\\/#organization\"},\"potentialAction\":[{\"@type\":\"SearchAction\",\"target\":{\"@type\":\"EntryPoint\",\"urlTemplate\":\"https:\\\/\\\/waxoyl.nl\\\/?s={search_term_string}\"},\"query-input\":{\"@type\":\"PropertyValueSpecification\",\"valueRequired\":true,\"valueName\":\"search_term_string\"}}],\"inLanguage\":\"fr-FR\"},{\"@type\":\"Organization\",\"@id\":\"https:\\\/\\\/waxoyl.nl\\\/#organization\",\"name\":\"Waxoyl Benelux\",\"url\":\"https:\\\/\\\/waxoyl.nl\\\/\",\"logo\":{\"@type\":\"ImageObject\",\"inLanguage\":\"fr-FR\",\"@id\":\"https:\\\/\\\/waxoyl.nl\\\/#\\\/schema\\\/logo\\\/image\\\/\",\"url\":\"https:\\\/\\\/waxoyl.nl\\\/app\\\/uploads\\\/2022\\\/05\\\/waxoyl_logo_car-care-2021-2.png\",\"contentUrl\":\"https:\\\/\\\/waxoyl.nl\\\/app\\\/uploads\\\/2022\\\/05\\\/waxoyl_logo_car-care-2021-2.png\",\"width\":709,\"height\":709,\"caption\":\"Waxoyl Benelux\"},\"image\":{\"@id\":\"https:\\\/\\\/waxoyl.nl\\\/#\\\/schema\\\/logo\\\/image\\\/\"},\"sameAs\":[\"https:\\\/\\\/www.facebook.com\\\/WaxoylBenelux\",\"https:\\\/\\\/www.instagram.com\\\/waxoylbenelux\\\/\",\"https:\\\/\\\/www.linkedin.com\\\/company\\\/waxoyl\\\/\"]}]}<\/script>\n<!-- \/ Yoast SEO plugin. -->","yoast_head_json":{"title":"Waxoyl Silencer Coating Silver 400ml - Waxoyl","robots":{"index":"index","follow":"follow","max-snippet":"max-snippet:-1","max-image-preview":"max-image-preview:large","max-video-preview":"max-video-preview:-1"},"canonical":"https:\/\/waxoyl.nl\/product\/waxoyl-silencer-coating-silver-400ml\/","og_locale":"fr_FR","og_type":"article","og_title":"Waxoyl Silencer Coating Silver 400ml - Waxoyl","og_description":"Waxoyl SF est un produit d'etanch\u00e9it\u00e9 beige sans solvant pour les cavit\u00e9s et il offre une protection particuli\u00e8rement efficace contre la corrosion des pi\u00e8ces sensibles de la carrosserie, comme les cavit\u00e9s, les rebords et les joints. Cette combinaison de principes actifs a \u00e9galement prouv\u00e9 sa valeur pour une utilisation sur des outils, pi\u00e8ces m\u00e9caniques sensibles \u00e0 la corrosion, brides et axes d'entra\u00eenement, etc. Waxoyl SF forme une liaison forte avec les surfaces m\u00e9talliques et \u00e9galement les surfaces rev\u00eatues et peintes. Les composants en plastique ou en caoutchouc ne se corrodent pas. Waxoyl SF laisse un film cireux sur les surfaces. Le produit a des propri\u00e9t\u00e9s autor\u00e9paratrices. Vous \u00eates un professionnel et vous souhaitez commander ce produit? Ensuite aller \u00e0 www.waxoyl-e-shop.nl\/fr\/ et demander un compte.","og_url":"https:\/\/waxoyl.nl\/product\/waxoyl-silencer-coating-silver-400ml\/","og_site_name":"Waxoyl","article_publisher":"https:\/\/www.facebook.com\/WaxoylBenelux","article_modified_time":"2022-06-10T11:05:50+00:00","twitter_card":"summary_large_image","twitter_misc":{"Est. reading time":"1 minute"},"schema":{"@context":"https:\/\/schema.org","@graph":[{"@type":"WebPage","@id":"https:\/\/waxoyl.nl\/product\/waxoyl-silencer-coating-silver-400ml\/","url":"https:\/\/waxoyl.nl\/product\/waxoyl-silencer-coating-silver-400ml\/","name":"Waxoyl Silencer Coating Silver 400ml - Waxoyl","isPartOf":{"@id":"https:\/\/waxoyl.nl\/#website"},"primaryImageOfPage":{"@id":"https:\/\/waxoyl.nl\/product\/waxoyl-silencer-coating-silver-400ml\/#primaryimage"},"image":{"@id":"https:\/\/waxoyl.nl\/product\/waxoyl-silencer-coating-silver-400ml\/#primaryimage"},"thumbnailUrl":"https:\/\/waxoyl.nl\/app\/uploads\/2022\/06\/Waxoyl-Silencer-coating.jpg","datePublished":"2022-06-10T09:05:50+00:00","dateModified":"2022-06-10T11:05:50+00:00","breadcrumb":{"@id":"https:\/\/waxoyl.nl\/product\/waxoyl-silencer-coating-silver-400ml\/#breadcrumb"},"inLanguage":"fr-FR","potentialAction":[{"@type":"ReadAction","target":["https:\/\/waxoyl.nl\/product\/waxoyl-silencer-coating-silver-400ml\/"]}]},{"@type":"ImageObject","inLanguage":"fr-FR","@id":"https:\/\/waxoyl.nl\/product\/waxoyl-silencer-coating-silver-400ml\/#primaryimage","url":"https:\/\/waxoyl.nl\/app\/uploads\/2022\/06\/Waxoyl-Silencer-coating.jpg","contentUrl":"https:\/\/waxoyl.nl\/app\/uploads\/2022\/06\/Waxoyl-Silencer-coating.jpg","width":800,"height":600},{"@type":"BreadcrumbList","@id":"https:\/\/waxoyl.nl\/product\/waxoyl-silencer-coating-silver-400ml\/#breadcrumb","itemListElement":[{"@type":"ListItem","position":1,"name":"Home","item":"https:\/\/waxoyl.nl\/fr\/accueil\/"},{"@type":"ListItem","position":2,"name":"Shop","item":"https:\/\/waxoyl.nl\/shop\/"},{"@type":"ListItem","position":3,"name":"Waxoyl Silencer Coating Silver 400ml"}]},{"@type":"WebSite","@id":"https:\/\/waxoyl.nl\/#website","url":"https:\/\/waxoyl.nl\/","name":"Waxoyl","description":"Protection to perfection","publisher":{"@id":"https:\/\/waxoyl.nl\/#organization"},"potentialAction":[{"@type":"SearchAction","target":{"@type":"EntryPoint","urlTemplate":"https:\/\/waxoyl.nl\/?s={search_term_string}"},"query-input":{"@type":"PropertyValueSpecification","valueRequired":true,"valueName":"search_term_string"}}],"inLanguage":"fr-FR"},{"@type":"Organization","@id":"https:\/\/waxoyl.nl\/#organization","name":"Waxoyl Benelux","url":"https:\/\/waxoyl.nl\/","logo":{"@type":"ImageObject","inLanguage":"fr-FR","@id":"https:\/\/waxoyl.nl\/#\/schema\/logo\/image\/","url":"https:\/\/waxoyl.nl\/app\/uploads\/2022\/05\/waxoyl_logo_car-care-2021-2.png","contentUrl":"https:\/\/waxoyl.nl\/app\/uploads\/2022\/05\/waxoyl_logo_car-care-2021-2.png","width":709,"height":709,"caption":"Waxoyl Benelux"},"image":{"@id":"https:\/\/waxoyl.nl\/#\/schema\/logo\/image\/"},"sameAs":["https:\/\/www.facebook.com\/WaxoylBenelux","https:\/\/www.instagram.com\/waxoylbenelux\/","https:\/\/www.linkedin.com\/company\/waxoyl\/"]}]}},"_links":{"self":[{"href":"https:\/\/waxoyl.nl\/fr\/wp-json\/wp\/v2\/product\/3782","targetHints":{"allow":["GET"]}}],"collection":[{"href":"https:\/\/waxoyl.nl\/fr\/wp-json\/wp\/v2\/product"}],"about":[{"href":"https:\/\/waxoyl.nl\/fr\/wp-json\/wp\/v2\/types\/product"}],"wp:featuredmedia":[{"embeddable":true,"href":"https:\/\/waxoyl.nl\/fr\/wp-json\/wp\/v2\/media\/3610"}],"wp:attachment":[{"href":"https:\/\/waxoyl.nl\/fr\/wp-json\/wp\/v2\/media?parent=3782"}],"wp:term":[{"taxonomy":"product_brand","embeddable":true,"href":"https:\/\/waxoyl.nl\/fr\/wp-json\/wp\/v2\/product_brand?post=3782"},{"taxonomy":"product_cat","embeddable":true,"href":"https:\/\/waxoyl.nl\/fr\/wp-json\/wp\/v2\/product_cat?post=3782"},{"taxonomy":"product_tag","embeddable":true,"href":"https:\/\/waxoyl.nl\/fr\/wp-json\/wp\/v2\/product_tag?post=3782"}],"curies":[{"name":"wp","href":"https:\/\/api.w.org\/{rel}","templated":true}]}}