{"id":3789,"date":"2022-06-10T09:48:31","date_gmt":"2022-06-10T07:48:31","guid":{"rendered":"https:\/\/waxoyl.nl\/product\/waxoyl-set-3en1-500ml-et-chiffon-dans-un-sac\/"},"modified":"2024-05-13T15:16:43","modified_gmt":"2024-05-13T13:16:43","slug":"waxoyl-set-3en1-500ml-et-chiffon-dans-un-sac","status":"publish","type":"product","link":"https:\/\/waxoyl.nl\/fr\/product\/waxoyl-set-3en1-500ml-et-chiffon-dans-un-sac\/","title":{"rendered":"Waxoyl set 3en1 500ml et chiffon dans un sac"},"content":{"rendered":"<p>Waxoyl 3 en 1 est un produit d\u0092entretien pour les voitures ayant re\u00e7u un traitement de scellement de la peinture Waxoyl. Suite au lavage, la couche sup\u00e9rieure Waxoyl s&#8217;use peu \u00e0 peu. Avec 3 en 1, vous pouvez facilement restaurer les endroits us\u00e9s. D\u00e9jections d&#8217;oiseau, r\u00e9sine d\u0092arbre, mouchettes et moustiques peuvent \u00eatre \u00e9limin\u00e9s avec Waxoyl 3 en 1. La couche sup\u00e9rieure \u00e9ventuellement attaqu\u00e9e est ainsi directement restaur\u00e9e. Waxoyl 3 en 1 peut \u00eatre utilis\u00e9 sur le plastique, le verre et la peinture et maintient la peinture dans un \u00e9tat impeccable.<\/p>\n<p>Contenu du coffret :<br \/>\n&#8211; Waxoyl 3en1 500ml<br \/>\n&#8211; Waxoyl chiffon microfibre<br \/>\n&#8211; Emball\u00e9 dans un \u00e9tui Waxoyl<\/p>\n","protected":false},"excerpt":{"rendered":"<p>Waxoyl 3 en 1 est un produit d\u0092entretien pour les voitures ayant re\u00e7u un traitement de scellement de la peinture Waxoyl. Suite au lavage, la couche sup\u00e9rieure Waxoyl s&#8217;use peu \u00e0 peu. Avec 3 en 1, vous pouvez facilement restaurer les endroits us\u00e9s. D\u00e9jections d&#8217;oiseau, r\u00e9sine d&#8217;arbre, mouchettes et moustiques peuvent \u00eatre \u00e9limin\u00e9s avec Waxoyl 3 en 1. La couche sup\u00e9rieure \u00e9ventuellement attaqu\u00e9e est ainsi directement restaur\u00e9e. Waxoyl 3 en 1 peut \u00eatre utilis\u00e9 sur le plastique, le verre et la peinture et maintient la peinture dans un \u00e9tat impeccable.<\/p>\n<p>Vous \u00eates un professionnel et vous souhaitez commander ce produit? Ensuite aller \u00e0 <a href=\"http:\/\/www.waxoyl-e-shop.nl\/\" target=\"_blank\" rel=\"noopener\">www.waxoyl-e-shop.nl\/fr\/<\/a> et demander un compte.<\/p>\n","protected":false},"featured_media":3605,"template":"","meta":[],"product_brand":[],"product_cat":[61,55],"product_tag":[],"class_list":{"0":"post-3789","1":"product","2":"type-product","3":"status-publish","4":"has-post-thumbnail","6":"product_cat-peinture-detancheite","7":"product_cat-professionnelle","9":"first","10":"instock","11":"shipping-taxable","12":"product-type-simple"},"yoast_head":"<!-- This site is optimized with the Yoast SEO plugin v27.3 - https:\/\/yoast.com\/product\/yoast-seo-wordpress\/ -->\n<title>Waxoyl set 3en1 500ml et chiffon dans un sac - Waxoyl<\/title>\n<meta name=\"robots\" content=\"index, follow, max-snippet:-1, max-image-preview:large, max-video-preview:-1\" \/>\n<link rel=\"canonical\" href=\"https:\/\/waxoyl.nl\/product\/waxoyl-set-3en1-500ml-et-chiffon-dans-un-sac\/\" \/>\n<meta property=\"og:locale\" content=\"fr_FR\" \/>\n<meta property=\"og:type\" content=\"article\" \/>\n<meta property=\"og:title\" content=\"Waxoyl set 3en1 500ml et chiffon dans un sac - Waxoyl\" \/>\n<meta property=\"og:description\" content=\"Waxoyl 3 en 1 est un produit d\u0092entretien pour les voitures ayant re\u00e7u un traitement de scellement de la peinture Waxoyl. Suite au lavage, la couche sup\u00e9rieure Waxoyl s&#039;use peu \u00e0 peu. Avec 3 en 1, vous pouvez facilement restaurer les endroits us\u00e9s. D\u00e9jections d&#039;oiseau, r\u00e9sine d&#039;arbre, mouchettes et moustiques peuvent \u00eatre \u00e9limin\u00e9s avec Waxoyl 3 en 1. La couche sup\u00e9rieure \u00e9ventuellement attaqu\u00e9e est ainsi directement restaur\u00e9e. Waxoyl 3 en 1 peut \u00eatre utilis\u00e9 sur le plastique, le verre et la peinture et maintient la peinture dans un \u00e9tat impeccable. Vous \u00eates un professionnel et vous souhaitez commander ce produit? Ensuite aller \u00e0 www.waxoyl-e-shop.nl\/fr\/ et demander un compte.\" \/>\n<meta property=\"og:url\" content=\"https:\/\/waxoyl.nl\/product\/waxoyl-set-3en1-500ml-et-chiffon-dans-un-sac\/\" \/>\n<meta property=\"og:site_name\" content=\"Waxoyl\" \/>\n<meta property=\"article:publisher\" content=\"https:\/\/www.facebook.com\/WaxoylBenelux\" \/>\n<meta property=\"article:modified_time\" content=\"2024-05-13T13:16:43+00:00\" \/>\n<meta name=\"twitter:card\" content=\"summary_large_image\" \/>\n<meta name=\"twitter:label1\" content=\"Est. reading time\" \/>\n\t<meta name=\"twitter:data1\" content=\"1 minute\" \/>\n<script type=\"application\/ld+json\" class=\"yoast-schema-graph\">{\"@context\":\"https:\\\/\\\/schema.org\",\"@graph\":[{\"@type\":\"WebPage\",\"@id\":\"https:\\\/\\\/waxoyl.nl\\\/product\\\/waxoyl-set-3en1-500ml-et-chiffon-dans-un-sac\\\/\",\"url\":\"https:\\\/\\\/waxoyl.nl\\\/product\\\/waxoyl-set-3en1-500ml-et-chiffon-dans-un-sac\\\/\",\"name\":\"Waxoyl set 3en1 500ml et chiffon dans un sac - Waxoyl\",\"isPartOf\":{\"@id\":\"https:\\\/\\\/waxoyl.nl\\\/#website\"},\"primaryImageOfPage\":{\"@id\":\"https:\\\/\\\/waxoyl.nl\\\/product\\\/waxoyl-set-3en1-500ml-et-chiffon-dans-un-sac\\\/#primaryimage\"},\"image\":{\"@id\":\"https:\\\/\\\/waxoyl.nl\\\/product\\\/waxoyl-set-3en1-500ml-et-chiffon-dans-un-sac\\\/#primaryimage\"},\"thumbnailUrl\":\"https:\\\/\\\/waxoyl.nl\\\/app\\\/uploads\\\/2022\\\/06\\\/Waxoyl-aftercare-incl-doek.jpg\",\"datePublished\":\"2022-06-10T07:48:31+00:00\",\"dateModified\":\"2024-05-13T13:16:43+00:00\",\"breadcrumb\":{\"@id\":\"https:\\\/\\\/waxoyl.nl\\\/product\\\/waxoyl-set-3en1-500ml-et-chiffon-dans-un-sac\\\/#breadcrumb\"},\"inLanguage\":\"fr-FR\",\"potentialAction\":[{\"@type\":\"ReadAction\",\"target\":[\"https:\\\/\\\/waxoyl.nl\\\/product\\\/waxoyl-set-3en1-500ml-et-chiffon-dans-un-sac\\\/\"]}]},{\"@type\":\"ImageObject\",\"inLanguage\":\"fr-FR\",\"@id\":\"https:\\\/\\\/waxoyl.nl\\\/product\\\/waxoyl-set-3en1-500ml-et-chiffon-dans-un-sac\\\/#primaryimage\",\"url\":\"https:\\\/\\\/waxoyl.nl\\\/app\\\/uploads\\\/2022\\\/06\\\/Waxoyl-aftercare-incl-doek.jpg\",\"contentUrl\":\"https:\\\/\\\/waxoyl.nl\\\/app\\\/uploads\\\/2022\\\/06\\\/Waxoyl-aftercare-incl-doek.jpg\",\"width\":800,\"height\":600},{\"@type\":\"BreadcrumbList\",\"@id\":\"https:\\\/\\\/waxoyl.nl\\\/product\\\/waxoyl-set-3en1-500ml-et-chiffon-dans-un-sac\\\/#breadcrumb\",\"itemListElement\":[{\"@type\":\"ListItem\",\"position\":1,\"name\":\"Home\",\"item\":\"https:\\\/\\\/waxoyl.nl\\\/fr\\\/accueil\\\/\"},{\"@type\":\"ListItem\",\"position\":2,\"name\":\"Shop\",\"item\":\"https:\\\/\\\/waxoyl.nl\\\/shop\\\/\"},{\"@type\":\"ListItem\",\"position\":3,\"name\":\"Waxoyl set 3en1 500ml et chiffon dans un sac\"}]},{\"@type\":\"WebSite\",\"@id\":\"https:\\\/\\\/waxoyl.nl\\\/#website\",\"url\":\"https:\\\/\\\/waxoyl.nl\\\/\",\"name\":\"Waxoyl\",\"description\":\"Protection to perfection\",\"publisher\":{\"@id\":\"https:\\\/\\\/waxoyl.nl\\\/#organization\"},\"potentialAction\":[{\"@type\":\"SearchAction\",\"target\":{\"@type\":\"EntryPoint\",\"urlTemplate\":\"https:\\\/\\\/waxoyl.nl\\\/?s={search_term_string}\"},\"query-input\":{\"@type\":\"PropertyValueSpecification\",\"valueRequired\":true,\"valueName\":\"search_term_string\"}}],\"inLanguage\":\"fr-FR\"},{\"@type\":\"Organization\",\"@id\":\"https:\\\/\\\/waxoyl.nl\\\/#organization\",\"name\":\"Waxoyl Benelux\",\"url\":\"https:\\\/\\\/waxoyl.nl\\\/\",\"logo\":{\"@type\":\"ImageObject\",\"inLanguage\":\"fr-FR\",\"@id\":\"https:\\\/\\\/waxoyl.nl\\\/#\\\/schema\\\/logo\\\/image\\\/\",\"url\":\"https:\\\/\\\/waxoyl.nl\\\/app\\\/uploads\\\/2022\\\/05\\\/waxoyl_logo_car-care-2021-2.png\",\"contentUrl\":\"https:\\\/\\\/waxoyl.nl\\\/app\\\/uploads\\\/2022\\\/05\\\/waxoyl_logo_car-care-2021-2.png\",\"width\":709,\"height\":709,\"caption\":\"Waxoyl Benelux\"},\"image\":{\"@id\":\"https:\\\/\\\/waxoyl.nl\\\/#\\\/schema\\\/logo\\\/image\\\/\"},\"sameAs\":[\"https:\\\/\\\/www.facebook.com\\\/WaxoylBenelux\",\"https:\\\/\\\/www.instagram.com\\\/waxoylbenelux\\\/\",\"https:\\\/\\\/www.linkedin.com\\\/company\\\/waxoyl\\\/\"]}]}<\/script>\n<!-- \/ Yoast SEO plugin. -->","yoast_head_json":{"title":"Waxoyl set 3en1 500ml et chiffon dans un sac - Waxoyl","robots":{"index":"index","follow":"follow","max-snippet":"max-snippet:-1","max-image-preview":"max-image-preview:large","max-video-preview":"max-video-preview:-1"},"canonical":"https:\/\/waxoyl.nl\/product\/waxoyl-set-3en1-500ml-et-chiffon-dans-un-sac\/","og_locale":"fr_FR","og_type":"article","og_title":"Waxoyl set 3en1 500ml et chiffon dans un sac - Waxoyl","og_description":"Waxoyl 3 en 1 est un produit d\u0092entretien pour les voitures ayant re\u00e7u un traitement de scellement de la peinture Waxoyl. Suite au lavage, la couche sup\u00e9rieure Waxoyl s'use peu \u00e0 peu. Avec 3 en 1, vous pouvez facilement restaurer les endroits us\u00e9s. D\u00e9jections d'oiseau, r\u00e9sine d'arbre, mouchettes et moustiques peuvent \u00eatre \u00e9limin\u00e9s avec Waxoyl 3 en 1. La couche sup\u00e9rieure \u00e9ventuellement attaqu\u00e9e est ainsi directement restaur\u00e9e. Waxoyl 3 en 1 peut \u00eatre utilis\u00e9 sur le plastique, le verre et la peinture et maintient la peinture dans un \u00e9tat impeccable. Vous \u00eates un professionnel et vous souhaitez commander ce produit? Ensuite aller \u00e0 www.waxoyl-e-shop.nl\/fr\/ et demander un compte.","og_url":"https:\/\/waxoyl.nl\/product\/waxoyl-set-3en1-500ml-et-chiffon-dans-un-sac\/","og_site_name":"Waxoyl","article_publisher":"https:\/\/www.facebook.com\/WaxoylBenelux","article_modified_time":"2024-05-13T13:16:43+00:00","twitter_card":"summary_large_image","twitter_misc":{"Est. reading time":"1 minute"},"schema":{"@context":"https:\/\/schema.org","@graph":[{"@type":"WebPage","@id":"https:\/\/waxoyl.nl\/product\/waxoyl-set-3en1-500ml-et-chiffon-dans-un-sac\/","url":"https:\/\/waxoyl.nl\/product\/waxoyl-set-3en1-500ml-et-chiffon-dans-un-sac\/","name":"Waxoyl set 3en1 500ml et chiffon dans un sac - Waxoyl","isPartOf":{"@id":"https:\/\/waxoyl.nl\/#website"},"primaryImageOfPage":{"@id":"https:\/\/waxoyl.nl\/product\/waxoyl-set-3en1-500ml-et-chiffon-dans-un-sac\/#primaryimage"},"image":{"@id":"https:\/\/waxoyl.nl\/product\/waxoyl-set-3en1-500ml-et-chiffon-dans-un-sac\/#primaryimage"},"thumbnailUrl":"https:\/\/waxoyl.nl\/app\/uploads\/2022\/06\/Waxoyl-aftercare-incl-doek.jpg","datePublished":"2022-06-10T07:48:31+00:00","dateModified":"2024-05-13T13:16:43+00:00","breadcrumb":{"@id":"https:\/\/waxoyl.nl\/product\/waxoyl-set-3en1-500ml-et-chiffon-dans-un-sac\/#breadcrumb"},"inLanguage":"fr-FR","potentialAction":[{"@type":"ReadAction","target":["https:\/\/waxoyl.nl\/product\/waxoyl-set-3en1-500ml-et-chiffon-dans-un-sac\/"]}]},{"@type":"ImageObject","inLanguage":"fr-FR","@id":"https:\/\/waxoyl.nl\/product\/waxoyl-set-3en1-500ml-et-chiffon-dans-un-sac\/#primaryimage","url":"https:\/\/waxoyl.nl\/app\/uploads\/2022\/06\/Waxoyl-aftercare-incl-doek.jpg","contentUrl":"https:\/\/waxoyl.nl\/app\/uploads\/2022\/06\/Waxoyl-aftercare-incl-doek.jpg","width":800,"height":600},{"@type":"BreadcrumbList","@id":"https:\/\/waxoyl.nl\/product\/waxoyl-set-3en1-500ml-et-chiffon-dans-un-sac\/#breadcrumb","itemListElement":[{"@type":"ListItem","position":1,"name":"Home","item":"https:\/\/waxoyl.nl\/fr\/accueil\/"},{"@type":"ListItem","position":2,"name":"Shop","item":"https:\/\/waxoyl.nl\/shop\/"},{"@type":"ListItem","position":3,"name":"Waxoyl set 3en1 500ml et chiffon dans un sac"}]},{"@type":"WebSite","@id":"https:\/\/waxoyl.nl\/#website","url":"https:\/\/waxoyl.nl\/","name":"Waxoyl","description":"Protection to perfection","publisher":{"@id":"https:\/\/waxoyl.nl\/#organization"},"potentialAction":[{"@type":"SearchAction","target":{"@type":"EntryPoint","urlTemplate":"https:\/\/waxoyl.nl\/?s={search_term_string}"},"query-input":{"@type":"PropertyValueSpecification","valueRequired":true,"valueName":"search_term_string"}}],"inLanguage":"fr-FR"},{"@type":"Organization","@id":"https:\/\/waxoyl.nl\/#organization","name":"Waxoyl Benelux","url":"https:\/\/waxoyl.nl\/","logo":{"@type":"ImageObject","inLanguage":"fr-FR","@id":"https:\/\/waxoyl.nl\/#\/schema\/logo\/image\/","url":"https:\/\/waxoyl.nl\/app\/uploads\/2022\/05\/waxoyl_logo_car-care-2021-2.png","contentUrl":"https:\/\/waxoyl.nl\/app\/uploads\/2022\/05\/waxoyl_logo_car-care-2021-2.png","width":709,"height":709,"caption":"Waxoyl Benelux"},"image":{"@id":"https:\/\/waxoyl.nl\/#\/schema\/logo\/image\/"},"sameAs":["https:\/\/www.facebook.com\/WaxoylBenelux","https:\/\/www.instagram.com\/waxoylbenelux\/","https:\/\/www.linkedin.com\/company\/waxoyl\/"]}]}},"_links":{"self":[{"href":"https:\/\/waxoyl.nl\/fr\/wp-json\/wp\/v2\/product\/3789","targetHints":{"allow":["GET"]}}],"collection":[{"href":"https:\/\/waxoyl.nl\/fr\/wp-json\/wp\/v2\/product"}],"about":[{"href":"https:\/\/waxoyl.nl\/fr\/wp-json\/wp\/v2\/types\/product"}],"wp:featuredmedia":[{"embeddable":true,"href":"https:\/\/waxoyl.nl\/fr\/wp-json\/wp\/v2\/media\/3605"}],"wp:attachment":[{"href":"https:\/\/waxoyl.nl\/fr\/wp-json\/wp\/v2\/media?parent=3789"}],"wp:term":[{"taxonomy":"product_brand","embeddable":true,"href":"https:\/\/waxoyl.nl\/fr\/wp-json\/wp\/v2\/product_brand?post=3789"},{"taxonomy":"product_cat","embeddable":true,"href":"https:\/\/waxoyl.nl\/fr\/wp-json\/wp\/v2\/product_cat?post=3789"},{"taxonomy":"product_tag","embeddable":true,"href":"https:\/\/waxoyl.nl\/fr\/wp-json\/wp\/v2\/product_tag?post=3789"}],"curies":[{"name":"wp","href":"https:\/\/api.w.org\/{rel}","templated":true}]}}