{"id":3794,"date":"2022-06-10T08:18:19","date_gmt":"2022-06-10T06:18:19","guid":{"rendered":"https:\/\/waxoyl.nl\/product\/waxoyl-final-glass\/"},"modified":"2024-07-21T23:48:03","modified_gmt":"2024-07-21T21:48:03","slug":"waxoyl-final-glass","status":"publish","type":"product","link":"https:\/\/waxoyl.nl\/fr\/product\/waxoyl-final-glass\/","title":{"rendered":"Waxoyl Final Glass"},"content":{"rendered":"<p>Waxoyl Final Glass est un traitement de protection pour le pare-brise de la voiture. Il est \u00e9galement appliqu\u00e9 sur les fen\u00eatres, les phares, les visi\u00e8res de casque, etc.<\/p>\n<p>Final Glass garantit un rev\u00eatement lisse. Le film protecteur a un effet d\u00e9perlant constant par rapport aux \u00e9l\u00e9ments ext\u00e9rieurs comme la pluie, la neige, la gr\u00eale et la poussi\u00e8re. Le d\u00e9p\u00f4t d&#8217;un film hydrophobe invisible permet de chasser pendant la conduite l&#8217;eau de pluie, la gr\u00eale et la neige, ce qui augmente la visibilit\u00e9 et am\u00e9liore la s\u00e9curit\u00e9. Il tue \u00e9galement facilement les insectes. Les composants sp\u00e9cifiques de Final Glass permettent de cr\u00e9er une couche de protection qui \u00e9vite que l&#8217;eau de pluie reste sur le pare-brise pendant la conduite. L&#8217;effet d\u00e9perlant de Final Glass veille \u00e0 ce que les gouttes glissent lorsque le v\u00e9hicule est en mouvement, cela \u00e9vite d&#8217;utiliser les essuie-glaces \u00e9tant donn\u00e9 que l&#8217;eau est chass\u00e9e, ce qui augmente la s\u00e9curit\u00e9 de la conduite par temps pluvieux. Final Glass peut \u00eatre utilis\u00e9 sur toutes les surfaces vitr\u00e9es.<\/p>\n<p>Avantages :<br \/>\n* Scellement protecteur pour vitrages<br \/>\n* Effet d\u00e9perlant<br \/>\n* Facile et rapide \u00e0 utiliser<br \/>\n* Am\u00e9liore la visibilit\u00e9<\/p>\n","protected":false},"excerpt":{"rendered":"<p>Waxoyl Final Glass est un traitement de protection pour le pare-brise de la voiture. Il est \u00e9galement appliqu\u00e9 sur les fen\u00eatres, les phares, les visi\u00e8res de casque, etc.<\/p>\n<p>Final Glass garantit un rev\u00eatement lisse. Le film protecteur a un effet d\u00e9perlant constant par rapport aux \u00e9l\u00e9ments ext\u00e9rieurs comme la pluie, la neige, la gr\u00eale et la poussi\u00e8re. Le d\u00e9p\u00f4t d&#8217;un film hydrophobe invisible permet de chasser pendant la conduite l&#8217;eau de pluie, la gr\u00eale et la neige, ce qui augmente la visibilit\u00e9 et am\u00e9liore la s\u00e9curit\u00e9. Il tue \u00e9galement facilement les insectes. Les composants sp\u00e9cifiques de Final Glass permettent de cr\u00e9er une couche de protection qui \u00e9vite que l&#8217;eau de pluie reste sur le pare-brise pendant la conduite. L&#8217;effet d\u00e9perlant de Final Glass veille \u00e0 ce que les gouttes glissent lorsque le v\u00e9hicule est en mouvement, cela \u00e9vite d&#8217;utiliser les essuie-glaces \u00e9tant donn\u00e9 que l&#8217;eau est chass\u00e9e, ce qui augmente la s\u00e9curit\u00e9 de la conduite par temps pluvieux. Final Glass peut \u00eatre utilis\u00e9 sur toutes les surfaces vitr\u00e9es.<\/p>\n<p>Vous \u00eates un professionnel et vous souhaitez commander ce produit? Ensuite aller \u00e0 <a href=\"http:\/\/www.waxoyl-e-shop.nl\/\" target=\"_blank\" rel=\"noopener\">www.waxoyl-e-shop.nl\/fr\/<\/a> et demander un compte.<\/p>\n","protected":false},"featured_media":3600,"template":"","meta":[],"product_brand":[],"product_cat":[58,55],"product_tag":[],"class_list":{"0":"post-3794","1":"product","2":"type-product","3":"status-publish","4":"has-post-thumbnail","6":"product_cat-nettoyage-exterieur","7":"product_cat-professionnelle","9":"first","10":"instock","11":"shipping-taxable","12":"product-type-simple"},"yoast_head":"<!-- This site is optimized with the Yoast SEO plugin v27.5 - https:\/\/yoast.com\/product\/yoast-seo-wordpress\/ -->\n<title>Waxoyl Final Glass - Waxoyl<\/title>\n<meta name=\"robots\" content=\"index, follow, max-snippet:-1, max-image-preview:large, max-video-preview:-1\" \/>\n<link rel=\"canonical\" href=\"https:\/\/waxoyl.nl\/product\/waxoyl-final-glass\/\" \/>\n<meta property=\"og:locale\" content=\"fr_FR\" \/>\n<meta property=\"og:type\" content=\"article\" \/>\n<meta property=\"og:title\" content=\"Waxoyl Final Glass - Waxoyl\" \/>\n<meta property=\"og:description\" content=\"Waxoyl Final Glass est un traitement de protection pour le pare-brise de la voiture. Il est \u00e9galement appliqu\u00e9 sur les fen\u00eatres, les phares, les visi\u00e8res de casque, etc. Final Glass garantit un rev\u00eatement lisse. Le film protecteur a un effet d\u00e9perlant constant par rapport aux \u00e9l\u00e9ments ext\u00e9rieurs comme la pluie, la neige, la gr\u00eale et la poussi\u00e8re. Le d\u00e9p\u00f4t d&#039;un film hydrophobe invisible permet de chasser pendant la conduite l&#039;eau de pluie, la gr\u00eale et la neige, ce qui augmente la visibilit\u00e9 et am\u00e9liore la s\u00e9curit\u00e9. Il tue \u00e9galement facilement les insectes. Les composants sp\u00e9cifiques de Final Glass permettent de cr\u00e9er une couche de protection qui \u00e9vite que l&#039;eau de pluie reste sur le pare-brise pendant la conduite. L&#039;effet d\u00e9perlant de Final Glass veille \u00e0 ce que les gouttes glissent lorsque le v\u00e9hicule est en mouvement, cela \u00e9vite d&#039;utiliser les essuie-glaces \u00e9tant donn\u00e9 que l&#039;eau est chass\u00e9e, ce qui augmente la s\u00e9curit\u00e9 de la conduite par temps pluvieux. Final Glass peut \u00eatre utilis\u00e9 sur toutes les surfaces vitr\u00e9es. Vous \u00eates un professionnel et vous souhaitez commander ce produit? Ensuite aller \u00e0 www.waxoyl-e-shop.nl\/fr\/ et demander un compte.\" \/>\n<meta property=\"og:url\" content=\"https:\/\/waxoyl.nl\/product\/waxoyl-final-glass\/\" \/>\n<meta property=\"og:site_name\" content=\"Waxoyl\" \/>\n<meta property=\"article:publisher\" content=\"https:\/\/www.facebook.com\/WaxoylBenelux\" \/>\n<meta property=\"article:modified_time\" content=\"2024-07-21T21:48:03+00:00\" \/>\n<meta name=\"twitter:card\" content=\"summary_large_image\" \/>\n<meta name=\"twitter:label1\" content=\"Est. reading time\" \/>\n\t<meta name=\"twitter:data1\" content=\"1 minute\" \/>\n<script type=\"application\/ld+json\" class=\"yoast-schema-graph\">{\"@context\":\"https:\\\/\\\/schema.org\",\"@graph\":[{\"@type\":\"WebPage\",\"@id\":\"https:\\\/\\\/waxoyl.nl\\\/product\\\/waxoyl-final-glass\\\/\",\"url\":\"https:\\\/\\\/waxoyl.nl\\\/product\\\/waxoyl-final-glass\\\/\",\"name\":\"Waxoyl Final Glass - Waxoyl\",\"isPartOf\":{\"@id\":\"https:\\\/\\\/waxoyl.nl\\\/#website\"},\"primaryImageOfPage\":{\"@id\":\"https:\\\/\\\/waxoyl.nl\\\/product\\\/waxoyl-final-glass\\\/#primaryimage\"},\"image\":{\"@id\":\"https:\\\/\\\/waxoyl.nl\\\/product\\\/waxoyl-final-glass\\\/#primaryimage\"},\"thumbnailUrl\":\"https:\\\/\\\/waxoyl.nl\\\/app\\\/uploads\\\/2022\\\/06\\\/Waxoyl-Final-Glass.jpg\",\"datePublished\":\"2022-06-10T06:18:19+00:00\",\"dateModified\":\"2024-07-21T21:48:03+00:00\",\"breadcrumb\":{\"@id\":\"https:\\\/\\\/waxoyl.nl\\\/product\\\/waxoyl-final-glass\\\/#breadcrumb\"},\"inLanguage\":\"fr-FR\",\"potentialAction\":[{\"@type\":\"ReadAction\",\"target\":[\"https:\\\/\\\/waxoyl.nl\\\/product\\\/waxoyl-final-glass\\\/\"]}]},{\"@type\":\"ImageObject\",\"inLanguage\":\"fr-FR\",\"@id\":\"https:\\\/\\\/waxoyl.nl\\\/product\\\/waxoyl-final-glass\\\/#primaryimage\",\"url\":\"https:\\\/\\\/waxoyl.nl\\\/app\\\/uploads\\\/2022\\\/06\\\/Waxoyl-Final-Glass.jpg\",\"contentUrl\":\"https:\\\/\\\/waxoyl.nl\\\/app\\\/uploads\\\/2022\\\/06\\\/Waxoyl-Final-Glass.jpg\",\"width\":800,\"height\":600},{\"@type\":\"BreadcrumbList\",\"@id\":\"https:\\\/\\\/waxoyl.nl\\\/product\\\/waxoyl-final-glass\\\/#breadcrumb\",\"itemListElement\":[{\"@type\":\"ListItem\",\"position\":1,\"name\":\"Home\",\"item\":\"https:\\\/\\\/waxoyl.nl\\\/fr\\\/accueil\\\/\"},{\"@type\":\"ListItem\",\"position\":2,\"name\":\"Shop\",\"item\":\"https:\\\/\\\/waxoyl.nl\\\/shop\\\/\"},{\"@type\":\"ListItem\",\"position\":3,\"name\":\"Waxoyl Final Glass\"}]},{\"@type\":\"WebSite\",\"@id\":\"https:\\\/\\\/waxoyl.nl\\\/#website\",\"url\":\"https:\\\/\\\/waxoyl.nl\\\/\",\"name\":\"Waxoyl\",\"description\":\"Protection to perfection\",\"publisher\":{\"@id\":\"https:\\\/\\\/waxoyl.nl\\\/#organization\"},\"potentialAction\":[{\"@type\":\"SearchAction\",\"target\":{\"@type\":\"EntryPoint\",\"urlTemplate\":\"https:\\\/\\\/waxoyl.nl\\\/?s={search_term_string}\"},\"query-input\":{\"@type\":\"PropertyValueSpecification\",\"valueRequired\":true,\"valueName\":\"search_term_string\"}}],\"inLanguage\":\"fr-FR\"},{\"@type\":\"Organization\",\"@id\":\"https:\\\/\\\/waxoyl.nl\\\/#organization\",\"name\":\"Waxoyl Benelux\",\"url\":\"https:\\\/\\\/waxoyl.nl\\\/\",\"logo\":{\"@type\":\"ImageObject\",\"inLanguage\":\"fr-FR\",\"@id\":\"https:\\\/\\\/waxoyl.nl\\\/#\\\/schema\\\/logo\\\/image\\\/\",\"url\":\"https:\\\/\\\/waxoyl.nl\\\/app\\\/uploads\\\/2022\\\/05\\\/waxoyl_logo_car-care-2021-2.png\",\"contentUrl\":\"https:\\\/\\\/waxoyl.nl\\\/app\\\/uploads\\\/2022\\\/05\\\/waxoyl_logo_car-care-2021-2.png\",\"width\":709,\"height\":709,\"caption\":\"Waxoyl Benelux\"},\"image\":{\"@id\":\"https:\\\/\\\/waxoyl.nl\\\/#\\\/schema\\\/logo\\\/image\\\/\"},\"sameAs\":[\"https:\\\/\\\/www.facebook.com\\\/WaxoylBenelux\",\"https:\\\/\\\/www.instagram.com\\\/waxoylbenelux\\\/\",\"https:\\\/\\\/www.linkedin.com\\\/company\\\/waxoyl\\\/\"]}]}<\/script>\n<!-- \/ Yoast SEO plugin. -->","yoast_head_json":{"title":"Waxoyl Final Glass - Waxoyl","robots":{"index":"index","follow":"follow","max-snippet":"max-snippet:-1","max-image-preview":"max-image-preview:large","max-video-preview":"max-video-preview:-1"},"canonical":"https:\/\/waxoyl.nl\/product\/waxoyl-final-glass\/","og_locale":"fr_FR","og_type":"article","og_title":"Waxoyl Final Glass - Waxoyl","og_description":"Waxoyl Final Glass est un traitement de protection pour le pare-brise de la voiture. Il est \u00e9galement appliqu\u00e9 sur les fen\u00eatres, les phares, les visi\u00e8res de casque, etc. Final Glass garantit un rev\u00eatement lisse. Le film protecteur a un effet d\u00e9perlant constant par rapport aux \u00e9l\u00e9ments ext\u00e9rieurs comme la pluie, la neige, la gr\u00eale et la poussi\u00e8re. Le d\u00e9p\u00f4t d'un film hydrophobe invisible permet de chasser pendant la conduite l'eau de pluie, la gr\u00eale et la neige, ce qui augmente la visibilit\u00e9 et am\u00e9liore la s\u00e9curit\u00e9. Il tue \u00e9galement facilement les insectes. Les composants sp\u00e9cifiques de Final Glass permettent de cr\u00e9er une couche de protection qui \u00e9vite que l'eau de pluie reste sur le pare-brise pendant la conduite. L'effet d\u00e9perlant de Final Glass veille \u00e0 ce que les gouttes glissent lorsque le v\u00e9hicule est en mouvement, cela \u00e9vite d'utiliser les essuie-glaces \u00e9tant donn\u00e9 que l'eau est chass\u00e9e, ce qui augmente la s\u00e9curit\u00e9 de la conduite par temps pluvieux. Final Glass peut \u00eatre utilis\u00e9 sur toutes les surfaces vitr\u00e9es. Vous \u00eates un professionnel et vous souhaitez commander ce produit? Ensuite aller \u00e0 www.waxoyl-e-shop.nl\/fr\/ et demander un compte.","og_url":"https:\/\/waxoyl.nl\/product\/waxoyl-final-glass\/","og_site_name":"Waxoyl","article_publisher":"https:\/\/www.facebook.com\/WaxoylBenelux","article_modified_time":"2024-07-21T21:48:03+00:00","twitter_card":"summary_large_image","twitter_misc":{"Est. reading time":"1 minute"},"schema":{"@context":"https:\/\/schema.org","@graph":[{"@type":"WebPage","@id":"https:\/\/waxoyl.nl\/product\/waxoyl-final-glass\/","url":"https:\/\/waxoyl.nl\/product\/waxoyl-final-glass\/","name":"Waxoyl Final Glass - Waxoyl","isPartOf":{"@id":"https:\/\/waxoyl.nl\/#website"},"primaryImageOfPage":{"@id":"https:\/\/waxoyl.nl\/product\/waxoyl-final-glass\/#primaryimage"},"image":{"@id":"https:\/\/waxoyl.nl\/product\/waxoyl-final-glass\/#primaryimage"},"thumbnailUrl":"https:\/\/waxoyl.nl\/app\/uploads\/2022\/06\/Waxoyl-Final-Glass.jpg","datePublished":"2022-06-10T06:18:19+00:00","dateModified":"2024-07-21T21:48:03+00:00","breadcrumb":{"@id":"https:\/\/waxoyl.nl\/product\/waxoyl-final-glass\/#breadcrumb"},"inLanguage":"fr-FR","potentialAction":[{"@type":"ReadAction","target":["https:\/\/waxoyl.nl\/product\/waxoyl-final-glass\/"]}]},{"@type":"ImageObject","inLanguage":"fr-FR","@id":"https:\/\/waxoyl.nl\/product\/waxoyl-final-glass\/#primaryimage","url":"https:\/\/waxoyl.nl\/app\/uploads\/2022\/06\/Waxoyl-Final-Glass.jpg","contentUrl":"https:\/\/waxoyl.nl\/app\/uploads\/2022\/06\/Waxoyl-Final-Glass.jpg","width":800,"height":600},{"@type":"BreadcrumbList","@id":"https:\/\/waxoyl.nl\/product\/waxoyl-final-glass\/#breadcrumb","itemListElement":[{"@type":"ListItem","position":1,"name":"Home","item":"https:\/\/waxoyl.nl\/fr\/accueil\/"},{"@type":"ListItem","position":2,"name":"Shop","item":"https:\/\/waxoyl.nl\/shop\/"},{"@type":"ListItem","position":3,"name":"Waxoyl Final Glass"}]},{"@type":"WebSite","@id":"https:\/\/waxoyl.nl\/#website","url":"https:\/\/waxoyl.nl\/","name":"Waxoyl","description":"Protection to perfection","publisher":{"@id":"https:\/\/waxoyl.nl\/#organization"},"potentialAction":[{"@type":"SearchAction","target":{"@type":"EntryPoint","urlTemplate":"https:\/\/waxoyl.nl\/?s={search_term_string}"},"query-input":{"@type":"PropertyValueSpecification","valueRequired":true,"valueName":"search_term_string"}}],"inLanguage":"fr-FR"},{"@type":"Organization","@id":"https:\/\/waxoyl.nl\/#organization","name":"Waxoyl Benelux","url":"https:\/\/waxoyl.nl\/","logo":{"@type":"ImageObject","inLanguage":"fr-FR","@id":"https:\/\/waxoyl.nl\/#\/schema\/logo\/image\/","url":"https:\/\/waxoyl.nl\/app\/uploads\/2022\/05\/waxoyl_logo_car-care-2021-2.png","contentUrl":"https:\/\/waxoyl.nl\/app\/uploads\/2022\/05\/waxoyl_logo_car-care-2021-2.png","width":709,"height":709,"caption":"Waxoyl Benelux"},"image":{"@id":"https:\/\/waxoyl.nl\/#\/schema\/logo\/image\/"},"sameAs":["https:\/\/www.facebook.com\/WaxoylBenelux","https:\/\/www.instagram.com\/waxoylbenelux\/","https:\/\/www.linkedin.com\/company\/waxoyl\/"]}]}},"_links":{"self":[{"href":"https:\/\/waxoyl.nl\/fr\/wp-json\/wp\/v2\/product\/3794","targetHints":{"allow":["GET"]}}],"collection":[{"href":"https:\/\/waxoyl.nl\/fr\/wp-json\/wp\/v2\/product"}],"about":[{"href":"https:\/\/waxoyl.nl\/fr\/wp-json\/wp\/v2\/types\/product"}],"wp:featuredmedia":[{"embeddable":true,"href":"https:\/\/waxoyl.nl\/fr\/wp-json\/wp\/v2\/media\/3600"}],"wp:attachment":[{"href":"https:\/\/waxoyl.nl\/fr\/wp-json\/wp\/v2\/media?parent=3794"}],"wp:term":[{"taxonomy":"product_brand","embeddable":true,"href":"https:\/\/waxoyl.nl\/fr\/wp-json\/wp\/v2\/product_brand?post=3794"},{"taxonomy":"product_cat","embeddable":true,"href":"https:\/\/waxoyl.nl\/fr\/wp-json\/wp\/v2\/product_cat?post=3794"},{"taxonomy":"product_tag","embeddable":true,"href":"https:\/\/waxoyl.nl\/fr\/wp-json\/wp\/v2\/product_tag?post=3794"}],"curies":[{"name":"wp","href":"https:\/\/api.w.org\/{rel}","templated":true}]}}