{"id":3805,"date":"2022-06-09T08:35:23","date_gmt":"2022-06-09T06:35:23","guid":{"rendered":"https:\/\/waxoyl.nl\/product\/waxoyl-topwax-6-plus-5l\/"},"modified":"2022-06-09T08:35:23","modified_gmt":"2022-06-09T08:35:23","slug":"waxoyl-topwax-6-plus-5l","status":"publish","type":"product","link":"https:\/\/waxoyl.nl\/fr\/product\/waxoyl-topwax-6-plus-5l\/","title":{"rendered":"Waxoyl Topwax 6 Plus 5L"},"content":{"rendered":"<p>Topwax-6 Plus est un syst\u00e8me de protection contre la corrosion \u00e0 base de cire, contenant des solvants, qui a \u00e9t\u00e9 con\u00e7u pour cr\u00e9er une couche de protection pendant le transport et le stockage de voitures, machines agricoles et de construction, machines, pi\u00e8ces de machine et outils. Gr\u00e2ce \u00e0 ses bonnes propri\u00e9t\u00e9s de constitution d&#8217;un film, il peut \u00eatre appliqu\u00e9 sur presque toutes les surfaces, o\u00f9 il p\u00e9n\u00e8tre dans l&#8217;eau et l&#8217;humidit\u00e9. Topwax-6 Plus offre une protection fiable contre la corrosion \u00e0 des endroits qui sont sensibles \u00e0 la rouille, comme les raccords viss\u00e9s, les brides, les ajustements, etc.<\/p>\n<p>Le film transparent solide \u00e9loigne avec efficacit\u00e9 des surfaces non trait\u00e9es et peintes les influences du climat et de l&#8217;environnement, comme les pluies acides, une pellicule de rouille et des particules de rouille. Les peintures et les laques sont prot\u00e9g\u00e9es avec efficacit\u00e9 contre les rayons UV. Le film de protection peut \u00eatre facilement \u00e9limin\u00e9 apr\u00e8s la p\u00e9riode de protection de 6 mois avec de l&#8217;eau et un nettoyeur \u00e0 haute pression disponible dans le commerce (K\u00e4rcher, WAB, etc.). La temp\u00e9rature de l\u0092eau doit \u00eatre de 100-120 degr\u00e9s Celsius et il faut ajouter 2 \u00e0 5 % d&#8217;essence (hydrocarbure) (produit de nettoyage \u00e0 froid).<\/p>\n<p>Existe aussi en f\u00fbt de 200 litres.<\/p>\n<p>Avantages:<br \/>\n* Couche de protection incolore \u00e0 base de cire<br \/>\n* Prot\u00e8ge les surfaces peintes et non trait\u00e9es contre les effets environnementaux<br \/>\n* Bonne protection contre la corrosion<br \/>\n* P\u00e9n\u00e8tre dans l&#8217;humidit\u00e9<br \/>\n* \u00c9limination ais\u00e9e<\/p>\n","protected":false},"excerpt":{"rendered":"<p>Topwax-6 Plus est un syst\u00e8me de protection contre la corrosion \u00e0 base de cire, contenant des solvants, qui a \u00e9t\u00e9 con\u00e7u pour cr\u00e9er une couche de protection pendant le transport et le stockage de voitures, machines agricoles et de construction, machines, pi\u00e8ces de machine et outils. Gr\u00e2ce \u00e0 ses bonnes propri\u00e9t\u00e9s de constitution d&#8217;un film, il peut \u00eatre appliqu\u00e9 sur presque toutes les surfaces, o\u00f9 il p\u00e9n\u00e8tre dans l&#8217;eau et l&#8217;humidit\u00e9. Topwax-6 Plus offre une protection fiable contre la corrosion \u00e0 des endroits qui sont sensibles \u00e0 la rouille, comme les raccords viss\u00e9s, les brides, les ajustements, etc.<\/p>\n<p>Le film transparent solide \u00e9loigne avec efficacit\u00e9 des surfaces non trait\u00e9es et peintes les influences du climat et de l&#8217;environnement, comme les pluies acides, une pellicule de rouille et des particules de rouille. Les peintures et les laques sont prot\u00e9g\u00e9es avec efficacit\u00e9 contre les rayons UV. Le film de protection peut \u00eatre facilement \u00e9limin\u00e9 apr\u00e8s la p\u00e9riode de protection de 6 mois avec de l&#8217;eau et un nettoyeur \u00e0 haute pression disponible dans le commerce (K\u00e4rcher, WAB, etc.). La temp\u00e9rature de l\u0092eau doit \u00eatre de 100-120 degr\u00e9s Celsius et il faut ajouter 2 \u00e0 5 % d&#8217;essence (hydrocarbure) (produit de nettoyage \u00e0 froid).<\/p>\n<p>Existe aussi en f\u00fbt de 200 litres.<\/p>\n<p>Vous \u00eates un professionnel et vous souhaitez commander ce produit? Ensuite aller \u00e0 <a href=\"http:\/\/www.waxoyl-e-shop.nl\/\" target=\"_blank\" rel=\"noopener\">www.waxoyl-e-shop.nl\/fr\/<\/a> et demander un compte.<\/p>\n","protected":false},"featured_media":3574,"template":"","meta":[],"product_brand":[],"product_cat":[62,55],"product_tag":[],"class_list":{"0":"post-3805","1":"product","2":"type-product","3":"status-publish","4":"has-post-thumbnail","6":"product_cat-anti-corrosion","7":"product_cat-professionnelle","9":"first","10":"instock","11":"shipping-taxable","12":"product-type-simple"},"yoast_head":"<!-- This site is optimized with the Yoast SEO plugin v27.3 - https:\/\/yoast.com\/product\/yoast-seo-wordpress\/ -->\n<title>Waxoyl Topwax 6 Plus 5L - Waxoyl<\/title>\n<meta name=\"robots\" content=\"index, follow, max-snippet:-1, max-image-preview:large, max-video-preview:-1\" \/>\n<link rel=\"canonical\" href=\"https:\/\/waxoyl.nl\/product\/waxoyl-topwax-6-plus-5l\/\" \/>\n<meta property=\"og:locale\" content=\"fr_FR\" \/>\n<meta property=\"og:type\" content=\"article\" \/>\n<meta property=\"og:title\" content=\"Waxoyl Topwax 6 Plus 5L - Waxoyl\" \/>\n<meta property=\"og:description\" content=\"Topwax-6 Plus est un syst\u00e8me de protection contre la corrosion \u00e0 base de cire, contenant des solvants, qui a \u00e9t\u00e9 con\u00e7u pour cr\u00e9er une couche de protection pendant le transport et le stockage de voitures, machines agricoles et de construction, machines, pi\u00e8ces de machine et outils. Gr\u00e2ce \u00e0 ses bonnes propri\u00e9t\u00e9s de constitution d&#039;un film, il peut \u00eatre appliqu\u00e9 sur presque toutes les surfaces, o\u00f9 il p\u00e9n\u00e8tre dans l&#039;eau et l&#039;humidit\u00e9. Topwax-6 Plus offre une protection fiable contre la corrosion \u00e0 des endroits qui sont sensibles \u00e0 la rouille, comme les raccords viss\u00e9s, les brides, les ajustements, etc. Le film transparent solide \u00e9loigne avec efficacit\u00e9 des surfaces non trait\u00e9es et peintes les influences du climat et de l&#039;environnement, comme les pluies acides, une pellicule de rouille et des particules de rouille. Les peintures et les laques sont prot\u00e9g\u00e9es avec efficacit\u00e9 contre les rayons UV. Le film de protection peut \u00eatre facilement \u00e9limin\u00e9 apr\u00e8s la p\u00e9riode de protection de 6 mois avec de l&#039;eau et un nettoyeur \u00e0 haute pression disponible dans le commerce (K\u00e4rcher, WAB, etc.). La temp\u00e9rature de l\u0092eau doit \u00eatre de 100-120 degr\u00e9s Celsius et il faut ajouter 2 \u00e0 5 % d&#039;essence (hydrocarbure) (produit de nettoyage \u00e0 froid). Existe aussi en f\u00fbt de 200 litres. Vous \u00eates un professionnel et vous souhaitez commander ce produit? Ensuite aller \u00e0 www.waxoyl-e-shop.nl\/fr\/ et demander un compte.\" \/>\n<meta property=\"og:url\" content=\"https:\/\/waxoyl.nl\/product\/waxoyl-topwax-6-plus-5l\/\" \/>\n<meta property=\"og:site_name\" content=\"Waxoyl\" \/>\n<meta property=\"article:publisher\" content=\"https:\/\/www.facebook.com\/WaxoylBenelux\" \/>\n<meta property=\"article:modified_time\" content=\"2022-06-09T08:35:23+00:00\" \/>\n<meta name=\"twitter:card\" content=\"summary_large_image\" \/>\n<meta name=\"twitter:label1\" content=\"Est. reading time\" \/>\n\t<meta name=\"twitter:data1\" content=\"1 minute\" \/>\n<script type=\"application\/ld+json\" class=\"yoast-schema-graph\">{\"@context\":\"https:\\\/\\\/schema.org\",\"@graph\":[{\"@type\":\"WebPage\",\"@id\":\"https:\\\/\\\/waxoyl.nl\\\/product\\\/waxoyl-topwax-6-plus-5l\\\/\",\"url\":\"https:\\\/\\\/waxoyl.nl\\\/product\\\/waxoyl-topwax-6-plus-5l\\\/\",\"name\":\"Waxoyl Topwax 6 Plus 5L - Waxoyl\",\"isPartOf\":{\"@id\":\"https:\\\/\\\/waxoyl.nl\\\/#website\"},\"primaryImageOfPage\":{\"@id\":\"https:\\\/\\\/waxoyl.nl\\\/product\\\/waxoyl-topwax-6-plus-5l\\\/#primaryimage\"},\"image\":{\"@id\":\"https:\\\/\\\/waxoyl.nl\\\/product\\\/waxoyl-topwax-6-plus-5l\\\/#primaryimage\"},\"thumbnailUrl\":\"https:\\\/\\\/waxoyl.nl\\\/app\\\/uploads\\\/2022\\\/06\\\/Waxoyl-Topwax-6-Plus-5L.jpg\",\"datePublished\":\"2022-06-09T06:35:23+00:00\",\"dateModified\":\"2022-06-09T08:35:23+00:00\",\"breadcrumb\":{\"@id\":\"https:\\\/\\\/waxoyl.nl\\\/product\\\/waxoyl-topwax-6-plus-5l\\\/#breadcrumb\"},\"inLanguage\":\"fr-FR\",\"potentialAction\":[{\"@type\":\"ReadAction\",\"target\":[\"https:\\\/\\\/waxoyl.nl\\\/product\\\/waxoyl-topwax-6-plus-5l\\\/\"]}]},{\"@type\":\"ImageObject\",\"inLanguage\":\"fr-FR\",\"@id\":\"https:\\\/\\\/waxoyl.nl\\\/product\\\/waxoyl-topwax-6-plus-5l\\\/#primaryimage\",\"url\":\"https:\\\/\\\/waxoyl.nl\\\/app\\\/uploads\\\/2022\\\/06\\\/Waxoyl-Topwax-6-Plus-5L.jpg\",\"contentUrl\":\"https:\\\/\\\/waxoyl.nl\\\/app\\\/uploads\\\/2022\\\/06\\\/Waxoyl-Topwax-6-Plus-5L.jpg\",\"width\":800,\"height\":600},{\"@type\":\"BreadcrumbList\",\"@id\":\"https:\\\/\\\/waxoyl.nl\\\/product\\\/waxoyl-topwax-6-plus-5l\\\/#breadcrumb\",\"itemListElement\":[{\"@type\":\"ListItem\",\"position\":1,\"name\":\"Home\",\"item\":\"https:\\\/\\\/waxoyl.nl\\\/fr\\\/accueil\\\/\"},{\"@type\":\"ListItem\",\"position\":2,\"name\":\"Shop\",\"item\":\"https:\\\/\\\/waxoyl.nl\\\/shop\\\/\"},{\"@type\":\"ListItem\",\"position\":3,\"name\":\"Waxoyl Topwax 6 Plus 5L\"}]},{\"@type\":\"WebSite\",\"@id\":\"https:\\\/\\\/waxoyl.nl\\\/#website\",\"url\":\"https:\\\/\\\/waxoyl.nl\\\/\",\"name\":\"Waxoyl\",\"description\":\"Protection to perfection\",\"publisher\":{\"@id\":\"https:\\\/\\\/waxoyl.nl\\\/#organization\"},\"potentialAction\":[{\"@type\":\"SearchAction\",\"target\":{\"@type\":\"EntryPoint\",\"urlTemplate\":\"https:\\\/\\\/waxoyl.nl\\\/?s={search_term_string}\"},\"query-input\":{\"@type\":\"PropertyValueSpecification\",\"valueRequired\":true,\"valueName\":\"search_term_string\"}}],\"inLanguage\":\"fr-FR\"},{\"@type\":\"Organization\",\"@id\":\"https:\\\/\\\/waxoyl.nl\\\/#organization\",\"name\":\"Waxoyl Benelux\",\"url\":\"https:\\\/\\\/waxoyl.nl\\\/\",\"logo\":{\"@type\":\"ImageObject\",\"inLanguage\":\"fr-FR\",\"@id\":\"https:\\\/\\\/waxoyl.nl\\\/#\\\/schema\\\/logo\\\/image\\\/\",\"url\":\"https:\\\/\\\/waxoyl.nl\\\/app\\\/uploads\\\/2022\\\/05\\\/waxoyl_logo_car-care-2021-2.png\",\"contentUrl\":\"https:\\\/\\\/waxoyl.nl\\\/app\\\/uploads\\\/2022\\\/05\\\/waxoyl_logo_car-care-2021-2.png\",\"width\":709,\"height\":709,\"caption\":\"Waxoyl Benelux\"},\"image\":{\"@id\":\"https:\\\/\\\/waxoyl.nl\\\/#\\\/schema\\\/logo\\\/image\\\/\"},\"sameAs\":[\"https:\\\/\\\/www.facebook.com\\\/WaxoylBenelux\",\"https:\\\/\\\/www.instagram.com\\\/waxoylbenelux\\\/\",\"https:\\\/\\\/www.linkedin.com\\\/company\\\/waxoyl\\\/\"]}]}<\/script>\n<!-- \/ Yoast SEO plugin. -->","yoast_head_json":{"title":"Waxoyl Topwax 6 Plus 5L - Waxoyl","robots":{"index":"index","follow":"follow","max-snippet":"max-snippet:-1","max-image-preview":"max-image-preview:large","max-video-preview":"max-video-preview:-1"},"canonical":"https:\/\/waxoyl.nl\/product\/waxoyl-topwax-6-plus-5l\/","og_locale":"fr_FR","og_type":"article","og_title":"Waxoyl Topwax 6 Plus 5L - Waxoyl","og_description":"Topwax-6 Plus est un syst\u00e8me de protection contre la corrosion \u00e0 base de cire, contenant des solvants, qui a \u00e9t\u00e9 con\u00e7u pour cr\u00e9er une couche de protection pendant le transport et le stockage de voitures, machines agricoles et de construction, machines, pi\u00e8ces de machine et outils. Gr\u00e2ce \u00e0 ses bonnes propri\u00e9t\u00e9s de constitution d'un film, il peut \u00eatre appliqu\u00e9 sur presque toutes les surfaces, o\u00f9 il p\u00e9n\u00e8tre dans l'eau et l'humidit\u00e9. Topwax-6 Plus offre une protection fiable contre la corrosion \u00e0 des endroits qui sont sensibles \u00e0 la rouille, comme les raccords viss\u00e9s, les brides, les ajustements, etc. Le film transparent solide \u00e9loigne avec efficacit\u00e9 des surfaces non trait\u00e9es et peintes les influences du climat et de l'environnement, comme les pluies acides, une pellicule de rouille et des particules de rouille. Les peintures et les laques sont prot\u00e9g\u00e9es avec efficacit\u00e9 contre les rayons UV. Le film de protection peut \u00eatre facilement \u00e9limin\u00e9 apr\u00e8s la p\u00e9riode de protection de 6 mois avec de l'eau et un nettoyeur \u00e0 haute pression disponible dans le commerce (K\u00e4rcher, WAB, etc.). La temp\u00e9rature de l\u0092eau doit \u00eatre de 100-120 degr\u00e9s Celsius et il faut ajouter 2 \u00e0 5 % d'essence (hydrocarbure) (produit de nettoyage \u00e0 froid). Existe aussi en f\u00fbt de 200 litres. Vous \u00eates un professionnel et vous souhaitez commander ce produit? Ensuite aller \u00e0 www.waxoyl-e-shop.nl\/fr\/ et demander un compte.","og_url":"https:\/\/waxoyl.nl\/product\/waxoyl-topwax-6-plus-5l\/","og_site_name":"Waxoyl","article_publisher":"https:\/\/www.facebook.com\/WaxoylBenelux","article_modified_time":"2022-06-09T08:35:23+00:00","twitter_card":"summary_large_image","twitter_misc":{"Est. reading time":"1 minute"},"schema":{"@context":"https:\/\/schema.org","@graph":[{"@type":"WebPage","@id":"https:\/\/waxoyl.nl\/product\/waxoyl-topwax-6-plus-5l\/","url":"https:\/\/waxoyl.nl\/product\/waxoyl-topwax-6-plus-5l\/","name":"Waxoyl Topwax 6 Plus 5L - Waxoyl","isPartOf":{"@id":"https:\/\/waxoyl.nl\/#website"},"primaryImageOfPage":{"@id":"https:\/\/waxoyl.nl\/product\/waxoyl-topwax-6-plus-5l\/#primaryimage"},"image":{"@id":"https:\/\/waxoyl.nl\/product\/waxoyl-topwax-6-plus-5l\/#primaryimage"},"thumbnailUrl":"https:\/\/waxoyl.nl\/app\/uploads\/2022\/06\/Waxoyl-Topwax-6-Plus-5L.jpg","datePublished":"2022-06-09T06:35:23+00:00","dateModified":"2022-06-09T08:35:23+00:00","breadcrumb":{"@id":"https:\/\/waxoyl.nl\/product\/waxoyl-topwax-6-plus-5l\/#breadcrumb"},"inLanguage":"fr-FR","potentialAction":[{"@type":"ReadAction","target":["https:\/\/waxoyl.nl\/product\/waxoyl-topwax-6-plus-5l\/"]}]},{"@type":"ImageObject","inLanguage":"fr-FR","@id":"https:\/\/waxoyl.nl\/product\/waxoyl-topwax-6-plus-5l\/#primaryimage","url":"https:\/\/waxoyl.nl\/app\/uploads\/2022\/06\/Waxoyl-Topwax-6-Plus-5L.jpg","contentUrl":"https:\/\/waxoyl.nl\/app\/uploads\/2022\/06\/Waxoyl-Topwax-6-Plus-5L.jpg","width":800,"height":600},{"@type":"BreadcrumbList","@id":"https:\/\/waxoyl.nl\/product\/waxoyl-topwax-6-plus-5l\/#breadcrumb","itemListElement":[{"@type":"ListItem","position":1,"name":"Home","item":"https:\/\/waxoyl.nl\/fr\/accueil\/"},{"@type":"ListItem","position":2,"name":"Shop","item":"https:\/\/waxoyl.nl\/shop\/"},{"@type":"ListItem","position":3,"name":"Waxoyl Topwax 6 Plus 5L"}]},{"@type":"WebSite","@id":"https:\/\/waxoyl.nl\/#website","url":"https:\/\/waxoyl.nl\/","name":"Waxoyl","description":"Protection to perfection","publisher":{"@id":"https:\/\/waxoyl.nl\/#organization"},"potentialAction":[{"@type":"SearchAction","target":{"@type":"EntryPoint","urlTemplate":"https:\/\/waxoyl.nl\/?s={search_term_string}"},"query-input":{"@type":"PropertyValueSpecification","valueRequired":true,"valueName":"search_term_string"}}],"inLanguage":"fr-FR"},{"@type":"Organization","@id":"https:\/\/waxoyl.nl\/#organization","name":"Waxoyl Benelux","url":"https:\/\/waxoyl.nl\/","logo":{"@type":"ImageObject","inLanguage":"fr-FR","@id":"https:\/\/waxoyl.nl\/#\/schema\/logo\/image\/","url":"https:\/\/waxoyl.nl\/app\/uploads\/2022\/05\/waxoyl_logo_car-care-2021-2.png","contentUrl":"https:\/\/waxoyl.nl\/app\/uploads\/2022\/05\/waxoyl_logo_car-care-2021-2.png","width":709,"height":709,"caption":"Waxoyl Benelux"},"image":{"@id":"https:\/\/waxoyl.nl\/#\/schema\/logo\/image\/"},"sameAs":["https:\/\/www.facebook.com\/WaxoylBenelux","https:\/\/www.instagram.com\/waxoylbenelux\/","https:\/\/www.linkedin.com\/company\/waxoyl\/"]}]}},"_links":{"self":[{"href":"https:\/\/waxoyl.nl\/fr\/wp-json\/wp\/v2\/product\/3805","targetHints":{"allow":["GET"]}}],"collection":[{"href":"https:\/\/waxoyl.nl\/fr\/wp-json\/wp\/v2\/product"}],"about":[{"href":"https:\/\/waxoyl.nl\/fr\/wp-json\/wp\/v2\/types\/product"}],"wp:featuredmedia":[{"embeddable":true,"href":"https:\/\/waxoyl.nl\/fr\/wp-json\/wp\/v2\/media\/3574"}],"wp:attachment":[{"href":"https:\/\/waxoyl.nl\/fr\/wp-json\/wp\/v2\/media?parent=3805"}],"wp:term":[{"taxonomy":"product_brand","embeddable":true,"href":"https:\/\/waxoyl.nl\/fr\/wp-json\/wp\/v2\/product_brand?post=3805"},{"taxonomy":"product_cat","embeddable":true,"href":"https:\/\/waxoyl.nl\/fr\/wp-json\/wp\/v2\/product_cat?post=3805"},{"taxonomy":"product_tag","embeddable":true,"href":"https:\/\/waxoyl.nl\/fr\/wp-json\/wp\/v2\/product_tag?post=3805"}],"curies":[{"name":"wp","href":"https:\/\/api.w.org\/{rel}","templated":true}]}}