{"id":3806,"date":"2022-06-09T08:31:34","date_gmt":"2022-06-09T06:31:34","guid":{"rendered":"https:\/\/waxoyl.nl\/product\/waxoyl-tbl-spray-rubber-finish-1l\/"},"modified":"2022-06-09T08:31:34","modified_gmt":"2022-06-09T08:31:34","slug":"waxoyl-tbl-spray-rubber-finish-1l","status":"publish","type":"product","link":"https:\/\/waxoyl.nl\/fr\/product\/waxoyl-tbl-spray-rubber-finish-1l\/","title":{"rendered":"Waxoyl TBL Spray Rubber Finish 1L"},"content":{"rendered":"<p>Waxoyl TBL est un produit unique \u00e0 un seul composant pr\u00eat \u00e0 l&#8217;emploi. Rev\u00eatement en polyur\u00e9thane facile \u00e0 appliquer, r\u00e9sistant et flexible. \u00c0 utiliser en combinaison avec TBL Truegrip (sel de quartz). Waxoyl TBL a une action antid\u00e9rapante, prot\u00e8ge les surfaces contre les gravillons, la rouille, l&#8217;essence, la plupart des produits chimiques, l&#8217;usure et les acides. Waxoyl TBL peut \u00eatre utilis\u00e9 sur les espaces de chargement, les plateformes de levage, les ch\u00e2ssis et les autres surfaces m\u00e9talliques.<\/p>\n<p>Disponible en noir et gris.<\/p>\n<p>&nbsp;<\/p>\n","protected":false},"excerpt":{"rendered":"<p>Waxoyl TBL est un produit unique \u00e0 un seul composant pr\u00eat \u00e0 l&#8217;emploi. Rev\u00eatement en polyur\u00e9thane facile \u00e0 appliquer, r\u00e9sistant et flexible. \u00c0 utiliser en combinaison avec TBL Truegrip (sel de quartz). Waxoyl TBL a une action antid\u00e9rapante, prot\u00e8ge les surfaces contre les gravillons, la rouille, l&#8217;essence, la plupart des produits chimiques, l&#8217;usure et les acides. Waxoyl TBL peut \u00eatre utilis\u00e9 sur les espaces de chargement, les plateformes de levage, les ch\u00e2ssis et les autres surfaces m\u00e9talliques.<\/p>\n<p>Disponible en noir et gris.<\/p>\n<p>Vous \u00eates un professionnel et vous souhaitez commander ce produit? Ga dan naar <a href=\"http:\/\/www.waxoyl-e-shop.nl\/\" target=\"_blank\" rel=\"noopener\">www.waxoyl-e-shop.nl<\/a> en vraag een account aan.<\/p>\n","protected":false},"featured_media":3573,"template":"","meta":[],"product_brand":[],"product_cat":[62,55],"product_tag":[],"class_list":{"0":"post-3806","1":"product","2":"type-product","3":"status-publish","4":"has-post-thumbnail","6":"product_cat-anti-corrosion","7":"product_cat-professionnelle","9":"first","10":"instock","11":"shipping-taxable","12":"product-type-simple"},"yoast_head":"<!-- This site is optimized with the Yoast SEO plugin v27.5 - https:\/\/yoast.com\/product\/yoast-seo-wordpress\/ -->\n<title>Waxoyl TBL Spray Rubber Finish 1L - Waxoyl<\/title>\n<meta name=\"robots\" content=\"index, follow, max-snippet:-1, max-image-preview:large, max-video-preview:-1\" \/>\n<link rel=\"canonical\" href=\"https:\/\/waxoyl.nl\/product\/waxoyl-tbl-spray-rubber-finish-1l\/\" \/>\n<meta property=\"og:locale\" content=\"fr_FR\" \/>\n<meta property=\"og:type\" content=\"article\" \/>\n<meta property=\"og:title\" content=\"Waxoyl TBL Spray Rubber Finish 1L - Waxoyl\" \/>\n<meta property=\"og:description\" content=\"Waxoyl TBL est un produit unique \u00e0 un seul composant pr\u00eat \u00e0 l&#039;emploi. Rev\u00eatement en polyur\u00e9thane facile \u00e0 appliquer, r\u00e9sistant et flexible. \u00c0 utiliser en combinaison avec TBL Truegrip (sel de quartz). Waxoyl TBL a une action antid\u00e9rapante, prot\u00e8ge les surfaces contre les gravillons, la rouille, l&#039;essence, la plupart des produits chimiques, l&#039;usure et les acides. Waxoyl TBL peut \u00eatre utilis\u00e9 sur les espaces de chargement, les plateformes de levage, les ch\u00e2ssis et les autres surfaces m\u00e9talliques. Disponible en noir et gris. Vous \u00eates un professionnel et vous souhaitez commander ce produit? Ga dan naar www.waxoyl-e-shop.nl en vraag een account aan.\" \/>\n<meta property=\"og:url\" content=\"https:\/\/waxoyl.nl\/product\/waxoyl-tbl-spray-rubber-finish-1l\/\" \/>\n<meta property=\"og:site_name\" content=\"Waxoyl\" \/>\n<meta property=\"article:publisher\" content=\"https:\/\/www.facebook.com\/WaxoylBenelux\" \/>\n<meta property=\"article:modified_time\" content=\"2022-06-09T08:31:34+00:00\" \/>\n<meta name=\"twitter:card\" content=\"summary_large_image\" \/>\n<script type=\"application\/ld+json\" class=\"yoast-schema-graph\">{\"@context\":\"https:\\\/\\\/schema.org\",\"@graph\":[{\"@type\":\"WebPage\",\"@id\":\"https:\\\/\\\/waxoyl.nl\\\/product\\\/waxoyl-tbl-spray-rubber-finish-1l\\\/\",\"url\":\"https:\\\/\\\/waxoyl.nl\\\/product\\\/waxoyl-tbl-spray-rubber-finish-1l\\\/\",\"name\":\"Waxoyl TBL Spray Rubber Finish 1L - Waxoyl\",\"isPartOf\":{\"@id\":\"https:\\\/\\\/waxoyl.nl\\\/#website\"},\"primaryImageOfPage\":{\"@id\":\"https:\\\/\\\/waxoyl.nl\\\/product\\\/waxoyl-tbl-spray-rubber-finish-1l\\\/#primaryimage\"},\"image\":{\"@id\":\"https:\\\/\\\/waxoyl.nl\\\/product\\\/waxoyl-tbl-spray-rubber-finish-1l\\\/#primaryimage\"},\"thumbnailUrl\":\"https:\\\/\\\/waxoyl.nl\\\/app\\\/uploads\\\/2022\\\/06\\\/Waxoyl-TBL-Spray-Rubber-Finish-1L.jpg\",\"datePublished\":\"2022-06-09T06:31:34+00:00\",\"dateModified\":\"2022-06-09T08:31:34+00:00\",\"breadcrumb\":{\"@id\":\"https:\\\/\\\/waxoyl.nl\\\/product\\\/waxoyl-tbl-spray-rubber-finish-1l\\\/#breadcrumb\"},\"inLanguage\":\"fr-FR\",\"potentialAction\":[{\"@type\":\"ReadAction\",\"target\":[\"https:\\\/\\\/waxoyl.nl\\\/product\\\/waxoyl-tbl-spray-rubber-finish-1l\\\/\"]}]},{\"@type\":\"ImageObject\",\"inLanguage\":\"fr-FR\",\"@id\":\"https:\\\/\\\/waxoyl.nl\\\/product\\\/waxoyl-tbl-spray-rubber-finish-1l\\\/#primaryimage\",\"url\":\"https:\\\/\\\/waxoyl.nl\\\/app\\\/uploads\\\/2022\\\/06\\\/Waxoyl-TBL-Spray-Rubber-Finish-1L.jpg\",\"contentUrl\":\"https:\\\/\\\/waxoyl.nl\\\/app\\\/uploads\\\/2022\\\/06\\\/Waxoyl-TBL-Spray-Rubber-Finish-1L.jpg\",\"width\":800,\"height\":600},{\"@type\":\"BreadcrumbList\",\"@id\":\"https:\\\/\\\/waxoyl.nl\\\/product\\\/waxoyl-tbl-spray-rubber-finish-1l\\\/#breadcrumb\",\"itemListElement\":[{\"@type\":\"ListItem\",\"position\":1,\"name\":\"Home\",\"item\":\"https:\\\/\\\/waxoyl.nl\\\/fr\\\/accueil\\\/\"},{\"@type\":\"ListItem\",\"position\":2,\"name\":\"Shop\",\"item\":\"https:\\\/\\\/waxoyl.nl\\\/shop\\\/\"},{\"@type\":\"ListItem\",\"position\":3,\"name\":\"Waxoyl TBL Spray Rubber Finish 1L\"}]},{\"@type\":\"WebSite\",\"@id\":\"https:\\\/\\\/waxoyl.nl\\\/#website\",\"url\":\"https:\\\/\\\/waxoyl.nl\\\/\",\"name\":\"Waxoyl\",\"description\":\"Protection to perfection\",\"publisher\":{\"@id\":\"https:\\\/\\\/waxoyl.nl\\\/#organization\"},\"potentialAction\":[{\"@type\":\"SearchAction\",\"target\":{\"@type\":\"EntryPoint\",\"urlTemplate\":\"https:\\\/\\\/waxoyl.nl\\\/?s={search_term_string}\"},\"query-input\":{\"@type\":\"PropertyValueSpecification\",\"valueRequired\":true,\"valueName\":\"search_term_string\"}}],\"inLanguage\":\"fr-FR\"},{\"@type\":\"Organization\",\"@id\":\"https:\\\/\\\/waxoyl.nl\\\/#organization\",\"name\":\"Waxoyl Benelux\",\"url\":\"https:\\\/\\\/waxoyl.nl\\\/\",\"logo\":{\"@type\":\"ImageObject\",\"inLanguage\":\"fr-FR\",\"@id\":\"https:\\\/\\\/waxoyl.nl\\\/#\\\/schema\\\/logo\\\/image\\\/\",\"url\":\"https:\\\/\\\/waxoyl.nl\\\/app\\\/uploads\\\/2022\\\/05\\\/waxoyl_logo_car-care-2021-2.png\",\"contentUrl\":\"https:\\\/\\\/waxoyl.nl\\\/app\\\/uploads\\\/2022\\\/05\\\/waxoyl_logo_car-care-2021-2.png\",\"width\":709,\"height\":709,\"caption\":\"Waxoyl Benelux\"},\"image\":{\"@id\":\"https:\\\/\\\/waxoyl.nl\\\/#\\\/schema\\\/logo\\\/image\\\/\"},\"sameAs\":[\"https:\\\/\\\/www.facebook.com\\\/WaxoylBenelux\",\"https:\\\/\\\/www.instagram.com\\\/waxoylbenelux\\\/\",\"https:\\\/\\\/www.linkedin.com\\\/company\\\/waxoyl\\\/\"]}]}<\/script>\n<!-- \/ Yoast SEO plugin. -->","yoast_head_json":{"title":"Waxoyl TBL Spray Rubber Finish 1L - Waxoyl","robots":{"index":"index","follow":"follow","max-snippet":"max-snippet:-1","max-image-preview":"max-image-preview:large","max-video-preview":"max-video-preview:-1"},"canonical":"https:\/\/waxoyl.nl\/product\/waxoyl-tbl-spray-rubber-finish-1l\/","og_locale":"fr_FR","og_type":"article","og_title":"Waxoyl TBL Spray Rubber Finish 1L - Waxoyl","og_description":"Waxoyl TBL est un produit unique \u00e0 un seul composant pr\u00eat \u00e0 l'emploi. Rev\u00eatement en polyur\u00e9thane facile \u00e0 appliquer, r\u00e9sistant et flexible. \u00c0 utiliser en combinaison avec TBL Truegrip (sel de quartz). Waxoyl TBL a une action antid\u00e9rapante, prot\u00e8ge les surfaces contre les gravillons, la rouille, l'essence, la plupart des produits chimiques, l'usure et les acides. Waxoyl TBL peut \u00eatre utilis\u00e9 sur les espaces de chargement, les plateformes de levage, les ch\u00e2ssis et les autres surfaces m\u00e9talliques. Disponible en noir et gris. Vous \u00eates un professionnel et vous souhaitez commander ce produit? Ga dan naar www.waxoyl-e-shop.nl en vraag een account aan.","og_url":"https:\/\/waxoyl.nl\/product\/waxoyl-tbl-spray-rubber-finish-1l\/","og_site_name":"Waxoyl","article_publisher":"https:\/\/www.facebook.com\/WaxoylBenelux","article_modified_time":"2022-06-09T08:31:34+00:00","twitter_card":"summary_large_image","schema":{"@context":"https:\/\/schema.org","@graph":[{"@type":"WebPage","@id":"https:\/\/waxoyl.nl\/product\/waxoyl-tbl-spray-rubber-finish-1l\/","url":"https:\/\/waxoyl.nl\/product\/waxoyl-tbl-spray-rubber-finish-1l\/","name":"Waxoyl TBL Spray Rubber Finish 1L - Waxoyl","isPartOf":{"@id":"https:\/\/waxoyl.nl\/#website"},"primaryImageOfPage":{"@id":"https:\/\/waxoyl.nl\/product\/waxoyl-tbl-spray-rubber-finish-1l\/#primaryimage"},"image":{"@id":"https:\/\/waxoyl.nl\/product\/waxoyl-tbl-spray-rubber-finish-1l\/#primaryimage"},"thumbnailUrl":"https:\/\/waxoyl.nl\/app\/uploads\/2022\/06\/Waxoyl-TBL-Spray-Rubber-Finish-1L.jpg","datePublished":"2022-06-09T06:31:34+00:00","dateModified":"2022-06-09T08:31:34+00:00","breadcrumb":{"@id":"https:\/\/waxoyl.nl\/product\/waxoyl-tbl-spray-rubber-finish-1l\/#breadcrumb"},"inLanguage":"fr-FR","potentialAction":[{"@type":"ReadAction","target":["https:\/\/waxoyl.nl\/product\/waxoyl-tbl-spray-rubber-finish-1l\/"]}]},{"@type":"ImageObject","inLanguage":"fr-FR","@id":"https:\/\/waxoyl.nl\/product\/waxoyl-tbl-spray-rubber-finish-1l\/#primaryimage","url":"https:\/\/waxoyl.nl\/app\/uploads\/2022\/06\/Waxoyl-TBL-Spray-Rubber-Finish-1L.jpg","contentUrl":"https:\/\/waxoyl.nl\/app\/uploads\/2022\/06\/Waxoyl-TBL-Spray-Rubber-Finish-1L.jpg","width":800,"height":600},{"@type":"BreadcrumbList","@id":"https:\/\/waxoyl.nl\/product\/waxoyl-tbl-spray-rubber-finish-1l\/#breadcrumb","itemListElement":[{"@type":"ListItem","position":1,"name":"Home","item":"https:\/\/waxoyl.nl\/fr\/accueil\/"},{"@type":"ListItem","position":2,"name":"Shop","item":"https:\/\/waxoyl.nl\/shop\/"},{"@type":"ListItem","position":3,"name":"Waxoyl TBL Spray Rubber Finish 1L"}]},{"@type":"WebSite","@id":"https:\/\/waxoyl.nl\/#website","url":"https:\/\/waxoyl.nl\/","name":"Waxoyl","description":"Protection to perfection","publisher":{"@id":"https:\/\/waxoyl.nl\/#organization"},"potentialAction":[{"@type":"SearchAction","target":{"@type":"EntryPoint","urlTemplate":"https:\/\/waxoyl.nl\/?s={search_term_string}"},"query-input":{"@type":"PropertyValueSpecification","valueRequired":true,"valueName":"search_term_string"}}],"inLanguage":"fr-FR"},{"@type":"Organization","@id":"https:\/\/waxoyl.nl\/#organization","name":"Waxoyl Benelux","url":"https:\/\/waxoyl.nl\/","logo":{"@type":"ImageObject","inLanguage":"fr-FR","@id":"https:\/\/waxoyl.nl\/#\/schema\/logo\/image\/","url":"https:\/\/waxoyl.nl\/app\/uploads\/2022\/05\/waxoyl_logo_car-care-2021-2.png","contentUrl":"https:\/\/waxoyl.nl\/app\/uploads\/2022\/05\/waxoyl_logo_car-care-2021-2.png","width":709,"height":709,"caption":"Waxoyl Benelux"},"image":{"@id":"https:\/\/waxoyl.nl\/#\/schema\/logo\/image\/"},"sameAs":["https:\/\/www.facebook.com\/WaxoylBenelux","https:\/\/www.instagram.com\/waxoylbenelux\/","https:\/\/www.linkedin.com\/company\/waxoyl\/"]}]}},"_links":{"self":[{"href":"https:\/\/waxoyl.nl\/fr\/wp-json\/wp\/v2\/product\/3806","targetHints":{"allow":["GET"]}}],"collection":[{"href":"https:\/\/waxoyl.nl\/fr\/wp-json\/wp\/v2\/product"}],"about":[{"href":"https:\/\/waxoyl.nl\/fr\/wp-json\/wp\/v2\/types\/product"}],"wp:featuredmedia":[{"embeddable":true,"href":"https:\/\/waxoyl.nl\/fr\/wp-json\/wp\/v2\/media\/3573"}],"wp:attachment":[{"href":"https:\/\/waxoyl.nl\/fr\/wp-json\/wp\/v2\/media?parent=3806"}],"wp:term":[{"taxonomy":"product_brand","embeddable":true,"href":"https:\/\/waxoyl.nl\/fr\/wp-json\/wp\/v2\/product_brand?post=3806"},{"taxonomy":"product_cat","embeddable":true,"href":"https:\/\/waxoyl.nl\/fr\/wp-json\/wp\/v2\/product_cat?post=3806"},{"taxonomy":"product_tag","embeddable":true,"href":"https:\/\/waxoyl.nl\/fr\/wp-json\/wp\/v2\/product_tag?post=3806"}],"curies":[{"name":"wp","href":"https:\/\/api.w.org\/{rel}","templated":true}]}}