{"id":3807,"date":"2022-06-09T08:27:54","date_gmt":"2022-06-09T06:27:54","guid":{"rendered":"https:\/\/waxoyl.nl\/product\/waxoyl-pf-500ml\/"},"modified":"2022-06-09T08:27:54","modified_gmt":"2022-06-09T08:27:54","slug":"waxoyl-pf-500ml","status":"publish","type":"product","link":"https:\/\/waxoyl.nl\/fr\/product\/waxoyl-pf-500ml\/","title":{"rendered":"Waxoyl PF 500ml"},"content":{"rendered":"<p>Waxoyl PF est un a\u00e9rosol faiblement aromatique pour des utilisations professionnelles sur des constructions en acier, des \u00e9l\u00e9ments de soubassement neufs et d\u00e9j\u00e0 utilis\u00e9s de v\u00e9hicules, voitures classiques, v\u00e9hicules agricoles et de construction.<\/p>\n<p>Waxoyl PF a une haute teneur en substance active, qui offre une protection optimale aux zones sensibles \u00e0 la corrosion. Par exemple, les soubassements des voitures et les constructions en acier comme les joints des t\u00f4les en acier, les joints g\u00e9n\u00e9raux, les fissures, les flasques, les soudures, les rebords et les surfaces. Waxoyl PF se caract\u00e9rise par une adh\u00e9rence exceptionnelle et par d&#8217;excellentes qualit\u00e9s de non-affaissement en cas d&#8217;application sur des surfaces m\u00e9talliques. La\u00e9rosol garantit un excellent sch\u00e9ma de pulv\u00e9risation et est \u00e9quip\u00e9 d&#8217;une t\u00eate de pulv\u00e9risation par point ou ronde. Une lance d&#8217;injection \u00e0 360 degr\u00e9s pour les cavit\u00e9s est \u00e9galement fournie, pour que chaque pi\u00e8ce importante de la construction en acier puisse \u00eatre atteinte.<\/p>\n<p>Avantages:<br \/>\n* Excellente protection contre la corrosion<br \/>\n* Excellentes propri\u00e9t\u00e9s de pulv\u00e9risation<br \/>\n* Excellente p\u00e9n\u00e9trabilit\u00e9 dans les rainures et joints<br \/>\n* Lance d&#8217;injection dans les cavit\u00e9s \u00e0 360 degr\u00e9s<br \/>\n* Odeur neutre<br \/>\n* Adh\u00e9rence exceptionnelle &#8211; m\u00eame l\u00e0 o\u00f9 de la rouille est pr\u00e9sente: p\u00e9n\u00e8tre dans la rouille<\/p>\n","protected":false},"excerpt":{"rendered":"<p>Waxoyl PF est un a\u00e9rosol faiblement aromatique pour des utilisations professionnelles sur des constructions en acier, des \u00e9l\u00e9ments de soubassement neufs et d\u00e9j\u00e0 utilis\u00e9s de v\u00e9hicules, voitures classiques, v\u00e9hicules agricoles et de construction.<\/p>\n<p>Waxoyl PF a une haute teneur en substance active, qui offre une protection optimale aux zones sensibles \u00e0 la corrosion. Par exemple, les soubassements des voitures et les constructions en acier comme les joints des t\u00f4les en acier, les joints g\u00e9n\u00e9raux, les fissures, les flasques, les soudures, les rebords et les surfaces. Waxoyl PF se caract\u00e9rise par une adh\u00e9rence exceptionnelle et par d&#8217;excellentes qualit\u00e9s de non-affaissement en cas d&#8217;application sur des surfaces m\u00e9talliques. La\u00e9rosol garantit un excellent sch\u00e9ma de pulv\u00e9risation et est \u00e9quip\u00e9 d&#8217;une t\u00eate de pulv\u00e9risation par point ou ronde. Une lance d&#8217;injection \u00e0 360 degr\u00e9s pour les cavit\u00e9s est \u00e9galement fournie, pour que chaque pi\u00e8ce importante de la construction en acier puisse \u00eatre atteinte.<\/p>\n<p>Vous \u00eates un professionnel et vous souhaitez commander ce produit? Ensuite aller \u00e0 <a href=\"http:\/\/www.waxoyl-e-shop.nl\/\" target=\"_blank\" rel=\"noopener\">www.waxoyl-e-shop.nl\/fr\/<\/a> et demander un compte.<\/p>\n","protected":false},"featured_media":3572,"template":"","meta":[],"product_brand":[],"product_cat":[62,55],"product_tag":[],"class_list":{"0":"post-3807","1":"product","2":"type-product","3":"status-publish","4":"has-post-thumbnail","6":"product_cat-anti-corrosion","7":"product_cat-professionnelle","9":"first","10":"instock","11":"shipping-taxable","12":"product-type-simple"},"yoast_head":"<!-- This site is optimized with the Yoast SEO plugin v27.3 - https:\/\/yoast.com\/product\/yoast-seo-wordpress\/ -->\n<title>Waxoyl PF 500ml - Waxoyl<\/title>\n<meta name=\"robots\" content=\"index, follow, max-snippet:-1, max-image-preview:large, max-video-preview:-1\" \/>\n<link rel=\"canonical\" href=\"https:\/\/waxoyl.nl\/product\/waxoyl-pf-500ml\/\" \/>\n<meta property=\"og:locale\" content=\"fr_FR\" \/>\n<meta property=\"og:type\" content=\"article\" \/>\n<meta property=\"og:title\" content=\"Waxoyl PF 500ml - Waxoyl\" \/>\n<meta property=\"og:description\" content=\"Waxoyl PF est un a\u00e9rosol faiblement aromatique pour des utilisations professionnelles sur des constructions en acier, des \u00e9l\u00e9ments de soubassement neufs et d\u00e9j\u00e0 utilis\u00e9s de v\u00e9hicules, voitures classiques, v\u00e9hicules agricoles et de construction. Waxoyl PF a une haute teneur en substance active, qui offre une protection optimale aux zones sensibles \u00e0 la corrosion. Par exemple, les soubassements des voitures et les constructions en acier comme les joints des t\u00f4les en acier, les joints g\u00e9n\u00e9raux, les fissures, les flasques, les soudures, les rebords et les surfaces. Waxoyl PF se caract\u00e9rise par une adh\u00e9rence exceptionnelle et par d&#039;excellentes qualit\u00e9s de non-affaissement en cas d&#039;application sur des surfaces m\u00e9talliques. La\u00e9rosol garantit un excellent sch\u00e9ma de pulv\u00e9risation et est \u00e9quip\u00e9 d&#039;une t\u00eate de pulv\u00e9risation par point ou ronde. Une lance d&#039;injection \u00e0 360 degr\u00e9s pour les cavit\u00e9s est \u00e9galement fournie, pour que chaque pi\u00e8ce importante de la construction en acier puisse \u00eatre atteinte. Vous \u00eates un professionnel et vous souhaitez commander ce produit? Ensuite aller \u00e0 www.waxoyl-e-shop.nl\/fr\/ et demander un compte.\" \/>\n<meta property=\"og:url\" content=\"https:\/\/waxoyl.nl\/product\/waxoyl-pf-500ml\/\" \/>\n<meta property=\"og:site_name\" content=\"Waxoyl\" \/>\n<meta property=\"article:publisher\" content=\"https:\/\/www.facebook.com\/WaxoylBenelux\" \/>\n<meta property=\"article:modified_time\" content=\"2022-06-09T08:27:54+00:00\" \/>\n<meta name=\"twitter:card\" content=\"summary_large_image\" \/>\n<meta name=\"twitter:label1\" content=\"Est. reading time\" \/>\n\t<meta name=\"twitter:data1\" content=\"1 minute\" \/>\n<script type=\"application\/ld+json\" class=\"yoast-schema-graph\">{\"@context\":\"https:\\\/\\\/schema.org\",\"@graph\":[{\"@type\":\"WebPage\",\"@id\":\"https:\\\/\\\/waxoyl.nl\\\/product\\\/waxoyl-pf-500ml\\\/\",\"url\":\"https:\\\/\\\/waxoyl.nl\\\/product\\\/waxoyl-pf-500ml\\\/\",\"name\":\"Waxoyl PF 500ml - Waxoyl\",\"isPartOf\":{\"@id\":\"https:\\\/\\\/waxoyl.nl\\\/#website\"},\"primaryImageOfPage\":{\"@id\":\"https:\\\/\\\/waxoyl.nl\\\/product\\\/waxoyl-pf-500ml\\\/#primaryimage\"},\"image\":{\"@id\":\"https:\\\/\\\/waxoyl.nl\\\/product\\\/waxoyl-pf-500ml\\\/#primaryimage\"},\"thumbnailUrl\":\"https:\\\/\\\/waxoyl.nl\\\/app\\\/uploads\\\/2022\\\/06\\\/Waxoyl-PF-spuitbus-500ml.jpg\",\"datePublished\":\"2022-06-09T06:27:54+00:00\",\"dateModified\":\"2022-06-09T08:27:54+00:00\",\"breadcrumb\":{\"@id\":\"https:\\\/\\\/waxoyl.nl\\\/product\\\/waxoyl-pf-500ml\\\/#breadcrumb\"},\"inLanguage\":\"fr-FR\",\"potentialAction\":[{\"@type\":\"ReadAction\",\"target\":[\"https:\\\/\\\/waxoyl.nl\\\/product\\\/waxoyl-pf-500ml\\\/\"]}]},{\"@type\":\"ImageObject\",\"inLanguage\":\"fr-FR\",\"@id\":\"https:\\\/\\\/waxoyl.nl\\\/product\\\/waxoyl-pf-500ml\\\/#primaryimage\",\"url\":\"https:\\\/\\\/waxoyl.nl\\\/app\\\/uploads\\\/2022\\\/06\\\/Waxoyl-PF-spuitbus-500ml.jpg\",\"contentUrl\":\"https:\\\/\\\/waxoyl.nl\\\/app\\\/uploads\\\/2022\\\/06\\\/Waxoyl-PF-spuitbus-500ml.jpg\",\"width\":800,\"height\":600,\"caption\":\"Waxoyl PF Spray 500ml\"},{\"@type\":\"BreadcrumbList\",\"@id\":\"https:\\\/\\\/waxoyl.nl\\\/product\\\/waxoyl-pf-500ml\\\/#breadcrumb\",\"itemListElement\":[{\"@type\":\"ListItem\",\"position\":1,\"name\":\"Home\",\"item\":\"https:\\\/\\\/waxoyl.nl\\\/fr\\\/accueil\\\/\"},{\"@type\":\"ListItem\",\"position\":2,\"name\":\"Shop\",\"item\":\"https:\\\/\\\/waxoyl.nl\\\/shop\\\/\"},{\"@type\":\"ListItem\",\"position\":3,\"name\":\"Waxoyl PF 500ml\"}]},{\"@type\":\"WebSite\",\"@id\":\"https:\\\/\\\/waxoyl.nl\\\/#website\",\"url\":\"https:\\\/\\\/waxoyl.nl\\\/\",\"name\":\"Waxoyl\",\"description\":\"Protection to perfection\",\"publisher\":{\"@id\":\"https:\\\/\\\/waxoyl.nl\\\/#organization\"},\"potentialAction\":[{\"@type\":\"SearchAction\",\"target\":{\"@type\":\"EntryPoint\",\"urlTemplate\":\"https:\\\/\\\/waxoyl.nl\\\/?s={search_term_string}\"},\"query-input\":{\"@type\":\"PropertyValueSpecification\",\"valueRequired\":true,\"valueName\":\"search_term_string\"}}],\"inLanguage\":\"fr-FR\"},{\"@type\":\"Organization\",\"@id\":\"https:\\\/\\\/waxoyl.nl\\\/#organization\",\"name\":\"Waxoyl Benelux\",\"url\":\"https:\\\/\\\/waxoyl.nl\\\/\",\"logo\":{\"@type\":\"ImageObject\",\"inLanguage\":\"fr-FR\",\"@id\":\"https:\\\/\\\/waxoyl.nl\\\/#\\\/schema\\\/logo\\\/image\\\/\",\"url\":\"https:\\\/\\\/waxoyl.nl\\\/app\\\/uploads\\\/2022\\\/05\\\/waxoyl_logo_car-care-2021-2.png\",\"contentUrl\":\"https:\\\/\\\/waxoyl.nl\\\/app\\\/uploads\\\/2022\\\/05\\\/waxoyl_logo_car-care-2021-2.png\",\"width\":709,\"height\":709,\"caption\":\"Waxoyl Benelux\"},\"image\":{\"@id\":\"https:\\\/\\\/waxoyl.nl\\\/#\\\/schema\\\/logo\\\/image\\\/\"},\"sameAs\":[\"https:\\\/\\\/www.facebook.com\\\/WaxoylBenelux\",\"https:\\\/\\\/www.instagram.com\\\/waxoylbenelux\\\/\",\"https:\\\/\\\/www.linkedin.com\\\/company\\\/waxoyl\\\/\"]}]}<\/script>\n<!-- \/ Yoast SEO plugin. -->","yoast_head_json":{"title":"Waxoyl PF 500ml - Waxoyl","robots":{"index":"index","follow":"follow","max-snippet":"max-snippet:-1","max-image-preview":"max-image-preview:large","max-video-preview":"max-video-preview:-1"},"canonical":"https:\/\/waxoyl.nl\/product\/waxoyl-pf-500ml\/","og_locale":"fr_FR","og_type":"article","og_title":"Waxoyl PF 500ml - Waxoyl","og_description":"Waxoyl PF est un a\u00e9rosol faiblement aromatique pour des utilisations professionnelles sur des constructions en acier, des \u00e9l\u00e9ments de soubassement neufs et d\u00e9j\u00e0 utilis\u00e9s de v\u00e9hicules, voitures classiques, v\u00e9hicules agricoles et de construction. Waxoyl PF a une haute teneur en substance active, qui offre une protection optimale aux zones sensibles \u00e0 la corrosion. Par exemple, les soubassements des voitures et les constructions en acier comme les joints des t\u00f4les en acier, les joints g\u00e9n\u00e9raux, les fissures, les flasques, les soudures, les rebords et les surfaces. Waxoyl PF se caract\u00e9rise par une adh\u00e9rence exceptionnelle et par d'excellentes qualit\u00e9s de non-affaissement en cas d'application sur des surfaces m\u00e9talliques. La\u00e9rosol garantit un excellent sch\u00e9ma de pulv\u00e9risation et est \u00e9quip\u00e9 d'une t\u00eate de pulv\u00e9risation par point ou ronde. Une lance d'injection \u00e0 360 degr\u00e9s pour les cavit\u00e9s est \u00e9galement fournie, pour que chaque pi\u00e8ce importante de la construction en acier puisse \u00eatre atteinte. Vous \u00eates un professionnel et vous souhaitez commander ce produit? Ensuite aller \u00e0 www.waxoyl-e-shop.nl\/fr\/ et demander un compte.","og_url":"https:\/\/waxoyl.nl\/product\/waxoyl-pf-500ml\/","og_site_name":"Waxoyl","article_publisher":"https:\/\/www.facebook.com\/WaxoylBenelux","article_modified_time":"2022-06-09T08:27:54+00:00","twitter_card":"summary_large_image","twitter_misc":{"Est. reading time":"1 minute"},"schema":{"@context":"https:\/\/schema.org","@graph":[{"@type":"WebPage","@id":"https:\/\/waxoyl.nl\/product\/waxoyl-pf-500ml\/","url":"https:\/\/waxoyl.nl\/product\/waxoyl-pf-500ml\/","name":"Waxoyl PF 500ml - Waxoyl","isPartOf":{"@id":"https:\/\/waxoyl.nl\/#website"},"primaryImageOfPage":{"@id":"https:\/\/waxoyl.nl\/product\/waxoyl-pf-500ml\/#primaryimage"},"image":{"@id":"https:\/\/waxoyl.nl\/product\/waxoyl-pf-500ml\/#primaryimage"},"thumbnailUrl":"https:\/\/waxoyl.nl\/app\/uploads\/2022\/06\/Waxoyl-PF-spuitbus-500ml.jpg","datePublished":"2022-06-09T06:27:54+00:00","dateModified":"2022-06-09T08:27:54+00:00","breadcrumb":{"@id":"https:\/\/waxoyl.nl\/product\/waxoyl-pf-500ml\/#breadcrumb"},"inLanguage":"fr-FR","potentialAction":[{"@type":"ReadAction","target":["https:\/\/waxoyl.nl\/product\/waxoyl-pf-500ml\/"]}]},{"@type":"ImageObject","inLanguage":"fr-FR","@id":"https:\/\/waxoyl.nl\/product\/waxoyl-pf-500ml\/#primaryimage","url":"https:\/\/waxoyl.nl\/app\/uploads\/2022\/06\/Waxoyl-PF-spuitbus-500ml.jpg","contentUrl":"https:\/\/waxoyl.nl\/app\/uploads\/2022\/06\/Waxoyl-PF-spuitbus-500ml.jpg","width":800,"height":600,"caption":"Waxoyl PF Spray 500ml"},{"@type":"BreadcrumbList","@id":"https:\/\/waxoyl.nl\/product\/waxoyl-pf-500ml\/#breadcrumb","itemListElement":[{"@type":"ListItem","position":1,"name":"Home","item":"https:\/\/waxoyl.nl\/fr\/accueil\/"},{"@type":"ListItem","position":2,"name":"Shop","item":"https:\/\/waxoyl.nl\/shop\/"},{"@type":"ListItem","position":3,"name":"Waxoyl PF 500ml"}]},{"@type":"WebSite","@id":"https:\/\/waxoyl.nl\/#website","url":"https:\/\/waxoyl.nl\/","name":"Waxoyl","description":"Protection to perfection","publisher":{"@id":"https:\/\/waxoyl.nl\/#organization"},"potentialAction":[{"@type":"SearchAction","target":{"@type":"EntryPoint","urlTemplate":"https:\/\/waxoyl.nl\/?s={search_term_string}"},"query-input":{"@type":"PropertyValueSpecification","valueRequired":true,"valueName":"search_term_string"}}],"inLanguage":"fr-FR"},{"@type":"Organization","@id":"https:\/\/waxoyl.nl\/#organization","name":"Waxoyl Benelux","url":"https:\/\/waxoyl.nl\/","logo":{"@type":"ImageObject","inLanguage":"fr-FR","@id":"https:\/\/waxoyl.nl\/#\/schema\/logo\/image\/","url":"https:\/\/waxoyl.nl\/app\/uploads\/2022\/05\/waxoyl_logo_car-care-2021-2.png","contentUrl":"https:\/\/waxoyl.nl\/app\/uploads\/2022\/05\/waxoyl_logo_car-care-2021-2.png","width":709,"height":709,"caption":"Waxoyl Benelux"},"image":{"@id":"https:\/\/waxoyl.nl\/#\/schema\/logo\/image\/"},"sameAs":["https:\/\/www.facebook.com\/WaxoylBenelux","https:\/\/www.instagram.com\/waxoylbenelux\/","https:\/\/www.linkedin.com\/company\/waxoyl\/"]}]}},"_links":{"self":[{"href":"https:\/\/waxoyl.nl\/fr\/wp-json\/wp\/v2\/product\/3807","targetHints":{"allow":["GET"]}}],"collection":[{"href":"https:\/\/waxoyl.nl\/fr\/wp-json\/wp\/v2\/product"}],"about":[{"href":"https:\/\/waxoyl.nl\/fr\/wp-json\/wp\/v2\/types\/product"}],"wp:featuredmedia":[{"embeddable":true,"href":"https:\/\/waxoyl.nl\/fr\/wp-json\/wp\/v2\/media\/3572"}],"wp:attachment":[{"href":"https:\/\/waxoyl.nl\/fr\/wp-json\/wp\/v2\/media?parent=3807"}],"wp:term":[{"taxonomy":"product_brand","embeddable":true,"href":"https:\/\/waxoyl.nl\/fr\/wp-json\/wp\/v2\/product_brand?post=3807"},{"taxonomy":"product_cat","embeddable":true,"href":"https:\/\/waxoyl.nl\/fr\/wp-json\/wp\/v2\/product_cat?post=3807"},{"taxonomy":"product_tag","embeddable":true,"href":"https:\/\/waxoyl.nl\/fr\/wp-json\/wp\/v2\/product_tag?post=3807"}],"curies":[{"name":"wp","href":"https:\/\/api.w.org\/{rel}","templated":true}]}}