{"id":3808,"date":"2022-06-09T08:25:23","date_gmt":"2022-06-09T06:25:23","guid":{"rendered":"https:\/\/waxoyl.nl\/product\/waxoyl-gravelgard-500ml\/"},"modified":"2022-06-09T08:25:23","modified_gmt":"2022-06-09T08:25:23","slug":"waxoyl-gravelgard-500ml","status":"publish","type":"product","link":"https:\/\/waxoyl.nl\/fr\/product\/waxoyl-gravelgard-500ml\/","title":{"rendered":"Waxoyl Gravelgard 500ml"},"content":{"rendered":"<p>Gravelgard est un syst\u00e8me de protection contre les gravillons contenant un solvant, \u00e0 base de caoutchouc et de r\u00e9sines. Gravelgard forme un film de protection noir, \u00e9lastique et flexible qui s\u00e8che rapidement et peut \u00eatre peint. Le produit convient aussi pour les surfaces \u00e9maill\u00e9es. Gr\u00e2ce \u00e0 sa bonne adh\u00e9rence sur la plupart des mat\u00e9riaux de soubassement, Gravelgard est recommand\u00e9 pour les d\u00e9flecteurs de pare-chocs, les rails de bas de caisse et les passages de roue. Il forme un film protecteur qui r\u00e9duit les bruits et vibrations de la carrosserie. Gravelgard est \u00e9galement tr\u00e8s efficace en tant que rev\u00eatement insonorisant pour les portes, les capots moteur, etc.<\/p>\n<p>Avantages:<br \/>\n* \u00c0 base de r\u00e9sines de caoutchouc<br \/>\n* S\u00e8che rapidement<br \/>\n* Sans bitume<br \/>\n* R\u00e9sistance \u00e0 l&#8217;usure<br \/>\n* Faible tendance \u00e0 goutter<br \/>\n* Peut \u00eatre peint<\/p>\n","protected":false},"excerpt":{"rendered":"<p>Gravelgard est un syst\u00e8me de protection contre les gravillons contenant un solvant, \u00e0 base de caoutchouc et de r\u00e9sines. Gravelgard forme un film de protection noir, \u00e9lastique et flexible qui s\u00e8che rapidement et peut \u00eatre peint. Le produit convient aussi pour les surfaces \u00e9maill\u00e9es. Gr\u00e2ce \u00e0 sa bonne adh\u00e9rence sur la plupart des mat\u00e9riaux de soubassement, Gravelgard est recommand\u00e9 pour les d\u00e9flecteurs de pare-chocs, les rails de bas de caisse et les passages de roue. Il forme un film protecteur qui r\u00e9duit les bruits et vibrations de la carrosserie. Gravelgard est \u00e9galement tr\u00e8s efficace en tant que rev\u00eatement insonorisant pour les portes, les capots moteur, etc.<\/p>\n<p>Vous \u00eates un professionnel et vous souhaitez commander ce produit? Ensuite aller \u00e0 <a href=\"http:\/\/www.waxoyl-e-shop.nl\/\" target=\"_blank\" rel=\"noopener\">www.waxoyl-e-shop.nl\/fr\/<\/a> et demander un compte.<\/p>\n","protected":false},"featured_media":3571,"template":"","meta":[],"product_brand":[],"product_cat":[62,55],"product_tag":[],"class_list":{"0":"post-3808","1":"product","2":"type-product","3":"status-publish","4":"has-post-thumbnail","6":"product_cat-anti-corrosion","7":"product_cat-professionnelle","9":"first","10":"instock","11":"shipping-taxable","12":"product-type-simple"},"yoast_head":"<!-- This site is optimized with the Yoast SEO plugin v27.5 - https:\/\/yoast.com\/product\/yoast-seo-wordpress\/ -->\n<title>Waxoyl Gravelgard 500ml - Waxoyl<\/title>\n<meta name=\"robots\" content=\"index, follow, max-snippet:-1, max-image-preview:large, max-video-preview:-1\" \/>\n<link rel=\"canonical\" href=\"https:\/\/waxoyl.nl\/product\/waxoyl-gravelgard-500ml\/\" \/>\n<meta property=\"og:locale\" content=\"fr_FR\" \/>\n<meta property=\"og:type\" content=\"article\" \/>\n<meta property=\"og:title\" content=\"Waxoyl Gravelgard 500ml - Waxoyl\" \/>\n<meta property=\"og:description\" content=\"Gravelgard est un syst\u00e8me de protection contre les gravillons contenant un solvant, \u00e0 base de caoutchouc et de r\u00e9sines. Gravelgard forme un film de protection noir, \u00e9lastique et flexible qui s\u00e8che rapidement et peut \u00eatre peint. Le produit convient aussi pour les surfaces \u00e9maill\u00e9es. Gr\u00e2ce \u00e0 sa bonne adh\u00e9rence sur la plupart des mat\u00e9riaux de soubassement, Gravelgard est recommand\u00e9 pour les d\u00e9flecteurs de pare-chocs, les rails de bas de caisse et les passages de roue. Il forme un film protecteur qui r\u00e9duit les bruits et vibrations de la carrosserie. Gravelgard est \u00e9galement tr\u00e8s efficace en tant que rev\u00eatement insonorisant pour les portes, les capots moteur, etc. Vous \u00eates un professionnel et vous souhaitez commander ce produit? Ensuite aller \u00e0 www.waxoyl-e-shop.nl\/fr\/ et demander un compte.\" \/>\n<meta property=\"og:url\" content=\"https:\/\/waxoyl.nl\/product\/waxoyl-gravelgard-500ml\/\" \/>\n<meta property=\"og:site_name\" content=\"Waxoyl\" \/>\n<meta property=\"article:publisher\" content=\"https:\/\/www.facebook.com\/WaxoylBenelux\" \/>\n<meta property=\"article:modified_time\" content=\"2022-06-09T08:25:23+00:00\" \/>\n<meta name=\"twitter:card\" content=\"summary_large_image\" \/>\n<meta name=\"twitter:label1\" content=\"Est. reading time\" \/>\n\t<meta name=\"twitter:data1\" content=\"1 minute\" \/>\n<script type=\"application\/ld+json\" class=\"yoast-schema-graph\">{\"@context\":\"https:\\\/\\\/schema.org\",\"@graph\":[{\"@type\":\"WebPage\",\"@id\":\"https:\\\/\\\/waxoyl.nl\\\/product\\\/waxoyl-gravelgard-500ml\\\/\",\"url\":\"https:\\\/\\\/waxoyl.nl\\\/product\\\/waxoyl-gravelgard-500ml\\\/\",\"name\":\"Waxoyl Gravelgard 500ml - Waxoyl\",\"isPartOf\":{\"@id\":\"https:\\\/\\\/waxoyl.nl\\\/#website\"},\"primaryImageOfPage\":{\"@id\":\"https:\\\/\\\/waxoyl.nl\\\/product\\\/waxoyl-gravelgard-500ml\\\/#primaryimage\"},\"image\":{\"@id\":\"https:\\\/\\\/waxoyl.nl\\\/product\\\/waxoyl-gravelgard-500ml\\\/#primaryimage\"},\"thumbnailUrl\":\"https:\\\/\\\/waxoyl.nl\\\/app\\\/uploads\\\/2022\\\/06\\\/Waxoyl-Gravelgard-500ml.jpg\",\"datePublished\":\"2022-06-09T06:25:23+00:00\",\"dateModified\":\"2022-06-09T08:25:23+00:00\",\"breadcrumb\":{\"@id\":\"https:\\\/\\\/waxoyl.nl\\\/product\\\/waxoyl-gravelgard-500ml\\\/#breadcrumb\"},\"inLanguage\":\"fr-FR\",\"potentialAction\":[{\"@type\":\"ReadAction\",\"target\":[\"https:\\\/\\\/waxoyl.nl\\\/product\\\/waxoyl-gravelgard-500ml\\\/\"]}]},{\"@type\":\"ImageObject\",\"inLanguage\":\"fr-FR\",\"@id\":\"https:\\\/\\\/waxoyl.nl\\\/product\\\/waxoyl-gravelgard-500ml\\\/#primaryimage\",\"url\":\"https:\\\/\\\/waxoyl.nl\\\/app\\\/uploads\\\/2022\\\/06\\\/Waxoyl-Gravelgard-500ml.jpg\",\"contentUrl\":\"https:\\\/\\\/waxoyl.nl\\\/app\\\/uploads\\\/2022\\\/06\\\/Waxoyl-Gravelgard-500ml.jpg\",\"width\":800,\"height\":600,\"caption\":\"Waxoyl Gravelgard 500ml\"},{\"@type\":\"BreadcrumbList\",\"@id\":\"https:\\\/\\\/waxoyl.nl\\\/product\\\/waxoyl-gravelgard-500ml\\\/#breadcrumb\",\"itemListElement\":[{\"@type\":\"ListItem\",\"position\":1,\"name\":\"Home\",\"item\":\"https:\\\/\\\/waxoyl.nl\\\/fr\\\/accueil\\\/\"},{\"@type\":\"ListItem\",\"position\":2,\"name\":\"Shop\",\"item\":\"https:\\\/\\\/waxoyl.nl\\\/shop\\\/\"},{\"@type\":\"ListItem\",\"position\":3,\"name\":\"Waxoyl Gravelgard 500ml\"}]},{\"@type\":\"WebSite\",\"@id\":\"https:\\\/\\\/waxoyl.nl\\\/#website\",\"url\":\"https:\\\/\\\/waxoyl.nl\\\/\",\"name\":\"Waxoyl\",\"description\":\"Protection to perfection\",\"publisher\":{\"@id\":\"https:\\\/\\\/waxoyl.nl\\\/#organization\"},\"potentialAction\":[{\"@type\":\"SearchAction\",\"target\":{\"@type\":\"EntryPoint\",\"urlTemplate\":\"https:\\\/\\\/waxoyl.nl\\\/?s={search_term_string}\"},\"query-input\":{\"@type\":\"PropertyValueSpecification\",\"valueRequired\":true,\"valueName\":\"search_term_string\"}}],\"inLanguage\":\"fr-FR\"},{\"@type\":\"Organization\",\"@id\":\"https:\\\/\\\/waxoyl.nl\\\/#organization\",\"name\":\"Waxoyl Benelux\",\"url\":\"https:\\\/\\\/waxoyl.nl\\\/\",\"logo\":{\"@type\":\"ImageObject\",\"inLanguage\":\"fr-FR\",\"@id\":\"https:\\\/\\\/waxoyl.nl\\\/#\\\/schema\\\/logo\\\/image\\\/\",\"url\":\"https:\\\/\\\/waxoyl.nl\\\/app\\\/uploads\\\/2022\\\/05\\\/waxoyl_logo_car-care-2021-2.png\",\"contentUrl\":\"https:\\\/\\\/waxoyl.nl\\\/app\\\/uploads\\\/2022\\\/05\\\/waxoyl_logo_car-care-2021-2.png\",\"width\":709,\"height\":709,\"caption\":\"Waxoyl Benelux\"},\"image\":{\"@id\":\"https:\\\/\\\/waxoyl.nl\\\/#\\\/schema\\\/logo\\\/image\\\/\"},\"sameAs\":[\"https:\\\/\\\/www.facebook.com\\\/WaxoylBenelux\",\"https:\\\/\\\/www.instagram.com\\\/waxoylbenelux\\\/\",\"https:\\\/\\\/www.linkedin.com\\\/company\\\/waxoyl\\\/\"]}]}<\/script>\n<!-- \/ Yoast SEO plugin. -->","yoast_head_json":{"title":"Waxoyl Gravelgard 500ml - Waxoyl","robots":{"index":"index","follow":"follow","max-snippet":"max-snippet:-1","max-image-preview":"max-image-preview:large","max-video-preview":"max-video-preview:-1"},"canonical":"https:\/\/waxoyl.nl\/product\/waxoyl-gravelgard-500ml\/","og_locale":"fr_FR","og_type":"article","og_title":"Waxoyl Gravelgard 500ml - Waxoyl","og_description":"Gravelgard est un syst\u00e8me de protection contre les gravillons contenant un solvant, \u00e0 base de caoutchouc et de r\u00e9sines. Gravelgard forme un film de protection noir, \u00e9lastique et flexible qui s\u00e8che rapidement et peut \u00eatre peint. Le produit convient aussi pour les surfaces \u00e9maill\u00e9es. Gr\u00e2ce \u00e0 sa bonne adh\u00e9rence sur la plupart des mat\u00e9riaux de soubassement, Gravelgard est recommand\u00e9 pour les d\u00e9flecteurs de pare-chocs, les rails de bas de caisse et les passages de roue. Il forme un film protecteur qui r\u00e9duit les bruits et vibrations de la carrosserie. Gravelgard est \u00e9galement tr\u00e8s efficace en tant que rev\u00eatement insonorisant pour les portes, les capots moteur, etc. Vous \u00eates un professionnel et vous souhaitez commander ce produit? Ensuite aller \u00e0 www.waxoyl-e-shop.nl\/fr\/ et demander un compte.","og_url":"https:\/\/waxoyl.nl\/product\/waxoyl-gravelgard-500ml\/","og_site_name":"Waxoyl","article_publisher":"https:\/\/www.facebook.com\/WaxoylBenelux","article_modified_time":"2022-06-09T08:25:23+00:00","twitter_card":"summary_large_image","twitter_misc":{"Est. reading time":"1 minute"},"schema":{"@context":"https:\/\/schema.org","@graph":[{"@type":"WebPage","@id":"https:\/\/waxoyl.nl\/product\/waxoyl-gravelgard-500ml\/","url":"https:\/\/waxoyl.nl\/product\/waxoyl-gravelgard-500ml\/","name":"Waxoyl Gravelgard 500ml - Waxoyl","isPartOf":{"@id":"https:\/\/waxoyl.nl\/#website"},"primaryImageOfPage":{"@id":"https:\/\/waxoyl.nl\/product\/waxoyl-gravelgard-500ml\/#primaryimage"},"image":{"@id":"https:\/\/waxoyl.nl\/product\/waxoyl-gravelgard-500ml\/#primaryimage"},"thumbnailUrl":"https:\/\/waxoyl.nl\/app\/uploads\/2022\/06\/Waxoyl-Gravelgard-500ml.jpg","datePublished":"2022-06-09T06:25:23+00:00","dateModified":"2022-06-09T08:25:23+00:00","breadcrumb":{"@id":"https:\/\/waxoyl.nl\/product\/waxoyl-gravelgard-500ml\/#breadcrumb"},"inLanguage":"fr-FR","potentialAction":[{"@type":"ReadAction","target":["https:\/\/waxoyl.nl\/product\/waxoyl-gravelgard-500ml\/"]}]},{"@type":"ImageObject","inLanguage":"fr-FR","@id":"https:\/\/waxoyl.nl\/product\/waxoyl-gravelgard-500ml\/#primaryimage","url":"https:\/\/waxoyl.nl\/app\/uploads\/2022\/06\/Waxoyl-Gravelgard-500ml.jpg","contentUrl":"https:\/\/waxoyl.nl\/app\/uploads\/2022\/06\/Waxoyl-Gravelgard-500ml.jpg","width":800,"height":600,"caption":"Waxoyl Gravelgard 500ml"},{"@type":"BreadcrumbList","@id":"https:\/\/waxoyl.nl\/product\/waxoyl-gravelgard-500ml\/#breadcrumb","itemListElement":[{"@type":"ListItem","position":1,"name":"Home","item":"https:\/\/waxoyl.nl\/fr\/accueil\/"},{"@type":"ListItem","position":2,"name":"Shop","item":"https:\/\/waxoyl.nl\/shop\/"},{"@type":"ListItem","position":3,"name":"Waxoyl Gravelgard 500ml"}]},{"@type":"WebSite","@id":"https:\/\/waxoyl.nl\/#website","url":"https:\/\/waxoyl.nl\/","name":"Waxoyl","description":"Protection to perfection","publisher":{"@id":"https:\/\/waxoyl.nl\/#organization"},"potentialAction":[{"@type":"SearchAction","target":{"@type":"EntryPoint","urlTemplate":"https:\/\/waxoyl.nl\/?s={search_term_string}"},"query-input":{"@type":"PropertyValueSpecification","valueRequired":true,"valueName":"search_term_string"}}],"inLanguage":"fr-FR"},{"@type":"Organization","@id":"https:\/\/waxoyl.nl\/#organization","name":"Waxoyl Benelux","url":"https:\/\/waxoyl.nl\/","logo":{"@type":"ImageObject","inLanguage":"fr-FR","@id":"https:\/\/waxoyl.nl\/#\/schema\/logo\/image\/","url":"https:\/\/waxoyl.nl\/app\/uploads\/2022\/05\/waxoyl_logo_car-care-2021-2.png","contentUrl":"https:\/\/waxoyl.nl\/app\/uploads\/2022\/05\/waxoyl_logo_car-care-2021-2.png","width":709,"height":709,"caption":"Waxoyl Benelux"},"image":{"@id":"https:\/\/waxoyl.nl\/#\/schema\/logo\/image\/"},"sameAs":["https:\/\/www.facebook.com\/WaxoylBenelux","https:\/\/www.instagram.com\/waxoylbenelux\/","https:\/\/www.linkedin.com\/company\/waxoyl\/"]}]}},"_links":{"self":[{"href":"https:\/\/waxoyl.nl\/fr\/wp-json\/wp\/v2\/product\/3808","targetHints":{"allow":["GET"]}}],"collection":[{"href":"https:\/\/waxoyl.nl\/fr\/wp-json\/wp\/v2\/product"}],"about":[{"href":"https:\/\/waxoyl.nl\/fr\/wp-json\/wp\/v2\/types\/product"}],"wp:featuredmedia":[{"embeddable":true,"href":"https:\/\/waxoyl.nl\/fr\/wp-json\/wp\/v2\/media\/3571"}],"wp:attachment":[{"href":"https:\/\/waxoyl.nl\/fr\/wp-json\/wp\/v2\/media?parent=3808"}],"wp:term":[{"taxonomy":"product_brand","embeddable":true,"href":"https:\/\/waxoyl.nl\/fr\/wp-json\/wp\/v2\/product_brand?post=3808"},{"taxonomy":"product_cat","embeddable":true,"href":"https:\/\/waxoyl.nl\/fr\/wp-json\/wp\/v2\/product_cat?post=3808"},{"taxonomy":"product_tag","embeddable":true,"href":"https:\/\/waxoyl.nl\/fr\/wp-json\/wp\/v2\/product_tag?post=3808"}],"curies":[{"name":"wp","href":"https:\/\/api.w.org\/{rel}","templated":true}]}}