{"id":3818,"date":"2022-06-08T13:19:05","date_gmt":"2022-06-08T13:19:05","guid":{"rendered":"https:\/\/waxoyl.nl\/product\/waxoyl-plastic-vinyl-protector-5l\/"},"modified":"2022-06-08T13:19:05","modified_gmt":"2022-06-08T13:19:05","slug":"waxoyl-plastic-vinyl-protector-5l","status":"publish","type":"product","link":"https:\/\/waxoyl.nl\/fr\/product\/waxoyl-plastic-vinyl-protector-5l\/","title":{"rendered":"Waxoyl Plastic &amp; Vinyl Protector 5L"},"content":{"rendered":"<div class=\"col\">\n<section class=\"product-specs\">\n<div id=\"tab1\" class=\"active\">\n<p>L&#8217;industrie automobile utilise toujours plus de vinyle et de plastiques \u00e0 l&#8217;int\u00e9rieur des v\u00e9hicules, et ces mat\u00e9riaux ont subi diff\u00e9rentes transformations au fil des ans. Il y a d\u00e9sormais des mat\u00e9riaux en vinyle et en plastique durs et souples. En prendre soin n&#8217;est pas toujours une t\u00e2che facile.<\/p>\n<p>Avantages:<br \/>\n* Rafra\u00eechit et restaure les pi\u00e8ces en vinyle et en plastique de l&#8217;habitacle de la voiture<br \/>\n* Odeur subtile<br \/>\n* Des ingr\u00e9dients sp\u00e9ciaux prot\u00e8gent et nourrissent les surfaces<br \/>\n* Antistatique<br \/>\n* Finition mate<br \/>\n* Facile \u00e0 utiliser<br \/>\n* Sans silicone<\/p>\n<p>&nbsp;<\/p>\n<\/div>\n<\/section>\n<\/div>\n","protected":false},"excerpt":{"rendered":"<div class=\"col\">\n<section class=\"product-specs\">\n<div id=\"tab1\" class=\"active\">\n<p>L&#8217;industrie automobile utilise toujours plus de vinyle et de plastiques \u00e0 l&#8217;int\u00e9rieur des v\u00e9hicules, et ces mat\u00e9riaux ont subi diff\u00e9rentes transformations au fil des ans. Il y a d\u00e9sormais des mat\u00e9riaux en vinyle et en plastique durs et souples. En prendre soin n&#8217;est pas toujours une t\u00e2che facile.<\/p>\n<p>Vous \u00eates un professionnel et vous souhaitez commander ce produit? Ensuite aller \u00e0 <a href=\"http:\/\/www.waxoyl-e-shop.nl\/\" target=\"_blank\" rel=\"noopener\">www.waxoyl-e-shop.nl\/fr\/<\/a> et demander un compte.<\/p>\n<\/div>\n<\/section>\n<\/div>\n","protected":false},"featured_media":3561,"template":"","meta":[],"product_brand":[],"product_cat":[60,55],"product_tag":[],"class_list":{"0":"post-3818","1":"product","2":"type-product","3":"status-publish","4":"has-post-thumbnail","6":"product_cat-nettoyage-interieur","7":"product_cat-professionnelle","9":"first","10":"instock","11":"shipping-taxable","12":"product-type-simple"},"yoast_head":"<!-- This site is optimized with the Yoast SEO plugin v27.3 - https:\/\/yoast.com\/product\/yoast-seo-wordpress\/ -->\n<title>Waxoyl Plastic &amp; Vinyl Protector 5L - Waxoyl<\/title>\n<meta name=\"robots\" content=\"index, follow, max-snippet:-1, max-image-preview:large, max-video-preview:-1\" \/>\n<link rel=\"canonical\" href=\"https:\/\/waxoyl.nl\/product\/waxoyl-plastic-vinyl-protector-5l\/\" \/>\n<meta property=\"og:locale\" content=\"fr_FR\" \/>\n<meta property=\"og:type\" content=\"article\" \/>\n<meta property=\"og:title\" content=\"Waxoyl Plastic &amp; Vinyl Protector 5L - Waxoyl\" \/>\n<meta property=\"og:description\" content=\"L&#039;industrie automobile utilise toujours plus de vinyle et de plastiques \u00e0 l&#039;int\u00e9rieur des v\u00e9hicules, et ces mat\u00e9riaux ont subi diff\u00e9rentes transformations au fil des ans. Il y a d\u00e9sormais des mat\u00e9riaux en vinyle et en plastique durs et souples. En prendre soin n&#039;est pas toujours une t\u00e2che facile. Vous \u00eates un professionnel et vous souhaitez commander ce produit? Ensuite aller \u00e0 www.waxoyl-e-shop.nl\/fr\/ et demander un compte.\" \/>\n<meta property=\"og:url\" content=\"https:\/\/waxoyl.nl\/product\/waxoyl-plastic-vinyl-protector-5l\/\" \/>\n<meta property=\"og:site_name\" content=\"Waxoyl\" \/>\n<meta property=\"article:publisher\" content=\"https:\/\/www.facebook.com\/WaxoylBenelux\" \/>\n<meta name=\"twitter:card\" content=\"summary_large_image\" \/>\n<script type=\"application\/ld+json\" class=\"yoast-schema-graph\">{\"@context\":\"https:\\\/\\\/schema.org\",\"@graph\":[{\"@type\":\"WebPage\",\"@id\":\"https:\\\/\\\/waxoyl.nl\\\/product\\\/waxoyl-plastic-vinyl-protector-5l\\\/\",\"url\":\"https:\\\/\\\/waxoyl.nl\\\/product\\\/waxoyl-plastic-vinyl-protector-5l\\\/\",\"name\":\"Waxoyl Plastic &amp; Vinyl Protector 5L - Waxoyl\",\"isPartOf\":{\"@id\":\"https:\\\/\\\/waxoyl.nl\\\/#website\"},\"primaryImageOfPage\":{\"@id\":\"https:\\\/\\\/waxoyl.nl\\\/product\\\/waxoyl-plastic-vinyl-protector-5l\\\/#primaryimage\"},\"image\":{\"@id\":\"https:\\\/\\\/waxoyl.nl\\\/product\\\/waxoyl-plastic-vinyl-protector-5l\\\/#primaryimage\"},\"thumbnailUrl\":\"https:\\\/\\\/waxoyl.nl\\\/app\\\/uploads\\\/2022\\\/06\\\/Plastic-and-vinyl-protector.jpg\",\"datePublished\":\"2022-06-08T13:19:05+00:00\",\"breadcrumb\":{\"@id\":\"https:\\\/\\\/waxoyl.nl\\\/product\\\/waxoyl-plastic-vinyl-protector-5l\\\/#breadcrumb\"},\"inLanguage\":\"fr-FR\",\"potentialAction\":[{\"@type\":\"ReadAction\",\"target\":[\"https:\\\/\\\/waxoyl.nl\\\/product\\\/waxoyl-plastic-vinyl-protector-5l\\\/\"]}]},{\"@type\":\"ImageObject\",\"inLanguage\":\"fr-FR\",\"@id\":\"https:\\\/\\\/waxoyl.nl\\\/product\\\/waxoyl-plastic-vinyl-protector-5l\\\/#primaryimage\",\"url\":\"https:\\\/\\\/waxoyl.nl\\\/app\\\/uploads\\\/2022\\\/06\\\/Plastic-and-vinyl-protector.jpg\",\"contentUrl\":\"https:\\\/\\\/waxoyl.nl\\\/app\\\/uploads\\\/2022\\\/06\\\/Plastic-and-vinyl-protector.jpg\",\"width\":800,\"height\":600},{\"@type\":\"BreadcrumbList\",\"@id\":\"https:\\\/\\\/waxoyl.nl\\\/product\\\/waxoyl-plastic-vinyl-protector-5l\\\/#breadcrumb\",\"itemListElement\":[{\"@type\":\"ListItem\",\"position\":1,\"name\":\"Home\",\"item\":\"https:\\\/\\\/waxoyl.nl\\\/fr\\\/accueil\\\/\"},{\"@type\":\"ListItem\",\"position\":2,\"name\":\"Shop\",\"item\":\"https:\\\/\\\/waxoyl.nl\\\/shop\\\/\"},{\"@type\":\"ListItem\",\"position\":3,\"name\":\"Waxoyl Plastic &amp; Vinyl Protector 5L\"}]},{\"@type\":\"WebSite\",\"@id\":\"https:\\\/\\\/waxoyl.nl\\\/#website\",\"url\":\"https:\\\/\\\/waxoyl.nl\\\/\",\"name\":\"Waxoyl\",\"description\":\"Protection to perfection\",\"publisher\":{\"@id\":\"https:\\\/\\\/waxoyl.nl\\\/#organization\"},\"potentialAction\":[{\"@type\":\"SearchAction\",\"target\":{\"@type\":\"EntryPoint\",\"urlTemplate\":\"https:\\\/\\\/waxoyl.nl\\\/?s={search_term_string}\"},\"query-input\":{\"@type\":\"PropertyValueSpecification\",\"valueRequired\":true,\"valueName\":\"search_term_string\"}}],\"inLanguage\":\"fr-FR\"},{\"@type\":\"Organization\",\"@id\":\"https:\\\/\\\/waxoyl.nl\\\/#organization\",\"name\":\"Waxoyl Benelux\",\"url\":\"https:\\\/\\\/waxoyl.nl\\\/\",\"logo\":{\"@type\":\"ImageObject\",\"inLanguage\":\"fr-FR\",\"@id\":\"https:\\\/\\\/waxoyl.nl\\\/#\\\/schema\\\/logo\\\/image\\\/\",\"url\":\"https:\\\/\\\/waxoyl.nl\\\/app\\\/uploads\\\/2022\\\/05\\\/waxoyl_logo_car-care-2021-2.png\",\"contentUrl\":\"https:\\\/\\\/waxoyl.nl\\\/app\\\/uploads\\\/2022\\\/05\\\/waxoyl_logo_car-care-2021-2.png\",\"width\":709,\"height\":709,\"caption\":\"Waxoyl Benelux\"},\"image\":{\"@id\":\"https:\\\/\\\/waxoyl.nl\\\/#\\\/schema\\\/logo\\\/image\\\/\"},\"sameAs\":[\"https:\\\/\\\/www.facebook.com\\\/WaxoylBenelux\",\"https:\\\/\\\/www.instagram.com\\\/waxoylbenelux\\\/\",\"https:\\\/\\\/www.linkedin.com\\\/company\\\/waxoyl\\\/\"]}]}<\/script>\n<!-- \/ Yoast SEO plugin. -->","yoast_head_json":{"title":"Waxoyl Plastic &amp; Vinyl Protector 5L - Waxoyl","robots":{"index":"index","follow":"follow","max-snippet":"max-snippet:-1","max-image-preview":"max-image-preview:large","max-video-preview":"max-video-preview:-1"},"canonical":"https:\/\/waxoyl.nl\/product\/waxoyl-plastic-vinyl-protector-5l\/","og_locale":"fr_FR","og_type":"article","og_title":"Waxoyl Plastic &amp; Vinyl Protector 5L - Waxoyl","og_description":"L'industrie automobile utilise toujours plus de vinyle et de plastiques \u00e0 l'int\u00e9rieur des v\u00e9hicules, et ces mat\u00e9riaux ont subi diff\u00e9rentes transformations au fil des ans. Il y a d\u00e9sormais des mat\u00e9riaux en vinyle et en plastique durs et souples. En prendre soin n'est pas toujours une t\u00e2che facile. Vous \u00eates un professionnel et vous souhaitez commander ce produit? Ensuite aller \u00e0 www.waxoyl-e-shop.nl\/fr\/ et demander un compte.","og_url":"https:\/\/waxoyl.nl\/product\/waxoyl-plastic-vinyl-protector-5l\/","og_site_name":"Waxoyl","article_publisher":"https:\/\/www.facebook.com\/WaxoylBenelux","twitter_card":"summary_large_image","schema":{"@context":"https:\/\/schema.org","@graph":[{"@type":"WebPage","@id":"https:\/\/waxoyl.nl\/product\/waxoyl-plastic-vinyl-protector-5l\/","url":"https:\/\/waxoyl.nl\/product\/waxoyl-plastic-vinyl-protector-5l\/","name":"Waxoyl Plastic &amp; Vinyl Protector 5L - Waxoyl","isPartOf":{"@id":"https:\/\/waxoyl.nl\/#website"},"primaryImageOfPage":{"@id":"https:\/\/waxoyl.nl\/product\/waxoyl-plastic-vinyl-protector-5l\/#primaryimage"},"image":{"@id":"https:\/\/waxoyl.nl\/product\/waxoyl-plastic-vinyl-protector-5l\/#primaryimage"},"thumbnailUrl":"https:\/\/waxoyl.nl\/app\/uploads\/2022\/06\/Plastic-and-vinyl-protector.jpg","datePublished":"2022-06-08T13:19:05+00:00","breadcrumb":{"@id":"https:\/\/waxoyl.nl\/product\/waxoyl-plastic-vinyl-protector-5l\/#breadcrumb"},"inLanguage":"fr-FR","potentialAction":[{"@type":"ReadAction","target":["https:\/\/waxoyl.nl\/product\/waxoyl-plastic-vinyl-protector-5l\/"]}]},{"@type":"ImageObject","inLanguage":"fr-FR","@id":"https:\/\/waxoyl.nl\/product\/waxoyl-plastic-vinyl-protector-5l\/#primaryimage","url":"https:\/\/waxoyl.nl\/app\/uploads\/2022\/06\/Plastic-and-vinyl-protector.jpg","contentUrl":"https:\/\/waxoyl.nl\/app\/uploads\/2022\/06\/Plastic-and-vinyl-protector.jpg","width":800,"height":600},{"@type":"BreadcrumbList","@id":"https:\/\/waxoyl.nl\/product\/waxoyl-plastic-vinyl-protector-5l\/#breadcrumb","itemListElement":[{"@type":"ListItem","position":1,"name":"Home","item":"https:\/\/waxoyl.nl\/fr\/accueil\/"},{"@type":"ListItem","position":2,"name":"Shop","item":"https:\/\/waxoyl.nl\/shop\/"},{"@type":"ListItem","position":3,"name":"Waxoyl Plastic &amp; Vinyl Protector 5L"}]},{"@type":"WebSite","@id":"https:\/\/waxoyl.nl\/#website","url":"https:\/\/waxoyl.nl\/","name":"Waxoyl","description":"Protection to perfection","publisher":{"@id":"https:\/\/waxoyl.nl\/#organization"},"potentialAction":[{"@type":"SearchAction","target":{"@type":"EntryPoint","urlTemplate":"https:\/\/waxoyl.nl\/?s={search_term_string}"},"query-input":{"@type":"PropertyValueSpecification","valueRequired":true,"valueName":"search_term_string"}}],"inLanguage":"fr-FR"},{"@type":"Organization","@id":"https:\/\/waxoyl.nl\/#organization","name":"Waxoyl Benelux","url":"https:\/\/waxoyl.nl\/","logo":{"@type":"ImageObject","inLanguage":"fr-FR","@id":"https:\/\/waxoyl.nl\/#\/schema\/logo\/image\/","url":"https:\/\/waxoyl.nl\/app\/uploads\/2022\/05\/waxoyl_logo_car-care-2021-2.png","contentUrl":"https:\/\/waxoyl.nl\/app\/uploads\/2022\/05\/waxoyl_logo_car-care-2021-2.png","width":709,"height":709,"caption":"Waxoyl Benelux"},"image":{"@id":"https:\/\/waxoyl.nl\/#\/schema\/logo\/image\/"},"sameAs":["https:\/\/www.facebook.com\/WaxoylBenelux","https:\/\/www.instagram.com\/waxoylbenelux\/","https:\/\/www.linkedin.com\/company\/waxoyl\/"]}]}},"_links":{"self":[{"href":"https:\/\/waxoyl.nl\/fr\/wp-json\/wp\/v2\/product\/3818","targetHints":{"allow":["GET"]}}],"collection":[{"href":"https:\/\/waxoyl.nl\/fr\/wp-json\/wp\/v2\/product"}],"about":[{"href":"https:\/\/waxoyl.nl\/fr\/wp-json\/wp\/v2\/types\/product"}],"wp:featuredmedia":[{"embeddable":true,"href":"https:\/\/waxoyl.nl\/fr\/wp-json\/wp\/v2\/media\/3561"}],"wp:attachment":[{"href":"https:\/\/waxoyl.nl\/fr\/wp-json\/wp\/v2\/media?parent=3818"}],"wp:term":[{"taxonomy":"product_brand","embeddable":true,"href":"https:\/\/waxoyl.nl\/fr\/wp-json\/wp\/v2\/product_brand?post=3818"},{"taxonomy":"product_cat","embeddable":true,"href":"https:\/\/waxoyl.nl\/fr\/wp-json\/wp\/v2\/product_cat?post=3818"},{"taxonomy":"product_tag","embeddable":true,"href":"https:\/\/waxoyl.nl\/fr\/wp-json\/wp\/v2\/product_tag?post=3818"}],"curies":[{"name":"wp","href":"https:\/\/api.w.org\/{rel}","templated":true}]}}