{"id":3833,"date":"2022-06-01T06:10:40","date_gmt":"2022-06-01T04:10:40","guid":{"rendered":"https:\/\/waxoyl.nl\/product\/chiffon-en-microfibre-waxoyl-plus-gris-5-pieces\/"},"modified":"2026-03-02T15:45:18","modified_gmt":"2026-03-02T13:45:18","slug":"chiffon-en-microfibre-waxoyl-plus-gris-5-pieces","status":"publish","type":"product","link":"https:\/\/waxoyl.nl\/fr\/product\/chiffon-en-microfibre-waxoyl-plus-gris-5-pieces\/","title":{"rendered":"Waxoyl Microfibre cloth Plus grey each"},"content":{"rendered":"<p>Ce chiffon en microfibres est un outil indispensable pour un polissage impeccable de votre voiture. Gr\u00e2ce \u00e0 ses microfibres de haute qualit\u00e9, il est id\u00e9al pour \u00e9liminer les r\u00e9sidus de vernis et de vitrification de la peinture et donner \u00e0 votre v\u00e9hicule une brillance \u00e9clatante. De plus, ce chiffon est extr\u00eamement doux et sans rayures, ce qui le rend sans danger pour la peinture de votre v\u00e9hicule.  <\/p>\n","protected":false},"excerpt":{"rendered":"<p>Ce chiffon en microfibre est id\u00e9al pour \u00e9liminer les r\u00e9sidus de produit de lustrage et de scellement de peinture.<\/p>\n","protected":false},"featured_media":3682,"template":"","meta":[],"product_brand":[],"product_cat":[65,58,60],"product_tag":[29],"class_list":{"0":"post-3833","1":"product","2":"type-product","3":"status-publish","4":"has-post-thumbnail","6":"product_cat-consommateur","7":"product_cat-nettoyage-exterieur","8":"product_cat-nettoyage-interieur","9":"product_tag-microvezeldoek","11":"first","12":"instock","13":"shipping-taxable","14":"purchasable","15":"product-type-simple"},"yoast_head":"<!-- This site is optimized with the Yoast SEO plugin v27.3 - https:\/\/yoast.com\/product\/yoast-seo-wordpress\/ -->\n<title>Waxoyl Microfibre cloth Plus grey each - Waxoyl<\/title>\n<meta name=\"robots\" content=\"index, follow, max-snippet:-1, max-image-preview:large, max-video-preview:-1\" \/>\n<link rel=\"canonical\" href=\"https:\/\/waxoyl.nl\/fr\/product\/chiffon-en-microfibre-waxoyl-plus-gris-5-pieces\/\" \/>\n<meta property=\"og:locale\" content=\"fr_FR\" \/>\n<meta property=\"og:type\" content=\"article\" \/>\n<meta property=\"og:title\" content=\"Waxoyl Microfibre cloth Plus grey each - Waxoyl\" \/>\n<meta property=\"og:description\" content=\"Ce chiffon en microfibre est id\u00e9al pour \u00e9liminer les r\u00e9sidus de produit de lustrage et de scellement de peinture.\" \/>\n<meta property=\"og:url\" content=\"https:\/\/waxoyl.nl\/fr\/product\/chiffon-en-microfibre-waxoyl-plus-gris-5-pieces\/\" \/>\n<meta property=\"og:site_name\" content=\"Waxoyl\" \/>\n<meta property=\"article:publisher\" content=\"https:\/\/www.facebook.com\/WaxoylBenelux\" \/>\n<meta property=\"article:modified_time\" content=\"2026-03-02T13:45:18+00:00\" \/>\n<meta property=\"og:image\" content=\"https:\/\/waxoyl.nl\/app\/uploads\/2022\/06\/Ontwerp-zonder-titel.png\" \/>\n\t<meta property=\"og:image:width\" content=\"1200\" \/>\n\t<meta property=\"og:image:height\" content=\"1200\" \/>\n\t<meta property=\"og:image:type\" content=\"image\/png\" \/>\n<meta name=\"twitter:card\" content=\"summary_large_image\" \/>\n<meta name=\"twitter:label1\" content=\"Est. reading time\" \/>\n\t<meta name=\"twitter:data1\" content=\"1 minute\" \/>\n<script type=\"application\/ld+json\" class=\"yoast-schema-graph\">{\"@context\":\"https:\\\/\\\/schema.org\",\"@graph\":[{\"@type\":\"WebPage\",\"@id\":\"https:\\\/\\\/waxoyl.nl\\\/fr\\\/product\\\/chiffon-en-microfibre-waxoyl-plus-gris-5-pieces\\\/\",\"url\":\"https:\\\/\\\/waxoyl.nl\\\/fr\\\/product\\\/chiffon-en-microfibre-waxoyl-plus-gris-5-pieces\\\/\",\"name\":\"Waxoyl Microfibre cloth Plus grey each - Waxoyl\",\"isPartOf\":{\"@id\":\"https:\\\/\\\/waxoyl.nl\\\/#website\"},\"primaryImageOfPage\":{\"@id\":\"https:\\\/\\\/waxoyl.nl\\\/fr\\\/product\\\/chiffon-en-microfibre-waxoyl-plus-gris-5-pieces\\\/#primaryimage\"},\"image\":{\"@id\":\"https:\\\/\\\/waxoyl.nl\\\/fr\\\/product\\\/chiffon-en-microfibre-waxoyl-plus-gris-5-pieces\\\/#primaryimage\"},\"thumbnailUrl\":\"https:\\\/\\\/waxoyl.nl\\\/app\\\/uploads\\\/2022\\\/06\\\/Ontwerp-zonder-titel.png\",\"datePublished\":\"2022-06-01T04:10:40+00:00\",\"dateModified\":\"2026-03-02T13:45:18+00:00\",\"breadcrumb\":{\"@id\":\"https:\\\/\\\/waxoyl.nl\\\/fr\\\/product\\\/chiffon-en-microfibre-waxoyl-plus-gris-5-pieces\\\/#breadcrumb\"},\"inLanguage\":\"fr-FR\",\"potentialAction\":[{\"@type\":\"ReadAction\",\"target\":[\"https:\\\/\\\/waxoyl.nl\\\/fr\\\/product\\\/chiffon-en-microfibre-waxoyl-plus-gris-5-pieces\\\/\"]}]},{\"@type\":\"ImageObject\",\"inLanguage\":\"fr-FR\",\"@id\":\"https:\\\/\\\/waxoyl.nl\\\/fr\\\/product\\\/chiffon-en-microfibre-waxoyl-plus-gris-5-pieces\\\/#primaryimage\",\"url\":\"https:\\\/\\\/waxoyl.nl\\\/app\\\/uploads\\\/2022\\\/06\\\/Ontwerp-zonder-titel.png\",\"contentUrl\":\"https:\\\/\\\/waxoyl.nl\\\/app\\\/uploads\\\/2022\\\/06\\\/Ontwerp-zonder-titel.png\",\"width\":1200,\"height\":1200},{\"@type\":\"BreadcrumbList\",\"@id\":\"https:\\\/\\\/waxoyl.nl\\\/fr\\\/product\\\/chiffon-en-microfibre-waxoyl-plus-gris-5-pieces\\\/#breadcrumb\",\"itemListElement\":[{\"@type\":\"ListItem\",\"position\":1,\"name\":\"Home\",\"item\":\"https:\\\/\\\/waxoyl.nl\\\/fr\\\/accueil\\\/\"},{\"@type\":\"ListItem\",\"position\":2,\"name\":\"Shop\",\"item\":\"https:\\\/\\\/waxoyl.nl\\\/shop\\\/\"},{\"@type\":\"ListItem\",\"position\":3,\"name\":\"Waxoyl Microfibre cloth Plus grey each\"}]},{\"@type\":\"WebSite\",\"@id\":\"https:\\\/\\\/waxoyl.nl\\\/#website\",\"url\":\"https:\\\/\\\/waxoyl.nl\\\/\",\"name\":\"Waxoyl\",\"description\":\"Protection to perfection\",\"publisher\":{\"@id\":\"https:\\\/\\\/waxoyl.nl\\\/#organization\"},\"potentialAction\":[{\"@type\":\"SearchAction\",\"target\":{\"@type\":\"EntryPoint\",\"urlTemplate\":\"https:\\\/\\\/waxoyl.nl\\\/?s={search_term_string}\"},\"query-input\":{\"@type\":\"PropertyValueSpecification\",\"valueRequired\":true,\"valueName\":\"search_term_string\"}}],\"inLanguage\":\"fr-FR\"},{\"@type\":\"Organization\",\"@id\":\"https:\\\/\\\/waxoyl.nl\\\/#organization\",\"name\":\"Waxoyl Benelux\",\"url\":\"https:\\\/\\\/waxoyl.nl\\\/\",\"logo\":{\"@type\":\"ImageObject\",\"inLanguage\":\"fr-FR\",\"@id\":\"https:\\\/\\\/waxoyl.nl\\\/#\\\/schema\\\/logo\\\/image\\\/\",\"url\":\"https:\\\/\\\/waxoyl.nl\\\/app\\\/uploads\\\/2022\\\/05\\\/waxoyl_logo_car-care-2021-2.png\",\"contentUrl\":\"https:\\\/\\\/waxoyl.nl\\\/app\\\/uploads\\\/2022\\\/05\\\/waxoyl_logo_car-care-2021-2.png\",\"width\":709,\"height\":709,\"caption\":\"Waxoyl Benelux\"},\"image\":{\"@id\":\"https:\\\/\\\/waxoyl.nl\\\/#\\\/schema\\\/logo\\\/image\\\/\"},\"sameAs\":[\"https:\\\/\\\/www.facebook.com\\\/WaxoylBenelux\",\"https:\\\/\\\/www.instagram.com\\\/waxoylbenelux\\\/\",\"https:\\\/\\\/www.linkedin.com\\\/company\\\/waxoyl\\\/\"]}]}<\/script>\n<!-- \/ Yoast SEO plugin. -->","yoast_head_json":{"title":"Waxoyl Microfibre cloth Plus grey each - Waxoyl","robots":{"index":"index","follow":"follow","max-snippet":"max-snippet:-1","max-image-preview":"max-image-preview:large","max-video-preview":"max-video-preview:-1"},"canonical":"https:\/\/waxoyl.nl\/fr\/product\/chiffon-en-microfibre-waxoyl-plus-gris-5-pieces\/","og_locale":"fr_FR","og_type":"article","og_title":"Waxoyl Microfibre cloth Plus grey each - Waxoyl","og_description":"Ce chiffon en microfibre est id\u00e9al pour \u00e9liminer les r\u00e9sidus de produit de lustrage et de scellement de peinture.","og_url":"https:\/\/waxoyl.nl\/fr\/product\/chiffon-en-microfibre-waxoyl-plus-gris-5-pieces\/","og_site_name":"Waxoyl","article_publisher":"https:\/\/www.facebook.com\/WaxoylBenelux","article_modified_time":"2026-03-02T13:45:18+00:00","og_image":[{"width":1200,"height":1200,"url":"https:\/\/waxoyl.nl\/app\/uploads\/2022\/06\/Ontwerp-zonder-titel.png","type":"image\/png"}],"twitter_card":"summary_large_image","twitter_misc":{"Est. reading time":"1 minute"},"schema":{"@context":"https:\/\/schema.org","@graph":[{"@type":"WebPage","@id":"https:\/\/waxoyl.nl\/fr\/product\/chiffon-en-microfibre-waxoyl-plus-gris-5-pieces\/","url":"https:\/\/waxoyl.nl\/fr\/product\/chiffon-en-microfibre-waxoyl-plus-gris-5-pieces\/","name":"Waxoyl Microfibre cloth Plus grey each - Waxoyl","isPartOf":{"@id":"https:\/\/waxoyl.nl\/#website"},"primaryImageOfPage":{"@id":"https:\/\/waxoyl.nl\/fr\/product\/chiffon-en-microfibre-waxoyl-plus-gris-5-pieces\/#primaryimage"},"image":{"@id":"https:\/\/waxoyl.nl\/fr\/product\/chiffon-en-microfibre-waxoyl-plus-gris-5-pieces\/#primaryimage"},"thumbnailUrl":"https:\/\/waxoyl.nl\/app\/uploads\/2022\/06\/Ontwerp-zonder-titel.png","datePublished":"2022-06-01T04:10:40+00:00","dateModified":"2026-03-02T13:45:18+00:00","breadcrumb":{"@id":"https:\/\/waxoyl.nl\/fr\/product\/chiffon-en-microfibre-waxoyl-plus-gris-5-pieces\/#breadcrumb"},"inLanguage":"fr-FR","potentialAction":[{"@type":"ReadAction","target":["https:\/\/waxoyl.nl\/fr\/product\/chiffon-en-microfibre-waxoyl-plus-gris-5-pieces\/"]}]},{"@type":"ImageObject","inLanguage":"fr-FR","@id":"https:\/\/waxoyl.nl\/fr\/product\/chiffon-en-microfibre-waxoyl-plus-gris-5-pieces\/#primaryimage","url":"https:\/\/waxoyl.nl\/app\/uploads\/2022\/06\/Ontwerp-zonder-titel.png","contentUrl":"https:\/\/waxoyl.nl\/app\/uploads\/2022\/06\/Ontwerp-zonder-titel.png","width":1200,"height":1200},{"@type":"BreadcrumbList","@id":"https:\/\/waxoyl.nl\/fr\/product\/chiffon-en-microfibre-waxoyl-plus-gris-5-pieces\/#breadcrumb","itemListElement":[{"@type":"ListItem","position":1,"name":"Home","item":"https:\/\/waxoyl.nl\/fr\/accueil\/"},{"@type":"ListItem","position":2,"name":"Shop","item":"https:\/\/waxoyl.nl\/shop\/"},{"@type":"ListItem","position":3,"name":"Waxoyl Microfibre cloth Plus grey each"}]},{"@type":"WebSite","@id":"https:\/\/waxoyl.nl\/#website","url":"https:\/\/waxoyl.nl\/","name":"Waxoyl","description":"Protection to perfection","publisher":{"@id":"https:\/\/waxoyl.nl\/#organization"},"potentialAction":[{"@type":"SearchAction","target":{"@type":"EntryPoint","urlTemplate":"https:\/\/waxoyl.nl\/?s={search_term_string}"},"query-input":{"@type":"PropertyValueSpecification","valueRequired":true,"valueName":"search_term_string"}}],"inLanguage":"fr-FR"},{"@type":"Organization","@id":"https:\/\/waxoyl.nl\/#organization","name":"Waxoyl Benelux","url":"https:\/\/waxoyl.nl\/","logo":{"@type":"ImageObject","inLanguage":"fr-FR","@id":"https:\/\/waxoyl.nl\/#\/schema\/logo\/image\/","url":"https:\/\/waxoyl.nl\/app\/uploads\/2022\/05\/waxoyl_logo_car-care-2021-2.png","contentUrl":"https:\/\/waxoyl.nl\/app\/uploads\/2022\/05\/waxoyl_logo_car-care-2021-2.png","width":709,"height":709,"caption":"Waxoyl Benelux"},"image":{"@id":"https:\/\/waxoyl.nl\/#\/schema\/logo\/image\/"},"sameAs":["https:\/\/www.facebook.com\/WaxoylBenelux","https:\/\/www.instagram.com\/waxoylbenelux\/","https:\/\/www.linkedin.com\/company\/waxoyl\/"]}]}},"_links":{"self":[{"href":"https:\/\/waxoyl.nl\/fr\/wp-json\/wp\/v2\/product\/3833","targetHints":{"allow":["GET"]}}],"collection":[{"href":"https:\/\/waxoyl.nl\/fr\/wp-json\/wp\/v2\/product"}],"about":[{"href":"https:\/\/waxoyl.nl\/fr\/wp-json\/wp\/v2\/types\/product"}],"wp:featuredmedia":[{"embeddable":true,"href":"https:\/\/waxoyl.nl\/fr\/wp-json\/wp\/v2\/media\/3682"}],"wp:attachment":[{"href":"https:\/\/waxoyl.nl\/fr\/wp-json\/wp\/v2\/media?parent=3833"}],"wp:term":[{"taxonomy":"product_brand","embeddable":true,"href":"https:\/\/waxoyl.nl\/fr\/wp-json\/wp\/v2\/product_brand?post=3833"},{"taxonomy":"product_cat","embeddable":true,"href":"https:\/\/waxoyl.nl\/fr\/wp-json\/wp\/v2\/product_cat?post=3833"},{"taxonomy":"product_tag","embeddable":true,"href":"https:\/\/waxoyl.nl\/fr\/wp-json\/wp\/v2\/product_tag?post=3833"}],"curies":[{"name":"wp","href":"https:\/\/api.w.org\/{rel}","templated":true}]}}