{"id":6728,"date":"2022-09-14T07:13:01","date_gmt":"2022-09-14T05:13:01","guid":{"rendered":"https:\/\/waxoyl.nl\/product\/tissu-microfibre-waxoyl-par-piece\/"},"modified":"2026-03-02T15:45:17","modified_gmt":"2026-03-02T13:45:17","slug":"tissu-microfibre-waxoyl-par-piece","status":"publish","type":"product","link":"https:\/\/waxoyl.nl\/fr\/product\/tissu-microfibre-waxoyl-par-piece\/","title":{"rendered":"Tissu microfibre Waxoyl par pi\u00e8ce"},"content":{"rendered":"<p>Les fibres sont dot\u00e9es de minuscules crochets avec lesquels elles accrochent les particules de salet\u00e9. Les fibres ont \u00e9galement une grande capacit\u00e9 d&#8217;absorption qui leur permet d&#8217;aspirer et de retenir les particules de graisse et de salet\u00e9. Id\u00e9al pour le <b>nettoyage<\/b> de la <b>voiture<\/b>.<\/p>\n<p>Dimensions : 40 x 40 cm<br \/>\nMati\u00e8re : 80% polyester 20% polyamide<br \/>\nInstructions de lavage : laver \u00e0 60 degr\u00e9s, ne pas utiliser d&#8217;assouplissant<br \/>\nConseil : lavez toujours les serviettes en microfibres s\u00e9par\u00e9ment les unes des autres.<\/p>\n","protected":false},"excerpt":{"rendered":"<p>Ce chiffon en microfibre est id\u00e9al pour \u00e9liminer les r\u00e9sidus de produit de lustrage et de scellement de peinture.<\/p>\n<p>Gr\u00e2ce \u00e0 cette structure et \u00e0 son design sans bords, ce chiffon en microfibres de haute qualit\u00e9 est parfait pour le nettoyage de votre voiture. La combinaison de polyamide et de polyester dans la composition choisie assure une absorption optimale de la salet\u00e9 et des produits de nettoyage, sans laisser de peluches.<\/p>\n","protected":false},"featured_media":5341,"template":"","meta":[],"product_brand":[],"product_cat":[65,58],"product_tag":[],"class_list":{"0":"post-6728","1":"product","2":"type-product","3":"status-publish","4":"has-post-thumbnail","6":"product_cat-consommateur","7":"product_cat-nettoyage-exterieur","9":"first","10":"instock","11":"shipping-taxable","12":"purchasable","13":"product-type-simple"},"yoast_head":"<!-- This site is optimized with the Yoast SEO plugin v27.5 - https:\/\/yoast.com\/product\/yoast-seo-wordpress\/ -->\n<title>Tissu microfibre Waxoyl par pi\u00e8ce - Waxoyl<\/title>\n<meta name=\"robots\" content=\"index, follow, max-snippet:-1, max-image-preview:large, max-video-preview:-1\" \/>\n<link rel=\"canonical\" href=\"https:\/\/waxoyl.nl\/fr\/product\/tissu-microfibre-waxoyl-par-piece\/\" \/>\n<meta property=\"og:locale\" content=\"fr_FR\" \/>\n<meta property=\"og:type\" content=\"article\" \/>\n<meta property=\"og:title\" content=\"Tissu microfibre Waxoyl par pi\u00e8ce - Waxoyl\" \/>\n<meta property=\"og:description\" content=\"Ce chiffon en microfibre est id\u00e9al pour \u00e9liminer les r\u00e9sidus de produit de lustrage et de scellement de peinture. Gr\u00e2ce \u00e0 cette structure et \u00e0 son design sans bords, ce chiffon en microfibres de haute qualit\u00e9 est parfait pour le nettoyage de votre voiture. La combinaison de polyamide et de polyester dans la composition choisie assure une absorption optimale de la salet\u00e9 et des produits de nettoyage, sans laisser de peluches.\" \/>\n<meta property=\"og:url\" content=\"https:\/\/waxoyl.nl\/fr\/product\/tissu-microfibre-waxoyl-par-piece\/\" \/>\n<meta property=\"og:site_name\" content=\"Waxoyl\" \/>\n<meta property=\"article:publisher\" content=\"https:\/\/www.facebook.com\/WaxoylBenelux\" \/>\n<meta property=\"article:modified_time\" content=\"2026-03-02T13:45:17+00:00\" \/>\n<meta property=\"og:image\" content=\"https:\/\/waxoyl.nl\/app\/uploads\/2022\/09\/Waxoyl-Microvezel-doek-per-stuk.png\" \/>\n\t<meta property=\"og:image:width\" content=\"684\" \/>\n\t<meta property=\"og:image:height\" content=\"684\" \/>\n\t<meta property=\"og:image:type\" content=\"image\/png\" \/>\n<meta name=\"twitter:card\" content=\"summary_large_image\" \/>\n<meta name=\"twitter:label1\" content=\"Est. reading time\" \/>\n\t<meta name=\"twitter:data1\" content=\"1 minute\" \/>\n<script type=\"application\/ld+json\" class=\"yoast-schema-graph\">{\"@context\":\"https:\\\/\\\/schema.org\",\"@graph\":[{\"@type\":\"WebPage\",\"@id\":\"https:\\\/\\\/waxoyl.nl\\\/fr\\\/product\\\/tissu-microfibre-waxoyl-par-piece\\\/\",\"url\":\"https:\\\/\\\/waxoyl.nl\\\/fr\\\/product\\\/tissu-microfibre-waxoyl-par-piece\\\/\",\"name\":\"Tissu microfibre Waxoyl par pi\u00e8ce - Waxoyl\",\"isPartOf\":{\"@id\":\"https:\\\/\\\/waxoyl.nl\\\/#website\"},\"primaryImageOfPage\":{\"@id\":\"https:\\\/\\\/waxoyl.nl\\\/fr\\\/product\\\/tissu-microfibre-waxoyl-par-piece\\\/#primaryimage\"},\"image\":{\"@id\":\"https:\\\/\\\/waxoyl.nl\\\/fr\\\/product\\\/tissu-microfibre-waxoyl-par-piece\\\/#primaryimage\"},\"thumbnailUrl\":\"https:\\\/\\\/waxoyl.nl\\\/app\\\/uploads\\\/2022\\\/09\\\/Waxoyl-Microvezel-doek-per-stuk.png\",\"datePublished\":\"2022-09-14T05:13:01+00:00\",\"dateModified\":\"2026-03-02T13:45:17+00:00\",\"breadcrumb\":{\"@id\":\"https:\\\/\\\/waxoyl.nl\\\/fr\\\/product\\\/tissu-microfibre-waxoyl-par-piece\\\/#breadcrumb\"},\"inLanguage\":\"fr-FR\",\"potentialAction\":[{\"@type\":\"ReadAction\",\"target\":[\"https:\\\/\\\/waxoyl.nl\\\/fr\\\/product\\\/tissu-microfibre-waxoyl-par-piece\\\/\"]}]},{\"@type\":\"ImageObject\",\"inLanguage\":\"fr-FR\",\"@id\":\"https:\\\/\\\/waxoyl.nl\\\/fr\\\/product\\\/tissu-microfibre-waxoyl-par-piece\\\/#primaryimage\",\"url\":\"https:\\\/\\\/waxoyl.nl\\\/app\\\/uploads\\\/2022\\\/09\\\/Waxoyl-Microvezel-doek-per-stuk.png\",\"contentUrl\":\"https:\\\/\\\/waxoyl.nl\\\/app\\\/uploads\\\/2022\\\/09\\\/Waxoyl-Microvezel-doek-per-stuk.png\",\"width\":684,\"height\":684},{\"@type\":\"BreadcrumbList\",\"@id\":\"https:\\\/\\\/waxoyl.nl\\\/fr\\\/product\\\/tissu-microfibre-waxoyl-par-piece\\\/#breadcrumb\",\"itemListElement\":[{\"@type\":\"ListItem\",\"position\":1,\"name\":\"Home\",\"item\":\"https:\\\/\\\/waxoyl.nl\\\/fr\\\/accueil\\\/\"},{\"@type\":\"ListItem\",\"position\":2,\"name\":\"Shop\",\"item\":\"https:\\\/\\\/waxoyl.nl\\\/shop\\\/\"},{\"@type\":\"ListItem\",\"position\":3,\"name\":\"Tissu microfibre Waxoyl par pi\u00e8ce\"}]},{\"@type\":\"WebSite\",\"@id\":\"https:\\\/\\\/waxoyl.nl\\\/#website\",\"url\":\"https:\\\/\\\/waxoyl.nl\\\/\",\"name\":\"Waxoyl\",\"description\":\"Protection to perfection\",\"publisher\":{\"@id\":\"https:\\\/\\\/waxoyl.nl\\\/#organization\"},\"potentialAction\":[{\"@type\":\"SearchAction\",\"target\":{\"@type\":\"EntryPoint\",\"urlTemplate\":\"https:\\\/\\\/waxoyl.nl\\\/?s={search_term_string}\"},\"query-input\":{\"@type\":\"PropertyValueSpecification\",\"valueRequired\":true,\"valueName\":\"search_term_string\"}}],\"inLanguage\":\"fr-FR\"},{\"@type\":\"Organization\",\"@id\":\"https:\\\/\\\/waxoyl.nl\\\/#organization\",\"name\":\"Waxoyl Benelux\",\"url\":\"https:\\\/\\\/waxoyl.nl\\\/\",\"logo\":{\"@type\":\"ImageObject\",\"inLanguage\":\"fr-FR\",\"@id\":\"https:\\\/\\\/waxoyl.nl\\\/#\\\/schema\\\/logo\\\/image\\\/\",\"url\":\"https:\\\/\\\/waxoyl.nl\\\/app\\\/uploads\\\/2022\\\/05\\\/waxoyl_logo_car-care-2021-2.png\",\"contentUrl\":\"https:\\\/\\\/waxoyl.nl\\\/app\\\/uploads\\\/2022\\\/05\\\/waxoyl_logo_car-care-2021-2.png\",\"width\":709,\"height\":709,\"caption\":\"Waxoyl Benelux\"},\"image\":{\"@id\":\"https:\\\/\\\/waxoyl.nl\\\/#\\\/schema\\\/logo\\\/image\\\/\"},\"sameAs\":[\"https:\\\/\\\/www.facebook.com\\\/WaxoylBenelux\",\"https:\\\/\\\/www.instagram.com\\\/waxoylbenelux\\\/\",\"https:\\\/\\\/www.linkedin.com\\\/company\\\/waxoyl\\\/\"]}]}<\/script>\n<!-- \/ Yoast SEO plugin. -->","yoast_head_json":{"title":"Tissu microfibre Waxoyl par pi\u00e8ce - Waxoyl","robots":{"index":"index","follow":"follow","max-snippet":"max-snippet:-1","max-image-preview":"max-image-preview:large","max-video-preview":"max-video-preview:-1"},"canonical":"https:\/\/waxoyl.nl\/fr\/product\/tissu-microfibre-waxoyl-par-piece\/","og_locale":"fr_FR","og_type":"article","og_title":"Tissu microfibre Waxoyl par pi\u00e8ce - Waxoyl","og_description":"Ce chiffon en microfibre est id\u00e9al pour \u00e9liminer les r\u00e9sidus de produit de lustrage et de scellement de peinture. Gr\u00e2ce \u00e0 cette structure et \u00e0 son design sans bords, ce chiffon en microfibres de haute qualit\u00e9 est parfait pour le nettoyage de votre voiture. La combinaison de polyamide et de polyester dans la composition choisie assure une absorption optimale de la salet\u00e9 et des produits de nettoyage, sans laisser de peluches.","og_url":"https:\/\/waxoyl.nl\/fr\/product\/tissu-microfibre-waxoyl-par-piece\/","og_site_name":"Waxoyl","article_publisher":"https:\/\/www.facebook.com\/WaxoylBenelux","article_modified_time":"2026-03-02T13:45:17+00:00","og_image":[{"width":684,"height":684,"url":"https:\/\/waxoyl.nl\/app\/uploads\/2022\/09\/Waxoyl-Microvezel-doek-per-stuk.png","type":"image\/png"}],"twitter_card":"summary_large_image","twitter_misc":{"Est. reading time":"1 minute"},"schema":{"@context":"https:\/\/schema.org","@graph":[{"@type":"WebPage","@id":"https:\/\/waxoyl.nl\/fr\/product\/tissu-microfibre-waxoyl-par-piece\/","url":"https:\/\/waxoyl.nl\/fr\/product\/tissu-microfibre-waxoyl-par-piece\/","name":"Tissu microfibre Waxoyl par pi\u00e8ce - Waxoyl","isPartOf":{"@id":"https:\/\/waxoyl.nl\/#website"},"primaryImageOfPage":{"@id":"https:\/\/waxoyl.nl\/fr\/product\/tissu-microfibre-waxoyl-par-piece\/#primaryimage"},"image":{"@id":"https:\/\/waxoyl.nl\/fr\/product\/tissu-microfibre-waxoyl-par-piece\/#primaryimage"},"thumbnailUrl":"https:\/\/waxoyl.nl\/app\/uploads\/2022\/09\/Waxoyl-Microvezel-doek-per-stuk.png","datePublished":"2022-09-14T05:13:01+00:00","dateModified":"2026-03-02T13:45:17+00:00","breadcrumb":{"@id":"https:\/\/waxoyl.nl\/fr\/product\/tissu-microfibre-waxoyl-par-piece\/#breadcrumb"},"inLanguage":"fr-FR","potentialAction":[{"@type":"ReadAction","target":["https:\/\/waxoyl.nl\/fr\/product\/tissu-microfibre-waxoyl-par-piece\/"]}]},{"@type":"ImageObject","inLanguage":"fr-FR","@id":"https:\/\/waxoyl.nl\/fr\/product\/tissu-microfibre-waxoyl-par-piece\/#primaryimage","url":"https:\/\/waxoyl.nl\/app\/uploads\/2022\/09\/Waxoyl-Microvezel-doek-per-stuk.png","contentUrl":"https:\/\/waxoyl.nl\/app\/uploads\/2022\/09\/Waxoyl-Microvezel-doek-per-stuk.png","width":684,"height":684},{"@type":"BreadcrumbList","@id":"https:\/\/waxoyl.nl\/fr\/product\/tissu-microfibre-waxoyl-par-piece\/#breadcrumb","itemListElement":[{"@type":"ListItem","position":1,"name":"Home","item":"https:\/\/waxoyl.nl\/fr\/accueil\/"},{"@type":"ListItem","position":2,"name":"Shop","item":"https:\/\/waxoyl.nl\/shop\/"},{"@type":"ListItem","position":3,"name":"Tissu microfibre Waxoyl par pi\u00e8ce"}]},{"@type":"WebSite","@id":"https:\/\/waxoyl.nl\/#website","url":"https:\/\/waxoyl.nl\/","name":"Waxoyl","description":"Protection to perfection","publisher":{"@id":"https:\/\/waxoyl.nl\/#organization"},"potentialAction":[{"@type":"SearchAction","target":{"@type":"EntryPoint","urlTemplate":"https:\/\/waxoyl.nl\/?s={search_term_string}"},"query-input":{"@type":"PropertyValueSpecification","valueRequired":true,"valueName":"search_term_string"}}],"inLanguage":"fr-FR"},{"@type":"Organization","@id":"https:\/\/waxoyl.nl\/#organization","name":"Waxoyl Benelux","url":"https:\/\/waxoyl.nl\/","logo":{"@type":"ImageObject","inLanguage":"fr-FR","@id":"https:\/\/waxoyl.nl\/#\/schema\/logo\/image\/","url":"https:\/\/waxoyl.nl\/app\/uploads\/2022\/05\/waxoyl_logo_car-care-2021-2.png","contentUrl":"https:\/\/waxoyl.nl\/app\/uploads\/2022\/05\/waxoyl_logo_car-care-2021-2.png","width":709,"height":709,"caption":"Waxoyl Benelux"},"image":{"@id":"https:\/\/waxoyl.nl\/#\/schema\/logo\/image\/"},"sameAs":["https:\/\/www.facebook.com\/WaxoylBenelux","https:\/\/www.instagram.com\/waxoylbenelux\/","https:\/\/www.linkedin.com\/company\/waxoyl\/"]}]}},"_links":{"self":[{"href":"https:\/\/waxoyl.nl\/fr\/wp-json\/wp\/v2\/product\/6728","targetHints":{"allow":["GET"]}}],"collection":[{"href":"https:\/\/waxoyl.nl\/fr\/wp-json\/wp\/v2\/product"}],"about":[{"href":"https:\/\/waxoyl.nl\/fr\/wp-json\/wp\/v2\/types\/product"}],"wp:featuredmedia":[{"embeddable":true,"href":"https:\/\/waxoyl.nl\/fr\/wp-json\/wp\/v2\/media\/5341"}],"wp:attachment":[{"href":"https:\/\/waxoyl.nl\/fr\/wp-json\/wp\/v2\/media?parent=6728"}],"wp:term":[{"taxonomy":"product_brand","embeddable":true,"href":"https:\/\/waxoyl.nl\/fr\/wp-json\/wp\/v2\/product_brand?post=6728"},{"taxonomy":"product_cat","embeddable":true,"href":"https:\/\/waxoyl.nl\/fr\/wp-json\/wp\/v2\/product_cat?post=6728"},{"taxonomy":"product_tag","embeddable":true,"href":"https:\/\/waxoyl.nl\/fr\/wp-json\/wp\/v2\/product_tag?post=6728"}],"curies":[{"name":"wp","href":"https:\/\/api.w.org\/{rel}","templated":true}]}}