{"id":6731,"date":"2023-03-13T17:09:32","date_gmt":"2023-03-13T15:09:32","guid":{"rendered":"https:\/\/waxoyl.nl\/product\/waxoyl-for-me-carnauba-wax\/"},"modified":"2023-10-11T11:48:24","modified_gmt":"2023-10-11T09:48:24","slug":"waxoyl-for-me-carnauba-wax","status":"publish","type":"product","link":"https:\/\/waxoyl.nl\/fr\/product\/waxoyl-for-me-carnauba-wax\/","title":{"rendered":"Waxoyl for ME Carnauba Wax"},"content":{"rendered":"<div class=\"page\" title=\"Page 4\">\n<div class=\"section\">\n<div class=\"layoutArea\">\n<div class=\"column\">\n<p>Parfait pour les amateurs de lavage de voitures. Facile \u00e0 utiliser et avec une formule protectrice de tr\u00e8s longue dur\u00e9e. Combine la brillance profonde de la cire de carnauba avec des ingr\u00e9dients de haute technologie pour une protection de longue dur\u00e9e. Prot\u00e8ge contre les intemp\u00e9ries et autres risques environnementaux, r\u00e9duit l&#8217;adh\u00e9rence des insectes.<\/p>\n<\/div>\n<\/div>\n<\/div>\n<\/div>\n<div class=\"page\" title=\"Page 4\">\n<div class=\"section\">\n<div class=\"layoutArea\">\n<div class=\"column\">\n<div class=\"page\" title=\"Page 13\">\n<div class=\"section\">\n<div class=\"layoutArea\">\n<div class=\"column\">\n<div class=\"page\" title=\"Page 1\">\n<div class=\"section\">\n<div class=\"layoutArea\">\n<div class=\"page\" title=\"Page 2\">\n<div class=\"section\">\n<div class=\"layoutArea\">\n<div class=\"column\">\n<p><strong>D\u00e9couvrez le monde fascinant de la qualit\u00e9 Waxoyl.<\/strong><\/p>\n<p>Profitez plus longtemps de l&#8217;entretien de votre voiture. Les s\u00e9ries de nettoyage et d&#8217;entretien Waxoyl for ME ont \u00e9t\u00e9 d\u00e9velopp\u00e9es pour un entretien optimal et facile. Pour r\u00e9aliser ces produits, nous n&#8217;avons pas l\u00e9sin\u00e9 sur les moyens. Notre devise est la suivante : &#8220;Seul le meilleur est suffisant&#8221;.<\/p>\n<\/div>\n<\/div>\n<\/div>\n<\/div>\n<\/div>\n<\/div>\n<\/div>\n<\/div>\n<\/div>\n<\/div>\n<\/div>\n<p>&nbsp;<\/p>\n<div class=\"page\" title=\"Page 13\">\n<div class=\"section\">\n<div class=\"layoutArea\">\n<div class=\"column\">\n<div class=\"page\" title=\"Page 1\">\n<div class=\"section\">\n<div class=\"layoutArea\">\n<div class=\"page\" title=\"Page 2\">\n<div class=\"section\">\n<div class=\"layoutArea\">\n<div class=\"column\"><\/div>\n<\/div>\n<\/div>\n<\/div>\n<\/div>\n<\/div>\n<\/div>\n<\/div>\n<\/div>\n<\/div>\n<\/div>\n<\/div>\n<\/div>\n<\/div>\n<\/div>\n","protected":false},"excerpt":{"rendered":"<div class=\"page\" title=\"Page 4\">\n<div class=\"section\">\n<div class=\"layoutArea\">\n<div class=\"column\">\n<p>La cire de carnauba offre une protection optimale contre les influences ext\u00e9rieures et apporte un brillant profond. Les huiles de haute qualit\u00e9 facilitent l&#8217;application de la cire.<\/p>\n<\/div>\n<\/div>\n<\/div>\n<\/div>\n","protected":false},"featured_media":6185,"template":"","meta":[],"product_brand":[],"product_cat":[65,59,64],"product_tag":[71],"class_list":{"0":"post-6731","1":"product","2":"type-product","3":"status-publish","4":"has-post-thumbnail","6":"product_cat-consommateur","7":"product_cat-polissage","8":"product_cat-waxoyl-for-me-fr","9":"product_tag-waxoyl-for-me","11":"first","12":"instock","13":"shipping-taxable","14":"purchasable","15":"product-type-simple"},"yoast_head":"<!-- This site is optimized with the Yoast SEO plugin v27.0 - https:\/\/yoast.com\/product\/yoast-seo-wordpress\/ -->\n<title>Waxoyl for ME Carnauba Wax - Waxoyl<\/title>\n<meta name=\"description\" content=\"Un nettoyant pour jantes qui donne d&#039;excellents r\u00e9sultats sur tous les types de jantes telles que l&#039;acier, le chrome, l&#039;aluminium, etc. \u00c9limine rapidement et en toute s\u00e9curit\u00e9 la poussi\u00e8re des freins, la rouille, etc.\" \/>\n<meta name=\"robots\" content=\"index, follow, max-snippet:-1, max-image-preview:large, max-video-preview:-1\" \/>\n<link rel=\"canonical\" href=\"https:\/\/waxoyl.nl\/fr\/product\/waxoyl-for-me-carnauba-wax\/\" \/>\n<meta property=\"og:locale\" content=\"fr_FR\" \/>\n<meta property=\"og:type\" content=\"article\" \/>\n<meta property=\"og:title\" content=\"Waxoyl for ME Carnauba Wax - Waxoyl\" \/>\n<meta property=\"og:description\" content=\"Un nettoyant pour jantes qui donne d&#039;excellents r\u00e9sultats sur tous les types de jantes telles que l&#039;acier, le chrome, l&#039;aluminium, etc. \u00c9limine rapidement et en toute s\u00e9curit\u00e9 la poussi\u00e8re des freins, la rouille, etc.\" \/>\n<meta property=\"og:url\" content=\"https:\/\/waxoyl.nl\/fr\/product\/waxoyl-for-me-carnauba-wax\/\" \/>\n<meta property=\"og:site_name\" content=\"Waxoyl\" \/>\n<meta property=\"article:publisher\" content=\"https:\/\/www.facebook.com\/WaxoylBenelux\" \/>\n<meta property=\"article:modified_time\" content=\"2023-10-11T09:48:24+00:00\" \/>\n<meta property=\"og:image\" content=\"https:\/\/waxoyl.nl\/app\/uploads\/2023\/03\/WAX81401.jpg\" \/>\n\t<meta property=\"og:image:width\" content=\"800\" \/>\n\t<meta property=\"og:image:height\" content=\"600\" \/>\n\t<meta property=\"og:image:type\" content=\"image\/jpeg\" \/>\n<meta name=\"twitter:card\" content=\"summary_large_image\" \/>\n<meta name=\"twitter:label1\" content=\"Est. reading time\" \/>\n\t<meta name=\"twitter:data1\" content=\"1 minute\" \/>\n<script type=\"application\/ld+json\" class=\"yoast-schema-graph\">{\"@context\":\"https:\/\/schema.org\",\"@graph\":[{\"@type\":\"WebPage\",\"@id\":\"https:\/\/waxoyl.nl\/fr\/product\/waxoyl-for-me-carnauba-wax\/\",\"url\":\"https:\/\/waxoyl.nl\/fr\/product\/waxoyl-for-me-carnauba-wax\/\",\"name\":\"Waxoyl for ME Carnauba Wax - Waxoyl\",\"isPartOf\":{\"@id\":\"https:\/\/waxoyl.nl\/#website\"},\"primaryImageOfPage\":{\"@id\":\"https:\/\/waxoyl.nl\/fr\/product\/waxoyl-for-me-carnauba-wax\/#primaryimage\"},\"image\":{\"@id\":\"https:\/\/waxoyl.nl\/fr\/product\/waxoyl-for-me-carnauba-wax\/#primaryimage\"},\"thumbnailUrl\":\"https:\/\/waxoyl.nl\/app\/uploads\/2023\/03\/WAX81401.jpg\",\"datePublished\":\"2023-03-13T15:09:32+00:00\",\"dateModified\":\"2023-10-11T09:48:24+00:00\",\"description\":\"Un nettoyant pour jantes qui donne d'excellents r\u00e9sultats sur tous les types de jantes telles que l'acier, le chrome, l'aluminium, etc. \u00c9limine rapidement et en toute s\u00e9curit\u00e9 la poussi\u00e8re des freins, la rouille, etc.\",\"breadcrumb\":{\"@id\":\"https:\/\/waxoyl.nl\/fr\/product\/waxoyl-for-me-carnauba-wax\/#breadcrumb\"},\"inLanguage\":\"fr-FR\",\"potentialAction\":[{\"@type\":\"ReadAction\",\"target\":[\"https:\/\/waxoyl.nl\/fr\/product\/waxoyl-for-me-carnauba-wax\/\"]}]},{\"@type\":\"ImageObject\",\"inLanguage\":\"fr-FR\",\"@id\":\"https:\/\/waxoyl.nl\/fr\/product\/waxoyl-for-me-carnauba-wax\/#primaryimage\",\"url\":\"https:\/\/waxoyl.nl\/app\/uploads\/2023\/03\/WAX81401.jpg\",\"contentUrl\":\"https:\/\/waxoyl.nl\/app\/uploads\/2023\/03\/WAX81401.jpg\",\"width\":800,\"height\":600,\"caption\":\"Carnauba wax\"},{\"@type\":\"BreadcrumbList\",\"@id\":\"https:\/\/waxoyl.nl\/fr\/product\/waxoyl-for-me-carnauba-wax\/#breadcrumb\",\"itemListElement\":[{\"@type\":\"ListItem\",\"position\":1,\"name\":\"Home\",\"item\":\"https:\/\/waxoyl.nl\/fr\/accueil\/\"},{\"@type\":\"ListItem\",\"position\":2,\"name\":\"Shop\",\"item\":\"https:\/\/waxoyl.nl\/shop\/\"},{\"@type\":\"ListItem\",\"position\":3,\"name\":\"Waxoyl for ME Carnauba Wax\"}]},{\"@type\":\"WebSite\",\"@id\":\"https:\/\/waxoyl.nl\/#website\",\"url\":\"https:\/\/waxoyl.nl\/\",\"name\":\"Waxoyl\",\"description\":\"Protection to perfection\",\"publisher\":{\"@id\":\"https:\/\/waxoyl.nl\/#organization\"},\"potentialAction\":[{\"@type\":\"SearchAction\",\"target\":{\"@type\":\"EntryPoint\",\"urlTemplate\":\"https:\/\/waxoyl.nl\/?s={search_term_string}\"},\"query-input\":{\"@type\":\"PropertyValueSpecification\",\"valueRequired\":true,\"valueName\":\"search_term_string\"}}],\"inLanguage\":\"fr-FR\"},{\"@type\":\"Organization\",\"@id\":\"https:\/\/waxoyl.nl\/#organization\",\"name\":\"Waxoyl Benelux\",\"url\":\"https:\/\/waxoyl.nl\/\",\"logo\":{\"@type\":\"ImageObject\",\"inLanguage\":\"fr-FR\",\"@id\":\"https:\/\/waxoyl.nl\/#\/schema\/logo\/image\/\",\"url\":\"https:\/\/waxoyl.nl\/app\/uploads\/2022\/05\/waxoyl_logo_car-care-2021-2.png\",\"contentUrl\":\"https:\/\/waxoyl.nl\/app\/uploads\/2022\/05\/waxoyl_logo_car-care-2021-2.png\",\"width\":709,\"height\":709,\"caption\":\"Waxoyl Benelux\"},\"image\":{\"@id\":\"https:\/\/waxoyl.nl\/#\/schema\/logo\/image\/\"},\"sameAs\":[\"https:\/\/www.facebook.com\/WaxoylBenelux\",\"https:\/\/www.instagram.com\/waxoylbenelux\/\",\"https:\/\/www.linkedin.com\/company\/waxoyl\/\"]}]}<\/script>\n<!-- \/ Yoast SEO plugin. -->","yoast_head_json":{"title":"Waxoyl for ME Carnauba Wax - Waxoyl","description":"Un nettoyant pour jantes qui donne d'excellents r\u00e9sultats sur tous les types de jantes telles que l'acier, le chrome, l'aluminium, etc. \u00c9limine rapidement et en toute s\u00e9curit\u00e9 la poussi\u00e8re des freins, la rouille, etc.","robots":{"index":"index","follow":"follow","max-snippet":"max-snippet:-1","max-image-preview":"max-image-preview:large","max-video-preview":"max-video-preview:-1"},"canonical":"https:\/\/waxoyl.nl\/fr\/product\/waxoyl-for-me-carnauba-wax\/","og_locale":"fr_FR","og_type":"article","og_title":"Waxoyl for ME Carnauba Wax - Waxoyl","og_description":"Un nettoyant pour jantes qui donne d'excellents r\u00e9sultats sur tous les types de jantes telles que l'acier, le chrome, l'aluminium, etc. \u00c9limine rapidement et en toute s\u00e9curit\u00e9 la poussi\u00e8re des freins, la rouille, etc.","og_url":"https:\/\/waxoyl.nl\/fr\/product\/waxoyl-for-me-carnauba-wax\/","og_site_name":"Waxoyl","article_publisher":"https:\/\/www.facebook.com\/WaxoylBenelux","article_modified_time":"2023-10-11T09:48:24+00:00","og_image":[{"width":800,"height":600,"url":"https:\/\/waxoyl.nl\/app\/uploads\/2023\/03\/WAX81401.jpg","type":"image\/jpeg"}],"twitter_card":"summary_large_image","twitter_misc":{"Est. reading time":"1 minute"},"schema":{"@context":"https:\/\/schema.org","@graph":[{"@type":"WebPage","@id":"https:\/\/waxoyl.nl\/fr\/product\/waxoyl-for-me-carnauba-wax\/","url":"https:\/\/waxoyl.nl\/fr\/product\/waxoyl-for-me-carnauba-wax\/","name":"Waxoyl for ME Carnauba Wax - Waxoyl","isPartOf":{"@id":"https:\/\/waxoyl.nl\/#website"},"primaryImageOfPage":{"@id":"https:\/\/waxoyl.nl\/fr\/product\/waxoyl-for-me-carnauba-wax\/#primaryimage"},"image":{"@id":"https:\/\/waxoyl.nl\/fr\/product\/waxoyl-for-me-carnauba-wax\/#primaryimage"},"thumbnailUrl":"https:\/\/waxoyl.nl\/app\/uploads\/2023\/03\/WAX81401.jpg","datePublished":"2023-03-13T15:09:32+00:00","dateModified":"2023-10-11T09:48:24+00:00","description":"Un nettoyant pour jantes qui donne d'excellents r\u00e9sultats sur tous les types de jantes telles que l'acier, le chrome, l'aluminium, etc. \u00c9limine rapidement et en toute s\u00e9curit\u00e9 la poussi\u00e8re des freins, la rouille, etc.","breadcrumb":{"@id":"https:\/\/waxoyl.nl\/fr\/product\/waxoyl-for-me-carnauba-wax\/#breadcrumb"},"inLanguage":"fr-FR","potentialAction":[{"@type":"ReadAction","target":["https:\/\/waxoyl.nl\/fr\/product\/waxoyl-for-me-carnauba-wax\/"]}]},{"@type":"ImageObject","inLanguage":"fr-FR","@id":"https:\/\/waxoyl.nl\/fr\/product\/waxoyl-for-me-carnauba-wax\/#primaryimage","url":"https:\/\/waxoyl.nl\/app\/uploads\/2023\/03\/WAX81401.jpg","contentUrl":"https:\/\/waxoyl.nl\/app\/uploads\/2023\/03\/WAX81401.jpg","width":800,"height":600,"caption":"Carnauba wax"},{"@type":"BreadcrumbList","@id":"https:\/\/waxoyl.nl\/fr\/product\/waxoyl-for-me-carnauba-wax\/#breadcrumb","itemListElement":[{"@type":"ListItem","position":1,"name":"Home","item":"https:\/\/waxoyl.nl\/fr\/accueil\/"},{"@type":"ListItem","position":2,"name":"Shop","item":"https:\/\/waxoyl.nl\/shop\/"},{"@type":"ListItem","position":3,"name":"Waxoyl for ME Carnauba Wax"}]},{"@type":"WebSite","@id":"https:\/\/waxoyl.nl\/#website","url":"https:\/\/waxoyl.nl\/","name":"Waxoyl","description":"Protection to perfection","publisher":{"@id":"https:\/\/waxoyl.nl\/#organization"},"potentialAction":[{"@type":"SearchAction","target":{"@type":"EntryPoint","urlTemplate":"https:\/\/waxoyl.nl\/?s={search_term_string}"},"query-input":{"@type":"PropertyValueSpecification","valueRequired":true,"valueName":"search_term_string"}}],"inLanguage":"fr-FR"},{"@type":"Organization","@id":"https:\/\/waxoyl.nl\/#organization","name":"Waxoyl Benelux","url":"https:\/\/waxoyl.nl\/","logo":{"@type":"ImageObject","inLanguage":"fr-FR","@id":"https:\/\/waxoyl.nl\/#\/schema\/logo\/image\/","url":"https:\/\/waxoyl.nl\/app\/uploads\/2022\/05\/waxoyl_logo_car-care-2021-2.png","contentUrl":"https:\/\/waxoyl.nl\/app\/uploads\/2022\/05\/waxoyl_logo_car-care-2021-2.png","width":709,"height":709,"caption":"Waxoyl Benelux"},"image":{"@id":"https:\/\/waxoyl.nl\/#\/schema\/logo\/image\/"},"sameAs":["https:\/\/www.facebook.com\/WaxoylBenelux","https:\/\/www.instagram.com\/waxoylbenelux\/","https:\/\/www.linkedin.com\/company\/waxoyl\/"]}]}},"_links":{"self":[{"href":"https:\/\/waxoyl.nl\/fr\/wp-json\/wp\/v2\/product\/6731","targetHints":{"allow":["GET"]}}],"collection":[{"href":"https:\/\/waxoyl.nl\/fr\/wp-json\/wp\/v2\/product"}],"about":[{"href":"https:\/\/waxoyl.nl\/fr\/wp-json\/wp\/v2\/types\/product"}],"wp:featuredmedia":[{"embeddable":true,"href":"https:\/\/waxoyl.nl\/fr\/wp-json\/wp\/v2\/media\/6185"}],"wp:attachment":[{"href":"https:\/\/waxoyl.nl\/fr\/wp-json\/wp\/v2\/media?parent=6731"}],"wp:term":[{"taxonomy":"product_brand","embeddable":true,"href":"https:\/\/waxoyl.nl\/fr\/wp-json\/wp\/v2\/product_brand?post=6731"},{"taxonomy":"product_cat","embeddable":true,"href":"https:\/\/waxoyl.nl\/fr\/wp-json\/wp\/v2\/product_cat?post=6731"},{"taxonomy":"product_tag","embeddable":true,"href":"https:\/\/waxoyl.nl\/fr\/wp-json\/wp\/v2\/product_tag?post=6731"}],"curies":[{"name":"wp","href":"https:\/\/api.w.org\/{rel}","templated":true}]}}