{"id":8194,"date":"2024-07-22T15:03:15","date_gmt":"2024-07-22T13:03:15","guid":{"rendered":"https:\/\/waxoyl.nl\/product\/waxoyl-3in1-bottle-refill-500ml\/"},"modified":"2024-10-10T14:48:13","modified_gmt":"2024-10-10T12:48:13","slug":"waxoyl-3in1-bottle-refill-500ml","status":"publish","type":"product","link":"https:\/\/waxoyl.nl\/fr\/product\/waxoyl-3in1-bottle-refill-500ml\/","title":{"rendered":"Waxoyl 3in1 bottle (Refill) 500ML"},"content":{"rendered":"<p>Bouteille de recharge pour le 3in1 des sacs Waxoyl num\u00e9ros d&#8217;article : WAX90371 et WAX90363<\/p>\n","protected":false},"excerpt":{"rendered":"<p>Ce flacon de recharge est sp\u00e9cialement con\u00e7u pour le Waxoyl 3-in-1 des sacs Waxoyl.<br \/>\nWaxoyl 3-in-1 est un produit d&#8217;entretien polyvalent pour les voitures b\u00e9n\u00e9ficiant d&#8217;un traitement d&#8217;\u00e9tanch\u00e9it\u00e9 de la peinture Waxoyl.<br \/>\nIl nettoie, entretient et prot\u00e8ge en une seule op\u00e9ration.<br \/>\nLe shampooing Waxoyl est sans danger pour la peinture, donne des r\u00e9sultats optimaux et est \u00e9conomique \u00e0 utiliser.<br \/>\nPas besoin d&#8217;eau, il suffit de vaporiser et de polir avec un chiffon propre et doux.      <\/p>\n<h4>Avantages:<\/h4>\n<ul>\n<li>\u00c9limine les contaminants tels que les fientes d&#8217;oiseaux sans lavage.<\/li>\n<li>Convient pour la peinture, le chrome, le verre, le caoutchouc et le plastique.<\/li>\n<li>Ne laisse pas de traces.<\/li>\n<li>Non toxique.<\/li>\n<li>Tr\u00e8s \u00e9conomique \u00e0 l&#8217;usage.<\/li>\n<li>Utilisation simple et respectueuse de l&#8217;environnement.<\/li>\n<\/ul>\n<p>  Avec ce flacon de recharge, assurez-vous d&#8217;avoir toujours suffisamment de Waxoyl 3-in-1 \u00e0 port\u00e9e de main pour garder votre voiture en parfait \u00e9tat.<\/p>\n","protected":false},"featured_media":8115,"template":"","meta":[],"product_brand":[],"product_cat":[65,58,61],"product_tag":[],"class_list":{"0":"post-8194","1":"product","2":"type-product","3":"status-publish","4":"has-post-thumbnail","6":"product_cat-consommateur","7":"product_cat-nettoyage-exterieur","8":"product_cat-peinture-detancheite","10":"first","11":"instock","12":"shipping-taxable","13":"purchasable","14":"product-type-simple"},"yoast_head":"<!-- This site is optimized with the Yoast SEO plugin v27.3 - https:\/\/yoast.com\/product\/yoast-seo-wordpress\/ -->\n<title>Waxoyl 3in1 bottle (Refill) 500ML - Waxoyl<\/title>\n<meta name=\"robots\" content=\"index, follow, max-snippet:-1, max-image-preview:large, max-video-preview:-1\" \/>\n<link rel=\"canonical\" href=\"https:\/\/waxoyl.nl\/fr\/product\/waxoyl-3in1-bottle-refill-500ml\/\" \/>\n<meta property=\"og:locale\" content=\"fr_FR\" \/>\n<meta property=\"og:type\" content=\"article\" \/>\n<meta property=\"og:title\" content=\"Waxoyl 3in1 bottle (Refill) 500ML - Waxoyl\" \/>\n<meta property=\"og:description\" content=\"Ce flacon de recharge est sp\u00e9cialement con\u00e7u pour le Waxoyl 3-in-1 des sacs Waxoyl. Waxoyl 3-in-1 est un produit d&#039;entretien polyvalent pour les voitures b\u00e9n\u00e9ficiant d&#039;un traitement d&#039;\u00e9tanch\u00e9it\u00e9 de la peinture Waxoyl. Il nettoie, entretient et prot\u00e8ge en une seule op\u00e9ration. Le shampooing Waxoyl est sans danger pour la peinture, donne des r\u00e9sultats optimaux et est \u00e9conomique \u00e0 utiliser. Pas besoin d&#039;eau, il suffit de vaporiser et de polir avec un chiffon propre et doux.   Avantages:  \u00c9limine les contaminants tels que les fientes d&#039;oiseaux sans lavage.  Convient pour la peinture, le chrome, le verre, le caoutchouc et le plastique.  Ne laisse pas de traces.  Non toxique.  Tr\u00e8s \u00e9conomique \u00e0 l&#039;usage.  Utilisation simple et respectueuse de l&#039;environnement.  Avec ce flacon de recharge, assurez-vous d&#039;avoir toujours suffisamment de Waxoyl 3-in-1 \u00e0 port\u00e9e de main pour garder votre voiture en parfait \u00e9tat.\" \/>\n<meta property=\"og:url\" content=\"https:\/\/waxoyl.nl\/fr\/product\/waxoyl-3in1-bottle-refill-500ml\/\" \/>\n<meta property=\"og:site_name\" content=\"Waxoyl\" \/>\n<meta property=\"article:publisher\" content=\"https:\/\/www.facebook.com\/WaxoylBenelux\" \/>\n<meta property=\"article:modified_time\" content=\"2024-10-10T12:48:13+00:00\" \/>\n<meta property=\"og:image\" content=\"https:\/\/waxoyl.nl\/app\/uploads\/2024\/07\/WAX90369.jpg\" \/>\n\t<meta property=\"og:image:width\" content=\"800\" \/>\n\t<meta property=\"og:image:height\" content=\"600\" \/>\n\t<meta property=\"og:image:type\" content=\"image\/jpeg\" \/>\n<meta name=\"twitter:card\" content=\"summary_large_image\" \/>\n<script type=\"application\/ld+json\" class=\"yoast-schema-graph\">{\"@context\":\"https:\\\/\\\/schema.org\",\"@graph\":[{\"@type\":\"WebPage\",\"@id\":\"https:\\\/\\\/waxoyl.nl\\\/fr\\\/product\\\/waxoyl-3in1-bottle-refill-500ml\\\/\",\"url\":\"https:\\\/\\\/waxoyl.nl\\\/fr\\\/product\\\/waxoyl-3in1-bottle-refill-500ml\\\/\",\"name\":\"Waxoyl 3in1 bottle (Refill) 500ML - Waxoyl\",\"isPartOf\":{\"@id\":\"https:\\\/\\\/waxoyl.nl\\\/#website\"},\"primaryImageOfPage\":{\"@id\":\"https:\\\/\\\/waxoyl.nl\\\/fr\\\/product\\\/waxoyl-3in1-bottle-refill-500ml\\\/#primaryimage\"},\"image\":{\"@id\":\"https:\\\/\\\/waxoyl.nl\\\/fr\\\/product\\\/waxoyl-3in1-bottle-refill-500ml\\\/#primaryimage\"},\"thumbnailUrl\":\"https:\\\/\\\/waxoyl.nl\\\/app\\\/uploads\\\/2024\\\/07\\\/WAX90369.jpg\",\"datePublished\":\"2024-07-22T13:03:15+00:00\",\"dateModified\":\"2024-10-10T12:48:13+00:00\",\"breadcrumb\":{\"@id\":\"https:\\\/\\\/waxoyl.nl\\\/fr\\\/product\\\/waxoyl-3in1-bottle-refill-500ml\\\/#breadcrumb\"},\"inLanguage\":\"fr-FR\",\"potentialAction\":[{\"@type\":\"ReadAction\",\"target\":[\"https:\\\/\\\/waxoyl.nl\\\/fr\\\/product\\\/waxoyl-3in1-bottle-refill-500ml\\\/\"]}]},{\"@type\":\"ImageObject\",\"inLanguage\":\"fr-FR\",\"@id\":\"https:\\\/\\\/waxoyl.nl\\\/fr\\\/product\\\/waxoyl-3in1-bottle-refill-500ml\\\/#primaryimage\",\"url\":\"https:\\\/\\\/waxoyl.nl\\\/app\\\/uploads\\\/2024\\\/07\\\/WAX90369.jpg\",\"contentUrl\":\"https:\\\/\\\/waxoyl.nl\\\/app\\\/uploads\\\/2024\\\/07\\\/WAX90369.jpg\",\"width\":800,\"height\":600},{\"@type\":\"BreadcrumbList\",\"@id\":\"https:\\\/\\\/waxoyl.nl\\\/fr\\\/product\\\/waxoyl-3in1-bottle-refill-500ml\\\/#breadcrumb\",\"itemListElement\":[{\"@type\":\"ListItem\",\"position\":1,\"name\":\"Home\",\"item\":\"https:\\\/\\\/waxoyl.nl\\\/fr\\\/accueil\\\/\"},{\"@type\":\"ListItem\",\"position\":2,\"name\":\"Shop\",\"item\":\"https:\\\/\\\/waxoyl.nl\\\/shop\\\/\"},{\"@type\":\"ListItem\",\"position\":3,\"name\":\"Waxoyl 3in1 bottle (Refill) 500ML\"}]},{\"@type\":\"WebSite\",\"@id\":\"https:\\\/\\\/waxoyl.nl\\\/#website\",\"url\":\"https:\\\/\\\/waxoyl.nl\\\/\",\"name\":\"Waxoyl\",\"description\":\"Protection to perfection\",\"publisher\":{\"@id\":\"https:\\\/\\\/waxoyl.nl\\\/#organization\"},\"potentialAction\":[{\"@type\":\"SearchAction\",\"target\":{\"@type\":\"EntryPoint\",\"urlTemplate\":\"https:\\\/\\\/waxoyl.nl\\\/?s={search_term_string}\"},\"query-input\":{\"@type\":\"PropertyValueSpecification\",\"valueRequired\":true,\"valueName\":\"search_term_string\"}}],\"inLanguage\":\"fr-FR\"},{\"@type\":\"Organization\",\"@id\":\"https:\\\/\\\/waxoyl.nl\\\/#organization\",\"name\":\"Waxoyl Benelux\",\"url\":\"https:\\\/\\\/waxoyl.nl\\\/\",\"logo\":{\"@type\":\"ImageObject\",\"inLanguage\":\"fr-FR\",\"@id\":\"https:\\\/\\\/waxoyl.nl\\\/#\\\/schema\\\/logo\\\/image\\\/\",\"url\":\"https:\\\/\\\/waxoyl.nl\\\/app\\\/uploads\\\/2022\\\/05\\\/waxoyl_logo_car-care-2021-2.png\",\"contentUrl\":\"https:\\\/\\\/waxoyl.nl\\\/app\\\/uploads\\\/2022\\\/05\\\/waxoyl_logo_car-care-2021-2.png\",\"width\":709,\"height\":709,\"caption\":\"Waxoyl Benelux\"},\"image\":{\"@id\":\"https:\\\/\\\/waxoyl.nl\\\/#\\\/schema\\\/logo\\\/image\\\/\"},\"sameAs\":[\"https:\\\/\\\/www.facebook.com\\\/WaxoylBenelux\",\"https:\\\/\\\/www.instagram.com\\\/waxoylbenelux\\\/\",\"https:\\\/\\\/www.linkedin.com\\\/company\\\/waxoyl\\\/\"]}]}<\/script>\n<!-- \/ Yoast SEO plugin. -->","yoast_head_json":{"title":"Waxoyl 3in1 bottle (Refill) 500ML - Waxoyl","robots":{"index":"index","follow":"follow","max-snippet":"max-snippet:-1","max-image-preview":"max-image-preview:large","max-video-preview":"max-video-preview:-1"},"canonical":"https:\/\/waxoyl.nl\/fr\/product\/waxoyl-3in1-bottle-refill-500ml\/","og_locale":"fr_FR","og_type":"article","og_title":"Waxoyl 3in1 bottle (Refill) 500ML - Waxoyl","og_description":"Ce flacon de recharge est sp\u00e9cialement con\u00e7u pour le Waxoyl 3-in-1 des sacs Waxoyl. Waxoyl 3-in-1 est un produit d'entretien polyvalent pour les voitures b\u00e9n\u00e9ficiant d'un traitement d'\u00e9tanch\u00e9it\u00e9 de la peinture Waxoyl. Il nettoie, entretient et prot\u00e8ge en une seule op\u00e9ration. Le shampooing Waxoyl est sans danger pour la peinture, donne des r\u00e9sultats optimaux et est \u00e9conomique \u00e0 utiliser. Pas besoin d'eau, il suffit de vaporiser et de polir avec un chiffon propre et doux.   Avantages:  \u00c9limine les contaminants tels que les fientes d'oiseaux sans lavage.  Convient pour la peinture, le chrome, le verre, le caoutchouc et le plastique.  Ne laisse pas de traces.  Non toxique.  Tr\u00e8s \u00e9conomique \u00e0 l'usage.  Utilisation simple et respectueuse de l'environnement.  Avec ce flacon de recharge, assurez-vous d'avoir toujours suffisamment de Waxoyl 3-in-1 \u00e0 port\u00e9e de main pour garder votre voiture en parfait \u00e9tat.","og_url":"https:\/\/waxoyl.nl\/fr\/product\/waxoyl-3in1-bottle-refill-500ml\/","og_site_name":"Waxoyl","article_publisher":"https:\/\/www.facebook.com\/WaxoylBenelux","article_modified_time":"2024-10-10T12:48:13+00:00","og_image":[{"width":800,"height":600,"url":"https:\/\/waxoyl.nl\/app\/uploads\/2024\/07\/WAX90369.jpg","type":"image\/jpeg"}],"twitter_card":"summary_large_image","schema":{"@context":"https:\/\/schema.org","@graph":[{"@type":"WebPage","@id":"https:\/\/waxoyl.nl\/fr\/product\/waxoyl-3in1-bottle-refill-500ml\/","url":"https:\/\/waxoyl.nl\/fr\/product\/waxoyl-3in1-bottle-refill-500ml\/","name":"Waxoyl 3in1 bottle (Refill) 500ML - Waxoyl","isPartOf":{"@id":"https:\/\/waxoyl.nl\/#website"},"primaryImageOfPage":{"@id":"https:\/\/waxoyl.nl\/fr\/product\/waxoyl-3in1-bottle-refill-500ml\/#primaryimage"},"image":{"@id":"https:\/\/waxoyl.nl\/fr\/product\/waxoyl-3in1-bottle-refill-500ml\/#primaryimage"},"thumbnailUrl":"https:\/\/waxoyl.nl\/app\/uploads\/2024\/07\/WAX90369.jpg","datePublished":"2024-07-22T13:03:15+00:00","dateModified":"2024-10-10T12:48:13+00:00","breadcrumb":{"@id":"https:\/\/waxoyl.nl\/fr\/product\/waxoyl-3in1-bottle-refill-500ml\/#breadcrumb"},"inLanguage":"fr-FR","potentialAction":[{"@type":"ReadAction","target":["https:\/\/waxoyl.nl\/fr\/product\/waxoyl-3in1-bottle-refill-500ml\/"]}]},{"@type":"ImageObject","inLanguage":"fr-FR","@id":"https:\/\/waxoyl.nl\/fr\/product\/waxoyl-3in1-bottle-refill-500ml\/#primaryimage","url":"https:\/\/waxoyl.nl\/app\/uploads\/2024\/07\/WAX90369.jpg","contentUrl":"https:\/\/waxoyl.nl\/app\/uploads\/2024\/07\/WAX90369.jpg","width":800,"height":600},{"@type":"BreadcrumbList","@id":"https:\/\/waxoyl.nl\/fr\/product\/waxoyl-3in1-bottle-refill-500ml\/#breadcrumb","itemListElement":[{"@type":"ListItem","position":1,"name":"Home","item":"https:\/\/waxoyl.nl\/fr\/accueil\/"},{"@type":"ListItem","position":2,"name":"Shop","item":"https:\/\/waxoyl.nl\/shop\/"},{"@type":"ListItem","position":3,"name":"Waxoyl 3in1 bottle (Refill) 500ML"}]},{"@type":"WebSite","@id":"https:\/\/waxoyl.nl\/#website","url":"https:\/\/waxoyl.nl\/","name":"Waxoyl","description":"Protection to perfection","publisher":{"@id":"https:\/\/waxoyl.nl\/#organization"},"potentialAction":[{"@type":"SearchAction","target":{"@type":"EntryPoint","urlTemplate":"https:\/\/waxoyl.nl\/?s={search_term_string}"},"query-input":{"@type":"PropertyValueSpecification","valueRequired":true,"valueName":"search_term_string"}}],"inLanguage":"fr-FR"},{"@type":"Organization","@id":"https:\/\/waxoyl.nl\/#organization","name":"Waxoyl Benelux","url":"https:\/\/waxoyl.nl\/","logo":{"@type":"ImageObject","inLanguage":"fr-FR","@id":"https:\/\/waxoyl.nl\/#\/schema\/logo\/image\/","url":"https:\/\/waxoyl.nl\/app\/uploads\/2022\/05\/waxoyl_logo_car-care-2021-2.png","contentUrl":"https:\/\/waxoyl.nl\/app\/uploads\/2022\/05\/waxoyl_logo_car-care-2021-2.png","width":709,"height":709,"caption":"Waxoyl Benelux"},"image":{"@id":"https:\/\/waxoyl.nl\/#\/schema\/logo\/image\/"},"sameAs":["https:\/\/www.facebook.com\/WaxoylBenelux","https:\/\/www.instagram.com\/waxoylbenelux\/","https:\/\/www.linkedin.com\/company\/waxoyl\/"]}]}},"_links":{"self":[{"href":"https:\/\/waxoyl.nl\/fr\/wp-json\/wp\/v2\/product\/8194","targetHints":{"allow":["GET"]}}],"collection":[{"href":"https:\/\/waxoyl.nl\/fr\/wp-json\/wp\/v2\/product"}],"about":[{"href":"https:\/\/waxoyl.nl\/fr\/wp-json\/wp\/v2\/types\/product"}],"wp:featuredmedia":[{"embeddable":true,"href":"https:\/\/waxoyl.nl\/fr\/wp-json\/wp\/v2\/media\/8115"}],"wp:attachment":[{"href":"https:\/\/waxoyl.nl\/fr\/wp-json\/wp\/v2\/media?parent=8194"}],"wp:term":[{"taxonomy":"product_brand","embeddable":true,"href":"https:\/\/waxoyl.nl\/fr\/wp-json\/wp\/v2\/product_brand?post=8194"},{"taxonomy":"product_cat","embeddable":true,"href":"https:\/\/waxoyl.nl\/fr\/wp-json\/wp\/v2\/product_cat?post=8194"},{"taxonomy":"product_tag","embeddable":true,"href":"https:\/\/waxoyl.nl\/fr\/wp-json\/wp\/v2\/product_tag?post=8194"}],"curies":[{"name":"wp","href":"https:\/\/api.w.org\/{rel}","templated":true}]}}